{"id":1775,"date":"2025-04-10T07:07:58","date_gmt":"2025-04-10T07:07:58","guid":{"rendered":"http:\/\/axilthemes.com\/themes\/papr\/product\/import-placeholder-for-62\/"},"modified":"2025-04-18T16:02:39","modified_gmt":"2025-04-18T16:02:39","slug":"echo-dot","status":"publish","type":"product","link":"https:\/\/akweno.ao\/voja\/product\/echo-dot\/","title":{"rendered":"Echo Dot"},"content":{"rendered":"<p>O Echo Dot \u00e9 um smart speaker controlado por voz como a Alexa, ele \u00e9 perfeito para qualquer ambiente. Voc\u00ea pode pedir m\u00fasicas, not\u00edcias, informa\u00e7\u00f5es e muito mais. Al\u00e9m de ligar para amigos e familiares e controlar dispositivos compat\u00edveis de casa inteligente com sua voz.<\/p>\n","protected":false},"excerpt":{"rendered":"<p>Coluna inteligente (Echo Dot) da Amazon<\/p>\n","protected":false},"featured_media":1833,"comment_status":"open","ping_status":"closed","template":"","meta":{"jetpack_publicize_message":"","jetpack_publicize_feature_enabled":true,"jetpack_social_post_already_shared":false,"jetpack_social_options":{"image_generator_settings":{"template":"highway","default_image_id":0,"font":"","enabled":false},"version":2}},"product_brand":[],"product_cat":[133],"product_tag":[],"class_list":{"0":"post-1775","1":"product","2":"type-product","3":"status-publish","4":"has-post-thumbnail","6":"product_cat-accessorios","8":"first","9":"instock","10":"featured","11":"shipping-taxable","12":"purchasable","13":"product-type-simple"},"jetpack_publicize_connections":[],"_links":{"self":[{"href":"https:\/\/akweno.ao\/voja\/wp-json\/wp\/v2\/product\/1775","targetHints":{"allow":["GET"]}}],"collection":[{"href":"https:\/\/akweno.ao\/voja\/wp-json\/wp\/v2\/product"}],"about":[{"href":"https:\/\/akweno.ao\/voja\/wp-json\/wp\/v2\/types\/product"}],"replies":[{"embeddable":true,"href":"https:\/\/akweno.ao\/voja\/wp-json\/wp\/v2\/comments?post=1775"}],"wp:featuredmedia":[{"embeddable":true,"href":"https:\/\/akweno.ao\/voja\/wp-json\/wp\/v2\/media\/1833"}],"wp:attachment":[{"href":"https:\/\/akweno.ao\/voja\/wp-json\/wp\/v2\/media?parent=1775"}],"wp:term":[{"taxonomy":"product_brand","embeddable":true,"href":"https:\/\/akweno.ao\/voja\/wp-json\/wp\/v2\/product_brand?post=1775"},{"taxonomy":"product_cat","embeddable":true,"href":"https:\/\/akweno.ao\/voja\/wp-json\/wp\/v2\/product_cat?post=1775"},{"taxonomy":"product_tag","embeddable":true,"href":"https:\/\/akweno.ao\/voja\/wp-json\/wp\/v2\/product_tag?post=1775"}],"curies":[{"name":"wp","href":"https:\/\/api.w.org\/{rel}","templated":true}]}}