{"id":1774,"date":"2025-04-10T07:07:58","date_gmt":"2025-04-10T07:07:58","guid":{"rendered":"http:\/\/axilthemes.com\/themes\/papr\/product\/import-placeholder-for-60\/"},"modified":"2025-04-18T16:37:13","modified_gmt":"2025-04-18T16:37:13","slug":"manuais","status":"publish","type":"product","link":"https:\/\/akweno.ao\/voja\/product\/manuais\/","title":{"rendered":"Manual de Formac\u00e3o"},"content":{"rendered":"<p>Manual que serve como um guia para o aprendizado, fornecendo informa\u00e7\u00f5es, exemplos e atividades para que o aluno ou profissional adquira novos conhecimentos e habilidades.<span class=\"pjBG2e\" data-cid=\"04a799dc-a9e0-4b02-8669-6615de61f454\"><span class=\"UV3uM\">\u00a0<\/span><\/span><\/p>\n","protected":false},"excerpt":{"rendered":"<p>Livro de forma\u00e7\u00e3o profissional.<\/p>\n","protected":false},"featured_media":4056,"comment_status":"open","ping_status":"closed","template":"","meta":{"jetpack_publicize_message":"","jetpack_publicize_feature_enabled":true,"jetpack_social_post_already_shared":false,"jetpack_social_options":{"image_generator_settings":{"template":"highway","default_image_id":0,"font":"","enabled":false},"version":2}},"product_brand":[],"product_cat":[117],"product_tag":[],"class_list":{"0":"post-1774","1":"product","2":"type-product","3":"status-publish","4":"has-post-thumbnail","6":"product_cat-material-didatico","8":"first","9":"instock","10":"featured","11":"shipping-taxable","12":"purchasable","13":"product-type-simple"},"jetpack_publicize_connections":[],"_links":{"self":[{"href":"https:\/\/akweno.ao\/voja\/wp-json\/wp\/v2\/product\/1774","targetHints":{"allow":["GET"]}}],"collection":[{"href":"https:\/\/akweno.ao\/voja\/wp-json\/wp\/v2\/product"}],"about":[{"href":"https:\/\/akweno.ao\/voja\/wp-json\/wp\/v2\/types\/product"}],"replies":[{"embeddable":true,"href":"https:\/\/akweno.ao\/voja\/wp-json\/wp\/v2\/comments?post=1774"}],"wp:featuredmedia":[{"embeddable":true,"href":"https:\/\/akweno.ao\/voja\/wp-json\/wp\/v2\/media\/4056"}],"wp:attachment":[{"href":"https:\/\/akweno.ao\/voja\/wp-json\/wp\/v2\/media?parent=1774"}],"wp:term":[{"taxonomy":"product_brand","embeddable":true,"href":"https:\/\/akweno.ao\/voja\/wp-json\/wp\/v2\/product_brand?post=1774"},{"taxonomy":"product_cat","embeddable":true,"href":"https:\/\/akweno.ao\/voja\/wp-json\/wp\/v2\/product_cat?post=1774"},{"taxonomy":"product_tag","embeddable":true,"href":"https:\/\/akweno.ao\/voja\/wp-json\/wp\/v2\/product_tag?post=1774"}],"curies":[{"name":"wp","href":"https:\/\/api.w.org\/{rel}","templated":true}]}}