{"id":1771,"date":"2025-04-08T07:07:58","date_gmt":"2025-04-08T07:07:58","guid":{"rendered":"http:\/\/axilthemes.com\/themes\/papr\/product\/import-placeholder-for-47\/"},"modified":"2025-04-18T15:24:56","modified_gmt":"2025-04-18T15:24:56","slug":"agenda","status":"publish","type":"product","link":"https:\/\/akweno.ao\/voja\/product\/agenda\/","title":{"rendered":"Bloco de Notas"},"content":{"rendered":"<p>Para anota\u00e7\u00f5es r\u00e1pidas, salva ideias e mant\u00e9m registros de reuni\u00f5es ou brainstormings. Com uma interface simples e intuitiva, o <b>bloco de notas<\/b>\u00a0se destaca pela sua funcionalidade pr\u00e1tica, tornando-se um aliado indispens\u00e1vel para profissionais que buscam efici\u00eancia no dia a dia.<\/p>\n","protected":false},"excerpt":{"rendered":"<p>Blocos para todo o tipo de notas.<\/p>\n","protected":false},"featured_media":4051,"comment_status":"open","ping_status":"closed","template":"","meta":{"jetpack_publicize_message":"","jetpack_publicize_feature_enabled":true,"jetpack_social_post_already_shared":false,"jetpack_social_options":{"image_generator_settings":{"template":"highway","default_image_id":0,"font":"","enabled":false},"version":2}},"product_brand":[],"product_cat":[117],"product_tag":[],"class_list":{"0":"post-1771","1":"product","2":"type-product","3":"status-publish","4":"has-post-thumbnail","6":"product_cat-material-didatico","8":"first","9":"instock","10":"shipping-taxable","11":"purchasable","12":"product-type-simple"},"jetpack_publicize_connections":[],"_links":{"self":[{"href":"https:\/\/akweno.ao\/voja\/wp-json\/wp\/v2\/product\/1771","targetHints":{"allow":["GET"]}}],"collection":[{"href":"https:\/\/akweno.ao\/voja\/wp-json\/wp\/v2\/product"}],"about":[{"href":"https:\/\/akweno.ao\/voja\/wp-json\/wp\/v2\/types\/product"}],"replies":[{"embeddable":true,"href":"https:\/\/akweno.ao\/voja\/wp-json\/wp\/v2\/comments?post=1771"}],"wp:featuredmedia":[{"embeddable":true,"href":"https:\/\/akweno.ao\/voja\/wp-json\/wp\/v2\/media\/4051"}],"wp:attachment":[{"href":"https:\/\/akweno.ao\/voja\/wp-json\/wp\/v2\/media?parent=1771"}],"wp:term":[{"taxonomy":"product_brand","embeddable":true,"href":"https:\/\/akweno.ao\/voja\/wp-json\/wp\/v2\/product_brand?post=1771"},{"taxonomy":"product_cat","embeddable":true,"href":"https:\/\/akweno.ao\/voja\/wp-json\/wp\/v2\/product_cat?post=1771"},{"taxonomy":"product_tag","embeddable":true,"href":"https:\/\/akweno.ao\/voja\/wp-json\/wp\/v2\/product_tag?post=1771"}],"curies":[{"name":"wp","href":"https:\/\/api.w.org\/{rel}","templated":true}]}}