{"id":1769,"date":"2019-10-23T07:07:57","date_gmt":"2019-10-23T07:07:57","guid":{"rendered":"http:\/\/axilthemes.com\/themes\/papr\/product\/import-placeholder-for-45\/"},"modified":"2025-04-18T16:13:59","modified_gmt":"2025-04-18T16:13:59","slug":"auriculares","status":"publish","type":"product","link":"https:\/\/akweno.ao\/voja\/product\/auriculares\/","title":{"rendered":"Auriculares"},"content":{"rendered":"<p>Auriculares s\u00e3o usados para v\u00e1rias raz\u00f5es, desde aprimorar a experi\u00eancia de audi\u00e7\u00e3o com m\u00fasica e \u00e1udio, at\u00e9 facilitar a comunica\u00e7\u00e3o e o trabalho em ambientes ruidosos. Eles tamb\u00e9m podem ser uma ferramenta para prote\u00e7\u00e3o auditiva e oferecer um bom isolamento ac\u00fastico para quem busca foco e concentra\u00e7\u00e3o.<\/p>\n","protected":false},"excerpt":{"rendered":"<p>Auriculares sem fios bluetooth.<\/p>\n","protected":false},"featured_media":1826,"comment_status":"open","ping_status":"closed","template":"","meta":{"jetpack_publicize_message":"","jetpack_publicize_feature_enabled":true,"jetpack_social_post_already_shared":false,"jetpack_social_options":{"image_generator_settings":{"template":"highway","default_image_id":0,"font":"","enabled":false},"version":2}},"product_brand":[],"product_cat":[117],"product_tag":[],"class_list":{"0":"post-1769","1":"product","2":"type-product","3":"status-publish","4":"has-post-thumbnail","6":"product_cat-material-didatico","8":"first","9":"instock","10":"shipping-taxable","11":"purchasable","12":"product-type-simple"},"jetpack_publicize_connections":[],"_links":{"self":[{"href":"https:\/\/akweno.ao\/voja\/wp-json\/wp\/v2\/product\/1769","targetHints":{"allow":["GET"]}}],"collection":[{"href":"https:\/\/akweno.ao\/voja\/wp-json\/wp\/v2\/product"}],"about":[{"href":"https:\/\/akweno.ao\/voja\/wp-json\/wp\/v2\/types\/product"}],"replies":[{"embeddable":true,"href":"https:\/\/akweno.ao\/voja\/wp-json\/wp\/v2\/comments?post=1769"}],"wp:featuredmedia":[{"embeddable":true,"href":"https:\/\/akweno.ao\/voja\/wp-json\/wp\/v2\/media\/1826"}],"wp:attachment":[{"href":"https:\/\/akweno.ao\/voja\/wp-json\/wp\/v2\/media?parent=1769"}],"wp:term":[{"taxonomy":"product_brand","embeddable":true,"href":"https:\/\/akweno.ao\/voja\/wp-json\/wp\/v2\/product_brand?post=1769"},{"taxonomy":"product_cat","embeddable":true,"href":"https:\/\/akweno.ao\/voja\/wp-json\/wp\/v2\/product_cat?post=1769"},{"taxonomy":"product_tag","embeddable":true,"href":"https:\/\/akweno.ao\/voja\/wp-json\/wp\/v2\/product_tag?post=1769"}],"curies":[{"name":"wp","href":"https:\/\/api.w.org\/{rel}","templated":true}]}}