{"id":4062,"date":"2025-04-18T17:11:55","date_gmt":"2025-04-18T17:11:55","guid":{"rendered":"https:\/\/akweno.ao\/voja\/?page_id=4062"},"modified":"2025-04-18T19:08:48","modified_gmt":"2025-04-18T19:08:48","slug":"anunciar","status":"publish","type":"page","link":"https:\/\/akweno.ao\/voja\/anunciar\/","title":{"rendered":"Anunciar"},"content":{"rendered":"\t\t<div data-elementor-type=\"wp-page\" data-elementor-id=\"4062\" class=\"elementor elementor-4062\">\n\t\t\t\t<div class=\"elementor-element elementor-element-1371160 e-flex e-con-boxed e-con e-parent\" data-id=\"1371160\" data-element_type=\"container\">\n\t\t\t\t\t<div class=\"e-con-inner\">\n\t\t<div class=\"elementor-element elementor-element-75b25a3 e-con-full e-flex e-con e-child\" data-id=\"75b25a3\" data-element_type=\"container\">\n\t\t\t\t<div class=\"elementor-element elementor-element-6fdb462 elementor-widget elementor-widget-spacer\" data-id=\"6fdb462\" data-element_type=\"widget\" data-widget_type=\"spacer.default\">\n\t\t\t\t<div class=\"elementor-widget-container\">\n\t\t\t\t\t\t\t<div class=\"elementor-spacer\">\n\t\t\t<div class=\"elementor-spacer-inner\"><\/div>\n\t\t<\/div>\n\t\t\t\t\t\t<\/div>\n\t\t\t\t<\/div>\n\t\t\t\t<div class=\"elementor-element elementor-element-496e7c0 elementor-widget elementor-widget-heading\" data-id=\"496e7c0\" data-element_type=\"widget\" data-widget_type=\"heading.default\">\n\t\t\t\t<div class=\"elementor-widget-container\">\n\t\t\t\t\t<h4 class=\"elementor-heading-title elementor-size-default\">OS 4 PASSOS PARA RESERVAR SEU AN\u00daNCIO <\/h4>\t\t\t\t<\/div>\n\t\t\t\t<\/div>\n\t\t\t\t<div class=\"elementor-element elementor-element-3ccd790 elementor-widget elementor-widget-spacer\" data-id=\"3ccd790\" data-element_type=\"widget\" data-widget_type=\"spacer.default\">\n\t\t\t\t<div class=\"elementor-widget-container\">\n\t\t\t\t\t\t\t<div class=\"elementor-spacer\">\n\t\t\t<div class=\"elementor-spacer-inner\"><\/div>\n\t\t<\/div>\n\t\t\t\t\t\t<\/div>\n\t\t\t\t<\/div>\n\t\t\t\t<div class=\"elementor-element elementor-element-1ae5678 elementor-widget elementor-widget-text-editor\" data-id=\"1ae5678\" data-element_type=\"widget\" data-widget_type=\"text-editor.default\">\n\t\t\t\t<div class=\"elementor-widget-container\">\n\t\t\t\t\t\t\t\t\t<h5>Passo 1: Escolher um pacote<\/h5><p>Basta selecionar a sec\u00e7\u00e3o ou posi\u00e7\u00e3o onde deseja anunciar. Escolher o formato de an\u00fancio (quadrado, ret\u00e2ngulo) que deseja adquirir e o tempo desejado. Poder\u00e1 anunciar em uma ou v\u00e1rias posi\u00e7\u00f5es.<\/p>\t\t\t\t\t\t\t\t<\/div>\n\t\t\t\t<\/div>\n\t\t\t\t<div class=\"elementor-element elementor-element-c11a262 elementor-widget elementor-widget-text-editor\" data-id=\"c11a262\" data-element_type=\"widget\" data-widget_type=\"text-editor.default\">\n\t\t\t\t<div class=\"elementor-widget-container\">\n\t\t\t\t\t\t\t\t\t<h5>Passo 2: Solicitar uma cota\u00e7\u00e3o\u00a0<\/h5><p>Solicite uma factura indicando as suas preferencias, quantidade,\u00a0 posi\u00e7\u00e3o e dura\u00e7\u00e3o de an\u00fancios.<\/p>\t\t\t\t\t\t\t\t<\/div>\n\t\t\t\t<\/div>\n\t\t\t\t<div class=\"elementor-element elementor-element-e52b0e2 elementor-widget elementor-widget-text-editor\" data-id=\"e52b0e2\" data-element_type=\"widget\" data-widget_type=\"text-editor.default\">\n\t\t\t\t<div class=\"elementor-widget-container\">\n\t\t\t\t\t\t\t\t\t<h5>Passo 3: Enviar o material<\/h5><p>Envie-nos a imagem publicit\u00e1ria desejada, para pr\u00e9via an\u00e1lise e o link\/endere\u00e7o para onde o visitante ser\u00e1 levado ap\u00f4s clicar sobre a imagem..<\/p>\t\t\t\t\t\t\t\t<\/div>\n\t\t\t\t<\/div>\n\t\t\t\t<div class=\"elementor-element elementor-element-cafd65e elementor-widget elementor-widget-text-editor\" data-id=\"cafd65e\" data-element_type=\"widget\" data-widget_type=\"text-editor.default\">\n\t\t\t\t<div class=\"elementor-widget-container\">\n\t\t\t\t\t\t\t\t\t<h5>Passo 4: Efetuar o pagamento<\/h5><p>Para finalizar, confirme\u00a0 o pagamento efetuado por meio da partilha do comprovativo. E aguarde pela confirma\u00e7\u00e3o da publica\u00e7\u00e3o do an\u00fancio contratado.<\/p>\t\t\t\t\t\t\t\t<\/div>\n\t\t\t\t<\/div>\n\t\t\t\t<\/div>\n\t\t<div class=\"elementor-element elementor-element-a9a9ab9 e-con-full e-flex e-con e-child\" data-id=\"a9a9ab9\" data-element_type=\"container\">\n\t\t\t\t<div class=\"elementor-element elementor-element-020734d elementor-widget elementor-widget-image\" data-id=\"020734d\" data-element_type=\"widget\" data-widget_type=\"image.default\">\n\t\t\t\t<div class=\"elementor-widget-container\">\n\t\t\t\t\t\t\t\t\t\t\t\t\t\t\t<img fetchpriority=\"high\" decoding=\"async\" width=\"390\" height=\"420\" src=\"https:\/\/akweno.ao\/voja\/wp-content\/uploads\/2025\/04\/anunban1.png\" class=\"attachment-large size-large wp-image-4136\" alt=\"\" srcset=\"https:\/\/akweno.ao\/voja\/wp-content\/uploads\/2025\/04\/anunban1.png 390w, https:\/\/akweno.ao\/voja\/wp-content\/uploads\/2025\/04\/anunban1-279x300.png 279w\" sizes=\"(max-width: 390px) 100vw, 390px\" \/>\t\t\t\t\t\t\t\t\t\t\t\t\t\t\t<\/div>\n\t\t\t\t<\/div>\n\t\t\t\t<div class=\"elementor-element elementor-element-305de18 elementor-widget elementor-widget-image\" data-id=\"305de18\" data-element_type=\"widget\" data-widget_type=\"image.default\">\n\t\t\t\t<div class=\"elementor-widget-container\">\n\t\t\t\t\t\t\t\t\t\t\t\t\t\t\t<img decoding=\"async\" width=\"390\" height=\"420\" src=\"https:\/\/akweno.ao\/voja\/wp-content\/uploads\/2025\/04\/anunban2.png\" class=\"attachment-large size-large wp-image-4137\" alt=\"\" srcset=\"https:\/\/akweno.ao\/voja\/wp-content\/uploads\/2025\/04\/anunban2.png 390w, https:\/\/akweno.ao\/voja\/wp-content\/uploads\/2025\/04\/anunban2-279x300.png 279w\" sizes=\"(max-width: 390px) 100vw, 390px\" \/>\t\t\t\t\t\t\t\t\t\t\t\t\t\t\t<\/div>\n\t\t\t\t<\/div>\n\t\t\t\t<\/div>\n\t\t\t\t\t<\/div>\n\t\t\t\t<\/div>\n\t\t\t\t<\/div>\n\t\t","protected":false},"excerpt":{"rendered":"<p>OS 4 PASSOS PARA RESERVAR SEU AN\u00daNCIO Passo 1: Escolher um pacote Basta selecionar a sec\u00e7\u00e3o ou posi\u00e7\u00e3o onde deseja anunciar. Escolher o formato de<\/p>\n","protected":false},"author":1,"featured_media":0,"parent":0,"menu_order":0,"comment_status":"closed","ping_status":"closed","template":"","meta":{"footnotes":""},"class_list":["post-4062","page","type-page","status-publish","hentry"],"_links":{"self":[{"href":"https:\/\/akweno.ao\/voja\/wp-json\/wp\/v2\/pages\/4062","targetHints":{"allow":["GET"]}}],"collection":[{"href":"https:\/\/akweno.ao\/voja\/wp-json\/wp\/v2\/pages"}],"about":[{"href":"https:\/\/akweno.ao\/voja\/wp-json\/wp\/v2\/types\/page"}],"author":[{"embeddable":true,"href":"https:\/\/akweno.ao\/voja\/wp-json\/wp\/v2\/users\/1"}],"replies":[{"embeddable":true,"href":"https:\/\/akweno.ao\/voja\/wp-json\/wp\/v2\/comments?post=4062"}],"version-history":[{"count":99,"href":"https:\/\/akweno.ao\/voja\/wp-json\/wp\/v2\/pages\/4062\/revisions"}],"predecessor-version":[{"id":4173,"href":"https:\/\/akweno.ao\/voja\/wp-json\/wp\/v2\/pages\/4062\/revisions\/4173"}],"wp:attachment":[{"href":"https:\/\/akweno.ao\/voja\/wp-json\/wp\/v2\/media?parent=4062"}],"curies":[{"name":"wp","href":"https:\/\/api.w.org\/{rel}","templated":true}]}}