{"id":3972,"date":"2025-04-18T12:07:48","date_gmt":"2025-04-18T12:07:48","guid":{"rendered":"https:\/\/akweno.ao\/voja\/?page_id=3972"},"modified":"2025-04-18T18:41:47","modified_gmt":"2025-04-18T18:41:47","slug":"termos-de-uso","status":"publish","type":"page","link":"https:\/\/akweno.ao\/voja\/termos-de-uso\/","title":{"rendered":"Termos de Uso"},"content":{"rendered":"\t\t<div data-elementor-type=\"wp-page\" data-elementor-id=\"3972\" class=\"elementor elementor-3972\">\n\t\t\t\t<div class=\"elementor-element elementor-element-a4c79f8 e-flex e-con-boxed e-con e-parent\" data-id=\"a4c79f8\" data-element_type=\"container\">\n\t\t\t\t\t<div class=\"e-con-inner\">\n\t\t<div class=\"elementor-element elementor-element-30432e5 e-con-full e-flex e-con e-child\" data-id=\"30432e5\" data-element_type=\"container\">\n\t\t\t\t<div class=\"elementor-element elementor-element-502323c elementor-widget elementor-widget-text-editor\" data-id=\"502323c\" data-element_type=\"widget\" data-widget_type=\"text-editor.default\">\n\t\t\t\t<div class=\"elementor-widget-container\">\n\t\t\t\t\t\t\t\t\t<h5>\u00daltima atualiza\u00e7\u00e3o: 17 de abril de 2025<\/h5>\t\t\t\t\t\t\t\t<\/div>\n\t\t\t\t<\/div>\n\t\t\t\t<div class=\"elementor-element elementor-element-262ce2f elementor-widget elementor-widget-text-editor\" data-id=\"262ce2f\" data-element_type=\"widget\" data-widget_type=\"text-editor.default\">\n\t\t\t\t<div class=\"elementor-widget-container\">\n\t\t\t\t\t\t\t\t\t<p>A Voja 24 opera o VOJA24.COM como um servi\u00e7o gratuito para os seus leitores. Ao acessar e\/ou utilizar o voja24.com, voc\u00ea aprova e aceita os seguintes termos e condi\u00e7\u00f5es:<\/p><p>1. Todos os materiais contidos neste site (incluindo, entre outros, diret\u00f3rios, guias, artigos de not\u00edcias, legendas, assinaturas, opini\u00f5es, resenhas, textos, fotografias, imagens, ilustra\u00e7\u00f5es, marcas registradas, marcas de servi\u00e7o, c\u00f3digos de programa e similares) s\u00e3o protegidos por direitos autorais. Voc\u00ea deve obedecer a todos os avisos ou restri\u00e7\u00f5es adicionais de direitos autorais contidos neste site.<\/p><p>Voc\u00ea pode visualizar e baixar materiais deste site apenas para seu uso pessoal e n\u00e3o comercial. Se desejar reproduzir, republicar, carregar, publicar, transmitir, modificar, distribuir ou executar ou exibir publicamente materiais deste site, voc\u00ea deve primeiro obter permiss\u00e3o por escrito do joja24.com ou entrar em contacto com a Equipa de Distribui\u00e7\u00e3o para reimpress\u00e3o e distribui\u00e7\u00e3o atrav\u00e9s do info@voja24.com<\/p><p>Se voc\u00ea acredita que o seu trabalho protegido por direitos autorais foi reproduzido no voja24.com sem autoriza\u00e7\u00e3o de uma maneira que possa constituir viola\u00e7\u00e3o de direitos autorais, pode favor, notificar-nos no info@voja24.com<\/p>\t\t\t\t\t\t\t\t<\/div>\n\t\t\t\t<\/div>\n\t\t\t\t<div class=\"elementor-element elementor-element-573090a elementor-widget elementor-widget-text-editor\" data-id=\"573090a\" data-element_type=\"widget\" data-widget_type=\"text-editor.default\">\n\t\t\t\t<div class=\"elementor-widget-container\">\n\t\t\t\t\t\t\t\t\t<p>2. Voc\u00ea reconhece e concorda que o voja24.com n\u00e3o se responsabiliza por qualquer conduta difamat\u00f3ria, ofensiva ou ilegal de qualquer usu\u00e1rio.\u00a0<\/p><p>3. O voja24.com est\u00e1 dispon\u00edvel &#8220;no estado em que se encontra&#8221;. Se confiar neste site e em quaisquer materiais dispon\u00edveis por meio dele, estar\u00e1 a fazer isso exclusivamente por sua conta e risco. Portanto, voc\u00ea deve esperar que:<\/p><p>a. N\u00e3o h\u00e1 garantia de que o servi\u00e7o seja ininterrupto ou livre de erros.<\/p><p>b. Pode haver atrasos, omiss\u00f5es e imprecis\u00f5es nas informa\u00e7\u00f5es ou em outros materiais dispon\u00edveis por meio deste site. O voja24.com reserva-se o direito de corrigir quaisquer erros ou omiss\u00f5es neste site.<\/p><p>c. O voja24.com n\u00e3o se responsabiliza por produtos ou servi\u00e7os de terceiros que possam estar vinculados a este site, nem por quaisquer produtos ou servi\u00e7os que possam ser anunciados por terceiros neste site.<\/p><p>d. O voja24.com n\u00e3o oferece nenhuma garantia, expressa ou impl\u00edcita, com rela\u00e7\u00e3o a este site ou a quaisquer informa\u00e7\u00f5es ou produtos que estejam dispon\u00edveis, anunciados ou vendidos por meio deste site.<\/p><p>e. O voja24.com n\u00e3o garante que este site n\u00e3o contenha v\u00edrus ou worms. N\u00e3o se responsabiliza por quaisquer danos causados \u200b\u200bpor tais v\u00edrus ou worms.<\/p><p>Em nenhuma circunst\u00e2ncia o voja24.com ou qualquer um de seus acionistas, funcion\u00e1rios ou agentes autorizados ser\u00e3o respons\u00e1veis \u200b\u200bpor quaisquer danos diretos, indiretos, incidentais, especiais resultantes do uso ou da impossibilidade de uso dos materiais deste site. Qualquer reclama\u00e7\u00e3o contra o voja24.com ser\u00e1 limitada ao valor pago por voc\u00ea, se houver, pelo uso deste site.<\/p>\t\t\t\t\t\t\t\t<\/div>\n\t\t\t\t<\/div>\n\t\t\t\t<div class=\"elementor-element elementor-element-82d2d16 elementor-widget elementor-widget-text-editor\" data-id=\"82d2d16\" data-element_type=\"widget\" data-widget_type=\"text-editor.default\">\n\t\t\t\t<div class=\"elementor-widget-container\">\n\t\t\t\t\t\t\t\t\t<p>4. O voja24.com pode modificar, suspender, descontinuar ou restringir o uso de qualquer parte deste site a qualquer momento e sem aviso pr\u00e9vio ou responsabilidade.<\/p><p>5. O voja24.com reserva-se o direito de alterar os termos deste contrato ou modificar quaisquer recursos deste site a qualquer momento. Ao continuar a utilizar o voja24.com ap\u00f3s a publica\u00e7\u00e3o de avisos sobre tais altera\u00e7\u00f5es, voc\u00ea concorda em estar vinculado a tais altera\u00e7\u00f5es.<\/p><p>6. Este contrato ser\u00e1 regido e interpretado de acordo com as leis da Rep\u00fablica de Angola. Qualquer disputa ser\u00e1 resolvida exclusivamente nos tribunais competentes de Angola.<\/p>\t\t\t\t\t\t\t\t<\/div>\n\t\t\t\t<\/div>\n\t\t\t\t<\/div>\n\t\t<div class=\"elementor-element elementor-element-6e54c9f e-con-full e-flex e-con e-child\" data-id=\"6e54c9f\" data-element_type=\"container\" data-settings=\"{&quot;background_background&quot;:&quot;classic&quot;}\">\n\t\t\t\t<div class=\"elementor-element elementor-element-3921a09 elementor-widget elementor-widget-heading\" data-id=\"3921a09\" data-element_type=\"widget\" data-widget_type=\"heading.default\">\n\t\t\t\t<div class=\"elementor-widget-container\">\n\t\t\t\t\t<h5 class=\"elementor-heading-title elementor-size-default\">\u00daltimas Not\u00edcias<\/h5>\t\t\t\t<\/div>\n\t\t\t\t<\/div>\n\t\t\t\t<div class=\"elementor-element elementor-element-1f9fc52 elementor-widget elementor-widget-sidebar\" data-id=\"1f9fc52\" data-element_type=\"widget\" data-widget_type=\"sidebar.default\">\n\t\t\t\t<div class=\"elementor-widget-container\">\n\t\t\t\t\t<aside id=\"block-9\" class=\"widget-sidebar widget widget_block widget_recent_entries widgets-sidebar\"><ul class=\"wp-block-latest-posts__list wp-block-latest-posts\"><li><a class=\"wp-block-latest-posts__post-title\" href=\"https:\/\/akweno.ao\/voja\/2025\/04\/16\/senegal-deputado-propoe-acusacoes-de-alta-traicao-contra-ex-presidente-macky-sall\/\">Senegal: Deputado Prop\u00f5e Acusa\u00e7\u00f5es de Alta Trai\u00e7\u00e3o Contra Ex-Presidente Macky Sall<\/a><\/li>\n<li><a class=\"wp-block-latest-posts__post-title\" href=\"https:\/\/akweno.ao\/voja\/2025\/04\/16\/mocambique-terroristas-incendeiam-igrejas-e-deixam-centenas-desabrigados\/\">Mo\u00e7ambique: Terroristas incendeiam igrejas e deixam centenas desabrigados<\/a><\/li>\n<li><a class=\"wp-block-latest-posts__post-title\" href=\"https:\/\/akweno.ao\/voja\/2025\/04\/16\/bna-lanca-consulta-publica-sobre-estrategia-nacional-de-inclusao-financeira-com-foco-na-expansao-digital\/\">BNA Lan\u00e7a Consulta P\u00fablica sobre Estrat\u00e9gia Nacional de Inclus\u00e3o Financeira com Foco na Expans\u00e3o Digital<\/a><\/li>\n<li><a class=\"wp-block-latest-posts__post-title\" href=\"https:\/\/akweno.ao\/voja\/2025\/04\/15\/joao-lourenco-felicita-candidato-vencedor-das-eleicoes-presidenciais-no-gabao\/\">Jo\u00e3o Louren\u00e7o felicita candidato vencedor das elei\u00e7\u00f5es presidenciais no Gab\u00e3o<\/a><\/li>\n<li><a class=\"wp-block-latest-posts__post-title\" href=\"https:\/\/akweno.ao\/voja\/2025\/04\/15\/pedro-goncalves-mantem-se-no-comando-dos-palancas-negras-diz-faf\/\">Pedro Gon\u00e7alves mant\u00e9m-se no comando dos Palancas Negras, diz FAF<\/a><\/li>\n<\/ul><\/aside>\t\t\t\t<\/div>\n\t\t\t\t<\/div>\n\t\t\t\t<\/div>\n\t\t\t\t\t<\/div>\n\t\t\t\t<\/div>\n\t\t\t\t<\/div>\n\t\t","protected":false},"excerpt":{"rendered":"<p>\u00daltima atualiza\u00e7\u00e3o: 17 de abril de 2025 A Voja 24 opera o VOJA24.COM como um servi\u00e7o gratuito para os seus leitores. Ao acessar e\/ou utilizar<\/p>\n","protected":false},"author":1,"featured_media":0,"parent":0,"menu_order":0,"comment_status":"closed","ping_status":"closed","template":"","meta":{"footnotes":""},"class_list":["post-3972","page","type-page","status-publish","hentry"],"_links":{"self":[{"href":"https:\/\/akweno.ao\/voja\/wp-json\/wp\/v2\/pages\/3972","targetHints":{"allow":["GET"]}}],"collection":[{"href":"https:\/\/akweno.ao\/voja\/wp-json\/wp\/v2\/pages"}],"about":[{"href":"https:\/\/akweno.ao\/voja\/wp-json\/wp\/v2\/types\/page"}],"author":[{"embeddable":true,"href":"https:\/\/akweno.ao\/voja\/wp-json\/wp\/v2\/users\/1"}],"replies":[{"embeddable":true,"href":"https:\/\/akweno.ao\/voja\/wp-json\/wp\/v2\/comments?post=3972"}],"version-history":[{"count":55,"href":"https:\/\/akweno.ao\/voja\/wp-json\/wp\/v2\/pages\/3972\/revisions"}],"predecessor-version":[{"id":4164,"href":"https:\/\/akweno.ao\/voja\/wp-json\/wp\/v2\/pages\/3972\/revisions\/4164"}],"wp:attachment":[{"href":"https:\/\/akweno.ao\/voja\/wp-json\/wp\/v2\/media?parent=3972"}],"curies":[{"name":"wp","href":"https:\/\/api.w.org\/{rel}","templated":true}]}}