{"id":3097,"date":"2025-04-05T16:26:15","date_gmt":"2025-04-05T16:26:15","guid":{"rendered":"https:\/\/akweno.ao\/voja\/?page_id=3097"},"modified":"2025-04-05T16:46:07","modified_gmt":"2025-04-05T16:46:07","slug":"videos","status":"publish","type":"page","link":"https:\/\/akweno.ao\/voja\/videos\/","title":{"rendered":"Galeria de Videos"},"content":{"rendered":"\t\t<div data-elementor-type=\"wp-page\" data-elementor-id=\"3097\" class=\"elementor elementor-3097\">\n\t\t\t\t<div class=\"elementor-element elementor-element-75d3d32 e-flex e-con-boxed e-con e-parent\" data-id=\"75d3d32\" data-element_type=\"container\">\n\t\t\t\t\t<div class=\"e-con-inner\">\n\t\t\t\t<div class=\"elementor-element elementor-element-b5ebe47 elementor-widget elementor-widget-shortcode\" data-id=\"b5ebe47\" data-element_type=\"widget\" data-widget_type=\"shortcode.default\">\n\t\t\t\t<div class=\"elementor-widget-container\">\n\t\t\t\t\t\t\t<div class=\"elementor-shortcode\"><div class=\"automatic-youtube-gallery ayg\">\n        <ayg-theme-classic id=\"ayg-44451db5a55d3676c70e63066fabda26\" class=\"ayg-theme ayg-theme-classic\" data-params='{\"uid\":\"44451db5a55d3676c70e63066fabda26\",\"loop\":0,\"autoadvance\":1,\"player_title\":1,\"player_description\":1}'>\n        <div class=\"ayg-player\">\n            <div class=\"ayg-player-container\" style=\"max-width: 100%;\">\n                <ayg-player src=\"https:\/\/www.youtube.com\/embed\/WhGjy1mNFeM?enablejsapi=1&#038;playsinline=1&#038;rel=0&#038;modestbranding=1&#038;iv_load_policy=3&#038;hl=pt&#038;cc_lang_pref=pt\" ratio=\"56.25\" title=\"&quot;UM ESTADO DEMOCR\u00c1TICO&quot;.Com Fernando Martins e Carlos Caba\u00e7a.\" poster=\"https:\/\/i.ytimg.com\/vi\/WhGjy1mNFeM\/maxresdefault.jpg\"><\/ayg-player>           \n            <\/div>\n            <div class=\"ayg-player-caption\">\n                    \n                    <h2 class=\"ayg-player-title\">&quot;UM ESTADO DEMOCR\u00c1TICO&quot;.Com Fernando Martins e Carlos Caba\u00e7a.<\/h2>  \n                                  \n                    <ayg-description class=\"ayg-player-description\"><span class=\"ayg-player-description-less\">ASSISTA NA \u00cdNTEGRA <br \/>\n<br \/>\nGRANDE LIVE\ud83d\udd34 DO PROGRAMA \"UM ESTADO DEMOCR\u00c1TICO\".<br \/>\n<br \/>\nHoje, \u00e0s 20h:00\u23f0<br \/>\n<br \/>\nCONVIDADOS:<br \/>\n*Eng\u00b0 Fernando Martins - Presidente do Partido Angolano Renovador de Estado (PARE).<br \/>\n<br \/>\n*Carlos Cabe\u00e7a - Jurista e Especialista em Auditoria <span class=\"ayg-player-description-dots\">...<\/span><\/span><span class=\"ayg-player-description-more\">Externa e an\u00e1lise de branqueamento de capitais.<br \/>\n<br \/>\nTEMA: A INFLU\u00caNCIA DOS POL\u00cdTICOS NO DESENVOLVIMENTO DAS COMUNIDADES <br \/>\n<br \/>\nFique ligado(a)<br \/>\nGrande LIVE\ud83d\udd34<br \/>\nN\u00c3O PERCA!<br \/>\n\ud83c\udfa5\ud83d\udcfd\ud83c\udfa5<\/span><a href=\"#\" class=\"ayg-player-description-toggle-btn\">Mostrar Mais<\/a><\/ayg-description>\n                            <\/div>\n        <\/div>\n        <div class=\"ayg-videos ayg-gallery ayg-row\">\n                            <div class=\"ayg-video ayg-video-WhGjy1mNFeM ayg-col ayg-col-3 ayg-col-xs-2 ayg-active\">\n                    <div class=\"ayg-thumbnail\" data-id=\"WhGjy1mNFeM\" data-title=\"&quot;UM ESTADO DEMOCR\u00c1TICO&quot;.Com Fernando Martins e Carlos Caba\u00e7a.\" data-url=\"\">\n    <div class=\"ayg-thumbnail-media\">\n        <img fetchpriority=\"high\" decoding=\"async\" src=\"https:\/\/i.ytimg.com\/vi\/WhGjy1mNFeM\/maxresdefault.jpg\" class=\"ayg-thumbnail-image\" width=\"320\" height=\"180\" alt=\"&quot;UM ESTADO DEMOCR\u00c1TICO&quot;.Com Fernando Martins e Carlos Caba\u00e7a.\" \/><svg xmlns=\"http:\/\/www.w3.org\/2000\/svg\" fill=\"white\" width=\"40\" height=\"40\" viewBox=\"0 0 24 24\" class=\"ayg-icon ayg-thumbnail-icon-play\" title=\"Play\" aria-label=\"Play\"><path fill-rule=\"evenodd\" d=\"M2.25 12c0-5.385 4.365-9.75 9.75-9.75s9.75 4.365 9.75 9.75-4.365 9.75-9.75 9.75S2.25 17.385 2.25 12Zm14.024-.983a1.125 1.125 0 0 1 0 1.966l-5.603 3.113A1.125 1.125 0 0 1 9 15.113V8.887c0-.857.921-1.4 1.671-.983l5.603 3.113Z\" clip-rule=\"evenodd\" \/><\/svg><div class=\"ayg-thumbnail-now-playing\" style=\"display: none;\">Now Playing<\/div>        \n    <\/div>\n    <div class=\"ayg-thumbnail-caption\">\n         \n            <div class=\"ayg-thumbnail-title\">&quot;UM ESTADO DEMOCR\u00c1TICO&quot;.Com Fernando Martins e Carlos Caba\u00e7a.<\/div>\n         \n                  \n            <div class=\"ayg-thumbnail-description\" style=\"display: none;\"><span class=\"ayg-player-description-less\">ASSISTA NA \u00cdNTEGRA <br \/>\n<br \/>\nGRANDE LIVE\ud83d\udd34 DO PROGRAMA \"UM ESTADO DEMOCR\u00c1TICO\".<br \/>\n<br \/>\nHoje, \u00e0s 20h:00\u23f0<br \/>\n<br \/>\nCONVIDADOS:<br \/>\n*Eng\u00b0 Fernando Martins - Presidente do Partido Angolano Renovador de Estado (PARE).<br \/>\n<br \/>\n*Carlos Cabe\u00e7a - Jurista e Especialista em Auditoria <span class=\"ayg-player-description-dots\">...<\/span><\/span><span class=\"ayg-player-description-more\">Externa e an\u00e1lise de branqueamento de capitais.<br \/>\n<br \/>\nTEMA: A INFLU\u00caNCIA DOS POL\u00cdTICOS NO DESENVOLVIMENTO DAS COMUNIDADES <br \/>\n<br \/>\nFique ligado(a)<br \/>\nGrande LIVE\ud83d\udd34<br \/>\nN\u00c3O PERCA!<br \/>\n\ud83c\udfa5\ud83d\udcfd\ud83c\udfa5<\/span><a href=\"#\" class=\"ayg-player-description-toggle-btn\">Mostrar Mais<\/a><\/div>\n            <\/div>           \n<\/div>                <\/div>\n                            <div class=\"ayg-video ayg-video-Qr6CWNBsoVQ ayg-col ayg-col-3 ayg-col-xs-2\">\n                    <div class=\"ayg-thumbnail\" data-id=\"Qr6CWNBsoVQ\" data-title=\"v24\" data-url=\"\">\n    <div class=\"ayg-thumbnail-media\">\n        <img decoding=\"async\" src=\"https:\/\/i.ytimg.com\/vi\/Qr6CWNBsoVQ\/maxresdefault.jpg\" class=\"ayg-thumbnail-image\" width=\"320\" height=\"180\" alt=\"v24\" \/><svg xmlns=\"http:\/\/www.w3.org\/2000\/svg\" fill=\"white\" width=\"40\" height=\"40\" viewBox=\"0 0 24 24\" class=\"ayg-icon ayg-thumbnail-icon-play\" title=\"Play\" aria-label=\"Play\"><path fill-rule=\"evenodd\" d=\"M2.25 12c0-5.385 4.365-9.75 9.75-9.75s9.75 4.365 9.75 9.75-4.365 9.75-9.75 9.75S2.25 17.385 2.25 12Zm14.024-.983a1.125 1.125 0 0 1 0 1.966l-5.603 3.113A1.125 1.125 0 0 1 9 15.113V8.887c0-.857.921-1.4 1.671-.983l5.603 3.113Z\" clip-rule=\"evenodd\" \/><\/svg><div class=\"ayg-thumbnail-now-playing\" style=\"display: none;\">Now Playing<\/div>        \n    <\/div>\n    <div class=\"ayg-thumbnail-caption\">\n         \n            <div class=\"ayg-thumbnail-title\">v24<\/div>\n         \n                  \n            <div class=\"ayg-thumbnail-description\" style=\"display: none;\">v24<\/div>\n            <\/div>           \n<\/div>                <\/div>\n                            <div class=\"ayg-video ayg-video-z1oabiYE2Ko ayg-col ayg-col-3 ayg-col-xs-2\">\n                    <div class=\"ayg-thumbnail\" data-id=\"z1oabiYE2Ko\" data-title=\"angola-cononia\" data-url=\"\">\n    <div class=\"ayg-thumbnail-media\">\n        <img decoding=\"async\" src=\"https:\/\/i.ytimg.com\/vi\/z1oabiYE2Ko\/maxresdefault.jpg\" class=\"ayg-thumbnail-image\" width=\"320\" height=\"180\" alt=\"angola-cononia\" \/><svg xmlns=\"http:\/\/www.w3.org\/2000\/svg\" fill=\"white\" width=\"40\" height=\"40\" viewBox=\"0 0 24 24\" class=\"ayg-icon ayg-thumbnail-icon-play\" title=\"Play\" aria-label=\"Play\"><path fill-rule=\"evenodd\" d=\"M2.25 12c0-5.385 4.365-9.75 9.75-9.75s9.75 4.365 9.75 9.75-4.365 9.75-9.75 9.75S2.25 17.385 2.25 12Zm14.024-.983a1.125 1.125 0 0 1 0 1.966l-5.603 3.113A1.125 1.125 0 0 1 9 15.113V8.887c0-.857.921-1.4 1.671-.983l5.603 3.113Z\" clip-rule=\"evenodd\" \/><\/svg><div class=\"ayg-thumbnail-now-playing\" style=\"display: none;\">Now Playing<\/div>        \n    <\/div>\n    <div class=\"ayg-thumbnail-caption\">\n         \n            <div class=\"ayg-thumbnail-title\">angola-cononia<\/div>\n         \n                  \n            <div class=\"ayg-thumbnail-description\" style=\"display: none;\">Historia<\/div>\n            <\/div>           \n<\/div>                <\/div>\n                            <div class=\"ayg-video ayg-video-1cxYszV9CP4 ayg-col ayg-col-3 ayg-col-xs-2\">\n                    <div class=\"ayg-thumbnail\" data-id=\"1cxYszV9CP4\" data-title=\"v24\" data-url=\"\">\n    <div class=\"ayg-thumbnail-media\">\n        <img loading=\"lazy\" decoding=\"async\" src=\"https:\/\/i.ytimg.com\/vi\/1cxYszV9CP4\/maxresdefault_live.jpg\" class=\"ayg-thumbnail-image\" width=\"320\" height=\"180\" alt=\"v24\" \/><svg xmlns=\"http:\/\/www.w3.org\/2000\/svg\" fill=\"white\" width=\"40\" height=\"40\" viewBox=\"0 0 24 24\" class=\"ayg-icon ayg-thumbnail-icon-play\" title=\"Play\" aria-label=\"Play\"><path fill-rule=\"evenodd\" d=\"M2.25 12c0-5.385 4.365-9.75 9.75-9.75s9.75 4.365 9.75 9.75-4.365 9.75-9.75 9.75S2.25 17.385 2.25 12Zm14.024-.983a1.125 1.125 0 0 1 0 1.966l-5.603 3.113A1.125 1.125 0 0 1 9 15.113V8.887c0-.857.921-1.4 1.671-.983l5.603 3.113Z\" clip-rule=\"evenodd\" \/><\/svg><div class=\"ayg-thumbnail-now-playing\" style=\"display: none;\">Now Playing<\/div>        \n    <\/div>\n    <div class=\"ayg-thumbnail-caption\">\n         \n            <div class=\"ayg-thumbnail-title\">v24<\/div>\n         \n                  \n            <div class=\"ayg-thumbnail-description\" style=\"display: none;\">v24<\/div>\n            <\/div>           \n<\/div>                <\/div>\n                            <div class=\"ayg-video ayg-video-4ZBMPoO_iNE ayg-col ayg-col-3 ayg-col-xs-2\">\n                    <div class=\"ayg-thumbnail\" data-id=\"4ZBMPoO_iNE\" data-title=\"24\" data-url=\"\">\n    <div class=\"ayg-thumbnail-media\">\n        <img loading=\"lazy\" decoding=\"async\" src=\"https:\/\/i.ytimg.com\/vi\/4ZBMPoO_iNE\/maxresdefault.jpg\" class=\"ayg-thumbnail-image\" width=\"320\" height=\"180\" alt=\"24\" \/><svg xmlns=\"http:\/\/www.w3.org\/2000\/svg\" fill=\"white\" width=\"40\" height=\"40\" viewBox=\"0 0 24 24\" class=\"ayg-icon ayg-thumbnail-icon-play\" title=\"Play\" aria-label=\"Play\"><path fill-rule=\"evenodd\" d=\"M2.25 12c0-5.385 4.365-9.75 9.75-9.75s9.75 4.365 9.75 9.75-4.365 9.75-9.75 9.75S2.25 17.385 2.25 12Zm14.024-.983a1.125 1.125 0 0 1 0 1.966l-5.603 3.113A1.125 1.125 0 0 1 9 15.113V8.887c0-.857.921-1.4 1.671-.983l5.603 3.113Z\" clip-rule=\"evenodd\" \/><\/svg><div class=\"ayg-thumbnail-now-playing\" style=\"display: none;\">Now Playing<\/div>        \n    <\/div>\n    <div class=\"ayg-thumbnail-caption\">\n         \n            <div class=\"ayg-thumbnail-title\">24<\/div>\n         \n                  \n            <div class=\"ayg-thumbnail-description\" style=\"display: none;\">v24<\/div>\n            <\/div>           \n<\/div>                <\/div>\n                            <div class=\"ayg-video ayg-video-6flE7NR1jkU ayg-col ayg-col-3 ayg-col-xs-2\">\n                    <div class=\"ayg-thumbnail\" data-id=\"6flE7NR1jkU\" data-title=\"\ud83c\udde6\ud83c\uddf4\ud83d\uddf3 Angola Elei\u00e7\u00f5es: CNE divulga resultados finais.#angolaeleicoes2022\" data-url=\"\">\n    <div class=\"ayg-thumbnail-media\">\n        <img loading=\"lazy\" decoding=\"async\" src=\"https:\/\/i.ytimg.com\/vi\/6flE7NR1jkU\/maxresdefault.jpg\" class=\"ayg-thumbnail-image\" width=\"320\" height=\"180\" alt=\"\ud83c\udde6\ud83c\uddf4\ud83d\uddf3 Angola Elei\u00e7\u00f5es: CNE divulga resultados finais.#angolaeleicoes2022\" \/><svg xmlns=\"http:\/\/www.w3.org\/2000\/svg\" fill=\"white\" width=\"40\" height=\"40\" viewBox=\"0 0 24 24\" class=\"ayg-icon ayg-thumbnail-icon-play\" title=\"Play\" aria-label=\"Play\"><path fill-rule=\"evenodd\" d=\"M2.25 12c0-5.385 4.365-9.75 9.75-9.75s9.75 4.365 9.75 9.75-4.365 9.75-9.75 9.75S2.25 17.385 2.25 12Zm14.024-.983a1.125 1.125 0 0 1 0 1.966l-5.603 3.113A1.125 1.125 0 0 1 9 15.113V8.887c0-.857.921-1.4 1.671-.983l5.603 3.113Z\" clip-rule=\"evenodd\" \/><\/svg><div class=\"ayg-thumbnail-now-playing\" style=\"display: none;\">Now Playing<\/div>        \n    <\/div>\n    <div class=\"ayg-thumbnail-caption\">\n         \n            <div class=\"ayg-thumbnail-title\">\ud83c\udde6\ud83c\uddf4\ud83d\uddf3 Angola Elei\u00e7\u00f5es: CNE divulga resultados ...<\/div>\n         \n                    <\/div>           \n<\/div>                <\/div>\n                            <div class=\"ayg-video ayg-video-FTZbzdAspkY ayg-col ayg-col-3 ayg-col-xs-2\">\n                    <div class=\"ayg-thumbnail\" data-id=\"FTZbzdAspkY\" data-title=\"Plusieurs chefs d\u2019Etats a Luanda,aux obs\u00e8ques de l\u2019ancien Pr\u00e9sident angolais,Jos\u00e9 Eduardo Dos Santos\" data-url=\"\">\n    <div class=\"ayg-thumbnail-media\">\n        <img loading=\"lazy\" decoding=\"async\" src=\"https:\/\/i.ytimg.com\/vi\/FTZbzdAspkY\/maxresdefault.jpg\" class=\"ayg-thumbnail-image\" width=\"320\" height=\"180\" alt=\"Plusieurs chefs d\u2019Etats a Luanda,aux obs\u00e8ques de l\u2019ancien Pr\u00e9sident angolais,Jos\u00e9 Eduardo Dos Santos\" \/><svg xmlns=\"http:\/\/www.w3.org\/2000\/svg\" fill=\"white\" width=\"40\" height=\"40\" viewBox=\"0 0 24 24\" class=\"ayg-icon ayg-thumbnail-icon-play\" title=\"Play\" aria-label=\"Play\"><path fill-rule=\"evenodd\" d=\"M2.25 12c0-5.385 4.365-9.75 9.75-9.75s9.75 4.365 9.75 9.75-4.365 9.75-9.75 9.75S2.25 17.385 2.25 12Zm14.024-.983a1.125 1.125 0 0 1 0 1.966l-5.603 3.113A1.125 1.125 0 0 1 9 15.113V8.887c0-.857.921-1.4 1.671-.983l5.603 3.113Z\" clip-rule=\"evenodd\" \/><\/svg><div class=\"ayg-thumbnail-now-playing\" style=\"display: none;\">Now Playing<\/div>        \n    <\/div>\n    <div class=\"ayg-thumbnail-caption\">\n         \n            <div class=\"ayg-thumbnail-title\">Plusieurs chefs d\u2019Etats a Luanda,aux obs\u00e8ques de ...<\/div>\n         \n                    <\/div>           \n<\/div>                <\/div>\n                            <div class=\"ayg-video ayg-video-UpbIoVumZi0 ayg-col ayg-col-3 ayg-col-xs-2\">\n                    <div class=\"ayg-thumbnail\" data-id=\"UpbIoVumZi0\" data-title=\"Confer\u00eancia de Imprensa dos Comiss\u00e1rios Eleitorais\" data-url=\"\">\n    <div class=\"ayg-thumbnail-media\">\n        <img loading=\"lazy\" decoding=\"async\" src=\"https:\/\/i.ytimg.com\/vi\/UpbIoVumZi0\/maxresdefault.jpg\" class=\"ayg-thumbnail-image\" width=\"320\" height=\"180\" alt=\"Confer\u00eancia de Imprensa dos Comiss\u00e1rios Eleitorais\" \/><svg xmlns=\"http:\/\/www.w3.org\/2000\/svg\" fill=\"white\" width=\"40\" height=\"40\" viewBox=\"0 0 24 24\" class=\"ayg-icon ayg-thumbnail-icon-play\" title=\"Play\" aria-label=\"Play\"><path fill-rule=\"evenodd\" d=\"M2.25 12c0-5.385 4.365-9.75 9.75-9.75s9.75 4.365 9.75 9.75-4.365 9.75-9.75 9.75S2.25 17.385 2.25 12Zm14.024-.983a1.125 1.125 0 0 1 0 1.966l-5.603 3.113A1.125 1.125 0 0 1 9 15.113V8.887c0-.857.921-1.4 1.671-.983l5.603 3.113Z\" clip-rule=\"evenodd\" \/><\/svg><div class=\"ayg-thumbnail-now-playing\" style=\"display: none;\">Now Playing<\/div>        \n    <\/div>\n    <div class=\"ayg-thumbnail-caption\">\n         \n            <div class=\"ayg-thumbnail-title\">Confer\u00eancia de Imprensa dos Comiss\u00e1rios Eleitorais<\/div>\n         \n                    <\/div>           \n<\/div>                <\/div>\n                            <div class=\"ayg-video ayg-video-DEc0ilEpm04 ayg-col ayg-col-3 ayg-col-xs-2\">\n                    <div class=\"ayg-thumbnail\" data-id=\"DEc0ilEpm04\" data-title=\"DECLARA\u00c7\u00c3O DO PRESIDENTE DA UNITA SOBRE AS ELEI\u00c7\u00d5ES\" data-url=\"\">\n    <div class=\"ayg-thumbnail-media\">\n        <img loading=\"lazy\" decoding=\"async\" src=\"https:\/\/i.ytimg.com\/vi\/DEc0ilEpm04\/maxresdefault.jpg\" class=\"ayg-thumbnail-image\" width=\"320\" height=\"180\" alt=\"DECLARA\u00c7\u00c3O DO PRESIDENTE DA UNITA SOBRE AS ELEI\u00c7\u00d5ES\" \/><svg xmlns=\"http:\/\/www.w3.org\/2000\/svg\" fill=\"white\" width=\"40\" height=\"40\" viewBox=\"0 0 24 24\" class=\"ayg-icon ayg-thumbnail-icon-play\" title=\"Play\" aria-label=\"Play\"><path fill-rule=\"evenodd\" d=\"M2.25 12c0-5.385 4.365-9.75 9.75-9.75s9.75 4.365 9.75 9.75-4.365 9.75-9.75 9.75S2.25 17.385 2.25 12Zm14.024-.983a1.125 1.125 0 0 1 0 1.966l-5.603 3.113A1.125 1.125 0 0 1 9 15.113V8.887c0-.857.921-1.4 1.671-.983l5.603 3.113Z\" clip-rule=\"evenodd\" \/><\/svg><div class=\"ayg-thumbnail-now-playing\" style=\"display: none;\">Now Playing<\/div>        \n    <\/div>\n    <div class=\"ayg-thumbnail-caption\">\n         \n            <div class=\"ayg-thumbnail-title\">DECLARA\u00c7\u00c3O DO PRESIDENTE DA UNITA SOBRE AS ELEI\u00c7\u00d5ES<\/div>\n         \n                    <\/div>           \n<\/div>                <\/div>\n                            <div class=\"ayg-video ayg-video-qzgaxvQ5SvA ayg-col ayg-col-3 ayg-col-xs-2\">\n                    <div class=\"ayg-thumbnail\" data-id=\"qzgaxvQ5SvA\" data-title=\"APN REALIZA CONFER\u00caNCIA DE IMPRENSA PARA IMPUGNAR O RESULTADO DAS ELEI\u00c7\u00d5ES\" data-url=\"\">\n    <div class=\"ayg-thumbnail-media\">\n        <img loading=\"lazy\" decoding=\"async\" src=\"https:\/\/i.ytimg.com\/vi\/qzgaxvQ5SvA\/maxresdefault.jpg\" class=\"ayg-thumbnail-image\" width=\"320\" height=\"180\" alt=\"APN REALIZA CONFER\u00caNCIA DE IMPRENSA PARA IMPUGNAR O RESULTADO DAS ELEI\u00c7\u00d5ES\" \/><svg xmlns=\"http:\/\/www.w3.org\/2000\/svg\" fill=\"white\" width=\"40\" height=\"40\" viewBox=\"0 0 24 24\" class=\"ayg-icon ayg-thumbnail-icon-play\" title=\"Play\" aria-label=\"Play\"><path fill-rule=\"evenodd\" d=\"M2.25 12c0-5.385 4.365-9.75 9.75-9.75s9.75 4.365 9.75 9.75-4.365 9.75-9.75 9.75S2.25 17.385 2.25 12Zm14.024-.983a1.125 1.125 0 0 1 0 1.966l-5.603 3.113A1.125 1.125 0 0 1 9 15.113V8.887c0-.857.921-1.4 1.671-.983l5.603 3.113Z\" clip-rule=\"evenodd\" \/><\/svg><div class=\"ayg-thumbnail-now-playing\" style=\"display: none;\">Now Playing<\/div>        \n    <\/div>\n    <div class=\"ayg-thumbnail-caption\">\n         \n            <div class=\"ayg-thumbnail-title\">APN REALIZA CONFER\u00caNCIA DE IMPRENSA PARA IMPUGNAR O ...<\/div>\n         \n                    <\/div>           \n<\/div>                <\/div>\n                            <div class=\"ayg-video ayg-video-UFXUTED0yzY ayg-col ayg-col-3 ayg-col-xs-2\">\n                    <div class=\"ayg-thumbnail\" data-id=\"UFXUTED0yzY\" data-title=\"8\u00ba edicao 100% voja na banda\" data-url=\"\">\n    <div class=\"ayg-thumbnail-media\">\n        <img loading=\"lazy\" decoding=\"async\" src=\"https:\/\/i.ytimg.com\/vi\/UFXUTED0yzY\/maxresdefault.jpg\" class=\"ayg-thumbnail-image\" width=\"320\" height=\"180\" alt=\"8\u00ba edicao 100% voja na banda\" \/><svg xmlns=\"http:\/\/www.w3.org\/2000\/svg\" fill=\"white\" width=\"40\" height=\"40\" viewBox=\"0 0 24 24\" class=\"ayg-icon ayg-thumbnail-icon-play\" title=\"Play\" aria-label=\"Play\"><path fill-rule=\"evenodd\" d=\"M2.25 12c0-5.385 4.365-9.75 9.75-9.75s9.75 4.365 9.75 9.75-4.365 9.75-9.75 9.75S2.25 17.385 2.25 12Zm14.024-.983a1.125 1.125 0 0 1 0 1.966l-5.603 3.113A1.125 1.125 0 0 1 9 15.113V8.887c0-.857.921-1.4 1.671-.983l5.603 3.113Z\" clip-rule=\"evenodd\" \/><\/svg><div class=\"ayg-thumbnail-now-playing\" style=\"display: none;\">Now Playing<\/div>        \n    <\/div>\n    <div class=\"ayg-thumbnail-caption\">\n         \n            <div class=\"ayg-thumbnail-title\">8\u00ba edicao 100% voja na banda<\/div>\n         \n                    <\/div>           \n<\/div>                <\/div>\n                            <div class=\"ayg-video ayg-video-47UFViopQJk ayg-col ayg-col-3 ayg-col-xs-2\">\n                    <div class=\"ayg-thumbnail\" data-id=\"47UFViopQJk\" data-title=\"7\u00b0 Edi\u00e7\u00e3o100% voja na banda Aptcao de \u00c1vila Fernando Convidads:Rog\u00e9rio Bulungue e Gertrudes Fernando\" data-url=\"\">\n    <div class=\"ayg-thumbnail-media\">\n        <img loading=\"lazy\" decoding=\"async\" src=\"https:\/\/i.ytimg.com\/vi\/47UFViopQJk\/maxresdefault.jpg\" class=\"ayg-thumbnail-image\" width=\"320\" height=\"180\" alt=\"7\u00b0 Edi\u00e7\u00e3o100% voja na banda Aptcao de \u00c1vila Fernando Convidads:Rog\u00e9rio Bulungue e Gertrudes Fernando\" \/><svg xmlns=\"http:\/\/www.w3.org\/2000\/svg\" fill=\"white\" width=\"40\" height=\"40\" viewBox=\"0 0 24 24\" class=\"ayg-icon ayg-thumbnail-icon-play\" title=\"Play\" aria-label=\"Play\"><path fill-rule=\"evenodd\" d=\"M2.25 12c0-5.385 4.365-9.75 9.75-9.75s9.75 4.365 9.75 9.75-4.365 9.75-9.75 9.75S2.25 17.385 2.25 12Zm14.024-.983a1.125 1.125 0 0 1 0 1.966l-5.603 3.113A1.125 1.125 0 0 1 9 15.113V8.887c0-.857.921-1.4 1.671-.983l5.603 3.113Z\" clip-rule=\"evenodd\" \/><\/svg><div class=\"ayg-thumbnail-now-playing\" style=\"display: none;\">Now Playing<\/div>        \n    <\/div>\n    <div class=\"ayg-thumbnail-caption\">\n         \n            <div class=\"ayg-thumbnail-title\">7\u00b0 Edi\u00e7\u00e3o100% voja na banda Aptcao de \u00c1vila Fernando ...<\/div>\n         \n                    <\/div>           \n<\/div>                <\/div>\n                    <\/div>\n        <ayg-pagination class=\"ayg-pagination\" data-params='{\"uid\":\"44451db5a55d3676c70e63066fabda26\",\"post_id\":3097,\"type\":\"channel\",\"src\":\"UCNdsCgJAnDhMd3Ewg-cWm6g\",\"order\":\"relevance\",\"limit\":500,\"per_page\":12,\"cache\":604800,\"columns\":3,\"thumb_ratio\":56.25,\"thumb_title\":1,\"thumb_title_length\":60,\"thumb_excerpt\":0,\"thumb_excerpt_length\":75,\"player_description\":1,\"total_pages\":7,\"paged\":1,\"next_page_token\":\"EAAaHlBUOkNBd2lFRFJGUmtSRE9UY3lPVUkyTXpVd1JEQQ\",\"prev_page_token\":\"\"}'>\n            <div class=\"ayg-pagination-prev\">\n            <button type=\"button\" class=\"ayg-btn ayg-pagination-prev-btn\" data-type=\"previous\" style=\"display: none;\">Anterior<\/button>\n        <\/div>\n        <div class=\"ayg-pagination-info\">\n            <span class=\"ayg-pagination-current-page-number\">1<\/span>\n            of            <span class=\"ayg-pagination-total-pages\">7<\/span>\n        <\/div>\n        <div class=\"ayg-pagination-next\">\n            <button type=\"button\" class=\"ayg-btn ayg-pagination-next-btn\" data-type=\"next\">Seguinte<\/button>\n        <\/div>\n    <\/ayg-pagination>    <\/ayg-theme-classic>\n<\/div>\n<\/div>\n\t\t\t\t\t\t<\/div>\n\t\t\t\t<\/div>\n\t\t\t\t\t<\/div>\n\t\t\t\t<\/div>\n\t\t\t\t<\/div>\n\t\t","protected":false},"excerpt":{"rendered":"","protected":false},"author":1,"featured_media":0,"parent":0,"menu_order":0,"comment_status":"closed","ping_status":"closed","template":"","meta":{"footnotes":""},"class_list":["post-3097","page","type-page","status-publish","hentry"],"_links":{"self":[{"href":"https:\/\/akweno.ao\/voja\/wp-json\/wp\/v2\/pages\/3097","targetHints":{"allow":["GET"]}}],"collection":[{"href":"https:\/\/akweno.ao\/voja\/wp-json\/wp\/v2\/pages"}],"about":[{"href":"https:\/\/akweno.ao\/voja\/wp-json\/wp\/v2\/types\/page"}],"author":[{"embeddable":true,"href":"https:\/\/akweno.ao\/voja\/wp-json\/wp\/v2\/users\/1"}],"replies":[{"embeddable":true,"href":"https:\/\/akweno.ao\/voja\/wp-json\/wp\/v2\/comments?post=3097"}],"version-history":[{"count":11,"href":"https:\/\/akweno.ao\/voja\/wp-json\/wp\/v2\/pages\/3097\/revisions"}],"predecessor-version":[{"id":3109,"href":"https:\/\/akweno.ao\/voja\/wp-json\/wp\/v2\/pages\/3097\/revisions\/3109"}],"wp:attachment":[{"href":"https:\/\/akweno.ao\/voja\/wp-json\/wp\/v2\/media?parent=3097"}],"curies":[{"name":"wp","href":"https:\/\/api.w.org\/{rel}","templated":true}]}}