{"id":24,"date":"2025-04-11T18:11:33","date_gmt":"2025-04-11T18:11:33","guid":{"rendered":"http:\/\/axilthemes.com\/themes\/axilnews\/?page_id=24"},"modified":"2025-04-13T16:39:31","modified_gmt":"2025-04-13T16:39:31","slug":"contactos","status":"publish","type":"page","link":"https:\/\/akweno.ao\/voja\/contactos\/","title":{"rendered":"Contactos"},"content":{"rendered":"\t\t<div data-elementor-type=\"wp-post\" data-elementor-id=\"24\" class=\"elementor elementor-24\">\n\t\t\t\t\t\t<section class=\"elementor-section elementor-top-section elementor-element elementor-element-0a00cb5 elementor-section-boxed elementor-section-height-default elementor-section-height-default\" data-id=\"0a00cb5\" data-element_type=\"section\">\n\t\t\t\t\t\t<div class=\"elementor-container elementor-column-gap-extended\">\n\t\t\t\t\t<div class=\"elementor-column elementor-col-100 elementor-top-column elementor-element elementor-element-cf8217c\" data-id=\"cf8217c\" data-element_type=\"column\">\n\t\t\t<div class=\"elementor-widget-wrap elementor-element-populated\">\n\t\t\t\t\t\t<div class=\"elementor-element elementor-element-b644910 elementor-widget elementor-widget-spacer\" data-id=\"b644910\" data-element_type=\"widget\" data-widget_type=\"spacer.default\">\n\t\t\t\t<div class=\"elementor-widget-container\">\n\t\t\t\t\t\t\t<div class=\"elementor-spacer\">\n\t\t\t<div class=\"elementor-spacer-inner\"><\/div>\n\t\t<\/div>\n\t\t\t\t\t\t<\/div>\n\t\t\t\t<\/div>\n\t\t\t\t<div class=\"elementor-element elementor-element-e86ce39 elementor-widget elementor-widget-heading\" data-id=\"e86ce39\" data-element_type=\"widget\" data-widget_type=\"heading.default\">\n\t\t\t\t<div class=\"elementor-widget-container\">\n\t\t\t\t\t<h4 class=\"elementor-heading-title elementor-size-default\">SOBRE N\u00d3S<\/h4>\t\t\t\t<\/div>\n\t\t\t\t<\/div>\n\t\t\t\t<div class=\"elementor-element elementor-element-6a7a5c1 elementor-widget elementor-widget-text-editor\" data-id=\"6a7a5c1\" data-element_type=\"widget\" data-widget_type=\"text-editor.default\">\n\t\t\t\t<div class=\"elementor-widget-container\">\n\t\t\t\t\t\t\t\t\t<p>Mais do que uma ag\u00eancia de not\u00edcias, somos uma plataforma de voz e representa\u00e7\u00e3o para a juventude africana. Nosso lema, &#8216;O Porta-Estandarte da Juventude Africana&#8217;, reflete nosso compromisso em destacar hist\u00f3rias, desafios e conquistas, promovendo um jornalismo que empodera, conscientiza e impulsiona o futuro do continente.<\/p>\t\t\t\t\t\t\t\t<\/div>\n\t\t\t\t<\/div>\n\t\t<div class=\"elementor-element elementor-element-81f72bb e-grid e-con-boxed e-con e-parent\" data-id=\"81f72bb\" data-element_type=\"container\">\n\t\t\t\t\t<div class=\"e-con-inner\">\n\t\t\t\t<div class=\"elementor-element elementor-element-85f12ad elementor-widget elementor-widget-text-editor\" data-id=\"85f12ad\" data-element_type=\"widget\" data-widget_type=\"text-editor.default\">\n\t\t\t\t<div class=\"elementor-widget-container\">\n\t\t\t\t\t\t\t\t\t<p><b>Objetivo<\/b><br \/>Nossa ag\u00eancia de not\u00edcias se dedica a informar, inspirar e conectar a juventude africana com o mundo. Produzimos not\u00edcias em tempo real, reportagens especiais, entrevistas exclusivas e an\u00e1lises aprofundadas sobre temas pol\u00edticos, sociais, culturais e econ\u00f4micos. Al\u00e9m disso, utilizamos m\u00faltiplas plataformas para garantir que a informa\u00e7\u00e3o chegue com impacto e credibilidade ao nosso p\u00fablico.<\/p><p>.<\/p>\t\t\t\t\t\t\t\t<\/div>\n\t\t\t\t<\/div>\n\t\t\t\t<div class=\"elementor-element elementor-element-7f317a7 elementor-widget elementor-widget-text-editor\" data-id=\"7f317a7\" data-element_type=\"widget\" data-widget_type=\"text-editor.default\">\n\t\t\t\t<div class=\"elementor-widget-container\">\n\t\t\t\t\t\t\t\t\t<p><strong>Miss\u00e3o<\/strong> <br \/>Nossa miss\u00e3o \u00e9 ser a plataforma de refer\u00eancia para a juventude africana, proporcionando um jornalismo aut\u00eantico, respons\u00e1vel e inovador. Buscamos amplificar vozes, destacar hist\u00f3rias inspiradoras e contribuir para a constru\u00e7\u00e3o de um continente mais informado, engajado e pr\u00f3spero.<\/p>\t\t\t\t\t\t\t\t<\/div>\n\t\t\t\t<\/div>\n\t\t\t\t\t<\/div>\n\t\t\t\t<\/div>\n\t\t\t\t\t<\/div>\n\t\t<\/div>\n\t\t\t\t\t<\/div>\n\t\t<\/section>\n\t\t\t\t<section class=\"elementor-section elementor-top-section elementor-element elementor-element-f157f82 elementor-section-content-middle elementor-section-stretched elementor-section-boxed elementor-section-height-default elementor-section-height-default\" data-id=\"f157f82\" data-element_type=\"section\" data-settings=\"{&quot;background_background&quot;:&quot;classic&quot;,&quot;stretch_section&quot;:&quot;section-stretched&quot;}\">\n\t\t\t\t\t\t<div class=\"elementor-container elementor-column-gap-extended\">\n\t\t\t\t\t<div class=\"elementor-column elementor-col-66 elementor-top-column elementor-element elementor-element-84753ed\" data-id=\"84753ed\" data-element_type=\"column\" data-settings=\"{&quot;background_background&quot;:&quot;classic&quot;}\">\n\t\t\t<div class=\"elementor-widget-wrap elementor-element-populated\">\n\t\t\t\t\t\t<section class=\"elementor-section elementor-inner-section elementor-element elementor-element-a959429 elementor-section-boxed elementor-section-height-default elementor-section-height-default\" data-id=\"a959429\" data-element_type=\"section\" data-settings=\"{&quot;background_background&quot;:&quot;classic&quot;}\">\n\t\t\t\t\t\t<div class=\"elementor-container elementor-column-gap-no\">\n\t\t\t\t\t<div class=\"elementor-column elementor-col-100 elementor-inner-column elementor-element elementor-element-5a1a3e6\" data-id=\"5a1a3e6\" data-element_type=\"column\">\n\t\t\t<div class=\"elementor-widget-wrap elementor-element-populated\">\n\t\t\t\t\t\t<div class=\"elementor-element elementor-element-4a3f83b elementor-widget elementor-widget-shortcode\" data-id=\"4a3f83b\" data-element_type=\"widget\" data-widget_type=\"shortcode.default\">\n\t\t\t\t<div class=\"elementor-widget-container\">\n\t\t\t\t\t\t\t<div class=\"elementor-shortcode\">\n<div class=\"wpcf7 no-js\" id=\"wpcf7-f99-o1\" lang=\"en-US\" dir=\"ltr\" data-wpcf7-id=\"99\">\n<div class=\"screen-reader-response\"><p role=\"status\" aria-live=\"polite\" aria-atomic=\"true\"><\/p> <ul><\/ul><\/div>\n<form action=\"\/voja\/wp-json\/wp\/v2\/pages\/24#wpcf7-f99-o1\" method=\"post\" class=\"wpcf7-form init\" aria-label=\"Contact form\" novalidate=\"novalidate\" data-status=\"init\">\n<fieldset class=\"hidden-fields-container\"><input type=\"hidden\" name=\"_wpcf7\" value=\"99\" \/><input type=\"hidden\" name=\"_wpcf7_version\" value=\"6.1.3\" \/><input type=\"hidden\" name=\"_wpcf7_locale\" value=\"en_US\" \/><input type=\"hidden\" name=\"_wpcf7_unit_tag\" value=\"wpcf7-f99-o1\" \/><input type=\"hidden\" name=\"_wpcf7_container_post\" value=\"0\" \/><input type=\"hidden\" name=\"_wpcf7_posted_data_hash\" value=\"\" \/>\n<\/fieldset>\n<div class=\"section-title d-block\">\n\t<h2 class=\"h3 axil-title m-b-xs-20\">Envie uma mensagem\n\t<\/h2>\n<\/div>\n<div class=\"axil-contact-form-wrapper axil-contact-form row no-gutters\">\n\t<div class=\"form-group col-12\">\n\t\t<p><label for=\"name\">Nome<\/label><span class=\"wpcf7-form-control-wrap\" data-name=\"text-34\"><input size=\"40\" maxlength=\"400\" class=\"wpcf7-form-control wpcf7-text wpcf7-validates-as-required\" id=\"Name\" aria-required=\"true\" aria-invalid=\"false\" value=\"\" type=\"text\" name=\"text-34\" \/><\/span>\n\t\t<\/p>\n\t<\/div>\n\t<div class=\"form-group col-12\">\n\t\t<p><label for=\"phone\">Telefone<\/label><span class=\"wpcf7-form-control-wrap\" data-name=\"tel-659\"><input size=\"40\" maxlength=\"400\" class=\"wpcf7-form-control wpcf7-tel wpcf7-text wpcf7-validates-as-tel\" id=\"phone\" aria-invalid=\"false\" value=\"\" type=\"tel\" name=\"tel-659\" \/><\/span>\n\t\t<\/p>\n\t<\/div>\n\t<div class=\"form-group col-12\">\n\t\t<p><label for=\"email\">E-mail<\/label><span class=\"wpcf7-form-control-wrap\" data-name=\"email-593\"><input size=\"40\" maxlength=\"400\" class=\"wpcf7-form-control wpcf7-email wpcf7-validates-as-required wpcf7-text wpcf7-validates-as-email\" id=\"email\" aria-required=\"true\" aria-invalid=\"false\" value=\"\" type=\"email\" name=\"email-593\" \/><\/span>\n\t\t<\/p>\n\t<\/div>\n\t<div class=\"form-group col-12\">\n\t\t<p><label for=\"message\">Mensagem<\/label><span class=\"wpcf7-form-control-wrap\" data-name=\"textarea-766\"><textarea cols=\"40\" rows=\"5\" maxlength=\"2000\" class=\"wpcf7-form-control wpcf7-textarea\" id=\"message\" aria-invalid=\"false\" name=\"textarea-766\"><\/textarea><\/span>\n\t\t<\/p>\n\t<\/div>\n\t<div class=\"col-12\">\n\t\t<p><button class=\"btn btn-primary m-t-xs-0 m-t-lg-20\">ENVIAR<\/button>\n\t\t<\/p>\n\t<\/div>\n<\/div><div class=\"wpcf7-response-output\" aria-hidden=\"true\"><\/div>\n<\/form>\n<\/div>\n<\/div>\n\t\t\t\t\t\t<\/div>\n\t\t\t\t<\/div>\n\t\t\t\t\t<\/div>\n\t\t<\/div>\n\t\t\t\t\t<\/div>\n\t\t<\/section>\n\t\t\t\t\t<\/div>\n\t\t<\/div>\n\t\t\t\t<div class=\"elementor-column elementor-col-33 elementor-top-column elementor-element elementor-element-6511f0b\" data-id=\"6511f0b\" data-element_type=\"column\">\n\t\t\t<div class=\"elementor-widget-wrap elementor-element-populated\">\n\t\t\t\t\t\t<section class=\"elementor-section elementor-inner-section elementor-element elementor-element-e7f2572 elementor-section-boxed elementor-section-height-default elementor-section-height-default\" data-id=\"e7f2572\" data-element_type=\"section\">\n\t\t\t\t\t\t<div class=\"elementor-container elementor-column-gap-no\">\n\t\t\t\t\t<div class=\"elementor-column elementor-col-100 elementor-inner-column elementor-element elementor-element-6772488\" data-id=\"6772488\" data-element_type=\"column\">\n\t\t\t<div class=\"elementor-widget-wrap elementor-element-populated\">\n\t\t\t\t\t\t<div class=\"elementor-element elementor-element-1a7a7bb elementor-widget elementor-widget-papr-contact-info\" data-id=\"1a7a7bb\" data-element_type=\"widget\" data-widget_type=\"papr-contact-info.default\">\n\t\t\t\t<div class=\"elementor-widget-container\">\n\t\t\t\t\t<div class=\"axil-contact-info-wrapper p-l-lg-45 m-b-xs-30\">\n    <div class=\"axil-contact-info-inner\">\n                <h2 class=\"h4 m-b-xs-10\"> Informa\u00e7\u00f5es de contacto <\/h2>\n                <div class=\"axil-contact-info\">\n            <address class=\"address\">\n                                    <p class=\"m-b-xs-30 mid grey-dark-three\">Bairro Sap\u00fa 2, Luanda, Angola<\/p>\n                                                        <h3 class=\"h5\"> Estamos dispon\u00edveis para s\u00ed: <\/h3>\n                                                    <div>\n                        <a class=\"tel\" href=\"tel:(+244) 923-287-480\"><i class=\"fas fa-phone\"><\/i>(+244) 923-287-480<\/a>\n                    <\/div>\n                                                                        <div>\n                        <a class=\"tel\" href=\"mailto:info@voja24.com\"><i class=\"fas fa-envelope\"><\/i>info@voja24.com<\/a>\n                    <\/div>\n                                <\/address>\n            <!-- End of address -->\n                            <div class=\"contact-social-share m-t-xs-30\">\n                                            <div class=\"axil-social-title h5\">  Siga-nos:  <\/div>\n                                        <ul class=\"social-share social-share__with-bg\">\n                                                    <li><a href=\"https:\/\/www.facebook.com\"  target=\"_blank\"><i class=\"fab fa-facebook-f\"><\/i><\/a><\/li>\n                                                    <li><a href=\"https:\/\/www.twitter.com\"  target=\"_blank\"><i class=\"fab fa-x-twitter\"><\/i><\/a><\/li>\n                                                    <li><a href=\"https:\/\/www.youtube.com\"  target=\"_blank\"><i class=\"fab fa-youtube\"><\/i><\/a><\/li>\n                                            <\/ul>\n                <\/div>\n                        <!-- End of .contact-shsdf -->\n        <\/div>\n        <!-- End of .axil-contact-info -->\n    <\/div>\n    <!-- End of .axil-contact-info-inner -->\n<\/div>\n<!-- End of .axil-contact-info-wrapper -->\n\t\t\t\t<\/div>\n\t\t\t\t<\/div>\n\t\t\t\t\t<\/div>\n\t\t<\/div>\n\t\t\t\t\t<\/div>\n\t\t<\/section>\n\t\t\t\t\t<\/div>\n\t\t<\/div>\n\t\t\t\t\t<\/div>\n\t\t<\/section>\n\t\t\t\t<section class=\"elementor-section elementor-top-section elementor-element elementor-element-df9d3a8 elementor-section-boxed elementor-section-height-default elementor-section-height-default\" data-id=\"df9d3a8\" data-element_type=\"section\">\n\t\t\t\t\t\t<div class=\"elementor-container elementor-column-gap-extended\">\n\t\t\t\t\t<div class=\"elementor-column elementor-col-100 elementor-top-column elementor-element elementor-element-7e4e3a5\" data-id=\"7e4e3a5\" data-element_type=\"column\">\n\t\t\t<div class=\"elementor-widget-wrap elementor-element-populated\">\n\t\t\t\t\t\t<div class=\"elementor-element elementor-element-9988904 elementor-widget elementor-widget-spacer\" data-id=\"9988904\" data-element_type=\"widget\" data-widget_type=\"spacer.default\">\n\t\t\t\t<div class=\"elementor-widget-container\">\n\t\t\t\t\t\t\t<div class=\"elementor-spacer\">\n\t\t\t<div class=\"elementor-spacer-inner\"><\/div>\n\t\t<\/div>\n\t\t\t\t\t\t<\/div>\n\t\t\t\t<\/div>\n\t\t\t\t\t<\/div>\n\t\t<\/div>\n\t\t\t\t\t<\/div>\n\t\t<\/section>\n\t\t\t\t<\/div>\n\t\t","protected":false},"excerpt":{"rendered":"<p>SOBRE N\u00d3S Mais do que uma ag\u00eancia de not\u00edcias, somos uma plataforma de voz e representa\u00e7\u00e3o para a juventude africana. Nosso lema, &#8216;O Porta-Estandarte da<\/p>\n","protected":false},"author":1,"featured_media":0,"parent":0,"menu_order":0,"comment_status":"closed","ping_status":"closed","template":"elementor_header_footer","meta":{"footnotes":""},"class_list":["post-24","page","type-page","status-publish","hentry"],"_links":{"self":[{"href":"https:\/\/akweno.ao\/voja\/wp-json\/wp\/v2\/pages\/24","targetHints":{"allow":["GET"]}}],"collection":[{"href":"https:\/\/akweno.ao\/voja\/wp-json\/wp\/v2\/pages"}],"about":[{"href":"https:\/\/akweno.ao\/voja\/wp-json\/wp\/v2\/types\/page"}],"author":[{"embeddable":true,"href":"https:\/\/akweno.ao\/voja\/wp-json\/wp\/v2\/users\/1"}],"replies":[{"embeddable":true,"href":"https:\/\/akweno.ao\/voja\/wp-json\/wp\/v2\/comments?post=24"}],"version-history":[{"count":49,"href":"https:\/\/akweno.ao\/voja\/wp-json\/wp\/v2\/pages\/24\/revisions"}],"predecessor-version":[{"id":3655,"href":"https:\/\/akweno.ao\/voja\/wp-json\/wp\/v2\/pages\/24\/revisions\/3655"}],"wp:attachment":[{"href":"https:\/\/akweno.ao\/voja\/wp-json\/wp\/v2\/media?parent=24"}],"curies":[{"name":"wp","href":"https:\/\/api.w.org\/{rel}","templated":true}]}}