{"id":20,"date":"2025-04-12T08:10:30","date_gmt":"2025-04-12T08:10:30","guid":{"rendered":"http:\/\/axilthemes.com\/themes\/axilnews\/?page_id=20"},"modified":"2025-04-14T11:09:23","modified_gmt":"2025-04-14T11:09:23","slug":"ficha-tecnica","status":"publish","type":"page","link":"https:\/\/akweno.ao\/voja\/ficha-tecnica\/","title":{"rendered":"Ficha T\u00e9cnica"},"content":{"rendered":"\t\t<div data-elementor-type=\"wp-post\" data-elementor-id=\"20\" class=\"elementor elementor-20\">\n\t\t\t\t\t\t<section class=\"elementor-section elementor-top-section elementor-element elementor-element-aec4a64 elementor-section-boxed elementor-section-height-default elementor-section-height-default\" data-id=\"aec4a64\" data-element_type=\"section\">\n\t\t\t\t\t\t<div class=\"elementor-container elementor-column-gap-extended\">\n\t\t\t\t\t<div class=\"elementor-column elementor-col-100 elementor-top-column elementor-element elementor-element-186b742\" data-id=\"186b742\" data-element_type=\"column\">\n\t\t\t<div class=\"elementor-widget-wrap elementor-element-populated\">\n\t\t\t\t\t\t<div class=\"elementor-element elementor-element-4d164f9 elementor-widget elementor-widget-spacer\" data-id=\"4d164f9\" data-element_type=\"widget\" data-widget_type=\"spacer.default\">\n\t\t\t\t<div class=\"elementor-widget-container\">\n\t\t\t\t\t\t\t<div class=\"elementor-spacer\">\n\t\t\t<div class=\"elementor-spacer-inner\"><\/div>\n\t\t<\/div>\n\t\t\t\t\t\t<\/div>\n\t\t\t\t<\/div>\n\t\t\t\t\t<\/div>\n\t\t<\/div>\n\t\t\t\t\t<\/div>\n\t\t<\/section>\n\t\t\t\t<section class=\"elementor-section elementor-top-section elementor-element elementor-element-5fa80ea elementor-section-boxed elementor-section-height-default elementor-section-height-default\" data-id=\"5fa80ea\" data-element_type=\"section\">\n\t\t\t\t\t\t<div class=\"elementor-container elementor-column-gap-extended\">\n\t\t\t\t\t<div class=\"elementor-column elementor-col-66 elementor-top-column elementor-element elementor-element-28902b8\" data-id=\"28902b8\" data-element_type=\"column\">\n\t\t\t<div class=\"elementor-widget-wrap elementor-element-populated\">\n\t\t\t\t\t\t<div class=\"elementor-element elementor-element-8b3e8c1 elementor-widget elementor-widget-spacer\" data-id=\"8b3e8c1\" data-element_type=\"widget\" data-widget_type=\"spacer.default\">\n\t\t\t\t<div class=\"elementor-widget-container\">\n\t\t\t\t\t\t\t<div class=\"elementor-spacer\">\n\t\t\t<div class=\"elementor-spacer-inner\"><\/div>\n\t\t<\/div>\n\t\t\t\t\t\t<\/div>\n\t\t\t\t<\/div>\n\t\t\t\t<div class=\"elementor-element elementor-element-4c3b1ca elementor-widget elementor-widget-text-editor\" data-id=\"4c3b1ca\" data-element_type=\"widget\" data-widget_type=\"text-editor.default\">\n\t\t\t\t<div class=\"elementor-widget-container\">\n\t\t\t\t\t\t\t\t\t<p><strong>Propriet\u00e1rio e editor<\/strong>: SEMPA VOJA Presta\u00e7\u00e3o de Servi\u00e7os e Com\u00e9rcio Geral &#8211; Luanda, Angola.<\/p><ul><li><strong>Chefe de Reda\u00e7\u00e3o<\/strong>: Valeriano da Fonseca<\/li><li><strong>Editor Executivo<\/strong>: Sempa Sebasti\u00e3o<\/li><li><strong>Reda\u00e7\u00e3o<\/strong> : Fuila Lukoba Myriam<\/li><li><strong>Coordenador \/ A<\/strong>: Kunga Ntoya Hugor<\/li><li><strong>Coordenadora\/ B<\/strong>: Manegoue Gisele<\/li><\/ul>\t\t\t\t\t\t\t\t<\/div>\n\t\t\t\t<\/div>\n\t\t\t\t\t<\/div>\n\t\t<\/div>\n\t\t\t\t<div class=\"elementor-column elementor-col-33 elementor-top-column elementor-element elementor-element-23e7b12\" data-id=\"23e7b12\" data-element_type=\"column\" data-settings=\"{&quot;background_background&quot;:&quot;classic&quot;}\">\n\t\t\t<div class=\"elementor-widget-wrap elementor-element-populated\">\n\t\t\t\t\t\t<div class=\"elementor-element elementor-element-f731a50 elementor-widget elementor-widget-spacer\" data-id=\"f731a50\" data-element_type=\"widget\" data-widget_type=\"spacer.default\">\n\t\t\t\t<div class=\"elementor-widget-container\">\n\t\t\t\t\t\t\t<div class=\"elementor-spacer\">\n\t\t\t<div class=\"elementor-spacer-inner\"><\/div>\n\t\t<\/div>\n\t\t\t\t\t\t<\/div>\n\t\t\t\t<\/div>\n\t\t\t\t<div class=\"elementor-element elementor-element-d0aa264 elementor-widget elementor-widget-heading\" data-id=\"d0aa264\" data-element_type=\"widget\" data-widget_type=\"heading.default\">\n\t\t\t\t<div class=\"elementor-widget-container\">\n\t\t\t\t\t<h4 class=\"elementor-heading-title elementor-size-default\">\u00daltimas Not\u00edcias<\/h4>\t\t\t\t<\/div>\n\t\t\t\t<\/div>\n\t\t\t\t<div class=\"elementor-element elementor-element-20c548d elementor-widget__width-initial elementor-widget elementor-widget-sidebar\" data-id=\"20c548d\" data-element_type=\"widget\" data-widget_type=\"sidebar.default\">\n\t\t\t\t<div class=\"elementor-widget-container\">\n\t\t\t\t\t<aside id=\"block-9\" class=\"widget-sidebar widget widget_block widget_recent_entries widgets-sidebar\"><ul class=\"wp-block-latest-posts__list wp-block-latest-posts\"><li><a class=\"wp-block-latest-posts__post-title\" href=\"https:\/\/akweno.ao\/voja\/2025\/04\/16\/senegal-deputado-propoe-acusacoes-de-alta-traicao-contra-ex-presidente-macky-sall\/\">Senegal: Deputado Prop\u00f5e Acusa\u00e7\u00f5es de Alta Trai\u00e7\u00e3o Contra Ex-Presidente Macky Sall<\/a><\/li>\n<li><a class=\"wp-block-latest-posts__post-title\" href=\"https:\/\/akweno.ao\/voja\/2025\/04\/16\/mocambique-terroristas-incendeiam-igrejas-e-deixam-centenas-desabrigados\/\">Mo\u00e7ambique: Terroristas incendeiam igrejas e deixam centenas desabrigados<\/a><\/li>\n<li><a class=\"wp-block-latest-posts__post-title\" href=\"https:\/\/akweno.ao\/voja\/2025\/04\/16\/bna-lanca-consulta-publica-sobre-estrategia-nacional-de-inclusao-financeira-com-foco-na-expansao-digital\/\">BNA Lan\u00e7a Consulta P\u00fablica sobre Estrat\u00e9gia Nacional de Inclus\u00e3o Financeira com Foco na Expans\u00e3o Digital<\/a><\/li>\n<li><a class=\"wp-block-latest-posts__post-title\" href=\"https:\/\/akweno.ao\/voja\/2025\/04\/15\/joao-lourenco-felicita-candidato-vencedor-das-eleicoes-presidenciais-no-gabao\/\">Jo\u00e3o Louren\u00e7o felicita candidato vencedor das elei\u00e7\u00f5es presidenciais no Gab\u00e3o<\/a><\/li>\n<li><a class=\"wp-block-latest-posts__post-title\" href=\"https:\/\/akweno.ao\/voja\/2025\/04\/15\/pedro-goncalves-mantem-se-no-comando-dos-palancas-negras-diz-faf\/\">Pedro Gon\u00e7alves mant\u00e9m-se no comando dos Palancas Negras, diz FAF<\/a><\/li>\n<\/ul><\/aside>\t\t\t\t<\/div>\n\t\t\t\t<\/div>\n\t\t\t\t<div class=\"elementor-element elementor-element-0654205 elementor-widget elementor-widget-spacer\" data-id=\"0654205\" data-element_type=\"widget\" data-widget_type=\"spacer.default\">\n\t\t\t\t<div class=\"elementor-widget-container\">\n\t\t\t\t\t\t\t<div class=\"elementor-spacer\">\n\t\t\t<div class=\"elementor-spacer-inner\"><\/div>\n\t\t<\/div>\n\t\t\t\t\t\t<\/div>\n\t\t\t\t<\/div>\n\t\t\t\t\t<\/div>\n\t\t<\/div>\n\t\t\t\t\t<\/div>\n\t\t<\/section>\n\t\t<div class=\"elementor-element elementor-element-08b1f39 e-flex e-con-boxed e-con e-parent\" data-id=\"08b1f39\" data-element_type=\"container\">\n\t\t\t\t\t<div class=\"e-con-inner\">\n\t\t\t\t<div class=\"elementor-element elementor-element-bcd10c0 elementor-widget elementor-widget-spacer\" data-id=\"bcd10c0\" data-element_type=\"widget\" data-widget_type=\"spacer.default\">\n\t\t\t\t<div class=\"elementor-widget-container\">\n\t\t\t\t\t\t\t<div class=\"elementor-spacer\">\n\t\t\t<div class=\"elementor-spacer-inner\"><\/div>\n\t\t<\/div>\n\t\t\t\t\t\t<\/div>\n\t\t\t\t<\/div>\n\t\t\t\t\t<\/div>\n\t\t\t\t<\/div>\n\t\t\t\t<\/div>\n\t\t","protected":false},"excerpt":{"rendered":"<p>Propriet\u00e1rio e editor: SEMPA VOJA Presta\u00e7\u00e3o de Servi\u00e7os e Com\u00e9rcio Geral &#8211; Luanda, Angola. Chefe de Reda\u00e7\u00e3o: Valeriano da Fonseca Editor Executivo: Sempa Sebasti\u00e3o Reda\u00e7\u00e3o<\/p>\n","protected":false},"author":1,"featured_media":0,"parent":0,"menu_order":0,"comment_status":"closed","ping_status":"closed","template":"elementor_header_footer","meta":{"footnotes":""},"class_list":["post-20","page","type-page","status-publish","hentry"],"_links":{"self":[{"href":"https:\/\/akweno.ao\/voja\/wp-json\/wp\/v2\/pages\/20","targetHints":{"allow":["GET"]}}],"collection":[{"href":"https:\/\/akweno.ao\/voja\/wp-json\/wp\/v2\/pages"}],"about":[{"href":"https:\/\/akweno.ao\/voja\/wp-json\/wp\/v2\/types\/page"}],"author":[{"embeddable":true,"href":"https:\/\/akweno.ao\/voja\/wp-json\/wp\/v2\/users\/1"}],"replies":[{"embeddable":true,"href":"https:\/\/akweno.ao\/voja\/wp-json\/wp\/v2\/comments?post=20"}],"version-history":[{"count":65,"href":"https:\/\/akweno.ao\/voja\/wp-json\/wp\/v2\/pages\/20\/revisions"}],"predecessor-version":[{"id":3869,"href":"https:\/\/akweno.ao\/voja\/wp-json\/wp\/v2\/pages\/20\/revisions\/3869"}],"wp:attachment":[{"href":"https:\/\/akweno.ao\/voja\/wp-json\/wp\/v2\/media?parent=20"}],"curies":[{"name":"wp","href":"https:\/\/api.w.org\/{rel}","templated":true}]}}