{"id":342,"date":"2024-02-24T22:06:00","date_gmt":"2024-02-24T22:06:00","guid":{"rendered":"https:\/\/akweno.ao\/ulitteragris\/?page_id=342"},"modified":"2024-02-25T14:25:09","modified_gmt":"2024-02-25T14:25:09","slug":"videosll","status":"publish","type":"page","link":"https:\/\/akweno.ao\/ulitteragris\/videosll\/","title":{"rendered":"Videos"},"content":{"rendered":"<div class=\"wpb-content-wrapper\"><p>[vc_row][vc_column][vc_empty_space height=&#8221;100px&#8221;][\/vc_column][\/vc_row][vc_row][vc_column][vc_column_text]<!-- vgwt_print_responsive_video_slider_with_thumbnail_func --><div id=\"divSliderMain_admin_gallery_slider69d5f2ecbabb5\" style=\"max-width:1500px;\">\n        <ul id=\"gallery_slider69d5f2ecbabb5\" style=\"visibility: hidden\">\n                     \n                                    <li><img data-poster=\"https:\/\/akweno.ao\/ulitteragris\/wp-content\/uploads\/video-slider-with-thumbnails\/vid_65db49910f573.jpg\"  data-vurl=\"\/\/www.youtube.com\/embed\/W5PqZIfU8Ik?v=W5PqZIfU8Ik\"   data-vtype='youtube'  data-media=\"video\" data-target=\"1\"  data-href=\"\"  src-org=\"https:\/\/akweno.ao\/ulitteragris\/wp-content\/uploads\/video-slider-with-thumbnails\/vid_65db49910f573.jpg\"   title=\"O Movimento Liter\u00e1rio Litteragris\"    data-description=\"\"   data-description=\"\"  \/><\/li> \n\n                                             \n                                    <li><img data-poster=\"https:\/\/akweno.ao\/ulitteragris\/wp-content\/uploads\/video-slider-with-thumbnails\/vid_65db49baa4588.jpg\"  data-vurl=\"\/\/www.youtube.com\/embed\/EL8FBeHJ6ec?v=EL8FBeHJ6ec\"   data-vtype='youtube'  data-media=\"video\" data-target=\"1\"  data-href=\"\"  src-org=\"https:\/\/akweno.ao\/ulitteragris\/wp-content\/uploads\/video-slider-with-thumbnails\/vid_65db49baa4588.jpg\"   title=\"O Litteragris E A Ascens\u00e3o Da Realidade Social Angolana\"    data-description=\"\"   data-description=\"\"  \/><\/li> \n\n                                             \n                                    <li><img data-poster=\"https:\/\/akweno.ao\/ulitteragris\/wp-content\/uploads\/video-slider-with-thumbnails\/vid_65db4b4d38928.jpg\"  data-vurl=\"\/\/www.youtube.com\/embed\/u_v-EF35zP4?app=desktop&v=u_v-EF35zP4\"   data-vtype='youtube'  data-media=\"video\" data-target=\"1\"  data-href=\"\"  src-org=\"https:\/\/akweno.ao\/ulitteragris\/wp-content\/uploads\/video-slider-with-thumbnails\/vid_65db4b4d38928.jpg\"   title=\"Litteragris enfrentando a Cr\u00edtica da Universidade Cat\u00f3lica - Introdu\u00e7\u00e3o\"    data-description=\"\"   data-description=\"\"  \/><\/li> \n\n                                             \n                                    <li><img data-poster=\"https:\/\/akweno.ao\/ulitteragris\/wp-content\/uploads\/video-slider-with-thumbnails\/vid_65db4b7288e5e.jpg\"  data-vurl=\"\/\/www.youtube.com\/embed\/kaWokDKg0Ng?v=kaWokDKg0Ng&t=749s\"   data-vtype='youtube'  data-media=\"video\" data-target=\"1\"  data-href=\"\"  src-org=\"https:\/\/akweno.ao\/ulitteragris\/wp-content\/uploads\/video-slider-with-thumbnails\/vid_65db4b7288e5e.jpg\"   title=\"Litteragris enfrentando a Cr\u00edtica Liter\u00e1ria da Universidade Cat\u00f3lica\"    data-description=\"\"   data-description=\"\"  \/><\/li> \n\n                                             \n                                    <li><img data-poster=\"https:\/\/akweno.ao\/ulitteragris\/wp-content\/uploads\/video-slider-with-thumbnails\/vid_65db521fe3e27.jpg\"  data-vurl=\"\/\/www.youtube.com\/embed\/KjjyhXPRQOk?v=KjjyhXPRQOk\"   data-vtype='youtube'  data-media=\"video\" data-target=\"1\"  data-href=\"\"  src-org=\"https:\/\/akweno.ao\/ulitteragris\/wp-content\/uploads\/video-slider-with-thumbnails\/vid_65db521fe3e27.jpg\"   title=\"Cr\u00edtica Ao Evangelho Bantu, De Kalunga, Jo\u00e3o Fernando Andr\u00e9\"    data-description=\"\"   data-description=\"\"  \/><\/li> \n\n                                             \n                                    <li><img data-poster=\"https:\/\/akweno.ao\/ulitteragris\/wp-content\/uploads\/video-slider-with-thumbnails\/vid_65db523d452cb.jpg\"  data-vurl=\"\/\/www.youtube.com\/embed\/cEs5ugycsfk?app=desktop&v=cEs5ugycsfk\"   data-vtype='youtube'  data-media=\"video\" data-target=\"1\"  data-href=\"\"  src-org=\"https:\/\/akweno.ao\/ulitteragris\/wp-content\/uploads\/video-slider-with-thumbnails\/vid_65db523d452cb.jpg\"   title=\"Ensino da Literatura em Angola e no Brasil\"    data-description=\"\"   data-description=\"\"  \/><\/li> \n\n                                             \n                                    <li><img data-poster=\"https:\/\/akweno.ao\/ulitteragris\/wp-content\/uploads\/video-slider-with-thumbnails\/vid_65db526bf1b81.jpg\"  data-vurl=\"\/\/www.youtube.com\/embed\/mx4a2bAYH1s?v=mx4a2bAYH1s\"   data-vtype='youtube'  data-media=\"video\" data-target=\"1\"  data-href=\"\"  src-org=\"https:\/\/akweno.ao\/ulitteragris\/wp-content\/uploads\/video-slider-with-thumbnails\/vid_65db526bf1b81.jpg\"   title=\"Problematica Do C\u00e2none Na Literatura Angolana\"    data-description=\"\"   data-description=\"\"  \/><\/li> \n\n                                             \n                                    <li><img data-poster=\"https:\/\/akweno.ao\/ulitteragris\/wp-content\/uploads\/video-slider-with-thumbnails\/vid_65db528fe42ff.jpg\"  data-vurl=\"\/\/www.youtube.com\/embed\/PYfrC9IgsLE?v=PYfrC9IgsLE&t=33s\"   data-vtype='youtube'  data-media=\"video\" data-target=\"1\"  data-href=\"\"  src-org=\"https:\/\/akweno.ao\/ulitteragris\/wp-content\/uploads\/video-slider-with-thumbnails\/vid_65db528fe42ff.jpg\"   title=\"Sobre o curso de Teoria da Literatura\"    data-description=\"\"   data-description=\"\"  \/><\/li> \n\n                                             \n                                    <li><img data-poster=\"https:\/\/akweno.ao\/ulitteragris\/wp-content\/uploads\/video-slider-with-thumbnails\/vid_65db52a9b6811.jpg\"  data-vurl=\"\/\/www.youtube.com\/embed\/oA1dNWd8_yg?v=oA1dNWd8_yg\"   data-vtype='youtube'  data-media=\"video\" data-target=\"1\"  data-href=\"\"  src-org=\"https:\/\/akweno.ao\/ulitteragris\/wp-content\/uploads\/video-slider-with-thumbnails\/vid_65db52a9b6811.jpg\"   title=\"Destino Ventura Interpretando Pepetela\"    data-description=\"\"   data-description=\"\"  \/><\/li> \n\n                                             \n                                    <li><img data-poster=\"https:\/\/akweno.ao\/ulitteragris\/wp-content\/uploads\/video-slider-with-thumbnails\/vid_65db52c97d177.jpg\"  data-vurl=\"\/\/www.youtube.com\/embed\/mdGrVaDtw78?v=mdGrVaDtw78\"   data-vtype='youtube'  data-media=\"video\" data-target=\"1\"  data-href=\"\"  src-org=\"https:\/\/akweno.ao\/ulitteragris\/wp-content\/uploads\/video-slider-with-thumbnails\/vid_65db52c97d177.jpg\"   title=\"Fernando Kanfunda ,interpretando \u00abEstranhos P\u00e1ssaros de Asas Abertas\u00bb\"    data-description=\"\"   data-description=\"\"  \/><\/li> \n\n                                      \n\n                       \n        <\/ul>\n    <\/div>\n    <script type=\"text\/javascript\">\n\n                    \n                    var interval_69d5f2ecbb0d3 = setInterval(function() {\n\n                    if(document.readyState === 'complete') {\n\n                       clearInterval(interval_69d5f2ecbb0d3);\n                       \n                         \/\/jQuery(document).ready(function() {\n                       jQuery(\"#gallery_slider69d5f2ecbabb5\").css('visibility','visible');  \n\n                     \n                    var galleryItems1099;\n                    jQuery(function(){\n                            galleryItems1099 = jQuery(\"#gallery_slider69d5f2ecbabb5\");\n\n                            var galleryItemDivs = jQuery('#divSliderMain_admin_gallery_slider69d5f2ecbabb5');\n\n                            galleryItems1099.each(function (index, item){\n                                    item.parent_data = jQuery(item).parent(\"#divSliderMain_admin_gallery_slider69d5f2ecbabb5\");\n                            });\n\n                            \n                            galleryItemDivs.each(function(index, item){\n\n                                    jQuery(\"ul\",this).galleryViewV({\n\n                                            transition_speed:1000,         \/\/INT - duration of panel\/frame transition (in milliseconds)\n                                            transition_interval:4000,         \/\/INT - delay between panel\/frame transitions (in milliseconds)\n                                            easing:'swing',                 \/\/STRING - easing method to use for animations (jQuery provides 'swing' or 'linear', more available with jQuery UI or Easing plugin)\n                                            show_panels:'true',\n                                            show_panel_nav:false,             \/\/BOOLEAN - flag to show or hide panel navigation buttons\n                                            enable_overlays:false,             \/\/BOOLEAN - flag to show or hide panel overlays\n                                            show_overlays:false,             \/\/BOOLEAN - flag to show or hide frame captions    \n                                            panel_width:1500,                 \/\/INT - width of gallery panel (in pixels)\n                                            panel_height:450,                 \/\/INT - height of gallery panel (in pixels)\n                                            panel_animation:'fade',         \/\/STRING - animation method for panel transitions (crossfade,fade,slide,none)\n                                            panel_scale: 'fit',             \/\/STRING - cropping option for panel images (crop = scale image and fit to aspect ratio determined by panel_width and panel_height, fit = scale image and preserve original aspect ratio)\n                                            overlay_position:'bottom',     \/\/STRING - position of panel overlay (bottom, top)\n                                            pan_images:'false',                \/\/BOOLEAN - flag to allow user to grab\/drag oversized images within gallery\n                                            pan_style:'drag',                \/\/STRING - panning method (drag = user clicks and drags image to pan, track = image automatically pans based on mouse position\n                                            start_frame:'1',                 \/\/INT - index of panel\/frame to show first when gallery loads\n                                            show_filmstrip:true,             \/\/BOOLEAN - flag to show or hide filmstrip portion of gallery\n                                            show_filmstrip_nav:true,         \/\/BOOLEAN - flag indicating whether to display navigation buttons\n                                            enable_slideshow:false,            \/\/BOOLEAN - flag indicating whether to display slideshow play\/pause button\n                                            autoplay:false,                \/\/BOOLEAN - flag to start slideshow on gallery load\n                                            show_captions:false,             \/\/BOOLEAN - flag to show or hide frame captions                                                                       \n                                            filmstrip_style: 'scroll',         \/\/STRING - type of filmstrip to use (scroll = display one line of frames, scroll filmstrip if necessary, showall = display multiple rows of frames if necessary)\n                                            filmstrip_position:'bottom',     \/\/STRING - position of filmstrip within gallery (bottom, top, left, right)\n                                            frame_width:90,                 \/\/INT - width of filmstrip frames (in pixels)\n                                            frame_height:90,                 \/\/INT - width of filmstrip frames (in pixels)\n                                            frame_opacity:0.4,             \/\/FLOAT - transparency of non-active frames (1.0 = opaque, 0.0 = transparent)\n                                            frame_scale: 'crop',             \/\/STRING - cropping option for filmstrip images (same as above)\n                                            frame_gap:1,                     \/\/INT - spacing between frames within filmstrip (in pixels)\n                                            show_infobar:false,                \/\/BOOLEAN - flag to show or hide infobar\n                                            infobar_opacity:1,               \/\/FLOAT - transparency for info bar\n                                            link_newwindow: true,\n                                            filmstrip_size:10,\n                                            clickable:false\n                                    });\n\n                            }); \n\n\n\n\n                            \/\/\n                            \/\/ Resize the image gallery\n                            \/\/\n\n                            var oldsize_w1099=1500;\n                            var oldsize_h1099=450;\n\n                            function resizegallery1099(){\n                                if(galleryItems1099==undefined){return;}\n                                galleryItems1099.each(function (index, item){\n                                        var $parent = item.parent_data;\n\n                                        \/\/ width based on parent?\n                                                                                                                            var width = ($parent.innerWidth()-10);\/\/2 times 5 pixels margin\n                                                                \n\n\n                                                            var height = ($parent.innerHeight()-10);\/\/2 times 5 pixels margin\n                                                            if(oldsize_w1099==width){\n\n                                                              \/\/  return;\n                                                            }\n                                                            oldsize_w1099=width;\n\n                                                            thumbfactor = width\/(1500-10);\n\n                                                            var resizeToHeight=width\/3*2;\n                                                            if(resizeToHeight>450){\n                                                                resizeToHeight=450;  \n                                                            }\n\n\n\n                                                            jQuery(item).resizeGalleryView_video(\n                                                                 width,                                                                resizeToHeight, 90*thumbfactor, 90*thumbfactor);\n\n                                });\n                            }\n\n                            var inited1099=false;\n\n                            function onresize1099(){  \n                                resizegallery1099();\n                                inited1099=true;\n                            }\n\n\n                            jQuery(window).resize(onresize1099);\n                            jQuery( document ).ready(function() {\n                                    onresize1099();\n                            }); \n\n                    });   \n\n\n            }    \n        }, 100);\n\n\n    <\/script><!-- end vgwt_print_responsive_video_slider_with_thumbnail_func -->[\/vc_column_text][\/vc_column][\/vc_row][vc_row][vc_column][vc_empty_space height=&#8221;100px&#8221;][\/vc_column][\/vc_row]<\/p>\n<\/div>","protected":false},"excerpt":{"rendered":"<p>[vc_row][vc_column][vc_empty_space height=&#8221;100px&#8221;][\/vc_column][\/vc_row][vc_row][vc_column][vc_column_text][\/vc_column_text][\/vc_column][\/vc_row][vc_row][vc_column][vc_empty_space height=&#8221;100px&#8221;][\/vc_column][\/vc_row]<\/p>\n","protected":false},"author":1,"featured_media":0,"parent":0,"menu_order":0,"comment_status":"closed","ping_status":"closed","template":"","meta":{"_acf_changed":false,"_themeisle_gutenberg_block_has_review":false,"footnotes":""},"class_list":["post-342","page","type-page","status-publish","hentry"],"acf":[],"_links":{"self":[{"href":"https:\/\/akweno.ao\/ulitteragris\/wp-json\/wp\/v2\/pages\/342","targetHints":{"allow":["GET"]}}],"collection":[{"href":"https:\/\/akweno.ao\/ulitteragris\/wp-json\/wp\/v2\/pages"}],"about":[{"href":"https:\/\/akweno.ao\/ulitteragris\/wp-json\/wp\/v2\/types\/page"}],"author":[{"embeddable":true,"href":"https:\/\/akweno.ao\/ulitteragris\/wp-json\/wp\/v2\/users\/1"}],"replies":[{"embeddable":true,"href":"https:\/\/akweno.ao\/ulitteragris\/wp-json\/wp\/v2\/comments?post=342"}],"version-history":[{"count":14,"href":"https:\/\/akweno.ao\/ulitteragris\/wp-json\/wp\/v2\/pages\/342\/revisions"}],"predecessor-version":[{"id":373,"href":"https:\/\/akweno.ao\/ulitteragris\/wp-json\/wp\/v2\/pages\/342\/revisions\/373"}],"wp:attachment":[{"href":"https:\/\/akweno.ao\/ulitteragris\/wp-json\/wp\/v2\/media?parent=342"}],"curies":[{"name":"wp","href":"https:\/\/api.w.org\/{rel}","templated":true}]}}