{"id":237,"date":"2024-02-21T20:11:12","date_gmt":"2024-02-21T20:11:12","guid":{"rendered":"https:\/\/akweno.ao\/ulitteragris\/?page_id=237"},"modified":"2024-02-21T21:14:11","modified_gmt":"2024-02-21T21:14:11","slug":"estatuto","status":"publish","type":"page","link":"https:\/\/akweno.ao\/ulitteragris\/estatuto\/","title":{"rendered":"Estatuto"},"content":{"rendered":"<div class=\"wpb-content-wrapper\"><p>[vc_row][vc_column css=&#8221;.vc_custom_1708548967883{margin-top: -100px !important;}&#8221;][vc_custom_heading text=&#8221;ESTATUTO DO C\u00cdRCULO DE ESTUDOS LINGU\u00cdSTICOS E LITER\u00c1RIOS LITTERAGRIS&#8221; font_container=&#8221;tag:h3|font_size:25|text_align:center|color:%23000000|line_height:18&#8243; use_theme_fonts=&#8221;yes&#8221;][vc_column_text css=&#8221;.vc_custom_1708548648815{margin-top: -200px !important;}&#8221;]<\/p>\n<h5 style=\"text-align: center;\"><strong><u>(CE3L)<\/u><\/strong><\/h5>\n<p>[\/vc_column_text][\/vc_column][\/vc_row][vc_row full_width=&#8221;stretch_row&#8221; css=&#8221;.vc_custom_1708549592010{margin-right: 50px !important;margin-left: 50px !important;}&#8221;][vc_column cspt-text-color=&#8221;white&#8221; cspt-bg-color=&#8221;globalcolor&#8221; css=&#8221;.vc_custom_1708550048458{border-top-width: 1px !important;border-right-width: 1px !important;border-bottom-width: 1px !important;border-left-width: 1px !important;padding-top: 40px !important;padding-right: 30px !important;padding-bottom: 20px !important;padding-left: 30px !important;border-left-color: #000000 !important;border-left-style: double !important;border-right-color: #000000 !important;border-right-style: double !important;border-top-color: #000000 !important;border-top-style: double !important;border-bottom-color: #000000 !important;border-bottom-style: double !important;}&#8221;][vc_column_text]<\/p>\n<h4 style=\"text-align: center;\">CAP\u00cdTULO I<\/h4>\n<p style=\"text-align: center;\"><strong>ARTIGO 1.\u00ba<\/strong><\/p>\n<p style=\"text-align: center;\">(<strong>Da denomina\u00e7\u00e3o e Sede<\/strong>)<\/p>\n<p>&nbsp;<\/p>\n<p>O C\u00cdRCULO adopta a denomina\u00e7\u00e3o de <strong>C\u00edrculo de Estudos Lingu\u00edsticos e Liter\u00e1rios Litteragris, cuja sigla\/acr\u00f3nimo \u00e9 (CE3L),<\/strong> com sede na Prov\u00edncia de Luanda,<strong> no Centro Cultural Dr.Ant\u00f3nio Agostinho Neto. <\/strong><\/p>\n<p>&nbsp;<\/p>\n<p style=\"text-align: center;\"><strong>\u00a0 ARTIGO 2.\u00ba<\/strong><\/p>\n<p style=\"text-align: center;\"><strong>(Do Objecto)<\/strong><\/p>\n<p>O presente Estatuto rege o funcionamento, a organiza\u00e7\u00e3o e a constitui\u00e7\u00e3o do CE3L.<\/p>\n<p>&nbsp;<\/p>\n<p style=\"text-align: center;\"><strong>ARTIGO 3.\u00ba<\/strong><\/p>\n<p style=\"text-align: center;\"><strong>(Dura\u00e7\u00e3o)<\/strong><\/p>\n<p>A sua dura\u00e7\u00e3o \u00e9 por tempo indeterminado, contando-se o in\u00edcio da sua actividade, para todos os efeitos legais, a partir do respectivo registo.<\/p>\n<p>&nbsp;<\/p>\n<p style=\"text-align: center;\"><strong>ARTIGO 4.\u00ba<\/strong><\/p>\n<p style=\"text-align: center;\"><strong>(Da defini\u00e7\u00e3o)<\/strong><\/p>\n<p>O C\u00cdRCULO DE ESTUDOS LINGU\u00cdSTICOS E LITER\u00c1RIOS LITTERAGRIS \u00e9 uma Associa\u00e7\u00e3o acad\u00e9mico-investigativa de \u00e2mbito privado e sem fins lucrativos. Suas actividades consistem fundamentalmente no estudo dos fen\u00f3menos liter\u00e1rios e lingu\u00edsticos, na promo\u00e7\u00e3o das ci\u00eancias e das l\u00ednguas nacionais, filosofia, educa\u00e7\u00e3o, forma\u00e7\u00e3o profissional, tradu\u00e7\u00e3o e educa\u00e7\u00e3o social.<\/p>\n<p><strong>\u00a0<\/strong><\/p>\n<p><strong>\u00a0<\/strong><\/p>\n<p style=\"text-align: center;\"><strong>ARTIGO 5.\u00ba<\/strong><\/p>\n<p style=\"text-align: center;\"><strong>(Dos Objectivos)<\/strong><\/p>\n<p>O CE3L tem por finalidade:<\/p>\n<ul>\n<li>Exercer e garantir a Cr\u00edtica Liter\u00e1ria objectiva e isenta em Angola, bem como imprimir din\u00e2micas para realiza\u00e7\u00e3o de encontros acad\u00e9micos e promover forma\u00e7\u00f5es sobre literatura, l\u00ednguas, filosofia, artes e outros campos afins.<\/li>\n<li>Impulsionar a investiga\u00e7\u00e3o cient\u00edfica nos diversos ramos do saber, mormente nos das \u00e1reas conexas \u00e0 Literatura e Lingu\u00edstica.<\/li>\n<li>Impulsionar a valoriza\u00e7\u00e3o e aprendizagem das l\u00ednguas nacionais atrav\u00e9s de forma\u00e7\u00f5es permanentes.<\/li>\n<li>Desenvolver interc\u00e2mbios cient\u00edficos com as demais institui\u00e7\u00f5es de interesse afins, quer sejam nacionais, quer sejam estrangeiras.<\/li>\n<li>Fomentar a forma\u00e7\u00e3o profissional e apostar na educa\u00e7\u00e3o social, promovendo o exerc\u00edcio de cidadania e a inclus\u00e3o social.<\/li>\n<li>Dedicar-se \u00e0 actividade de tradu\u00e7\u00e3o de textos e livros liter\u00e1rios ou cient\u00edficos.<\/li>\n<li>Poder\u00e1 dedicar-se a outras actividades por lei permitidas.<\/li>\n<\/ul>\n<p><strong>\u00a0<\/strong><\/p>\n<h4 style=\"text-align: center;\">CAP\u00cdTULO II<\/h4>\n<p style=\"text-align: center;\"><strong>ARTIGO 6.\u00ba<\/strong><\/p>\n<p style=\"text-align: center;\"><strong>(Dos Tipos de Membros)<\/strong><\/p>\n<p>Os membros do CE3L podem ser:<\/p>\n<ul>\n<li>Fundadores \u2013 aqueles que se fizeram presentes na primeira reuni\u00e3o dos membros em que se constituiu o CE3L.<\/li>\n<li>Efectivos \u2013 aqueles que, de forma ass\u00eddua, colaboram com a associa\u00e7\u00e3o na realiza\u00e7\u00e3o dos seus objectivos e que contribuem com as suas quotas regularmente.<\/li>\n<\/ul>\n<p>&nbsp;<\/p>\n<p>&nbsp;<\/p>\n<p style=\"text-align: center;\"><strong>ARTIGO 7.\u00ba<\/strong><\/p>\n<p style=\"text-align: center;\"><strong>(Da Admiss\u00e3o dos Membros)<\/strong><\/p>\n<p><strong>\u00a0\u00a0\u00a0\u00a0\u00a0 <\/strong>Podem ser membros do CE3L:<\/p>\n<ul>\n<li>Os cidad\u00e3os angolanos e estrangeiros, maiores de 18 anos de idade, em pleno gozo dos seus direitos civis e faculdades mentais.<\/li>\n<li>Investigadores e docentes das faculdades de Letras e de outras Institui\u00e7\u00f5es Acad\u00e9micas afins.<\/li>\n<li>Estudantes de v\u00e1rios N\u00edveis do ensino universit\u00e1rio desde que re\u00fanam compet\u00eancias cientificas ao n\u00edvel do que se pretende.<\/li>\n<\/ul>\n<p>&nbsp;<\/p>\n<p style=\"text-align: center;\"><strong>ARTIGO 8.\u00ba<\/strong><\/p>\n<p style=\"text-align: center;\"><strong>(Dos Direitos dos Membros)<\/strong><\/p>\n<p>S\u00e3o direitos dos membros:<\/p>\n<ul>\n<li>Ser nomeado para um cargo no CE3L.<\/li>\n<li>Votar e ser votado nas decis\u00f5es do CE3L.<\/li>\n<li>Ser informado sobre as actividades que dizem respeito ao normal funcionamento do CE3L.<\/li>\n<li>Recusar quaisquer orienta\u00e7\u00f5es ou actos que contrariem a lei.<\/li>\n<li>Participar em forma\u00e7\u00f5es, em nome do CE3L, desde que cumpra com os regulamentos internos.<\/li>\n<li>Privil\u00e9gios determinados pelo CE3L em certas circunst\u00e2ncia.<\/li>\n<li>Ser remunerado pelos trabalhos prestados quando o grupo tiver condi\u00e7\u00f5es.<\/li>\n<\/ul>\n<p><strong>\u00a0<\/strong><\/p>\n<p><strong>\u00a0<\/strong><\/p>\n<p style=\"text-align: center;\"><strong>ARTIGO 9.\u00ba<\/strong><\/p>\n<p style=\"text-align: center;\"><strong>(Dos Deveres dos Membros)<\/strong><\/p>\n<p>&nbsp;<\/p>\n<p>Os deveres dos membros s\u00e3o:<\/p>\n<ul>\n<li>Participar das actividades do CE3L.<\/li>\n<li>Cumprir o estabelecido neste Estatuto, no Regulamento interno e nas Decis\u00f5es da Plen\u00e1ria.<\/li>\n<li>Contribuir com as quotas do CE3L no valor a determinar pelos membros na Plen\u00e1ria.<\/li>\n<li>Zelar pelo Patrim\u00f3nio Moral e Material do CE3L.<\/li>\n<li>N\u00e3o divulgar as actividades do CE3L sem anu\u00eancia da coordena\u00e7\u00e3o.<\/li>\n<li>Ser ass\u00edduo e pontual na execu\u00e7\u00e3o das tarefas atribu\u00eddas pelo CE3L.<\/li>\n<\/ul>\n<p>&nbsp;<\/p>\n<p style=\"text-align: center;\"><strong>ARTIGO 10.\u00ba<\/strong><\/p>\n<p style=\"text-align: center;\"><strong>(Das Quotas)<\/strong><\/p>\n<p><strong>S<\/strong>\u00e3o Receitas do CE3L:<\/p>\n<ul>\n<li>As quotas dos membros.<\/li>\n<li>As dota\u00e7\u00f5es do Estado, das Autarquias Locais e outras pessoas colectivas de direito p\u00fablico e privado.<\/li>\n<li>As heran\u00e7as, legados e doa\u00e7\u00f5es que venha a beneficiar.<\/li>\n<li>Quaisquer receitas desde que sejam l\u00edcitas e morais.<\/li>\n<li>Compete a ger\u00eancia apresentar, no final de cada ano, um relat\u00f3rio sobre a gest\u00e3o do CE3L.<\/li>\n<\/ul>\n<p><strong>\u00a0<\/strong><\/p>\n<p style=\"text-align: center;\"><strong>ARTIGO 11.\u00ba<\/strong><\/p>\n<p style=\"text-align: center;\"><strong>(Da Exclus\u00e3o dos Membros)<\/strong><\/p>\n<p>O membro ser\u00e1 exclu\u00eddo:<\/p>\n<ul>\n<li>A seu pedido.<\/li>\n<li>Por morte.<\/li>\n<li>Por transgress\u00e3o dos estatutos ou regulamento interno, bem como por insubordina\u00e7\u00f5es \u00e0s decis\u00f5es da plen\u00e1ria.<\/li>\n<li>Pr\u00e1tica de actos que lese a moral da sociedade.<\/li>\n<\/ul>\n<p><strong>\u00a0<\/strong><\/p>\n<p><strong>\u00a0<\/strong><\/p>\n<p style=\"text-align: center;\"><strong>ARTIGO 12.\u00ba<\/strong><\/p>\n<p style=\"text-align: center;\"><strong>(Das San\u00e7\u00f5es)<\/strong><\/p>\n<p><strong>\u00a0<\/strong><\/p>\n<p><strong>\u00a0\u00a0\u00a0 <\/strong>S\u00e3o san\u00e7\u00f5es:<\/p>\n<ul>\n<li>Advert\u00eancia.<\/li>\n<li>Suspens\u00e3o e<\/li>\n<li>Exclus\u00e3o<\/li>\n<\/ul>\n<p><strong>\u00a0<\/strong><\/p>\n<h4 style=\"text-align: center;\">CAP\u00cdTULO III<\/h4>\n<p style=\"text-align: center;\"><strong>ARTIGO 13.\u00ba<\/strong><\/p>\n<p style=\"text-align: center;\"><strong>(Dos \u00d3rg\u00e3os do CE3L)<\/strong><\/p>\n<p><strong>\u00a0<\/strong><\/p>\n<p style=\"text-align: center;\"><strong>(Da Constitui\u00e7\u00e3o e Compet\u00eancias)<\/strong><\/p>\n<p>O CE3L constitui-se pelos seguintes \u00f3rg\u00e3os:<\/p>\n<ol>\n<li>Assembleia Geral.<\/li>\n<li>Coordenador Geral.<\/li>\n<\/ol>\n<ol>\n<li>Conselho Fiscal.<\/li>\n<\/ol>\n<ol start=\"4\">\n<li>Departamentos:<\/li>\n<\/ol>\n<ul>\n<li>Ci\u00eancias, Educa\u00e7\u00e3o Social e Forma\u00e7\u00e3o profissional<\/li>\n<li>Arte e Cultura<\/li>\n<li>L\u00edngua Portuguesa<\/li>\n<li>L\u00ednguas nacionais e literatura oral<\/li>\n<li>Tradu\u00e7\u00e3o<\/li>\n<li>Jur\u00eddico<\/li>\n<li>Contabilidade e Finan\u00e7as<\/li>\n<li>Comunica\u00e7\u00e3o e Imagem<\/li>\n<\/ul>\n<p><strong>\u00a0<\/strong><\/p>\n<p><strong>\u00a0<\/strong><\/p>\n<p><strong>\u00a0<\/strong><\/p>\n<p style=\"text-align: center;\"><strong>ARTIGO 14.\u00ba<\/strong><\/p>\n<p style=\"text-align: center;\"><strong>\u00a0(Da Assembleia Geral)<\/strong><\/p>\n<ol>\n<li>A Assembleia Geral \u00e9 constitu\u00edda por todos os membros fundadores e efectivos, presidida pelo Coordenador Geral auxiliado por qualquer dos seus coordenadores adjuntos, e podem deliberar sobre todas as mat\u00e9rias que n\u00e3o sejam da compet\u00eancia espec\u00edfica de outros \u00f3rg\u00e3os.<\/li>\n<li>Na assembleia geral, os membros podem deliberar, por exemplo, sobre:<\/li>\n<\/ol>\n<ul>\n<li>Altera\u00e7\u00e3o dos Estatutos.<\/li>\n<li>Fixa\u00e7\u00e3o do montante da quota a pagar pelos associados.<\/li>\n<li>Discutir e votar o balan\u00e7o e relat\u00f3rio de contas de cada exerc\u00edcio (\u2026)<\/li>\n<\/ul>\n<ol start=\"3\">\n<li>Na aus\u00eancia do Coordenador, o Conselho Fiscal dever\u00e1 delegar um membro cuja maturidade \u00e9 reconhecida pela maioria.<\/li>\n<\/ol>\n<p><strong>\u00a0<\/strong><\/p>\n<p style=\"text-align: center;\"><strong>ARTIGO 15.\u00ba<\/strong><\/p>\n<p style=\"text-align: center;\"><strong>(Da Coordena\u00e7\u00e3o Geral)<\/strong><\/p>\n<ol>\n<li>O Coordenador Geral \u00e9 integrante do CE3L e tem por compet\u00eancia:<\/li>\n<\/ol>\n<ul>\n<li>Representar o CE3L com zelo perante as outras institui\u00e7\u00f5es, em ju\u00edzo e fora dele.<\/li>\n<li>Dinamizar a investiga\u00e7\u00e3o Cient\u00edfica do CE3L, bem como assumir a responsabilidade pela sua gest\u00e3o.<\/li>\n<li>Cumprir e fazer cumprir o Estatuto.<\/li>\n<li>Convocar reuni\u00f5es ordin\u00e1rias e extraordin\u00e1rias.<\/li>\n<li>Submeter ao \u00f3rg\u00e3o de fiscaliza\u00e7\u00e3o o relat\u00f3rio das contas do CE3L.<\/li>\n<li>Respeitar e fazer respeitar as delibera\u00e7\u00f5es da assembleia geral.<\/li>\n<\/ul>\n<p><strong>\u00a0<\/strong><strong>\u00a0<\/strong><\/p>\n<p><strong>\u00a0<\/strong><\/p>\n<p style=\"text-align: center;\"><strong>ARTIGO 16.\u00ba<\/strong><\/p>\n<p style=\"text-align: center;\"><strong>(Da Coordena\u00e7\u00e3o das Ci\u00eancias<\/strong>, <strong>Educa\u00e7\u00e3o Social e Forma\u00e7\u00e3o profissional)<\/strong><\/p>\n<ol>\n<li>Este Departamento \u00e9 composto por dois coordenadores adjuntos. A este Departamento compete:<\/li>\n<\/ol>\n<p>&nbsp;<\/p>\n<ul>\n<li>Orientar todo o processo de investiga\u00e7\u00e3o cientifica.<\/li>\n<li>Recolher, estudar e divulgar as literaturas orais angolanas.<\/li>\n<li>Orientar o exerc\u00edcio da Cr\u00edtica Liter\u00e1ria.<\/li>\n<li>Dirigir o ensino e o estudo das L\u00ednguas Nacionais.<\/li>\n<li>Dinamizar e executar projectos sociais voltados a cidadania.<\/li>\n<li>Gerir o centro de forma\u00e7\u00e3o professional.<\/li>\n<li>Priorizar a forma\u00e7\u00e3o profissional e apostar na educa\u00e7\u00e3o, promovendo o exerc\u00edcio da cidadania e a inclus\u00e3o social dos jovens, crian\u00e7as, mulheres e idosos em situa\u00e7\u00e3o de risco e vulnerabilidade social, a fim de serem protagonistas do seu pr\u00f3prio desenvolvimento.<\/li>\n<\/ul>\n<p>&nbsp;<\/p>\n<p style=\"text-align: center;\"><strong>ARTIGO 17.\u00ba<\/strong><\/p>\n<p style=\"text-align: center;\"><strong>(Da Arte e Cultura)<\/strong><\/p>\n<p><strong>(\u2026)<\/strong><\/p>\n<ul>\n<li>Promover encontros culturais e recreativos.<\/li>\n<li>Fomentar interc\u00e2mbio com outras institui\u00e7\u00f5es com interesses similares.<\/li>\n<\/ul>\n<p><strong>\u00a0<\/strong><\/p>\n<p style=\"text-align: center;\"><strong>ARTIGO 18.\u00ba<\/strong><\/p>\n<p style=\"text-align: center;\"><strong>(Do Departamento Jur\u00eddico)<\/strong><\/p>\n<p>Esta \u00e1rea \u00e9 composta por um Jurista e\/ou Advogado e lhe compete:<\/p>\n<ul>\n<li>Analisar e interpretar todos e quaisquer documentos jur\u00eddicos do CE3L.<\/li>\n<li>Dar solu\u00e7\u00e3o aos conflitos jur\u00eddicos que advenham das rela\u00e7\u00f5es que o CE3L estabelece com outras institui\u00e7\u00f5es.<\/li>\n<li>Formular e elaborar os conv\u00e9nios (contratos) do CE3L com outras pessoas f\u00edsicas ou jur\u00eddicas.<\/li>\n<li>Acompanhar o CE3L em qualquer encontro que vise tratar de assuntos com efeitos jur\u00eddicos.<\/li>\n<\/ul>\n<p><strong>\u00a0<\/strong><\/p>\n<p style=\"text-align: center;\"><strong>ARTIGO 19.\u00ba<\/strong><\/p>\n<p style=\"text-align: center;\"><strong>(Do Departamento da Contabilidade e Finan\u00e7as)<\/strong><\/p>\n<p>Este Departamento comp\u00f5e-se de um Contabilista que ter\u00e1 as seguintes atribui\u00e7\u00f5es:<\/p>\n<ol>\n<li>Executar os trabalhos de an\u00e1lise e concilia\u00e7\u00e3o de contas.<\/li>\n<li>Classificar e contabilizar as despesas, receitas e movimenta\u00e7\u00e3o financeira.<\/li>\n<li>Elaborar quadros demonstrativos, relat\u00f3rios e tabelas, compilando dados cont\u00e1beis.<\/li>\n<li>Participar da elabora\u00e7\u00e3o de balancetes e balan\u00e7os, aplicando normas cont\u00e1beis.<\/li>\n<li>Organizar demonstrativos e relat\u00f3rios de comportamento das dota\u00e7\u00f5es or\u00e7ament\u00e1rias.<\/li>\n<li>Elaborar presta\u00e7\u00f5es de contas de conv\u00eanios, concursos e outros recursos espec\u00edficos.<\/li>\n<li>Acompanhar saldos or\u00e7ament\u00e1rios para autoriza\u00e7\u00e3o de realiza\u00e7\u00e3o de despesas.<\/li>\n<li>Manter arquivo da documenta\u00e7\u00e3o relacionada a contabilidade.<\/li>\n<li>Participar de programa de treinamento, quando convocado.<\/li>\n<li>Executar tarefas pertinentes \u00e0 \u00e1rea de actua\u00e7\u00e3o, utilizando-se de equipamentos e programas de inform\u00e1tica.<\/li>\n<li>Executar outras tarefas para o desenvolvimento das actividades do sector.<\/li>\n<li>Executar outras tarefas compat\u00edveis com as exig\u00eancias para o exerc\u00edcio da fun\u00e7\u00e3o.<\/li>\n<\/ol>\n<p><strong>\u00a0<\/strong><\/p>\n<p style=\"text-align: center;\"><strong>ARTIGO 20.\u00ba<\/strong><\/p>\n<p style=\"text-align: center;\"><strong>(Da Comunica\u00e7\u00e3o e Imagem)<\/strong><\/p>\n<p><strong>(&#8230;)<\/strong><\/p>\n<ol>\n<li>Apoiar o Conselho de Administra\u00e7\u00e3o na cria\u00e7\u00e3o e difus\u00e3o de uma boa imagem institucional do CE3L a n\u00edvel nacional e internacional.<\/li>\n<li>Promover a imagem do CE3L, concebendo e realizando ac\u00e7\u00f5es de comunica\u00e7\u00e3o e publicidade.<\/li>\n<li>Gerir a rela\u00e7\u00e3o com os meios de comunica\u00e7\u00e3o social, difundir a informa\u00e7\u00e3o sobre o CE3L e ser seu porta-voz junto da m\u00e9dia nacionais e internacionais.<\/li>\n<li>Promover, em coordena\u00e7\u00e3o com os restantes departamentos, ac\u00e7\u00f5es de comunica\u00e7\u00e3o interna, que potenciem uma nova cultura do c\u00edrculo.<\/li>\n<li>Imagem gr\u00e1fica.<\/li>\n<\/ol>\n<p><strong>\u00a0<\/strong><\/p>\n<p style=\"text-align: center;\"><strong>ARTIGO 21.\u00ba<\/strong><\/p>\n<p style=\"text-align: center;\"><strong>(Da tradu\u00e7\u00e3o)<\/strong><\/p>\n<p><strong>\u00a0<\/strong><\/p>\n<ol>\n<li>Tratar da tradu\u00e7\u00e3o de documentos, textos, livros do portugu\u00eas para outras l\u00ednguas e vice-versa.<\/li>\n<li>Criar projecto que visem a promo\u00e7\u00e3o das l\u00ednguas nacionais atrav\u00e9s da tradu\u00e7\u00e3o de textos liter\u00e1rios e outros documentos relevantes do dom\u00ednio social.<\/li>\n<li>Presta\u00e7\u00e3o de servi\u00e7os no \u00e2mbito da tradu\u00e7\u00e3o liter\u00e1ria e outros campos.<\/li>\n<\/ol>\n<p>&nbsp;<\/p>\n<p style=\"text-align: center;\"><strong>ARTIGO 22.\u00ba<\/strong><\/p>\n<p style=\"text-align: center;\"><strong>(Da Fiscaliza\u00e7\u00e3o)<\/strong><\/p>\n<p>O Conselho Fiscal \u00e9 composto pelo Representante do Gabinete Jur\u00eddico e mais duas entidades nomeadas.<strong>\u00a0\u00a0 <\/strong><\/p>\n<p>Compete ao Conselho Fiscal:<\/p>\n<ul>\n<li>Fiscalizar os actos de todos os Departamentos e examinar regularmente os documentos do CE3L.<\/li>\n<li>Elaborar pareceres sobre o relat\u00f3rio de contas e sobre outros assuntos que lhe seja submetida para a aprecia\u00e7\u00e3o.<\/li>\n<li>Solicitar a convoca\u00e7\u00e3o de reuni\u00f5es extraordin\u00e1rias quando necess\u00e1rio.<\/li>\n<\/ul>\n<p><strong>\u00a0<\/strong><strong>\u00a0<\/strong><\/p>\n<p><strong>\u00a0<\/strong><\/p>\n<p style=\"text-align: center;\"><strong>ARTIGO 23.\u00ba<\/strong><\/p>\n<p style=\"text-align: center;\"><strong>(Das reuni\u00f5es)<\/strong><\/p>\n<p>As Reuni\u00f5es dos membros podem ser ordin\u00e1rias e extraordin\u00e1rias. Podendo ser convocadas consoante as compet\u00eancias dos \u00f3rg\u00e3os que constituem o CE3L.<\/p>\n<p><strong>\u00a0<\/strong><\/p>\n<p style=\"text-align: center;\"><strong>ARTIGO 24.\u00ba<\/strong><\/p>\n<p style=\"text-align: center;\"><strong>(Dissolu\u00e7\u00e3o)<\/strong><\/p>\n<p>O CE3L n\u00e3o dever\u00e1 se dissolver pela aus\u00eancia ou incapacidade f\u00edsica ou moral de qualquer membro.<\/p>\n<p><strong>\u00a0<\/strong><\/p>\n<p style=\"text-align: center;\"><strong>ARTIGO 25.\u00ba<\/strong><\/p>\n<p style=\"text-align: center;\"><strong>(Omiss\u00e3o)<\/strong><\/p>\n<p>No omisso regular\u00e3o as disposi\u00e7\u00f5es da Lei das Associa\u00e7\u00f5es.<\/p>\n<p>&nbsp;<\/p>\n<p style=\"text-align: center;\">Luanda, Dezembro de 2018.<\/p>\n<p>&nbsp;<\/p>\n<p><strong>\u00a0<\/strong><\/p>\n<p><strong>\u00a0<\/strong>[\/vc_column_text][\/vc_column][\/vc_row]<\/p>\n<\/div>","protected":false},"excerpt":{"rendered":"<p>[vc_row][vc_column css=&#8221;.vc_custom_1708548967883{margin-top: -100px !important;}&#8221;][vc_custom_heading text=&#8221;ESTATUTO DO C\u00cdRCULO DE ESTUDOS LINGU\u00cdSTICOS E LITER\u00c1RIOS LITTERAGRIS&#8221; font_container=&#8221;tag:h3|font_size:25|text_align:center|color:%23000000|line_height:18&#8243; use_theme_fonts=&#8221;yes&#8221;][vc_column_text css=&#8221;.vc_custom_1708548648815{margin-top: -200px !important;}&#8221;] (CE3L) [\/vc_column_text][\/vc_column][\/vc_row][vc_row full_width=&#8221;stretch_row&#8221; css=&#8221;.vc_custom_1708549592010{margin-right: 50px !important;margin-left: 50px !important;}&#8221;][vc_column cspt-text-color=&#8221;white&#8221; cspt-bg-color=&#8221;globalcolor&#8221; css=&#8221;.vc_custom_1708550048458{border-top-width: 1px !important;border-right-width: 1px !important;border-bottom-width: 1px !important;border-left-width: 1px !important;padding-top: 40px !important;padding-right: 30px !important;padding-bottom: 20px !important;padding-left: 30px !important;border-left-color: #000000 !important;border-left-style: double !important;border-right-color: #000000 !important;border-right-style: double !important;border-top-color: #000000 !important;border-top-style: double !important;border-bottom-color: #000000 !important;border-bottom-style: double !important;}&#8221;][vc_column_text] CAP\u00cdTULO I ARTIGO 1.\u00ba (Da denomina\u00e7\u00e3o e Sede) &nbsp;[&hellip;]<\/p>\n","protected":false},"author":1,"featured_media":0,"parent":0,"menu_order":0,"comment_status":"closed","ping_status":"closed","template":"","meta":{"_acf_changed":false,"_themeisle_gutenberg_block_has_review":false,"footnotes":""},"class_list":["post-237","page","type-page","status-publish","hentry"],"acf":[],"_links":{"self":[{"href":"https:\/\/akweno.ao\/ulitteragris\/wp-json\/wp\/v2\/pages\/237","targetHints":{"allow":["GET"]}}],"collection":[{"href":"https:\/\/akweno.ao\/ulitteragris\/wp-json\/wp\/v2\/pages"}],"about":[{"href":"https:\/\/akweno.ao\/ulitteragris\/wp-json\/wp\/v2\/types\/page"}],"author":[{"embeddable":true,"href":"https:\/\/akweno.ao\/ulitteragris\/wp-json\/wp\/v2\/users\/1"}],"replies":[{"embeddable":true,"href":"https:\/\/akweno.ao\/ulitteragris\/wp-json\/wp\/v2\/comments?post=237"}],"version-history":[{"count":33,"href":"https:\/\/akweno.ao\/ulitteragris\/wp-json\/wp\/v2\/pages\/237\/revisions"}],"predecessor-version":[{"id":274,"href":"https:\/\/akweno.ao\/ulitteragris\/wp-json\/wp\/v2\/pages\/237\/revisions\/274"}],"wp:attachment":[{"href":"https:\/\/akweno.ao\/ulitteragris\/wp-json\/wp\/v2\/media?parent=237"}],"curies":[{"name":"wp","href":"https:\/\/api.w.org\/{rel}","templated":true}]}}