{"id":1370,"date":"2024-05-01T14:45:05","date_gmt":"2024-05-01T14:45:05","guid":{"rendered":"https:\/\/akweno.ao\/ulitteragris\/?page_id=1370"},"modified":"2024-05-07T17:02:11","modified_gmt":"2024-05-07T17:02:11","slug":"apoie-nos","status":"publish","type":"page","link":"https:\/\/akweno.ao\/ulitteragris\/apoie-nos\/","title":{"rendered":"Apoie-nos"},"content":{"rendered":"<div class=\"wpb-content-wrapper\"><p>[vc_row cspt-bg-color=&#8221;white&#8221; cspt-bg-image-position=&#8221;center-center&#8221;][vc_column cspt-responsive-css=&#8221;95134457|colbreak_no||||||30px||30px|colbreak_no|||||||||colbreak_no||||||||||colbreak_no|||||||||&#8221;][vc_single_image image=&#8221;1373&#8243; img_size=&#8221;full&#8221;][\/vc_column][\/vc_row][vc_row cspt-bg-color=&#8221;white&#8221; cspt-zindex=&#8221;2&#8243; equal_height=&#8221;yes&#8221; el_class=&#8221;cspt-box-shadow-1 cspt-border-radius-1&#8243; css=&#8221;.vc_custom_1645680859050{margin-right: 15px !important;margin-bottom: 70px !important;margin-left: 15px !important;padding-top: 0px !important;padding-bottom: 0px !important;}&#8221; cspt-responsive-css=&#8221;29026640|colbreak_no||30px||30px|||||colbreak_yes|||||||||colbreak_no||||||||||colbreak_no|||||||||&#8221;][vc_column width=&#8221;1\/2&#8243; cspt-responsive-css=&#8221;11625997|colbreak_no|||||||||colbreak_no|||||||||colbreak_no||||||||||colbreak_no|||||||||&#8221;][vc_row_inner cspt-bg-color=&#8221;white&#8221; equal_height=&#8221;yes&#8221; cspt-responsive-css=&#8221;12599019|colbreak_no|||||||||colbreak_yes|||||||||colbreak_no||||||||||colbreak_no|||||||||&#8221;][vc_column_inner css=&#8221;.vc_custom_1581333977459{padding-top: 50px !important;padding-right: 40px !important;padding-bottom: 0px !important;padding-left: 50px !important;}&#8221; cspt-responsive-css=&#8221;44409022|colbreak_no|||||||||colbreak_no||||||30|0|30|colbreak_no||||||||||colbreak_no|||||||||&#8221;][vc_column_text]<\/p>\n<p style=\"text-align: justify;\">Ajude-nos a continuar a edificar escritores e suas hist\u00f3rias. e professores de reda\u00e7\u00e3o, a financiar exibi\u00e7\u00f5es e administra\u00e7\u00e3o de premia\u00e7\u00f5es, resultando em novas publica\u00e7\u00f5es de poesia, contos e romances. Tamb\u00e9m a financiar o recrutamento e o apoio para escritores emergentes por meio do nossos programas, construindo carreiras e amplificando diversas vozes.<\/p>\n<p>[\/vc_column_text][vc_single_image image=&#8221;1398&#8243; img_size=&#8221;full&#8221;][\/vc_column_inner][\/vc_row_inner][\/vc_column][vc_column width=&#8221;1\/2&#8243; css=&#8221;.vc_custom_1581333870365{padding-top: 50px !important;padding-right: 50px !important;padding-bottom: 30px !important;}&#8221; cspt-responsive-css=&#8221;65424807|colbreak_no|||||||||colbreak_no||||||30||30|colbreak_no||||||||||colbreak_no|||||||||&#8221;][vc_custom_heading text=&#8221;Consulta Online R\u00e1pida&#8221; font_container=&#8221;tag:h5|font_size:24px|text_align:left|line_height:36px&#8221; use_theme_fonts=&#8221;yes&#8221; css=&#8221;.vc_custom_1715094981159{margin-bottom: 20px !important;}&#8221; el_class=&#8221;cspt-f-weight-700&#8243;]\n<div class=\"wpcf7 no-js\" id=\"wpcf7-f66-o1\" lang=\"en-US\" dir=\"ltr\" data-wpcf7-id=\"66\">\n<div class=\"screen-reader-response\"><p role=\"status\" aria-live=\"polite\" aria-atomic=\"true\"><\/p> <ul><\/ul><\/div>\n<form action=\"\/ulitteragris\/wp-json\/wp\/v2\/pages\/1370#wpcf7-f66-o1\" method=\"post\" class=\"wpcf7-form init\" aria-label=\"Contact form\" novalidate=\"novalidate\" data-status=\"init\">\n<fieldset class=\"hidden-fields-container\"><input type=\"hidden\" name=\"_wpcf7\" value=\"66\" \/><input type=\"hidden\" name=\"_wpcf7_version\" value=\"6.1.3\" \/><input type=\"hidden\" name=\"_wpcf7_locale\" value=\"en_US\" \/><input type=\"hidden\" name=\"_wpcf7_unit_tag\" value=\"wpcf7-f66-o1\" \/><input type=\"hidden\" name=\"_wpcf7_container_post\" value=\"0\" \/><input type=\"hidden\" name=\"_wpcf7_posted_data_hash\" value=\"\" \/>\n<\/fieldset>\n<div class=\"cspt-main-form cspt-form-style-3\">\n\t<div class=\"row\">\n\t\t<div class=\"col-sm-12\">\n\t\t\t<div class=\"input-group\">\n\t\t\t\t<p><span class=\"wpcf7-form-control-wrap\" data-name=\"your-name\"><input size=\"40\" maxlength=\"400\" class=\"wpcf7-form-control wpcf7-text\" aria-invalid=\"false\" placeholder=\"Seu Nome\" value=\"\" type=\"text\" name=\"your-name\" \/><\/span>\n\t\t\t\t<\/p>\n\t\t\t<\/div>\n\t\t<\/div>\n\t\t<div class=\"col-sm-12\">\n\t\t\t<div class=\"input-group\">\n\t\t\t\t<p><span class=\"wpcf7-form-control-wrap\" data-name=\"your-email\"><input size=\"40\" maxlength=\"400\" class=\"wpcf7-form-control wpcf7-email wpcf7-validates-as-required wpcf7-text wpcf7-validates-as-email\" aria-required=\"true\" aria-invalid=\"false\" placeholder=\"E-mail\" value=\"\" type=\"email\" name=\"your-email\" \/><\/span>\n\t\t\t\t<\/p>\n\t\t\t<\/div>\n\t\t<\/div>\n\t\t<div class=\"col-sm-12\">\n\t\t\t<div class=\"input-group\">\n\t\t\t\t<p><span class=\"wpcf7-form-control-wrap\" data-name=\"ChooseaAdviser\"><select class=\"wpcf7-form-control wpcf7-select\" aria-invalid=\"false\" name=\"ChooseaAdviser\"><option value=\"Forma de contacto pretendida?\">Forma de contacto pretendida?<\/option><option value=\"Chamada Telef\u00f3nica\">Chamada Telef\u00f3nica<\/option><option value=\"Presencial\">Presencial<\/option><option value=\"E-mail\">E-mail<\/option><option value=\"Video-chamada\">Video-chamada<\/option><\/select><\/span>\n\t\t\t\t<\/p>\n\t\t\t<\/div>\n\t\t<\/div>\n\t\t<div class=\"col-sm-12\">\n\t\t\t<div class=\"input-group\">\n\t\t\t\t<p><span class=\"wpcf7-form-control-wrap\" data-name=\"ChooseaTraining\"><select class=\"wpcf7-form-control wpcf7-select\" aria-invalid=\"false\" name=\"ChooseaTraining\"><option value=\"Qual \u00e9 o assunto do seu interesse?\">Qual \u00e9 o assunto do seu interesse?<\/option><option value=\"Oferecer Patroc\u00ednio\">Oferecer Patroc\u00ednio<\/option><option value=\"Parceria\">Parceria<\/option><option value=\"Tornar-se Membro\">Tornar-se Membro<\/option><option value=\"Contratar Servi\u00e7os\">Contratar Servi\u00e7os<\/option><option value=\"Outro\">Outro<\/option><\/select><\/span>\n\t\t\t\t<\/p>\n\t\t\t<\/div>\n\t\t<\/div>\n\t\t<div class=\"col-sm-12\">\n\t\t\t<div class=\"input-button\">\n\t\t\t\t<p><button id='submit' class='wpcf7-form-control wpcf7-submit'>Agendar Contacto<\/button>\n\t\t\t\t<\/p>\n\t\t\t<\/div>\n\t\t<\/div>\n\t<\/div>\n<\/div><div class=\"wpcf7-response-output\" aria-hidden=\"true\"><\/div>\n<\/form>\n<\/div>\n[\/vc_column][\/vc_row][vc_row][vc_column][vc_empty_space height=&#8221;100px&#8221;][\/vc_column][\/vc_row]<\/p>\n<\/div>","protected":false},"excerpt":{"rendered":"<p>[vc_row cspt-bg-color=&#8221;white&#8221; cspt-bg-image-position=&#8221;center-center&#8221;][vc_column cspt-responsive-css=&#8221;95134457|colbreak_no||||||30px||30px|colbreak_no|||||||||colbreak_no||||||||||colbreak_no|||||||||&#8221;][vc_single_image image=&#8221;1373&#8243; img_size=&#8221;full&#8221;][\/vc_column][\/vc_row][vc_row cspt-bg-color=&#8221;white&#8221; cspt-zindex=&#8221;2&#8243; equal_height=&#8221;yes&#8221; el_class=&#8221;cspt-box-shadow-1 cspt-border-radius-1&#8243; css=&#8221;.vc_custom_1645680859050{margin-right: 15px !important;margin-bottom: 70px !important;margin-left: 15px !important;padding-top: 0px !important;padding-bottom: 0px !important;}&#8221; cspt-responsive-css=&#8221;29026640|colbreak_no||30px||30px|||||colbreak_yes|||||||||colbreak_no||||||||||colbreak_no|||||||||&#8221;][vc_column width=&#8221;1\/2&#8243; cspt-responsive-css=&#8221;11625997|colbreak_no|||||||||colbreak_no|||||||||colbreak_no||||||||||colbreak_no|||||||||&#8221;][vc_row_inner cspt-bg-color=&#8221;white&#8221; equal_height=&#8221;yes&#8221; cspt-responsive-css=&#8221;12599019|colbreak_no|||||||||colbreak_yes|||||||||colbreak_no||||||||||colbreak_no|||||||||&#8221;][vc_column_inner css=&#8221;.vc_custom_1581333977459{padding-top: 50px !important;padding-right: 40px !important;padding-bottom: 0px !important;padding-left: 50px !important;}&#8221; cspt-responsive-css=&#8221;44409022|colbreak_no|||||||||colbreak_no||||||30|0|30|colbreak_no||||||||||colbreak_no|||||||||&#8221;][vc_column_text] Ajude-nos a continuar a edificar escritores e suas hist\u00f3rias. e professores de reda\u00e7\u00e3o, a financiar exibi\u00e7\u00f5es e administra\u00e7\u00e3o de premia\u00e7\u00f5es, resultando em novas publica\u00e7\u00f5es de poesia, contos e romances. Tamb\u00e9m a financiar[&hellip;]<\/p>\n","protected":false},"author":1,"featured_media":0,"parent":0,"menu_order":25,"comment_status":"closed","ping_status":"closed","template":"","meta":{"_acf_changed":false,"_themeisle_gutenberg_block_has_review":false,"footnotes":""},"class_list":["post-1370","page","type-page","status-publish","hentry"],"acf":[],"_links":{"self":[{"href":"https:\/\/akweno.ao\/ulitteragris\/wp-json\/wp\/v2\/pages\/1370","targetHints":{"allow":["GET"]}}],"collection":[{"href":"https:\/\/akweno.ao\/ulitteragris\/wp-json\/wp\/v2\/pages"}],"about":[{"href":"https:\/\/akweno.ao\/ulitteragris\/wp-json\/wp\/v2\/types\/page"}],"author":[{"embeddable":true,"href":"https:\/\/akweno.ao\/ulitteragris\/wp-json\/wp\/v2\/users\/1"}],"replies":[{"embeddable":true,"href":"https:\/\/akweno.ao\/ulitteragris\/wp-json\/wp\/v2\/comments?post=1370"}],"version-history":[{"count":25,"href":"https:\/\/akweno.ao\/ulitteragris\/wp-json\/wp\/v2\/pages\/1370\/revisions"}],"predecessor-version":[{"id":1378,"href":"https:\/\/akweno.ao\/ulitteragris\/wp-json\/wp\/v2\/pages\/1370\/revisions\/1378"}],"wp:attachment":[{"href":"https:\/\/akweno.ao\/ulitteragris\/wp-json\/wp\/v2\/media?parent=1370"}],"curies":[{"name":"wp","href":"https:\/\/api.w.org\/{rel}","templated":true}]}}