{"id":12757,"date":"2024-02-01T07:14:18","date_gmt":"2024-02-01T07:14:18","guid":{"rendered":"https:\/\/demo.wpthemego.com\/themes\/sw_emarket\/layout20\/?post_type=product&amp;p=1143"},"modified":"2024-02-01T07:14:18","modified_gmt":"2024-02-01T07:14:18","slug":"1143","status":"publish","type":"product","link":"https:\/\/akweno.ao\/helder2\/product\/1143\/","title":{"rendered":"An\u00e1lise Contrastiva das Tradu\u00e7\u00f5es de Cora\u00e7\u00e3o Tel\u00farico"},"content":{"rendered":"","protected":false},"excerpt":{"rendered":"<h4 class=\"fl-title-vc-work title_default\">Resumo do projeto.<\/h4>\n<ul>\n<li class=\"fl-left-content fl-work-info-title\">Autor : H\u00e9lder Simbad<\/li>\n<li>\n<div class=\"fl-left-content fl-work-info-title\">Publicado : \u200e2019<\/div>\n<\/li>\n<li>\n<div class=\"fl-left-content fl-work-info-title\">L\u00edngua \u200f : Ingles\/Frances, Portugu\u00eas<\/div>\n<\/li>\n<\/ul>\n","protected":false},"featured_media":10113,"comment_status":"open","ping_status":"closed","template":"","meta":[],"product_brand":[],"product_cat":[176],"product_tag":[177,178],"class_list":{"0":"post-12757","1":"product","2":"type-product","3":"status-publish","4":"has-post-thumbnail","6":"product_cat-todos","7":"product_tag-obras-cientificas","8":"product_tag-traducao-literaria","10":"first","11":"instock","12":"shipping-taxable","13":"product-type-external"},"aioseo_notices":[],"_links":{"self":[{"href":"https:\/\/akweno.ao\/helder2\/wp-json\/wp\/v2\/product\/12757","targetHints":{"allow":["GET"]}}],"collection":[{"href":"https:\/\/akweno.ao\/helder2\/wp-json\/wp\/v2\/product"}],"about":[{"href":"https:\/\/akweno.ao\/helder2\/wp-json\/wp\/v2\/types\/product"}],"replies":[{"embeddable":true,"href":"https:\/\/akweno.ao\/helder2\/wp-json\/wp\/v2\/comments?post=12757"}],"wp:featuredmedia":[{"embeddable":true,"href":"https:\/\/akweno.ao\/helder2\/wp-json\/wp\/v2\/media\/10113"}],"wp:attachment":[{"href":"https:\/\/akweno.ao\/helder2\/wp-json\/wp\/v2\/media?parent=12757"}],"wp:term":[{"taxonomy":"product_brand","embeddable":true,"href":"https:\/\/akweno.ao\/helder2\/wp-json\/wp\/v2\/product_brand?post=12757"},{"taxonomy":"product_cat","embeddable":true,"href":"https:\/\/akweno.ao\/helder2\/wp-json\/wp\/v2\/product_cat?post=12757"},{"taxonomy":"product_tag","embeddable":true,"href":"https:\/\/akweno.ao\/helder2\/wp-json\/wp\/v2\/product_tag?post=12757"}],"curies":[{"name":"wp","href":"https:\/\/api.w.org\/{rel}","templated":true}]}}