{"id":1189,"date":"2024-01-05T07:28:42","date_gmt":"2024-01-05T07:28:42","guid":{"rendered":"https:\/\/demo.wpthemego.com\/themes\/sw_emarket\/layout20\/?post_type=product&amp;p=1189"},"modified":"2024-01-05T07:28:42","modified_gmt":"2024-01-05T07:28:42","slug":"enviesada-rosa","status":"publish","type":"product","link":"https:\/\/akweno.ao\/helder2\/product\/enviesada-rosa\/","title":{"rendered":"Enviesada Rosa"},"content":{"rendered":"<p style=\"text-align: justify;\">&#8220;Sobre Enviesada Rosa, destaco desde logo uma est\u00e9tica pr\u00f3pria que corresponde a uma matriz defendida pelo Movimento Litteragris, do qual faz parte o autor, e que, desde h\u00e1 v\u00e1rios anos, atua no campo das Letras com dinamismo crescente e de maneira diversificada. Este movimento \u00e9 tamb\u00e9m respons\u00e1vel pela revista liter\u00e1ria Tunda Vala, um magazine anual, cuja terceira edi\u00e7\u00e3o acaba de ser apresentada ao p\u00fablico. Trata-se de um grupo de jovens autores e\/ou acad\u00e9micos, que defende um conjunto de princ\u00edpios est\u00e9ticos, os quais podem ser consultados no seu manifesto; opto portanto por n\u00e3o me debru\u00e7ar sobre eles por ora, mantendo o foco na presente obra.<\/p>\n<p style=\"text-align: justify;\">Encontro aqui uma linguagem simb\u00f3lica com profus\u00e3o de termos que remetem para Angola, como espa\u00e7o geogr\u00e1fico e lingu\u00edstico, de partilha hist\u00f3rica e de viv\u00eancias. Numerosas s\u00e3o as refer\u00eancias \u00e0 terra natal, ou \u00e0s suas diversificadas tradi\u00e7\u00f5es (sugerindo quase uma delimita\u00e7\u00e3o geogr\u00e1fica com um percurso mape\u00e1vel), criando espa\u00e7o e ambiente para exaltar a figura da mulher, nomeadamente africana; surge, em cada novo texto, uma envolv\u00eancia de sensualidade e desejo contido (e simultaneamente transbordante), evocando imagens originais, ora suaves, ora palp\u00e1veis e multidimensionais, de um erotismo com cheiro a terra, a rio, a rochedos, a quedas de \u00e1gua e a floresta.&#8221;<\/p>\n<p>&nbsp;<\/p>\n<h4><strong><a class=\"m-a-box-name-url \" href=\"https:\/\/artesecontextos.pt\/author\/luisa-fresta\/\">Luisa Fresta<\/a><\/strong><\/h4>\n","protected":false},"excerpt":{"rendered":"<p>INIC, vencedora do Pr\u00e9mio Liter\u00e1rio Ant\u00f3nio Jacinto 2017..<\/p>\n<h4 class=\"fl-title-vc-work title_default\">Resumo do projeto.<\/h4>\n<ul>\n<li class=\"fl-left-content fl-work-info-title\">Autor :H\u00e9lder Simbad<\/li>\n<li>\n<div class=\"fl-left-content fl-work-info-title\">Idioma \u200f : \u200ePortugu\u00eas<\/div>\n<\/li>\n<li>\n<div class=\"fl-left-content fl-work-info-title\">Vers\u00e3o Digital : \u200e59 p\u00e1ginas<\/div>\n<\/li>\n<\/ul>\n<p><button><a href=\"https:\/\/akweno.ao\/simbad\/wp-content\/uploads\/2024\/01\/ENVIESADA-ROSA-para-enviar-compactado.pdf\">BAIXAR VERS\u00c3O PDF<\/a><\/button><\/p>\n","protected":false},"featured_media":9648,"comment_status":"open","ping_status":"closed","template":"","meta":[],"product_brand":[],"product_cat":[179,176],"product_tag":[175],"class_list":{"0":"post-1189","1":"product","2":"type-product","3":"status-publish","4":"has-post-thumbnail","6":"product_cat-poesia","7":"product_cat-todos","8":"product_tag-literarios","10":"first","11":"instock","12":"featured","13":"shipping-taxable","14":"product-type-external"},"aioseo_notices":[],"_links":{"self":[{"href":"https:\/\/akweno.ao\/helder2\/wp-json\/wp\/v2\/product\/1189","targetHints":{"allow":["GET"]}}],"collection":[{"href":"https:\/\/akweno.ao\/helder2\/wp-json\/wp\/v2\/product"}],"about":[{"href":"https:\/\/akweno.ao\/helder2\/wp-json\/wp\/v2\/types\/product"}],"replies":[{"embeddable":true,"href":"https:\/\/akweno.ao\/helder2\/wp-json\/wp\/v2\/comments?post=1189"}],"wp:featuredmedia":[{"embeddable":true,"href":"https:\/\/akweno.ao\/helder2\/wp-json\/wp\/v2\/media\/9648"}],"wp:attachment":[{"href":"https:\/\/akweno.ao\/helder2\/wp-json\/wp\/v2\/media?parent=1189"}],"wp:term":[{"taxonomy":"product_brand","embeddable":true,"href":"https:\/\/akweno.ao\/helder2\/wp-json\/wp\/v2\/product_brand?post=1189"},{"taxonomy":"product_cat","embeddable":true,"href":"https:\/\/akweno.ao\/helder2\/wp-json\/wp\/v2\/product_cat?post=1189"},{"taxonomy":"product_tag","embeddable":true,"href":"https:\/\/akweno.ao\/helder2\/wp-json\/wp\/v2\/product_tag?post=1189"}],"curies":[{"name":"wp","href":"https:\/\/api.w.org\/{rel}","templated":true}]}}