{"id":1188,"date":"2024-01-05T07:28:11","date_gmt":"2024-01-05T07:28:11","guid":{"rendered":"https:\/\/demo.wpthemego.com\/themes\/sw_emarket\/layout20\/?post_type=product&amp;p=1188"},"modified":"2024-01-05T07:28:11","modified_gmt":"2024-01-05T07:28:11","slug":"insurreicao-dos-signos","status":"publish","type":"product","link":"https:\/\/akweno.ao\/helder2\/product\/insurreicao-dos-signos\/","title":{"rendered":"Insurrei\u00e7\u00e3o Dos Signos"},"content":{"rendered":"<div class=\"fl_custom_text__block vc_custom_1705868111198\">\n<p style=\"text-align: left;\">Perfil Criativo, Lisboa, 2018, finalista da Primeira edi\u00e7\u00e3o do dst\/Cam\u00f5es-Angola).<\/p>\n<\/div>\n<div class=\"fl_custom_text__block vc_custom_1705868722386\">\n<p style=\"text-align: justify;\">Insurrei\u00e7\u00e3o dos Signos serve-nos como um palco que nos remete a assistir ao surgimento de conceber com o poder da mente e dos dedos uma nova forma de fazer poesia em Angola.<\/p>\n<p style=\"text-align: justify;\">Sem desprimor ao material literatura j\u00e1 existente, o escrito, H\u00e9lder Simbad ou Ybynda Kayambu, ressurge neste poem\u00e1rio novos signos ou t\u00e9cnicas e est\u00e9ticas de informar ao leitor atrav\u00e9s duns sujeitos po\u00e9ticos, com os modos expressivos c\u00f3micos, dram\u00e1ticos, did\u00e1cticos e, profundamente, pol\u00edticos, os grandes problemas que atrasam o progresso da terra do autor e dos demais pa\u00edses africanos e do mundo.<\/p>\n<p>&nbsp;<\/p>\n<\/div>\n<p><strong>AC Khamba, escritor e cr\u00edtico liter\u00e1rio<\/strong><\/p>\n","protected":false},"excerpt":{"rendered":"<p>Perfil Criativo, Lisboa, 2018, finalista da Primeira edi\u00e7\u00e3o do dst\/Cam\u00f5es-Angola).<\/p>\n<h4 class=\"fl-title-vc-work title_default\">Resumo do projeto.<\/h4>\n<ul>\n<li class=\"fl-left-content fl-work-info-title\">Autor : H\u00e9lder Simbad<\/li>\n<li>\n<div class=\"fl-left-content fl-work-info-title\">Editora : Pontes Editores<\/div>\n<\/li>\n<li>\n<div class=\"fl-left-content fl-work-info-title\">Publicado : \u200e2022<\/div>\n<\/li>\n<li>\n<div class=\"fl-left-content fl-work-info-title\">Local de Publica\u00e7\u00e3o : Brasil<\/div>\n<\/li>\n<li>\n<div class=\"fl-left-content fl-work-info-title\">L\u00edngua \u200f : Portugu\u00eas<\/div>\n<\/li>\n<li>\n<div class=\"fl-left-content fl-work-info-title\">N\u00ba de P\u00e1ginas : 76<\/div>\n<\/li>\n<li>\n<div class=\"fl-left-content fl-work-info-title\">Peso : 150gr \/ 21 x 14 x 0.07<\/div>\n<\/li>\n<li>\n<div class=\"fl-left-content fl-work-info-title\">C\u00f3d. Barras : 9786556372358<\/div>\n<\/li>\n<\/ul>\n","protected":false},"featured_media":9649,"comment_status":"open","ping_status":"closed","template":"","meta":[],"product_brand":[],"product_cat":[179,176],"product_tag":[175],"class_list":{"0":"post-1188","1":"product","2":"type-product","3":"status-publish","4":"has-post-thumbnail","6":"product_cat-poesia","7":"product_cat-todos","8":"product_tag-literarios","10":"first","11":"instock","12":"featured","13":"shipping-taxable","14":"product-type-external"},"aioseo_notices":[],"_links":{"self":[{"href":"https:\/\/akweno.ao\/helder2\/wp-json\/wp\/v2\/product\/1188","targetHints":{"allow":["GET"]}}],"collection":[{"href":"https:\/\/akweno.ao\/helder2\/wp-json\/wp\/v2\/product"}],"about":[{"href":"https:\/\/akweno.ao\/helder2\/wp-json\/wp\/v2\/types\/product"}],"replies":[{"embeddable":true,"href":"https:\/\/akweno.ao\/helder2\/wp-json\/wp\/v2\/comments?post=1188"}],"wp:featuredmedia":[{"embeddable":true,"href":"https:\/\/akweno.ao\/helder2\/wp-json\/wp\/v2\/media\/9649"}],"wp:attachment":[{"href":"https:\/\/akweno.ao\/helder2\/wp-json\/wp\/v2\/media?parent=1188"}],"wp:term":[{"taxonomy":"product_brand","embeddable":true,"href":"https:\/\/akweno.ao\/helder2\/wp-json\/wp\/v2\/product_brand?post=1188"},{"taxonomy":"product_cat","embeddable":true,"href":"https:\/\/akweno.ao\/helder2\/wp-json\/wp\/v2\/product_cat?post=1188"},{"taxonomy":"product_tag","embeddable":true,"href":"https:\/\/akweno.ao\/helder2\/wp-json\/wp\/v2\/product_tag?post=1188"}],"curies":[{"name":"wp","href":"https:\/\/api.w.org\/{rel}","templated":true}]}}