{"id":1187,"date":"2024-01-05T07:27:44","date_gmt":"2024-01-05T07:27:44","guid":{"rendered":"https:\/\/demo.wpthemego.com\/themes\/sw_emarket\/layout20\/?post_type=product&amp;p=1187"},"modified":"2024-01-05T07:27:44","modified_gmt":"2024-01-05T07:27:44","slug":"a-palanca-dos-chifres-dourados","status":"publish","type":"product","link":"https:\/\/akweno.ao\/helder2\/product\/a-palanca-dos-chifres-dourados\/","title":{"rendered":"A Palanca Dos Chifres Dourados"},"content":{"rendered":"<p style=\"text-align: justify;\">A narrativa que se nos apresenta \u00e9 caracterizada pela unicidade dieg\u00e9tica, na medida em que transcende de uma forma simples para uma forma culta de narratividade sob o vi\u00e9s do mito.<\/p>\n<p style=\"text-align: justify;\">O mito, uma cren\u00e7a-verdade, aparece entranhando \u00e0 novela atrav\u00e9s do pensamento protofilos\u00f3fico de um \u00abmi\u00fado escritor\u00bb que, na tentativa de evitar um \u00abporvir nauseabundo e intrigante\u00bb, outorga asas a sua capacidade fant\u00e1stica de criar e convoca um signo imag\u00e9tico que protagoniza a diegese e d\u00e1 t\u00edtulo \u00e0 obra \u2013 A Palanca de Chifres Dourados.<\/p>\n","protected":false},"excerpt":{"rendered":"<p>&nbsp;<\/p>\n<h4 class=\"fl-title-vc-work title_default\">Resumo do projeto<\/h4>\n<ul>\n<li class=\"fl-left-content fl-work-info-title\">Autor : H\u00e9lder Simbad<\/li>\n<li>\n<div class=\"fl-left-content fl-work-info-title\">Editora : Edi\u00e7\u00f5es Handyman<\/div>\n<\/li>\n<li>\n<div class=\"fl-left-content fl-work-info-title\">Publicado\u00a0 : \u200e 2018\/Livro digital<\/div>\n<\/li>\n<li>\n<div class=\"fl-left-content fl-work-info-title\">Local da Publica\u00e7\u00e3o\u200f : \u200e Benguela<\/div>\n<\/li>\n<li>\n<div class=\"fl-left-content fl-work-info-title\">L\u00edngua\u200f : \u200e Portugu\u00eas<\/div>\n<\/li>\n<li>\n<div class=\"fl-left-content fl-work-info-title\">N\u00ba de P\u00e1ginas : \u200e 39<\/div>\n<\/li>\n<\/ul>\n<p><button><a href=\"https:\/\/akweno.ao\/simbad\/wp-content\/uploads\/2024\/01\/A-PALANCA-DE-CHIFRE-DOURADO-compactado.pdf\">BAIXAR VERS\u00c3O PDF<\/a><\/button><\/p>\n","protected":false},"featured_media":9650,"comment_status":"open","ping_status":"closed","template":"","meta":[],"product_brand":[],"product_cat":[180,176],"product_tag":[175],"class_list":{"0":"post-1187","1":"product","2":"type-product","3":"status-publish","4":"has-post-thumbnail","6":"product_cat-prosa","7":"product_cat-todos","8":"product_tag-literarios","10":"first","11":"instock","12":"featured","13":"shipping-taxable","14":"product-type-external"},"aioseo_notices":[],"_links":{"self":[{"href":"https:\/\/akweno.ao\/helder2\/wp-json\/wp\/v2\/product\/1187","targetHints":{"allow":["GET"]}}],"collection":[{"href":"https:\/\/akweno.ao\/helder2\/wp-json\/wp\/v2\/product"}],"about":[{"href":"https:\/\/akweno.ao\/helder2\/wp-json\/wp\/v2\/types\/product"}],"replies":[{"embeddable":true,"href":"https:\/\/akweno.ao\/helder2\/wp-json\/wp\/v2\/comments?post=1187"}],"wp:featuredmedia":[{"embeddable":true,"href":"https:\/\/akweno.ao\/helder2\/wp-json\/wp\/v2\/media\/9650"}],"wp:attachment":[{"href":"https:\/\/akweno.ao\/helder2\/wp-json\/wp\/v2\/media?parent=1187"}],"wp:term":[{"taxonomy":"product_brand","embeddable":true,"href":"https:\/\/akweno.ao\/helder2\/wp-json\/wp\/v2\/product_brand?post=1187"},{"taxonomy":"product_cat","embeddable":true,"href":"https:\/\/akweno.ao\/helder2\/wp-json\/wp\/v2\/product_cat?post=1187"},{"taxonomy":"product_tag","embeddable":true,"href":"https:\/\/akweno.ao\/helder2\/wp-json\/wp\/v2\/product_tag?post=1187"}],"curies":[{"name":"wp","href":"https:\/\/api.w.org\/{rel}","templated":true}]}}