{"id":3090,"date":"2025-04-14T20:30:37","date_gmt":"2025-04-14T20:30:37","guid":{"rendered":"https:\/\/akweno.ao\/helder2\/?page_id=3090"},"modified":"2025-04-15T07:33:23","modified_gmt":"2025-04-15T07:33:23","slug":"fortuna-critica-textos","status":"publish","type":"page","link":"https:\/\/akweno.ao\/helder2\/fortuna-critica-textos\/","title":{"rendered":"Fortuna Cr\u00edtica &#8211; Textos"},"content":{"rendered":"\t\t<div data-elementor-type=\"wp-page\" data-elementor-id=\"3090\" class=\"elementor elementor-3090\">\n\t\t\t\t<div class=\"elementor-element elementor-element-d8652af e-con-full e-flex e-con e-parent\" data-id=\"d8652af\" data-element_type=\"container\">\n\t\t<div class=\"elementor-element elementor-element-b8b8725 e-con-full e-flex e-con e-child\" data-id=\"b8b8725\" data-element_type=\"container\">\n\t\t\t\t<div class=\"elementor-element elementor-element-4725884 elementor-widget elementor-widget-spacer\" data-id=\"4725884\" data-element_type=\"widget\" data-widget_type=\"spacer.default\">\n\t\t\t\t<div class=\"elementor-widget-container\">\n\t\t\t\t\t\t\t<div class=\"elementor-spacer\">\n\t\t\t<div class=\"elementor-spacer-inner\"><\/div>\n\t\t<\/div>\n\t\t\t\t\t\t<\/div>\n\t\t\t\t<\/div>\n\t\t\t\t<\/div>\n\t\t<div class=\"elementor-element elementor-element-0d6d06d e-con-full e-flex e-con e-child\" data-id=\"0d6d06d\" data-element_type=\"container\">\n\t\t\t\t<div class=\"elementor-element elementor-element-d364206 elementor-widget elementor-widget-spacer\" data-id=\"d364206\" data-element_type=\"widget\" data-widget_type=\"spacer.default\">\n\t\t\t\t<div class=\"elementor-widget-container\">\n\t\t\t\t\t\t\t<div class=\"elementor-spacer\">\n\t\t\t<div class=\"elementor-spacer-inner\"><\/div>\n\t\t<\/div>\n\t\t\t\t\t\t<\/div>\n\t\t\t\t<\/div>\n\t\t\t\t<\/div>\n\t\t\t\t<\/div>\n\t\t<div class=\"elementor-element elementor-element-0fccfd3 e-flex e-con-boxed e-con e-parent\" data-id=\"0fccfd3\" data-element_type=\"container\">\n\t\t\t\t\t<div class=\"e-con-inner\">\n\t\t<div class=\"elementor-element elementor-element-c33e58e e-con-full e-flex e-con e-child\" data-id=\"c33e58e\" data-element_type=\"container\">\n\t\t\t\t<div class=\"elementor-element elementor-element-513191a elementor-widget__width-initial elementor-widget elementor-widget-sidebar\" data-id=\"513191a\" data-element_type=\"widget\" data-widget_type=\"sidebar.default\">\n\t\t\t\t<div class=\"elementor-widget-container\">\n\t\t\t\t\t<aside id=\"nav_menu-11\" class=\"widget-sidebar widget widget_nav_menu widgets-sidebar\"><div class=\"widget-title\"><h3>Resenhas e Artigos<\/h3><\/div><div class=\"menu-fortuna-critica-container\"><ul id=\"menu-fortuna-critica\" class=\"menu\"><li id=\"menu-item-3246\" class=\"menu-item menu-item-type-post_type menu-item-object-page menu-item-3246\"><a href=\"https:\/\/akweno.ao\/helder2\/fortuna-critica-videos\/\">Em V\u00eddeos<\/a><\/li>\n<li id=\"menu-item-3244\" class=\"menu-item menu-item-type-post_type menu-item-object-page menu-item-3244\"><a href=\"https:\/\/akweno.ao\/helder2\/fortuna-critica-textos\/\">Em Textos e Links<\/a><\/li>\n<li id=\"menu-item-3245\" class=\"menu-item menu-item-type-post_type menu-item-object-page menu-item-3245\"><a href=\"https:\/\/akweno.ao\/helder2\/fortuna-critica-imagens\/\">Em Imagens<\/a><\/li>\n<li id=\"menu-item-3243\" class=\"menu-item menu-item-type-post_type menu-item-object-page menu-item-3243\"><a href=\"https:\/\/akweno.ao\/helder2\/fortuna-critica-depoimentos\/\">Depoimentos<\/a><\/li>\n<\/ul><\/div><\/aside>\t\t\t\t<\/div>\n\t\t\t\t<\/div>\n\t\t\t\t<\/div>\n\t\t<div class=\"elementor-element elementor-element-8be8728 e-con-full e-flex e-con e-child\" data-id=\"8be8728\" data-element_type=\"container\">\n\t\t\t\t<div class=\"elementor-element elementor-element-12615b2 elementor-widget elementor-widget-axilnews-post-list\" data-id=\"12615b2\" data-element_type=\"widget\" data-widget_type=\"axilnews-post-list.default\">\n\t\t\t\t<div class=\"elementor-widget-container\">\n\t\t\t\t\t<div class=\"axil-recent-news\">\t\n    <div class=\"section-title d-flex m-b-xs-20\">\n                <h2 class=\"axil-title axil-title__mid\"><\/h2>\n        <\/div>\n\n\n\t<div class=\"recent-news-holder\">\n\t\t\t\t<div class=\"media post-block m-b-xs-30\">\n                \n\t\t\t\t<div class=\"media-body\">\n\t\t\t\t\t<div class=\"post-cat-group m-b-xs-10\">\t\n\t\t\t\t\t\t\t\t\t\t\t<\/div>\t\t\t\t\t\n\t\t\t\t\t<h3 class=\"axil-post-title hover-line hover-line\">\n\t\t\t\t\t\t\t<a href=\"https:\/\/akweno.ao\/helder2\/2024\/05\/15\/poesia-erotica-africana-premio-literario-antonio-jacinto-2017\/\">Poesia Er\u00f3tica Africana \u2013 Pr\u00e9mio Liter\u00e1rio Ant\u00f3nio Jacinto, 2017<\/a>\n\t\t\t\t\t\t<\/h3>\n\n\t\t\t\t\t                <div class=\"post-metas caption-meta\">\r\n            <ul class=\"list-inline\">\r\n                                                    <li><i class=\"dot\">.<\/i> 15 de Maio, 2024<\/li>\r\n                                                                                            <\/ul>\r\n        <\/div>\r\n    \t\n\t\t\t\t<\/div>\n\t\t\t<\/div>\t\n\t\t\t\t\t<div class=\"media post-block m-b-xs-30\">\n                \n\t\t\t\t<div class=\"media-body\">\n\t\t\t\t\t<div class=\"post-cat-group m-b-xs-10\">\t\n\t\t\t\t\t\t\t\t\t\t\t<\/div>\t\t\t\t\t\n\t\t\t\t\t<h3 class=\"axil-post-title hover-line hover-line\">\n\t\t\t\t\t\t\t<a href=\"https:\/\/akweno.ao\/helder2\/2024\/05\/15\/enviesada-rosa-poesia-erotica-africana\/\">Enviesada Rosa, Poesia Er\u00f3tica Africana<\/a>\n\t\t\t\t\t\t<\/h3>\n\n\t\t\t\t\t                <div class=\"post-metas caption-meta\">\r\n            <ul class=\"list-inline\">\r\n                                                    <li><i class=\"dot\">.<\/i> 15 de Maio, 2024<\/li>\r\n                                                                                            <\/ul>\r\n        <\/div>\r\n    \t\n\t\t\t\t<\/div>\n\t\t\t<\/div>\t\n\t\t\t\t\t<div class=\"media post-block m-b-xs-30\">\n                \n\t\t\t\t<div class=\"media-body\">\n\t\t\t\t\t<div class=\"post-cat-group m-b-xs-10\">\t\n\t\t\t\t\t\t\t\t\t\t\t<\/div>\t\t\t\t\t\n\t\t\t\t\t<h3 class=\"axil-post-title hover-line hover-line\">\n\t\t\t\t\t\t\t<a href=\"https:\/\/akweno.ao\/helder2\/2019\/05\/25\/a-rebeliao-de-helder-simbad\/\">A rebeli\u00e3o de H\u00e9lder Simbad<\/a>\n\t\t\t\t\t\t<\/h3>\n\n\t\t\t\t\t                <div class=\"post-metas caption-meta\">\r\n            <ul class=\"list-inline\">\r\n                                                    <li><i class=\"dot\">.<\/i> 25 de Maio, 2019<\/li>\r\n                                                                                            <\/ul>\r\n        <\/div>\r\n    \t\n\t\t\t\t<\/div>\n\t\t\t<\/div>\t\n\t\t\t\t\t\t\t<div class=\"row\"><div class=\"mt20 col-sm-12 col-xs-12 pagination-wrapper\"><\/div><\/div>\n\t\t\t\n\t\t\t<\/div>\n<\/div>\t\t\t\t<\/div>\n\t\t\t\t<\/div>\n\t\t\t\t<\/div>\n\t\t\t\t\t<\/div>\n\t\t\t\t<\/div>\n\t\t\t\t<\/div>\n\t\t","protected":false},"excerpt":{"rendered":"<p>Erotismo E Representa\u00e7\u00e3o Da Mulher Em Enviesada Rosa De H\u00e9lder Simbad . 17 de Maio, 2024 Poesia Er\u00f3tica Africana \u2013 Pr\u00e9mio Liter\u00e1rio Ant\u00f3nio Jacinto, 2017<\/p>\n","protected":false},"author":1,"featured_media":0,"parent":0,"menu_order":0,"comment_status":"closed","ping_status":"closed","template":"","meta":{"footnotes":""},"class_list":["post-3090","page","type-page","status-publish","hentry"],"aioseo_notices":[],"_links":{"self":[{"href":"https:\/\/akweno.ao\/helder2\/wp-json\/wp\/v2\/pages\/3090","targetHints":{"allow":["GET"]}}],"collection":[{"href":"https:\/\/akweno.ao\/helder2\/wp-json\/wp\/v2\/pages"}],"about":[{"href":"https:\/\/akweno.ao\/helder2\/wp-json\/wp\/v2\/types\/page"}],"author":[{"embeddable":true,"href":"https:\/\/akweno.ao\/helder2\/wp-json\/wp\/v2\/users\/1"}],"replies":[{"embeddable":true,"href":"https:\/\/akweno.ao\/helder2\/wp-json\/wp\/v2\/comments?post=3090"}],"version-history":[{"count":28,"href":"https:\/\/akweno.ao\/helder2\/wp-json\/wp\/v2\/pages\/3090\/revisions"}],"predecessor-version":[{"id":3292,"href":"https:\/\/akweno.ao\/helder2\/wp-json\/wp\/v2\/pages\/3090\/revisions\/3292"}],"wp:attachment":[{"href":"https:\/\/akweno.ao\/helder2\/wp-json\/wp\/v2\/media?parent=3090"}],"curies":[{"name":"wp","href":"https:\/\/api.w.org\/{rel}","templated":true}]}}