{"id":3089,"date":"2025-04-14T20:30:17","date_gmt":"2025-04-14T20:30:17","guid":{"rendered":"https:\/\/akweno.ao\/helder2\/?page_id=3089"},"modified":"2025-04-14T20:47:12","modified_gmt":"2025-04-14T20:47:12","slug":"fortuna-critica-imagens","status":"publish","type":"page","link":"https:\/\/akweno.ao\/helder2\/fortuna-critica-imagens\/","title":{"rendered":"Fortuna Cr\u00edtica &#8211; Imagens"},"content":{"rendered":"\t\t<div data-elementor-type=\"wp-page\" data-elementor-id=\"3089\" class=\"elementor elementor-3089\">\n\t\t\t\t<div class=\"elementor-element elementor-element-d8652af e-con-full e-flex e-con e-parent\" data-id=\"d8652af\" data-element_type=\"container\">\n\t\t<div class=\"elementor-element elementor-element-b8b8725 e-con-full e-flex e-con e-child\" data-id=\"b8b8725\" data-element_type=\"container\">\n\t\t\t\t<div class=\"elementor-element elementor-element-4725884 elementor-widget elementor-widget-spacer\" data-id=\"4725884\" data-element_type=\"widget\" data-widget_type=\"spacer.default\">\n\t\t\t\t<div class=\"elementor-widget-container\">\n\t\t\t\t\t\t\t<div class=\"elementor-spacer\">\n\t\t\t<div class=\"elementor-spacer-inner\"><\/div>\n\t\t<\/div>\n\t\t\t\t\t\t<\/div>\n\t\t\t\t<\/div>\n\t\t\t\t<\/div>\n\t\t<div class=\"elementor-element elementor-element-0d6d06d e-con-full e-flex e-con e-child\" data-id=\"0d6d06d\" data-element_type=\"container\">\n\t\t\t\t<div class=\"elementor-element elementor-element-d364206 elementor-widget elementor-widget-spacer\" data-id=\"d364206\" data-element_type=\"widget\" data-widget_type=\"spacer.default\">\n\t\t\t\t<div class=\"elementor-widget-container\">\n\t\t\t\t\t\t\t<div class=\"elementor-spacer\">\n\t\t\t<div class=\"elementor-spacer-inner\"><\/div>\n\t\t<\/div>\n\t\t\t\t\t\t<\/div>\n\t\t\t\t<\/div>\n\t\t\t\t<\/div>\n\t\t\t\t<\/div>\n\t\t<div class=\"elementor-element elementor-element-0fccfd3 e-flex e-con-boxed e-con e-parent\" data-id=\"0fccfd3\" data-element_type=\"container\">\n\t\t\t\t\t<div class=\"e-con-inner\">\n\t\t<div class=\"elementor-element elementor-element-c33e58e e-con-full e-flex e-con e-child\" data-id=\"c33e58e\" data-element_type=\"container\">\n\t\t\t\t<div class=\"elementor-element elementor-element-513191a elementor-widget__width-initial elementor-widget elementor-widget-sidebar\" data-id=\"513191a\" data-element_type=\"widget\" data-widget_type=\"sidebar.default\">\n\t\t\t\t<div class=\"elementor-widget-container\">\n\t\t\t\t\t<aside id=\"nav_menu-11\" class=\"widget-sidebar widget widget_nav_menu widgets-sidebar\"><div class=\"widget-title\"><h3>Resenhas e Artigos<\/h3><\/div><div class=\"menu-fortuna-critica-container\"><ul id=\"menu-fortuna-critica\" class=\"menu\"><li id=\"menu-item-3246\" class=\"menu-item menu-item-type-post_type menu-item-object-page menu-item-3246\"><a href=\"https:\/\/akweno.ao\/helder2\/fortuna-critica-videos\/\">Em V\u00eddeos<\/a><\/li>\n<li id=\"menu-item-3244\" class=\"menu-item menu-item-type-post_type menu-item-object-page menu-item-3244\"><a href=\"https:\/\/akweno.ao\/helder2\/fortuna-critica-textos\/\">Em Textos e Links<\/a><\/li>\n<li id=\"menu-item-3245\" class=\"menu-item menu-item-type-post_type menu-item-object-page menu-item-3245\"><a href=\"https:\/\/akweno.ao\/helder2\/fortuna-critica-imagens\/\">Em Imagens<\/a><\/li>\n<li id=\"menu-item-3243\" class=\"menu-item menu-item-type-post_type menu-item-object-page menu-item-3243\"><a href=\"https:\/\/akweno.ao\/helder2\/fortuna-critica-depoimentos\/\">Depoimentos<\/a><\/li>\n<\/ul><\/div><\/aside>\t\t\t\t<\/div>\n\t\t\t\t<\/div>\n\t\t\t\t<\/div>\n\t\t<div class=\"elementor-element elementor-element-8be8728 e-con-full e-flex e-con e-child\" data-id=\"8be8728\" data-element_type=\"container\">\n\t\t<div class=\"elementor-element elementor-element-57e1ec9 e-grid e-con-full e-con e-child\" data-id=\"57e1ec9\" data-element_type=\"container\">\n\t\t\t\t<div class=\"elementor-element elementor-element-79f410f elementor-widget elementor-widget-image\" data-id=\"79f410f\" data-element_type=\"widget\" data-widget_type=\"image.default\">\n\t\t\t\t<div class=\"elementor-widget-container\">\n\t\t\t\t\t\t\t\t\t\t\t\t<figure class=\"wp-caption\">\n\t\t\t\t\t\t\t\t\t\t\t<a href=\"https:\/\/epito-reporter.com\/?p=2092\">\n\t\t\t\t\t\t\t<img fetchpriority=\"high\" decoding=\"async\" width=\"800\" height=\"445\" src=\"https:\/\/akweno.ao\/helder2\/wp-content\/uploads\/2025\/04\/Aimage9.jpeg\" class=\"attachment-large size-large wp-image-3096\" alt=\"\" srcset=\"https:\/\/akweno.ao\/helder2\/wp-content\/uploads\/2025\/04\/Aimage9.jpeg 800w, https:\/\/akweno.ao\/helder2\/wp-content\/uploads\/2025\/04\/Aimage9-300x167.jpeg 300w, https:\/\/akweno.ao\/helder2\/wp-content\/uploads\/2025\/04\/Aimage9-260x145.jpeg 260w, https:\/\/akweno.ao\/helder2\/wp-content\/uploads\/2025\/04\/Aimage9-768x427.jpeg 768w\" sizes=\"(max-width: 800px) 100vw, 800px\" \/>\t\t\t\t\t\t\t\t<\/a>\n\t\t\t\t\t\t\t\t\t\t\t<figcaption class=\"widget-image-caption wp-caption-text\">Helder Simbad: Coloca Obra Cientifica em disposi\u00e7\u00e3o do p\u00fablico acad\u00e9mico<\/figcaption>\n\t\t\t\t\t\t\t\t\t\t<\/figure>\n\t\t\t\t\t\t\t\t\t<\/div>\n\t\t\t\t<\/div>\n\t\t\t\t<div class=\"elementor-element elementor-element-cd7429b elementor-widget elementor-widget-image\" data-id=\"cd7429b\" data-element_type=\"widget\" data-widget_type=\"image.default\">\n\t\t\t\t<div class=\"elementor-widget-container\">\n\t\t\t\t\t\t\t\t\t\t\t\t<figure class=\"wp-caption\">\n\t\t\t\t\t\t\t\t\t\t\t<a href=\"https:\/\/www.jornaldeangola.ao\/ao\/noticias\/detalhes.php?id=395116%20\">\n\t\t\t\t\t\t\t<img decoding=\"async\" width=\"800\" height=\"445\" src=\"https:\/\/akweno.ao\/helder2\/wp-content\/uploads\/2025\/04\/Aimage1.jpeg\" class=\"attachment-large size-large wp-image-3109\" alt=\"\" srcset=\"https:\/\/akweno.ao\/helder2\/wp-content\/uploads\/2025\/04\/Aimage1.jpeg 800w, https:\/\/akweno.ao\/helder2\/wp-content\/uploads\/2025\/04\/Aimage1-300x167.jpeg 300w, https:\/\/akweno.ao\/helder2\/wp-content\/uploads\/2025\/04\/Aimage1-260x145.jpeg 260w, https:\/\/akweno.ao\/helder2\/wp-content\/uploads\/2025\/04\/Aimage1-768x427.jpeg 768w\" sizes=\"(max-width: 800px) 100vw, 800px\" \/>\t\t\t\t\t\t\t\t<\/a>\n\t\t\t\t\t\t\t\t\t\t\t<figcaption class=\"widget-image-caption wp-caption-text\">Autor H\u00e9lder Simbad recebeu a distin\u00e7\u00e3o<\/figcaption>\n\t\t\t\t\t\t\t\t\t\t<\/figure>\n\t\t\t\t\t\t\t\t\t<\/div>\n\t\t\t\t<\/div>\n\t\t\t\t<div class=\"elementor-element elementor-element-1a9e721 elementor-widget elementor-widget-image\" data-id=\"1a9e721\" data-element_type=\"widget\" data-widget_type=\"image.default\">\n\t\t\t\t<div class=\"elementor-widget-container\">\n\t\t\t\t\t\t\t\t\t\t\t\t<figure class=\"wp-caption\">\n\t\t\t\t\t\t\t\t\t\t\t<a href=\"https:\/\/www.istoenoticia.info\/tag\/helder-simbad-angola\/\">\n\t\t\t\t\t\t\t<img decoding=\"async\" width=\"800\" height=\"445\" src=\"https:\/\/akweno.ao\/helder2\/wp-content\/uploads\/2025\/04\/Aimage7.jpeg\" class=\"attachment-large size-large wp-image-3113\" alt=\"\" srcset=\"https:\/\/akweno.ao\/helder2\/wp-content\/uploads\/2025\/04\/Aimage7.jpeg 800w, https:\/\/akweno.ao\/helder2\/wp-content\/uploads\/2025\/04\/Aimage7-300x167.jpeg 300w, https:\/\/akweno.ao\/helder2\/wp-content\/uploads\/2025\/04\/Aimage7-260x145.jpeg 260w, https:\/\/akweno.ao\/helder2\/wp-content\/uploads\/2025\/04\/Aimage7-768x427.jpeg 768w\" sizes=\"(max-width: 800px) 100vw, 800px\" \/>\t\t\t\t\t\t\t\t<\/a>\n\t\t\t\t\t\t\t\t\t\t\t<figcaption class=\"widget-image-caption wp-caption-text\">Candidaturas para o Pr\u00e9mio de Revela\u00e7\u00e3o Liter\u00e1ria UCCLA em L\u00edngua<\/figcaption>\n\t\t\t\t\t\t\t\t\t\t<\/figure>\n\t\t\t\t\t\t\t\t\t<\/div>\n\t\t\t\t<\/div>\n\t\t\t\t<div class=\"elementor-element elementor-element-4d894ac elementor-widget elementor-widget-image\" data-id=\"4d894ac\" data-element_type=\"widget\" data-widget_type=\"image.default\">\n\t\t\t\t<div class=\"elementor-widget-container\">\n\t\t\t\t\t\t\t\t\t\t\t\t<figure class=\"wp-caption\">\n\t\t\t\t\t\t\t\t\t\t\t<a href=\"https:\/\/www.jornaldeangola.ao\/ao\/noticias\/detalhes.php?id=379201%20\">\n\t\t\t\t\t\t\t<img loading=\"lazy\" decoding=\"async\" width=\"800\" height=\"445\" src=\"https:\/\/akweno.ao\/helder2\/wp-content\/uploads\/2025\/04\/Aimage6.jpeg\" class=\"attachment-large size-large wp-image-3117\" alt=\"\" srcset=\"https:\/\/akweno.ao\/helder2\/wp-content\/uploads\/2025\/04\/Aimage6.jpeg 800w, https:\/\/akweno.ao\/helder2\/wp-content\/uploads\/2025\/04\/Aimage6-300x167.jpeg 300w, https:\/\/akweno.ao\/helder2\/wp-content\/uploads\/2025\/04\/Aimage6-260x145.jpeg 260w, https:\/\/akweno.ao\/helder2\/wp-content\/uploads\/2025\/04\/Aimage6-768x427.jpeg 768w\" sizes=\"(max-width: 800px) 100vw, 800px\" \/>\t\t\t\t\t\t\t\t<\/a>\n\t\t\t\t\t\t\t\t\t\t\t<figcaption class=\"widget-image-caption wp-caption-text\">H\u00e9lder Simbad distinguido no Brasil<\/figcaption>\n\t\t\t\t\t\t\t\t\t\t<\/figure>\n\t\t\t\t\t\t\t\t\t<\/div>\n\t\t\t\t<\/div>\n\t\t\t\t<div class=\"elementor-element elementor-element-34828e0 elementor-widget elementor-widget-image\" data-id=\"34828e0\" data-element_type=\"widget\" data-widget_type=\"image.default\">\n\t\t\t\t<div class=\"elementor-widget-container\">\n\t\t\t\t\t\t\t\t\t\t\t\t<figure class=\"wp-caption\">\n\t\t\t\t\t\t\t\t\t\t\t<a href=\"https:\/\/www.revistaprosaversoearte.com\/helder-simbad-poemas\/\">\n\t\t\t\t\t\t\t<img loading=\"lazy\" decoding=\"async\" width=\"800\" height=\"445\" src=\"https:\/\/akweno.ao\/helder2\/wp-content\/uploads\/2025\/04\/Aimage5.png\" class=\"attachment-large size-large wp-image-3121\" alt=\"\" srcset=\"https:\/\/akweno.ao\/helder2\/wp-content\/uploads\/2025\/04\/Aimage5.png 800w, https:\/\/akweno.ao\/helder2\/wp-content\/uploads\/2025\/04\/Aimage5-300x167.png 300w, https:\/\/akweno.ao\/helder2\/wp-content\/uploads\/2025\/04\/Aimage5-260x145.png 260w, https:\/\/akweno.ao\/helder2\/wp-content\/uploads\/2025\/04\/Aimage5-768x427.png 768w\" sizes=\"(max-width: 800px) 100vw, 800px\" \/>\t\t\t\t\t\t\t\t<\/a>\n\t\t\t\t\t\t\t\t\t\t\t<figcaption class=\"widget-image-caption wp-caption-text\">H\u00e9lder Simbad \u2013 poemas<\/figcaption>\n\t\t\t\t\t\t\t\t\t\t<\/figure>\n\t\t\t\t\t\t\t\t\t<\/div>\n\t\t\t\t<\/div>\n\t\t\t\t<div class=\"elementor-element elementor-element-6d59454 elementor-widget elementor-widget-image\" data-id=\"6d59454\" data-element_type=\"widget\" data-widget_type=\"image.default\">\n\t\t\t\t<div class=\"elementor-widget-container\">\n\t\t\t\t\t\t\t\t\t\t\t\t<figure class=\"wp-caption\">\n\t\t\t\t\t\t\t\t\t\t\t<a href=\"https:\/\/www.jornaldeangola.ao\/ao\/noticias\/helder-simbad-defende-criacao-de-revistas-nas-universidades\/%20\">\n\t\t\t\t\t\t\t<img loading=\"lazy\" decoding=\"async\" width=\"800\" height=\"445\" src=\"https:\/\/akweno.ao\/helder2\/wp-content\/uploads\/2025\/04\/Aimage3.png\" class=\"attachment-large size-large wp-image-3125\" alt=\"\" srcset=\"https:\/\/akweno.ao\/helder2\/wp-content\/uploads\/2025\/04\/Aimage3.png 800w, https:\/\/akweno.ao\/helder2\/wp-content\/uploads\/2025\/04\/Aimage3-300x167.png 300w, https:\/\/akweno.ao\/helder2\/wp-content\/uploads\/2025\/04\/Aimage3-260x145.png 260w, https:\/\/akweno.ao\/helder2\/wp-content\/uploads\/2025\/04\/Aimage3-768x427.png 768w\" sizes=\"(max-width: 800px) 100vw, 800px\" \/>\t\t\t\t\t\t\t\t<\/a>\n\t\t\t\t\t\t\t\t\t\t\t<figcaption class=\"widget-image-caption wp-caption-text\">Helder Simbad defende cria\u00e7\u00e3o de revistas nas universidades<\/figcaption>\n\t\t\t\t\t\t\t\t\t\t<\/figure>\n\t\t\t\t\t\t\t\t\t<\/div>\n\t\t\t\t<\/div>\n\t\t\t\t<\/div>\n\t\t\t\t<\/div>\n\t\t\t\t\t<\/div>\n\t\t\t\t<\/div>\n\t\t\t\t<\/div>\n\t\t","protected":false},"excerpt":{"rendered":"<p>Helder Simbad: Coloca Obra Cientifica em disposi\u00e7\u00e3o do p\u00fablico acad\u00e9mico Autor H\u00e9lder Simbad recebeu a distin\u00e7\u00e3o Candidaturas para o Pr\u00e9mio de Revela\u00e7\u00e3o Liter\u00e1ria UCCLA em<\/p>\n","protected":false},"author":1,"featured_media":0,"parent":0,"menu_order":0,"comment_status":"closed","ping_status":"closed","template":"","meta":{"footnotes":""},"class_list":["post-3089","page","type-page","status-publish","hentry"],"aioseo_notices":[],"_links":{"self":[{"href":"https:\/\/akweno.ao\/helder2\/wp-json\/wp\/v2\/pages\/3089","targetHints":{"allow":["GET"]}}],"collection":[{"href":"https:\/\/akweno.ao\/helder2\/wp-json\/wp\/v2\/pages"}],"about":[{"href":"https:\/\/akweno.ao\/helder2\/wp-json\/wp\/v2\/types\/page"}],"author":[{"embeddable":true,"href":"https:\/\/akweno.ao\/helder2\/wp-json\/wp\/v2\/users\/1"}],"replies":[{"embeddable":true,"href":"https:\/\/akweno.ao\/helder2\/wp-json\/wp\/v2\/comments?post=3089"}],"version-history":[{"count":43,"href":"https:\/\/akweno.ao\/helder2\/wp-json\/wp\/v2\/pages\/3089\/revisions"}],"predecessor-version":[{"id":3143,"href":"https:\/\/akweno.ao\/helder2\/wp-json\/wp\/v2\/pages\/3089\/revisions\/3143"}],"wp:attachment":[{"href":"https:\/\/akweno.ao\/helder2\/wp-json\/wp\/v2\/media?parent=3089"}],"curies":[{"name":"wp","href":"https:\/\/api.w.org\/{rel}","templated":true}]}}