{"id":3028,"date":"2025-04-14T19:36:30","date_gmt":"2025-04-14T19:36:30","guid":{"rendered":"https:\/\/akweno.ao\/helder2\/?page_id=3028"},"modified":"2025-04-14T20:30:05","modified_gmt":"2025-04-14T20:30:05","slug":"fortuna-critica-videos","status":"publish","type":"page","link":"https:\/\/akweno.ao\/helder2\/fortuna-critica-videos\/","title":{"rendered":"Fortuna Cr\u00edtica &#8211; V\u00eddeos"},"content":{"rendered":"\t\t<div data-elementor-type=\"wp-page\" data-elementor-id=\"3028\" class=\"elementor elementor-3028\">\n\t\t\t\t<div class=\"elementor-element elementor-element-d8652af e-con-full e-flex e-con e-parent\" data-id=\"d8652af\" data-element_type=\"container\">\n\t\t<div class=\"elementor-element elementor-element-b8b8725 e-con-full e-flex e-con e-child\" data-id=\"b8b8725\" data-element_type=\"container\">\n\t\t\t\t<div class=\"elementor-element elementor-element-4725884 elementor-widget elementor-widget-spacer\" data-id=\"4725884\" data-element_type=\"widget\" data-widget_type=\"spacer.default\">\n\t\t\t\t<div class=\"elementor-widget-container\">\n\t\t\t\t\t\t\t<div class=\"elementor-spacer\">\n\t\t\t<div class=\"elementor-spacer-inner\"><\/div>\n\t\t<\/div>\n\t\t\t\t\t\t<\/div>\n\t\t\t\t<\/div>\n\t\t\t\t<\/div>\n\t\t<div class=\"elementor-element elementor-element-0d6d06d e-con-full e-flex e-con e-child\" data-id=\"0d6d06d\" data-element_type=\"container\">\n\t\t\t\t<div class=\"elementor-element elementor-element-d364206 elementor-widget elementor-widget-spacer\" data-id=\"d364206\" data-element_type=\"widget\" data-widget_type=\"spacer.default\">\n\t\t\t\t<div class=\"elementor-widget-container\">\n\t\t\t\t\t\t\t<div class=\"elementor-spacer\">\n\t\t\t<div class=\"elementor-spacer-inner\"><\/div>\n\t\t<\/div>\n\t\t\t\t\t\t<\/div>\n\t\t\t\t<\/div>\n\t\t\t\t<\/div>\n\t\t\t\t<\/div>\n\t\t<div class=\"elementor-element elementor-element-0fccfd3 e-flex e-con-boxed e-con e-parent\" data-id=\"0fccfd3\" data-element_type=\"container\">\n\t\t\t\t\t<div class=\"e-con-inner\">\n\t\t<div class=\"elementor-element elementor-element-c33e58e e-con-full e-flex e-con e-child\" data-id=\"c33e58e\" data-element_type=\"container\">\n\t\t\t\t<div class=\"elementor-element elementor-element-513191a elementor-widget__width-initial elementor-widget elementor-widget-sidebar\" data-id=\"513191a\" data-element_type=\"widget\" data-widget_type=\"sidebar.default\">\n\t\t\t\t<div class=\"elementor-widget-container\">\n\t\t\t\t\t<aside id=\"nav_menu-11\" class=\"widget-sidebar widget widget_nav_menu widgets-sidebar\"><div class=\"widget-title\"><h3>Resenhas e Artigos<\/h3><\/div><div class=\"menu-fortuna-critica-container\"><ul id=\"menu-fortuna-critica\" class=\"menu\"><li id=\"menu-item-3246\" class=\"menu-item menu-item-type-post_type menu-item-object-page menu-item-3246\"><a href=\"https:\/\/akweno.ao\/helder2\/fortuna-critica-videos\/\">Em V\u00eddeos<\/a><\/li>\n<li id=\"menu-item-3244\" class=\"menu-item menu-item-type-post_type menu-item-object-page menu-item-3244\"><a href=\"https:\/\/akweno.ao\/helder2\/fortuna-critica-textos\/\">Em Textos e Links<\/a><\/li>\n<li id=\"menu-item-3245\" class=\"menu-item menu-item-type-post_type menu-item-object-page menu-item-3245\"><a href=\"https:\/\/akweno.ao\/helder2\/fortuna-critica-imagens\/\">Em Imagens<\/a><\/li>\n<li id=\"menu-item-3243\" class=\"menu-item menu-item-type-post_type menu-item-object-page menu-item-3243\"><a href=\"https:\/\/akweno.ao\/helder2\/fortuna-critica-depoimentos\/\">Depoimentos<\/a><\/li>\n<\/ul><\/div><\/aside>\t\t\t\t<\/div>\n\t\t\t\t<\/div>\n\t\t\t\t<\/div>\n\t\t<div class=\"elementor-element elementor-element-8be8728 e-con-full e-flex e-con e-child\" data-id=\"8be8728\" data-element_type=\"container\">\n\t\t\t\t<div class=\"elementor-element elementor-element-f376b35 elementor-widget__width-initial elementor-widget elementor-widget-shortcode\" data-id=\"f376b35\" data-element_type=\"widget\" data-widget_type=\"shortcode.default\">\n\t\t\t\t<div class=\"elementor-widget-container\">\n\t\t\t\t\t\t\t<div class=\"elementor-shortcode\"><!-- vgwt_print_responsive_video_slider_with_thumbnail_func --><div id=\"divSliderMain_admin_gallery_slider69d0480b1e558\" style=\"max-width:900px;\">\n        <ul id=\"gallery_slider69d0480b1e558\" style=\"visibility: hidden\">\n                     \n                                    <li><img data-poster=\"https:\/\/akweno.ao\/helder2\/wp-content\/uploads\/video-slider-with-thumbnails\/vid_67fd646ad6224.jpg\"  data-vurl=\"\/\/www.youtube.com\/embed\/BTSlmC-hm3I?v=BTSlmC-hm3I\"   data-vtype='youtube'  data-media=\"video\" data-target=\"1\"  data-href=\"\"  src-org=\"https:\/\/akweno.ao\/helder2\/wp-content\/uploads\/video-slider-with-thumbnails\/vid_67fd646ad6224.jpg\"   title=\"INSURREI\u00c7\u00c3O DOS SIGNOS, de H\u00e9lder Simbad | O EQUADOR DAS COISAS | CANAL LITER\u00c1RIO\"    data-description=\"\"   data-description=\"\"  \/><\/li> \n\n                                             \n                                    <li><img data-poster=\"https:\/\/akweno.ao\/helder2\/wp-content\/uploads\/video-slider-with-thumbnails\/vid_67fd64a15fe8d.jpg\"  data-vurl=\"\/\/www.youtube.com\/embed\/OBBhzuUygc8?v=OBBhzuUygc8\"   data-vtype='youtube'  data-media=\"video\" data-target=\"1\"  data-href=\"\"  src-org=\"https:\/\/akweno.ao\/helder2\/wp-content\/uploads\/video-slider-with-thumbnails\/vid_67fd64a15fe8d.jpg\"   title=\"BIOGRAFIA DE H\u00c9LDER SIMBAD | ESCRITORES ANGOLANOS | LITERATURA ANGOLANA\"    data-description=\"\"   data-description=\"\"  \/><\/li> \n\n                                             \n                                    <li><img data-poster=\"https:\/\/akweno.ao\/helder2\/wp-content\/uploads\/video-slider-with-thumbnails\/vid_67fd64cf71cf6.jpg\"  data-vurl=\"\/\/www.youtube.com\/embed\/LylcBqazjm4?v=LylcBqazjm4\"   data-vtype='youtube'  data-media=\"video\" data-target=\"1\"  data-href=\"\"  src-org=\"https:\/\/akweno.ao\/helder2\/wp-content\/uploads\/video-slider-with-thumbnails\/vid_67fd64cf71cf6.jpg\"   title=\"Palavra de Poeta I H\u00e9lder Simbad\"    data-description=\"\"   data-description=\"\"  \/><\/li> \n\n                                             \n                                    <li><img data-poster=\"https:\/\/akweno.ao\/helder2\/wp-content\/uploads\/video-slider-with-thumbnails\/vid_67fd6506c83c3.jpg\"  data-vurl=\"\/\/www.youtube.com\/embed\/H-YXgHTI1_M?v=H-YXgHTI1_M\"   data-vtype='youtube'  data-media=\"video\" data-target=\"1\"  data-href=\"\"  src-org=\"https:\/\/akweno.ao\/helder2\/wp-content\/uploads\/video-slider-with-thumbnails\/vid_67fd6506c83c3.jpg\"   title=\"MULHER IBINDA | POEMA DE H\u00c9LDER SIMBAD | LITERATURA ANGOLANA | CAMINHOS DA LITERATURA\"    data-description=\"\"   data-description=\"\"  \/><\/li> \n\n                                             \n                                    <li><img data-poster=\"https:\/\/akweno.ao\/helder2\/wp-content\/uploads\/video-slider-with-thumbnails\/vid_67fd65341ed7b.jpg\"  data-vurl=\"\/\/www.youtube.com\/embed\/qqLBqmY84Lg?v=qqLBqmY84Lg\"   data-vtype='youtube'  data-media=\"video\" data-target=\"1\"  data-href=\"\"  src-org=\"https:\/\/akweno.ao\/helder2\/wp-content\/uploads\/video-slider-with-thumbnails\/vid_67fd65341ed7b.jpg\"   title=\"Mar de Letras com H\u00e9lder Simbad\"    data-description=\"\"   data-description=\"\"  \/><\/li> \n\n                                             \n                                    <li><img data-poster=\"https:\/\/akweno.ao\/helder2\/wp-content\/uploads\/video-slider-with-thumbnails\/vid_67fd656762108.jpg\"  data-vurl=\"\/\/www.youtube.com\/embed\/Gi2ku5K-R_s?v=Gi2ku5K-R_s\"   data-vtype='youtube'  data-media=\"video\" data-target=\"1\"  data-href=\"\"  src-org=\"https:\/\/akweno.ao\/helder2\/wp-content\/uploads\/video-slider-with-thumbnails\/vid_67fd656762108.jpg\"   title=\"CONTO: &quot;O Ca\u00e7ador&quot; \u2013 H\u00e9lder Simbad\"    data-description=\"\"   data-description=\"\"  \/><\/li> \n\n                                             \n                                    <li><img data-poster=\"https:\/\/akweno.ao\/helder2\/wp-content\/uploads\/video-slider-with-thumbnails\/vid_67fd659adb69b.jpg\"  data-vurl=\"\/\/www.youtube.com\/embed\/NNxfVJaQcTw?v=NNxfVJaQcTw\"   data-vtype='youtube'  data-media=\"video\" data-target=\"1\"  data-href=\"\"  src-org=\"https:\/\/akweno.ao\/helder2\/wp-content\/uploads\/video-slider-with-thumbnails\/vid_67fd659adb69b.jpg\"   title=\"O LUGAR DA LITERATURA ORAL NA TEORIA DA LITERATURA CONTEMPOR\u00c2NEA _ MSc. Helder Simbad\"    data-description=\"\"   data-description=\"\"  \/><\/li> \n\n                                             \n                                    <li><img data-poster=\"https:\/\/akweno.ao\/helder2\/wp-content\/uploads\/video-slider-with-thumbnails\/vid_67fd65c952070.jpg\"  data-vurl=\"\/\/www.youtube.com\/embed\/P0M6r2rM4ss?v=P0M6r2rM4ss\"   data-vtype='youtube'  data-media=\"video\" data-target=\"1\"  data-href=\"\"  src-org=\"https:\/\/akweno.ao\/helder2\/wp-content\/uploads\/video-slider-with-thumbnails\/vid_67fd65c952070.jpg\"   title=\"O LUGAR DA LITERATURA ORAL NA TEORIA DA LITERATURA CONTEMPOR\u00c2NEA, H\u00c9LDER SIMBAD\"    data-description=\"\"   data-description=\"\"  \/><\/li> \n\n                                             \n                                    <li><img data-poster=\"https:\/\/akweno.ao\/helder2\/wp-content\/uploads\/video-slider-with-thumbnails\/vid_67fd65f73cc9d.jpg\"  data-vurl=\"\/\/www.youtube.com\/embed\/ZvF34t31Kng?v=ZvF34t31Kng\"   data-vtype='youtube'  data-media=\"video\" data-target=\"1\"  data-href=\"\"  src-org=\"https:\/\/akweno.ao\/helder2\/wp-content\/uploads\/video-slider-with-thumbnails\/vid_67fd65f73cc9d.jpg\"   title=\"He\u0301lder Simbad galardoado com o Pre\u0301mio Litera\u0301rio Anto\u0301nio Jacinto\"    data-description=\"\"   data-description=\"\"  \/><\/li> \n\n                                             \n                                    <li><img data-poster=\"https:\/\/akweno.ao\/helder2\/wp-content\/uploads\/video-slider-with-thumbnails\/vid_67fd66270bfcc.jpg\"  data-vurl=\"\/\/www.youtube.com\/embed\/AzY2Ugp-yUM?v=AzY2Ugp-yUM&list=PL_WzyupX9hiId_0NPtiH3L5stJB1hW70c&index=1\"   data-vtype='youtube'  data-media=\"video\" data-target=\"1\"  data-href=\"\"  src-org=\"https:\/\/akweno.ao\/helder2\/wp-content\/uploads\/video-slider-with-thumbnails\/vid_67fd66270bfcc.jpg\"   title=\"CONVERSA SOBRE LITERATURA EM ANGOLA, com Edmira Cariango, H\u00e9lder Simbad e Jo\u00e3o Fernando Andr\u00e9\"    data-description=\"\"   data-description=\"\"  \/><\/li> \n\n                                      \n\n                       \n        <\/ul>\n    <\/div>\n    <script type=\"text\/javascript\">\n\n                    \n                    var interval_69d0480b1e884 = setInterval(function() {\n\n                    if(document.readyState === 'complete') {\n\n                       clearInterval(interval_69d0480b1e884);\n                       \n                         \/\/jQuery(document).ready(function() {\n                       jQuery(\"#gallery_slider69d0480b1e558\").css('visibility','visible');  \n\n                     \n                    var galleryItems7331;\n                    jQuery(function(){\n                            galleryItems7331 = jQuery(\"#gallery_slider69d0480b1e558\");\n\n                            var galleryItemDivs = jQuery('#divSliderMain_admin_gallery_slider69d0480b1e558');\n\n                            galleryItems7331.each(function (index, item){\n                                    item.parent_data = jQuery(item).parent(\"#divSliderMain_admin_gallery_slider69d0480b1e558\");\n                            });\n\n                            \n                            galleryItemDivs.each(function(index, item){\n\n                                    jQuery(\"ul\",this).galleryViewV({\n\n                                            transition_speed:1000,         \/\/INT - duration of panel\/frame transition (in milliseconds)\n                                            transition_interval:4000,         \/\/INT - delay between panel\/frame transitions (in milliseconds)\n                                            easing:'swing',                 \/\/STRING - easing method to use for animations (jQuery provides 'swing' or 'linear', more available with jQuery UI or Easing plugin)\n                                            show_panels:'true',\n                                            show_panel_nav:true,             \/\/BOOLEAN - flag to show or hide panel navigation buttons\n                                            enable_overlays:false,             \/\/BOOLEAN - flag to show or hide panel overlays\n                                            show_overlays:false,             \/\/BOOLEAN - flag to show or hide frame captions    \n                                            panel_width:900,                 \/\/INT - width of gallery panel (in pixels)\n                                            panel_height:400,                 \/\/INT - height of gallery panel (in pixels)\n                                            panel_animation:'fade',         \/\/STRING - animation method for panel transitions (crossfade,fade,slide,none)\n                                            panel_scale: 'fit',             \/\/STRING - cropping option for panel images (crop = scale image and fit to aspect ratio determined by panel_width and panel_height, fit = scale image and preserve original aspect ratio)\n                                            overlay_position:'bottom',     \/\/STRING - position of panel overlay (bottom, top)\n                                            pan_images:'false',                \/\/BOOLEAN - flag to allow user to grab\/drag oversized images within gallery\n                                            pan_style:'drag',                \/\/STRING - panning method (drag = user clicks and drags image to pan, track = image automatically pans based on mouse position\n                                            start_frame:'1',                 \/\/INT - index of panel\/frame to show first when gallery loads\n                                            show_filmstrip:true,             \/\/BOOLEAN - flag to show or hide filmstrip portion of gallery\n                                            show_filmstrip_nav:false,         \/\/BOOLEAN - flag indicating whether to display navigation buttons\n                                            enable_slideshow:false,            \/\/BOOLEAN - flag indicating whether to display slideshow play\/pause button\n                                            autoplay:false,                \/\/BOOLEAN - flag to start slideshow on gallery load\n                                            show_captions:false,             \/\/BOOLEAN - flag to show or hide frame captions                                                                       \n                                            filmstrip_style: 'scroll',         \/\/STRING - type of filmstrip to use (scroll = display one line of frames, scroll filmstrip if necessary, showall = display multiple rows of frames if necessary)\n                                            filmstrip_position:'bottom',     \/\/STRING - position of filmstrip within gallery (bottom, top, left, right)\n                                            frame_width:80,                 \/\/INT - width of filmstrip frames (in pixels)\n                                            frame_height:80,                 \/\/INT - width of filmstrip frames (in pixels)\n                                            frame_opacity:0.4,             \/\/FLOAT - transparency of non-active frames (1.0 = opaque, 0.0 = transparent)\n                                            frame_scale: 'crop',             \/\/STRING - cropping option for filmstrip images (same as above)\n                                            frame_gap:1,                     \/\/INT - spacing between frames within filmstrip (in pixels)\n                                            show_infobar:false,                \/\/BOOLEAN - flag to show or hide infobar\n                                            infobar_opacity:1,               \/\/FLOAT - transparency for info bar\n                                            link_newwindow: true,\n                                            filmstrip_size:10,\n                                            clickable:false\n                                    });\n\n                            }); \n\n\n\n\n                            \/\/\n                            \/\/ Resize the image gallery\n                            \/\/\n\n                            var oldsize_w7331=900;\n                            var oldsize_h7331=400;\n\n                            function resizegallery7331(){\n                                if(galleryItems7331==undefined){return;}\n                                galleryItems7331.each(function (index, item){\n                                        var $parent = item.parent_data;\n\n                                        \/\/ width based on parent?\n                                                                                                                            var width = ($parent.innerWidth()-10);\/\/2 times 5 pixels margin\n                                                                \n\n\n                                                            var height = ($parent.innerHeight()-10);\/\/2 times 5 pixels margin\n                                                            if(oldsize_w7331==width){\n\n                                                              \/\/  return;\n                                                            }\n                                                            oldsize_w7331=width;\n\n                                                            thumbfactor = width\/(900-10);\n\n                                                            var resizeToHeight=width\/3*2;\n                                                            if(resizeToHeight>400){\n                                                                resizeToHeight=400;  \n                                                            }\n\n\n\n                                                            jQuery(item).resizeGalleryView_video(\n                                                                 width,                                                                resizeToHeight, 80*thumbfactor, 80*thumbfactor);\n\n                                });\n                            }\n\n                            var inited7331=false;\n\n                            function onresize7331(){  \n                                resizegallery7331();\n                                inited7331=true;\n                            }\n\n\n                            jQuery(window).resize(onresize7331);\n                            jQuery( document ).ready(function() {\n                                    onresize7331();\n                            }); \n\n                    });   \n\n\n            }    \n        }, 100);\n\n\n    <\/script><!-- end vgwt_print_responsive_video_slider_with_thumbnail_func --> <\/div>\n\t\t\t\t\t\t<\/div>\n\t\t\t\t<\/div>\n\t\t\t\t<\/div>\n\t\t\t\t\t<\/div>\n\t\t\t\t<\/div>\n\t\t\t\t<\/div>\n\t\t","protected":false},"excerpt":{"rendered":"","protected":false},"author":1,"featured_media":0,"parent":0,"menu_order":0,"comment_status":"closed","ping_status":"closed","template":"","meta":{"footnotes":""},"class_list":["post-3028","page","type-page","status-publish","hentry"],"aioseo_notices":[],"_links":{"self":[{"href":"https:\/\/akweno.ao\/helder2\/wp-json\/wp\/v2\/pages\/3028","targetHints":{"allow":["GET"]}}],"collection":[{"href":"https:\/\/akweno.ao\/helder2\/wp-json\/wp\/v2\/pages"}],"about":[{"href":"https:\/\/akweno.ao\/helder2\/wp-json\/wp\/v2\/types\/page"}],"author":[{"embeddable":true,"href":"https:\/\/akweno.ao\/helder2\/wp-json\/wp\/v2\/users\/1"}],"replies":[{"embeddable":true,"href":"https:\/\/akweno.ao\/helder2\/wp-json\/wp\/v2\/comments?post=3028"}],"version-history":[{"count":53,"href":"https:\/\/akweno.ao\/helder2\/wp-json\/wp\/v2\/pages\/3028\/revisions"}],"predecessor-version":[{"id":3092,"href":"https:\/\/akweno.ao\/helder2\/wp-json\/wp\/v2\/pages\/3028\/revisions\/3092"}],"wp:attachment":[{"href":"https:\/\/akweno.ao\/helder2\/wp-json\/wp\/v2\/media?parent=3028"}],"curies":[{"name":"wp","href":"https:\/\/api.w.org\/{rel}","templated":true}]}}