{"id":2994,"date":"2025-04-14T19:17:24","date_gmt":"2025-04-14T19:17:24","guid":{"rendered":"https:\/\/akweno.ao\/helder2\/?page_id=2994"},"modified":"2025-04-14T19:25:16","modified_gmt":"2025-04-14T19:25:16","slug":"apoie-nos","status":"publish","type":"page","link":"https:\/\/akweno.ao\/helder2\/apoie-nos\/","title":{"rendered":"Apoie-nos"},"content":{"rendered":"\t\t<div data-elementor-type=\"wp-page\" data-elementor-id=\"2994\" class=\"elementor elementor-2994\">\n\t\t\t\t<div class=\"elementor-element elementor-element-108a5a6 e-flex e-con-boxed e-con e-parent\" data-id=\"108a5a6\" data-element_type=\"container\">\n\t\t\t\t\t<div class=\"e-con-inner\">\n\t\t\t\t<div class=\"elementor-element elementor-element-60de4d7 elementor-widget elementor-widget-image\" data-id=\"60de4d7\" data-element_type=\"widget\" data-widget_type=\"image.default\">\n\t\t\t\t<div class=\"elementor-widget-container\">\n\t\t\t\t\t\t\t\t\t\t\t\t\t\t\t<img fetchpriority=\"high\" decoding=\"async\" width=\"1000\" height=\"200\" src=\"https:\/\/akweno.ao\/helder2\/wp-content\/uploads\/2025\/04\/apoie-banner.png\" class=\"attachment-large size-large wp-image-2996\" alt=\"\" srcset=\"https:\/\/akweno.ao\/helder2\/wp-content\/uploads\/2025\/04\/apoie-banner.png 1000w, https:\/\/akweno.ao\/helder2\/wp-content\/uploads\/2025\/04\/apoie-banner-300x60.png 300w, https:\/\/akweno.ao\/helder2\/wp-content\/uploads\/2025\/04\/apoie-banner-260x52.png 260w, https:\/\/akweno.ao\/helder2\/wp-content\/uploads\/2025\/04\/apoie-banner-768x154.png 768w\" sizes=\"(max-width: 1000px) 100vw, 1000px\" \/>\t\t\t\t\t\t\t\t\t\t\t\t\t\t\t<\/div>\n\t\t\t\t<\/div>\n\t\t\t\t<div class=\"elementor-element elementor-element-d608cfa elementor-widget elementor-widget-text-editor\" data-id=\"d608cfa\" data-element_type=\"widget\" data-widget_type=\"text-editor.default\">\n\t\t\t\t<div class=\"elementor-widget-container\">\n\t\t\t\t\t\t\t\t\t<p>Este projecto visa fomentar o gosto pela leitura e pela escrita, defender e valorizar a L\u00edngua Portuguesa, incentivar a cria\u00e7\u00e3o liter\u00e1ria, premiar novos autores e divulgar as obras com o n\u00edvel de excel\u00eancia que se exige. Caso se identifique com o nosso prop\u00f3sito, e deseja contribuir para esta causa, convidamo-lo(a) a se juntar a n\u00f3s como colaborador ou patrocinador.<\/p>\t\t\t\t\t\t\t\t<\/div>\n\t\t\t\t<\/div>\n\t\t\t\t<div class=\"elementor-element elementor-element-fb0a643 elementor-widget elementor-widget-spacer\" data-id=\"fb0a643\" data-element_type=\"widget\" data-widget_type=\"spacer.default\">\n\t\t\t\t<div class=\"elementor-widget-container\">\n\t\t\t\t\t\t\t<div class=\"elementor-spacer\">\n\t\t\t<div class=\"elementor-spacer-inner\"><\/div>\n\t\t<\/div>\n\t\t\t\t\t\t<\/div>\n\t\t\t\t<\/div>\n\t\t\t\t<div class=\"elementor-element elementor-element-c168610 elementor-widget elementor-widget-heading\" data-id=\"c168610\" data-element_type=\"widget\" data-widget_type=\"heading.default\">\n\t\t\t\t<div class=\"elementor-widget-container\">\n\t\t\t\t\t<h4 class=\"elementor-heading-title elementor-size-default\">AGENDE AGORA UMA REUNI\u00c3O!<\/h4>\t\t\t\t<\/div>\n\t\t\t\t<\/div>\n\t\t\t\t<div class=\"elementor-element elementor-element-942f6bb elementor-widget elementor-widget-text-editor\" data-id=\"942f6bb\" data-element_type=\"widget\" data-widget_type=\"text-editor.default\">\n\t\t\t\t<div class=\"elementor-widget-container\">\n\t\t\t\t\t\t\t\t\t<p>Entre em contacto connosco e agende uma reuni\u00e3o! Por favor, indique o hor\u00e1rio mais conveniente para si.<\/p>\t\t\t\t\t\t\t\t<\/div>\n\t\t\t\t<\/div>\n\t\t\t\t\t<\/div>\n\t\t\t\t<\/div>\n\t\t<div class=\"elementor-element elementor-element-23b9d4e e-flex e-con-boxed e-con e-parent\" data-id=\"23b9d4e\" data-element_type=\"container\">\n\t\t\t\t\t<div class=\"e-con-inner\">\n\t\t<div class=\"elementor-element elementor-element-7125c6a e-con-full e-flex e-con e-child\" data-id=\"7125c6a\" data-element_type=\"container\">\n\t\t\t\t<\/div>\n\t\t<div class=\"elementor-element elementor-element-3eb600d e-con-full e-flex e-con e-child\" data-id=\"3eb600d\" data-element_type=\"container\">\n\t\t\t\t<div class=\"elementor-element elementor-element-aac4eb5 elementor-widget__width-initial elementor-widget elementor-widget-shortcode\" data-id=\"aac4eb5\" data-element_type=\"widget\" data-widget_type=\"shortcode.default\">\n\t\t\t\t<div class=\"elementor-widget-container\">\n\t\t\t\t\t\t\t<div class=\"elementor-shortcode\">\n<div class=\"wpcf7 no-js\" id=\"wpcf7-f2993-o1\" lang=\"en-US\" dir=\"ltr\" data-wpcf7-id=\"2993\">\n<div class=\"screen-reader-response\"><p role=\"status\" aria-live=\"polite\" aria-atomic=\"true\"><\/p> <ul><\/ul><\/div>\n<form action=\"\/helder2\/wp-json\/wp\/v2\/pages\/2994#wpcf7-f2993-o1\" method=\"post\" class=\"wpcf7-form init\" aria-label=\"Contact form\" novalidate=\"novalidate\" data-status=\"init\">\n<fieldset class=\"hidden-fields-container\"><input type=\"hidden\" name=\"_wpcf7\" value=\"2993\" \/><input type=\"hidden\" name=\"_wpcf7_version\" value=\"6.1.3\" \/><input type=\"hidden\" name=\"_wpcf7_locale\" value=\"en_US\" \/><input type=\"hidden\" name=\"_wpcf7_unit_tag\" value=\"wpcf7-f2993-o1\" \/><input type=\"hidden\" name=\"_wpcf7_container_post\" value=\"0\" \/><input type=\"hidden\" name=\"_wpcf7_posted_data_hash\" value=\"\" \/>\n<\/fieldset>\n<div class=\"wrap-form\">\n\t<p><span class=\"wpcf7-form-control-wrap\" data-name=\"your-name\"><input size=\"40\" maxlength=\"400\" class=\"wpcf7-form-control wpcf7-text wpcf7-validates-as-required\" aria-required=\"true\" aria-invalid=\"false\" placeholder=\"Nome Completo*\" value=\"\" type=\"text\" name=\"your-name\" \/><\/span><span class=\"wpcf7-form-control-wrap\" data-name=\"your-email\"><input size=\"40\" maxlength=\"400\" class=\"wpcf7-form-control wpcf7-email wpcf7-validates-as-required wpcf7-text wpcf7-validates-as-email\" aria-required=\"true\" aria-invalid=\"false\" placeholder=\"Email*\" value=\"\" type=\"email\" name=\"your-email\" \/><\/span><span class=\"wpcf7-form-control-wrap\" data-name=\"your-phone\"><input size=\"40\" maxlength=\"400\" class=\"wpcf7-form-control wpcf7-tel wpcf7-validates-as-required wpcf7-text wpcf7-validates-as-tel\" aria-required=\"true\" aria-invalid=\"false\" placeholder=\"Telefone*\" value=\"\" type=\"tel\" name=\"your-phone\" \/><\/span><span class=\"wpcf7-form-control-wrap\" data-name=\"dentist\"><select class=\"wpcf7-form-control wpcf7-select wpcf7-validates-as-required\" aria-required=\"true\" aria-invalid=\"false\" name=\"dentist\"><option value=\"Selecionar o assunto\">Selecionar o assunto<\/option><option value=\"Patroc\u00ednios\">Patroc\u00ednios<\/option><option value=\"Proposta de Parceria\">Proposta de Parceria<\/option><option value=\"Contrata\u00e7\u00e3o de Servi\u00e7os\">Contrata\u00e7\u00e3o de Servi\u00e7os<\/option><option value=\"Outros\">Outros<\/option><\/select><\/span><span class=\"wpcf7-form-control-wrap\" data-name=\"your-date\"><input class=\"wpcf7-form-control wpcf7-date wpcf7-validates-as-date\" aria-invalid=\"false\" placeholder=\"Selecione uma data\" value=\"\" type=\"date\" name=\"your-date\" \/><\/span><span class=\"wpcf7-form-control-wrap\" data-name=\"your-time\"><select class=\"wpcf7-form-control wpcf7-select wpcf7-validates-as-required\" aria-required=\"true\" aria-invalid=\"false\" name=\"your-time\"><option value=\"Escolha o hor\u00e1rio\">Escolha o hor\u00e1rio<\/option><option value=\"8:00\">8:00<\/option><option value=\"9:00\">9:00<\/option><option value=\"10:00\">10:00<\/option><option value=\"11:00\">11:00<\/option><option value=\"13:00\">13:00<\/option><option value=\"14:00\">14:00<\/option><option value=\"15:00\">15:00<\/option><option value=\"16:00\">16:00<\/option><\/select><\/span><span class=\"wpcf7-form-control-wrap\" data-name=\"your-message\"><textarea cols=\"40\" rows=\"10\" maxlength=\"90\" class=\"wpcf7-form-control wpcf7-textarea\" aria-invalid=\"false\" placeholder=\"Sua mensagem\" name=\"your-message\"><\/textarea><\/span><br \/>\n<input class=\"wpcf7-form-control wpcf7-submit has-spinner\" type=\"submit\" value=\"Agendar Reuni\u00e3o\" \/>\n\t<\/p>\n<\/div><div class=\"wpcf7-response-output\" aria-hidden=\"true\"><\/div>\n<\/form>\n<\/div>\n<\/div>\n\t\t\t\t\t\t<\/div>\n\t\t\t\t<\/div>\n\t\t\t\t<\/div>\n\t\t<div class=\"elementor-element elementor-element-93f597b e-con-full e-flex e-con e-child\" data-id=\"93f597b\" data-element_type=\"container\">\n\t\t\t\t<\/div>\n\t\t\t\t\t<\/div>\n\t\t\t\t<\/div>\n\t\t\t\t<\/div>\n\t\t","protected":false},"excerpt":{"rendered":"<p>Este projecto visa fomentar o gosto pela leitura e pela escrita, defender e valorizar a L\u00edngua Portuguesa, incentivar a cria\u00e7\u00e3o liter\u00e1ria, premiar novos autores e<\/p>\n","protected":false},"author":1,"featured_media":0,"parent":0,"menu_order":0,"comment_status":"closed","ping_status":"closed","template":"","meta":{"footnotes":""},"class_list":["post-2994","page","type-page","status-publish","hentry"],"aioseo_notices":[],"_links":{"self":[{"href":"https:\/\/akweno.ao\/helder2\/wp-json\/wp\/v2\/pages\/2994","targetHints":{"allow":["GET"]}}],"collection":[{"href":"https:\/\/akweno.ao\/helder2\/wp-json\/wp\/v2\/pages"}],"about":[{"href":"https:\/\/akweno.ao\/helder2\/wp-json\/wp\/v2\/types\/page"}],"author":[{"embeddable":true,"href":"https:\/\/akweno.ao\/helder2\/wp-json\/wp\/v2\/users\/1"}],"replies":[{"embeddable":true,"href":"https:\/\/akweno.ao\/helder2\/wp-json\/wp\/v2\/comments?post=2994"}],"version-history":[{"count":28,"href":"https:\/\/akweno.ao\/helder2\/wp-json\/wp\/v2\/pages\/2994\/revisions"}],"predecessor-version":[{"id":3023,"href":"https:\/\/akweno.ao\/helder2\/wp-json\/wp\/v2\/pages\/2994\/revisions\/3023"}],"wp:attachment":[{"href":"https:\/\/akweno.ao\/helder2\/wp-json\/wp\/v2\/media?parent=2994"}],"curies":[{"name":"wp","href":"https:\/\/api.w.org\/{rel}","templated":true}]}}