{"id":20,"date":"2025-04-02T18:10:30","date_gmt":"2025-04-02T18:10:30","guid":{"rendered":"http:\/\/axilthemes.com\/themes\/axilnews\/?page_id=20"},"modified":"2025-04-14T19:32:48","modified_gmt":"2025-04-14T19:32:48","slug":"biografia","status":"publish","type":"page","link":"https:\/\/akweno.ao\/helder2\/biografia\/","title":{"rendered":"Biografia"},"content":{"rendered":"\t\t<div data-elementor-type=\"wp-post\" data-elementor-id=\"20\" class=\"elementor elementor-20\">\n\t\t\t\t\t\t<section class=\"elementor-section elementor-top-section elementor-element elementor-element-aec4a64 elementor-section-boxed elementor-section-height-default elementor-section-height-default\" data-id=\"aec4a64\" data-element_type=\"section\">\n\t\t\t\t\t\t<div class=\"elementor-container elementor-column-gap-extended\">\n\t\t\t\t\t<div class=\"elementor-column elementor-col-100 elementor-top-column elementor-element elementor-element-186b742\" data-id=\"186b742\" data-element_type=\"column\">\n\t\t\t<div class=\"elementor-widget-wrap elementor-element-populated\">\n\t\t\t\t\t\t<div class=\"elementor-element elementor-element-4d164f9 elementor-widget elementor-widget-spacer\" data-id=\"4d164f9\" data-element_type=\"widget\" data-widget_type=\"spacer.default\">\n\t\t\t\t<div class=\"elementor-widget-container\">\n\t\t\t\t\t\t\t<div class=\"elementor-spacer\">\n\t\t\t<div class=\"elementor-spacer-inner\"><\/div>\n\t\t<\/div>\n\t\t\t\t\t\t<\/div>\n\t\t\t\t<\/div>\n\t\t\t\t<div class=\"elementor-element elementor-element-52f3b9c elementor-widget elementor-widget-image\" data-id=\"52f3b9c\" data-element_type=\"widget\" data-widget_type=\"image.default\">\n\t\t\t\t<div class=\"elementor-widget-container\">\n\t\t\t\t\t\t\t\t\t\t\t\t\t\t\t<img decoding=\"async\" src=\"http:\/\/new.axilthemes.com\/themes\/axilnews\/wp-content\/uploads\/2019\/08\/about-us.jpg\" title=\"\" alt=\"\" loading=\"lazy\" \/>\t\t\t\t\t\t\t\t\t\t\t\t\t\t\t<\/div>\n\t\t\t\t<\/div>\n\t\t\t\t\t<\/div>\n\t\t<\/div>\n\t\t\t\t\t<\/div>\n\t\t<\/section>\n\t\t\t\t<section class=\"elementor-section elementor-top-section elementor-element elementor-element-5fa80ea elementor-section-boxed elementor-section-height-default elementor-section-height-default\" data-id=\"5fa80ea\" data-element_type=\"section\">\n\t\t\t\t\t\t<div class=\"elementor-container elementor-column-gap-extended\">\n\t\t\t\t\t<div class=\"elementor-column elementor-col-66 elementor-top-column elementor-element elementor-element-28902b8\" data-id=\"28902b8\" data-element_type=\"column\">\n\t\t\t<div class=\"elementor-widget-wrap elementor-element-populated\">\n\t\t\t\t\t\t<div class=\"elementor-element elementor-element-f887bc6 elementor-widget elementor-widget-heading\" data-id=\"f887bc6\" data-element_type=\"widget\" data-widget_type=\"heading.default\">\n\t\t\t\t<div class=\"elementor-widget-container\">\n\t\t\t\t\t<h4 class=\"elementor-heading-title elementor-size-default\">SOBRE O AUTOR<\/h4>\t\t\t\t<\/div>\n\t\t\t\t<\/div>\n\t\t\t\t<div class=\"elementor-element elementor-element-4c3b1ca elementor-widget elementor-widget-text-editor\" data-id=\"4c3b1ca\" data-element_type=\"widget\" data-widget_type=\"text-editor.default\">\n\t\t\t\t<div class=\"elementor-widget-container\">\n\t\t\t\t\t\t\t\t\t<div class=\"elementor-element elementor-element-8a6ccdb elementor-widget elementor-widget-text-editor\" data-id=\"8a6ccdb\" data-element_type=\"widget\" data-widget_type=\"text-editor.default\"><div class=\"elementor-widget-container\"><p>H\u00e9lder Simbad \u00e9 pseud\u00f3nimo liter\u00e1rio de Helder Silvestre Simba Andr\u00e9, filho de Pomp\u00edlio Mateus Andr\u00e9 e de Albertina Simba; casado com Helena Wavinga da Silva Andr\u00e9; \u00e9 natural de Cabinda, Angola, nasceu a 13\/08\/1987. Professor, escritor, cr\u00edtico liter\u00e1rio e investigador afecto ao C\u00edrculo de Estudos Liter\u00e1rios e Lingu\u00edsticos Litteragris, com ORCID: 0000.0002-2299-8428. \u00c9 Mestre em Ensino das Literaturas em L\u00edngua Portuguesa pelo ISCED- Luanda; licenciado em L\u00ednguas e Administra\u00e7\u00e3o pela Universidade Cat\u00f3lica de Angola; frequentou o segundo ano do curso de Ci\u00eancia Pol\u00edtica da Universidade Agostinho Neto, em 2008. Coordena actualmente o C\u00edrculo de Estudos Liter\u00e1rios e Lingu\u00edsticos Litteragris.<\/p><\/div><\/div><div class=\"elementor-element elementor-element-fbd090d elementor-widget elementor-widget-heading\" data-id=\"fbd090d\" data-element_type=\"widget\" data-widget_type=\"heading.default\"><div class=\"elementor-widget-container\"><h5 class=\"elementor-heading-title elementor-size-default\">COMUNICA\u00c7\u00d5ES<\/h5><\/div><\/div><div class=\"elementor-element elementor-element-ee4d13d elementor-widget elementor-widget-text-editor\" data-id=\"ee4d13d\" data-element_type=\"widget\" data-widget_type=\"text-editor.default\"><div class=\"elementor-widget-container\"><p>A Did\u00e1ctica da Ponte para o Ensino da Literatura na poscolonialidade: Cam\u00f5es e Pepetela na sala de aula, Col\u00f3quio Pepetela de Asas Abertas, na UEA, 2023.<\/p><p>Da Filosofia a Poesia, Transitividade do Ser em Sombras de Agostinho no Col\u00f3quio da Sagrada Esperan\u00e7a \u00e0 Ren\u00fancia Imposs\u00edvel: Olhares sobre a Po\u00e9tica de Agostinho Neto, realizado pelo Memorial Dr. Ant\u00f3nio Agostinho Neto aos 25 de Maio de 2022.<\/p><p>O Papel da Academia na Promo\u00e7\u00e3o da Literatura Angolana, realizado pela Faculdade de Humanidades, Artes, Educa\u00e7\u00e3o e Forma\u00e7\u00e3o de Professores da Universidade Jean Piaget no dia 25 de \u00c1frica de 2022.<\/p><p>O inusitado em O Pa\u00eds Dramaticamente Est\u00e1vel de Gabriel Rosa, apresenta\u00e7\u00e3o da obra vencedora do pr\u00e9mio Sagrada Esperan\u00e7a 2021, realizado pela Funda\u00e7\u00e3o Agostinho Neto.<\/p><p>Cartografias Liter\u00e1rias: mobilidades virtuais e alteridades, 22 de Outubro de 2021, Feira de Livro de Maputo O que escrevo atormenta o que sou no Festival Corrente de Escrita da P\u00f3voa de Varzim aos 23 de Fevereiro de 2018, Portugal.<\/p><p>Perspectiva Te\u00f3rica sobre a Literatura Infantil em Angola, no FESTLAB, Festival Liter\u00e1rio Luso-afro-brasileiro realizado pelo Centro Cultural Brasil-Angola e pela Embaixada do Brasil acreditada em Angola em 2019.<\/p><\/div><\/div>\t\t\t\t\t\t\t\t<\/div>\n\t\t\t\t<\/div>\n\t\t\t\t\t<\/div>\n\t\t<\/div>\n\t\t\t\t<div class=\"elementor-column elementor-col-33 elementor-top-column elementor-element elementor-element-23e7b12\" data-id=\"23e7b12\" data-element_type=\"column\">\n\t\t\t<div class=\"elementor-widget-wrap elementor-element-populated\">\n\t\t\t\t\t\t<div class=\"elementor-element elementor-element-f8d8962 elementor-widget elementor-widget-image\" data-id=\"f8d8962\" data-element_type=\"widget\" data-widget_type=\"image.default\">\n\t\t\t\t<div class=\"elementor-widget-container\">\n\t\t\t\t\t\t\t\t\t\t\t\t\t\t\t<img decoding=\"async\" src=\"https:\/\/akweno.ao\/helder2\/wp-content\/uploads\/elementor\/thumbs\/foto-autor-2-539x1024-1-r460nun2icuqe8wuxfd3lysv9qzko66v1413xw8gbg.jpeg\" title=\"foto-autor-2-539&#215;1024\" alt=\"foto-autor-2-539x1024\" loading=\"lazy\" \/>\t\t\t\t\t\t\t\t\t\t\t\t\t\t\t<\/div>\n\t\t\t\t<\/div>\n\t\t\t\t\t<\/div>\n\t\t<\/div>\n\t\t\t\t\t<\/div>\n\t\t<\/section>\n\t\t\t\t<section class=\"elementor-section elementor-top-section elementor-element elementor-element-a5a8132 elementor-section-boxed elementor-section-height-default elementor-section-height-default\" data-id=\"a5a8132\" data-element_type=\"section\" data-settings=\"{&quot;background_background&quot;:&quot;classic&quot;}\">\n\t\t\t\t\t\t<div class=\"elementor-container elementor-column-gap-extended\">\n\t\t\t\t\t<div class=\"elementor-column elementor-col-100 elementor-top-column elementor-element elementor-element-9db6251\" data-id=\"9db6251\" data-element_type=\"column\">\n\t\t\t<div class=\"elementor-widget-wrap elementor-element-populated\">\n\t\t\t\t\t\t<div class=\"elementor-element elementor-element-6f2c0bc elementor-widget elementor-widget-heading\" data-id=\"6f2c0bc\" data-element_type=\"widget\" data-widget_type=\"heading.default\">\n\t\t\t\t<div class=\"elementor-widget-container\">\n\t\t\t\t\t<h3 class=\"elementor-heading-title elementor-size-default\">OCUPA\u00c7\u00d5ES LABORAIS<\/h3>\t\t\t\t<\/div>\n\t\t\t\t<\/div>\n\t\t\t\t<div class=\"elementor-element elementor-element-1dc665b elementor-widget elementor-widget-timeline-widget-addon\" data-id=\"1dc665b\" data-element_type=\"widget\" data-widget_type=\"timeline-widget-addon.default\">\n\t\t\t\t<div class=\"elementor-widget-container\">\n\t\t\t\t\t<!-- ========= Timeline Widget Addon For Elementor 1.6.13 ========= -->\n<div id=\"twae-wrapper-1dc665b\" class=\"twae-vertical twae-wrapper  twae-both-sided\">   \n    <div class=\"twae-start\"><\/div>    \n    <div id=\"twea-timeline-1dc665b\" class=\"twae-timeline\" ><!-- Start of Story Repeater Content --><div id=\"story-6612baf\" class=\"twae-story twae-repeater-item twae-story-right twae-story-no-icon\"><!-- Story Label --><div class=\"twae-labels\"><div class=\"twae-label-big\">2010-2012<\/div><\/div><!-- Story Icon --><div class=\"twae-icon\"><i aria-hidden=\"true\" class=\"far fa-clock\"><\/i><\/div><!-- Story Arrow --><div class=\"twae-arrow\"><\/div><!-- Start of Story Content --><div class=\"twae-content\"><!-- Story Description --><div class=\"twae-description\"><p>Professor de Ingl\u00eas do segundo ciclo no col\u00e9gio Twanga<\/p><\/div><\/div><\/div><!-- Start of Story Repeater Content --><div id=\"story-f2bf4f1\" class=\"twae-story twae-repeater-item twae-story-left twae-story-no-icon\"><!-- Story Label --><div class=\"twae-labels\"><div class=\"twae-label-big\">2017<\/div><\/div><!-- Story Icon --><div class=\"twae-icon\"><i aria-hidden=\"true\" class=\"far fa-clock\"><\/i><\/div><!-- Story Arrow --><div class=\"twae-arrow\"><\/div><!-- Start of Story Content --><div class=\"twae-content\"><!-- Story Description --><div class=\"twae-description\"><p>Voz do espa\u00e7o de Leitura do Jornal Nacional (13:00) da R\u00e1dio Nacional de Angola;<\/p><\/div><\/div><\/div><!-- Start of Story Repeater Content --><div id=\"story-94bd8a0\" class=\"twae-story twae-repeater-item twae-story-right twae-story-no-icon\"><!-- Story Label --><div class=\"twae-labels\"><div class=\"twae-label-big\">2017-2018<\/div><\/div><!-- Story Icon --><div class=\"twae-icon\"><i aria-hidden=\"true\" class=\"far fa-clock\"><\/i><\/div><!-- Story Arrow --><div class=\"twae-arrow\"><\/div><!-- Start of Story Content --><div class=\"twae-content\"><!-- Story Description --><div class=\"twae-description\"><p>Formador de Literatura Angolana, Teoria da Literatura e Cr\u00edtica Liter\u00e1ria da Uni\u00e3o dos Escritores Angolanos;<\/p><\/div><\/div><\/div><!-- Start of Story Repeater Content --><div id=\"story-d61c634\" class=\"twae-story twae-repeater-item twae-story-left twae-story-no-icon\"><!-- Story Label --><div class=\"twae-labels\"><div class=\"twae-label-big\">2016-2019<\/div><\/div><!-- Story Icon --><div class=\"twae-icon\"><i aria-hidden=\"true\" class=\"far fa-clock\"><\/i><\/div><!-- Story Arrow --><div class=\"twae-arrow\"><\/div><!-- Start of Story Content --><div class=\"twae-content\"><!-- Story Description --><div class=\"twae-description\"><p>Professor de L\u00edngua Portuguesa e Literatura Africana no Instituto de Ci\u00eancias Religiosas de Angola (ICRA);<\/p><\/div><\/div><\/div><!-- Start of Story Repeater Content --><div id=\"story-159b5b4\" class=\"twae-story twae-repeater-item twae-story-right twae-story-no-icon\"><!-- Story Label --><div class=\"twae-labels\"><div class=\"twae-label-big\">2020<\/div><\/div><!-- Story Icon --><div class=\"twae-icon\"><i aria-hidden=\"true\" class=\"far fa-clock\"><\/i><\/div><!-- Story Arrow --><div class=\"twae-arrow\"><\/div><!-- Start of Story Content --><div class=\"twae-content\"><!-- Story Description --><div class=\"twae-description\"><p>T\u00e9cnico de Biblioteca e Extens\u00e3o Universit\u00e1ria da Academia BAI;<\/p><\/div><\/div><\/div><!-- Start of Story Repeater Content --><div id=\"story-8c0ef1e\" class=\"twae-story twae-repeater-item twae-story-left twae-story-no-icon\"><!-- Story Label --><div class=\"twae-labels\"><div class=\"twae-label-big\">2020-2021<\/div><\/div><!-- Story Icon --><div class=\"twae-icon\"><i aria-hidden=\"true\" class=\"far fa-clock\"><\/i><\/div><!-- Story Arrow --><div class=\"twae-arrow\"><\/div><!-- Start of Story Content --><div class=\"twae-content\"><!-- Story Description --><div class=\"twae-description\"><p>Professor de Comunica\u00e7\u00e3o Pessoal e Empresarial no Instituto Superior de Administra\u00e7\u00e3o e Finan\u00e7as;<\/p><\/div><\/div><\/div><!-- Start of Story Repeater Content --><div id=\"story-f56439f\" class=\"twae-story twae-repeater-item twae-story-right twae-story-no-icon\"><!-- Story Label --><div class=\"twae-labels\"><div class=\"twae-label-big\">2021<\/div><\/div><!-- Story Icon --><div class=\"twae-icon\"><i aria-hidden=\"true\" class=\"far fa-clock\"><\/i><\/div><!-- Story Arrow --><div class=\"twae-arrow\"><\/div><!-- Start of Story Content --><div class=\"twae-content\"><!-- Story Description --><div class=\"twae-description\"><p>Professor de Hist\u00f3ria da L\u00edngua Portuguesa e Literatura Portuguesa na Universidade Metodista;<\/p><\/div><\/div><\/div><!-- Start of Story Repeater Content --><div id=\"story-4f105f8\" class=\"twae-story twae-repeater-item twae-story-left twae-story-no-icon\"><!-- Story Label --><div class=\"twae-labels\"><div class=\"twae-label-big\">2021-2022<\/div><\/div><!-- Story Icon --><div class=\"twae-icon\"><i aria-hidden=\"true\" class=\"far fa-clock\"><\/i><\/div><!-- Story Arrow --><div class=\"twae-arrow\"><\/div><!-- Start of Story Content --><div class=\"twae-content\"><!-- Story Description --><div class=\"twae-description\"><p>Dirige a Mayombe \u2013 Revista Angolana de Cr\u00edtica Liter\u00e1ria;<\/p><\/div><\/div><\/div><!-- Start of Story Repeater Content --><div id=\"story-987d98b\" class=\"twae-story twae-repeater-item twae-story-right twae-story-no-icon\"><!-- Story Label --><div class=\"twae-labels\"><div class=\"twae-label-big\">2021-2024<\/div><\/div><!-- Story Icon --><div class=\"twae-icon\"><i aria-hidden=\"true\" class=\"far fa-clock\"><\/i><\/div><!-- Story Arrow --><div class=\"twae-arrow\"><\/div><!-- Start of Story Content --><div class=\"twae-content\"><!-- Story Description --><div class=\"twae-description\"><p>Professor de Hist\u00f3ria da L\u00edngua Portuguesa, Literatura Portuguesa e Teoria da Literatura da Universidade Jean Piaget;<\/p><\/div><\/div><\/div><\/div>\n    <div class=\"twae-end\"><\/div>\n    <\/div><style type=\"text\/css\">@media (max-width: 1024px){ .twae-wrapper{--tw-ybx-size: 80px !important;}}@media (max-width: 767px){ .twae-wrapper{--tw-ybx-size: 80px !important}}<\/style>\t\t\t\t<\/div>\n\t\t\t\t<\/div>\n\t\t\t\t\t<\/div>\n\t\t<\/div>\n\t\t\t\t\t<\/div>\n\t\t<\/section>\n\t\t\t\t<\/div>\n\t\t","protected":false},"excerpt":{"rendered":"<p>SOBRE O AUTOR H\u00e9lder Simbad \u00e9 pseud\u00f3nimo liter\u00e1rio de Helder Silvestre Simba Andr\u00e9, filho de Pomp\u00edlio Mateus Andr\u00e9 e de Albertina Simba; casado com Helena<\/p>\n","protected":false},"author":1,"featured_media":0,"parent":0,"menu_order":0,"comment_status":"closed","ping_status":"closed","template":"elementor_header_footer","meta":{"footnotes":""},"class_list":["post-20","page","type-page","status-publish","hentry"],"aioseo_notices":[],"_links":{"self":[{"href":"https:\/\/akweno.ao\/helder2\/wp-json\/wp\/v2\/pages\/20","targetHints":{"allow":["GET"]}}],"collection":[{"href":"https:\/\/akweno.ao\/helder2\/wp-json\/wp\/v2\/pages"}],"about":[{"href":"https:\/\/akweno.ao\/helder2\/wp-json\/wp\/v2\/types\/page"}],"author":[{"embeddable":true,"href":"https:\/\/akweno.ao\/helder2\/wp-json\/wp\/v2\/users\/1"}],"replies":[{"embeddable":true,"href":"https:\/\/akweno.ao\/helder2\/wp-json\/wp\/v2\/comments?post=20"}],"version-history":[{"count":77,"href":"https:\/\/akweno.ao\/helder2\/wp-json\/wp\/v2\/pages\/20\/revisions"}],"predecessor-version":[{"id":3027,"href":"https:\/\/akweno.ao\/helder2\/wp-json\/wp\/v2\/pages\/20\/revisions\/3027"}],"wp:attachment":[{"href":"https:\/\/akweno.ao\/helder2\/wp-json\/wp\/v2\/media?parent=20"}],"curies":[{"name":"wp","href":"https:\/\/api.w.org\/{rel}","templated":true}]}}