{"id":8560,"date":"2018-11-30T09:54:59","date_gmt":"2018-11-30T09:54:59","guid":{"rendered":"https:\/\/enginir-demo.pbminfotech.com\/datasite\/?page_id=8560"},"modified":"2024-09-21T21:29:13","modified_gmt":"2024-09-21T21:29:13","slug":"servicos","status":"publish","type":"page","link":"https:\/\/akweno.ao\/electronet\/servicos\/","title":{"rendered":"Servi\u00e7os"},"content":{"rendered":"<div class=\"wpb-content-wrapper\"><p>[vc_row cspt-bg-color=&#8221;light&#8221; full_width=&#8221;stretch_row&#8221;][vc_column]<div  class=\"creativesplanet-element creativesplanet-element-service cspt-element-service-style-4 creativesplanet-element-viewtype-row-column creativesplanet-gap-30px cspt-sortable-no\" data-show=\"15\" data-columns=\"3\" data-loop=\"false\" data-autoplay=\"false\" data-center=\"false\" data-nav=\"false\" data-dots=\"false\" data-autoplayspeed=\"1000\" data-margin=\"30px\"><div class=\"creativesplanet-element-inner\"><div class=\"cspt-ele-header-area\"><\/div><div class=\"cspt-element-posts-wrapper row multi-columns-row\"><div class=\"cspt-ele cspt-service-ele col-md-4 geral cspt-term-29\"><article class=\"creativesplanet-ele creativesplanet-ele-service cspt-service-style-4\">\r\n\t<div class=\"creativesplanet-post-item\">\r\n\t\t<div class=\"cspt-featured-wrapper\"><a href=\"https:\/\/akweno.ao\/electronet\/service\/cercas-electricas\/\"><img decoding=\"async\" width=\"770\" height=\"500\" src=\"https:\/\/akweno.ao\/electronet\/wp-content\/uploads\/2024\/09\/Cercas-Ele\u0301ctricas1-770x500.png\" class=\"attachment-cspt-img-770x500 size-cspt-img-770x500 wp-post-image\" alt=\"\" data-id=\"11584\" \/><\/a><\/div>\t\t<div class=\"creativesplanet-box-content\">\r\n\t\t\t<div class=\"creativesplanet-box-content-inner\">\r\n\t\t\t\t<div class=\"cspt-service-icon\">\r\n\t\t\t\t\t<div class=\"cspt-service-icon-wrapper\">\r\n\t\t\t\t\t\t<i class=\"cspt-enginir-icon cspt-enginir-icon-solar-panel\"><\/i>\t\t\t\t\t<\/div>\r\n\t\t\t\t<\/div>\r\n\t\t\t\t<h3 class=\"cspt-service-title\"><a href=\"https:\/\/akweno.ao\/electronet\/service\/cercas-electricas\/\">Cercas El\u00e9ctricas<\/a><\/h3> \r\n\r\n\t\t\t<\/div>\r\n\t\t<\/div>\r\n\t<\/div>\r\n<\/article><\/div><div class=\"cspt-ele cspt-service-ele col-md-4 seguranca cspt-term-30\"><article class=\"creativesplanet-ele creativesplanet-ele-service cspt-service-style-4\">\r\n\t<div class=\"creativesplanet-post-item\">\r\n\t\t<div class=\"cspt-featured-wrapper\"><a href=\"https:\/\/akweno.ao\/electronet\/service\/video-vigilancia\/\"><img decoding=\"async\" width=\"770\" height=\"500\" src=\"https:\/\/akweno.ao\/electronet\/wp-content\/uploads\/2024\/09\/Video-Vigila\u0303ncia2-770x500.png\" class=\"attachment-cspt-img-770x500 size-cspt-img-770x500 wp-post-image\" alt=\"\" data-id=\"11585\" \/><\/a><\/div>\t\t<div class=\"creativesplanet-box-content\">\r\n\t\t\t<div class=\"creativesplanet-box-content-inner\">\r\n\t\t\t\t<div class=\"cspt-service-icon\">\r\n\t\t\t\t\t<div class=\"cspt-service-icon-wrapper\">\r\n\t\t\t\t\t\t<i class=\"cspt-enginir-icon cspt-enginir-icon-blueprint\"><\/i>\t\t\t\t\t<\/div>\r\n\t\t\t\t<\/div>\r\n\t\t\t\t<h3 class=\"cspt-service-title\"><a href=\"https:\/\/akweno.ao\/electronet\/service\/video-vigilancia\/\">Video Vigil\u00e2ncia<\/a><\/h3> \r\n\r\n\t\t\t<\/div>\r\n\t\t<\/div>\r\n\t<\/div>\r\n<\/article><\/div><div class=\"cspt-ele cspt-service-ele col-md-4 seguranca cspt-term-30\"><article class=\"creativesplanet-ele creativesplanet-ele-service cspt-service-style-4\">\r\n\t<div class=\"creativesplanet-post-item\">\r\n\t\t<div class=\"cspt-featured-wrapper\"><a href=\"https:\/\/akweno.ao\/electronet\/service\/video-porteiro\/\"><img decoding=\"async\" width=\"770\" height=\"500\" src=\"https:\/\/akweno.ao\/electronet\/wp-content\/uploads\/2018\/10\/Vi\u0301deo-Porteiro-770x500.png\" class=\"attachment-cspt-img-770x500 size-cspt-img-770x500 wp-post-image\" alt=\"\" data-id=\"11602\" \/><\/a><\/div>\t\t<div class=\"creativesplanet-box-content\">\r\n\t\t\t<div class=\"creativesplanet-box-content-inner\">\r\n\t\t\t\t<div class=\"cspt-service-icon\">\r\n\t\t\t\t\t<div class=\"cspt-service-icon-wrapper\">\r\n\t\t\t\t\t\t\t\t\t\t\t<\/div>\r\n\t\t\t\t<\/div>\r\n\t\t\t\t<h3 class=\"cspt-service-title\"><a href=\"https:\/\/akweno.ao\/electronet\/service\/video-porteiro\/\">V\u00eddeo Porteiro<\/a><\/h3> \r\n\r\n\t\t\t<\/div>\r\n\t\t<\/div>\r\n\t<\/div>\r\n<\/article><\/div><div class=\"cspt-ele cspt-service-ele col-md-4 geral cspt-term-29\"><article class=\"creativesplanet-ele creativesplanet-ele-service cspt-service-style-4\">\r\n\t<div class=\"creativesplanet-post-item\">\r\n\t\t<div class=\"cspt-featured-wrapper\"><a href=\"https:\/\/akweno.ao\/electronet\/service\/motor-para-portao-corrido\/\"><img decoding=\"async\" width=\"770\" height=\"500\" src=\"https:\/\/akweno.ao\/electronet\/wp-content\/uploads\/2018\/10\/Motor-para-portao-770x500.png\" class=\"attachment-cspt-img-770x500 size-cspt-img-770x500 wp-post-image\" alt=\"\" data-id=\"11606\" \/><\/a><\/div>\t\t<div class=\"creativesplanet-box-content\">\r\n\t\t\t<div class=\"creativesplanet-box-content-inner\">\r\n\t\t\t\t<div class=\"cspt-service-icon\">\r\n\t\t\t\t\t<div class=\"cspt-service-icon-wrapper\">\r\n\t\t\t\t\t\t<i class=\"cspt-enginir-icon cspt-enginir-icon-concrete-mixer\"><\/i>\t\t\t\t\t<\/div>\r\n\t\t\t\t<\/div>\r\n\t\t\t\t<h3 class=\"cspt-service-title\"><a href=\"https:\/\/akweno.ao\/electronet\/service\/motor-para-portao-corrido\/\">Motor para port\u00e3o corrido<\/a><\/h3> \r\n\r\n\t\t\t<\/div>\r\n\t\t<\/div>\r\n\t<\/div>\r\n<\/article><\/div><div class=\"cspt-ele cspt-service-ele col-md-4 energia cspt-term-15\"><article class=\"creativesplanet-ele creativesplanet-ele-service cspt-service-style-4\">\r\n\t<div class=\"creativesplanet-post-item\">\r\n\t\t<div class=\"cspt-featured-wrapper\"><a href=\"https:\/\/akweno.ao\/electronet\/service\/electricidade\/\"><img decoding=\"async\" width=\"770\" height=\"500\" src=\"https:\/\/akweno.ao\/electronet\/wp-content\/uploads\/2018\/10\/Electricidade-770x500.png\" class=\"attachment-cspt-img-770x500 size-cspt-img-770x500 wp-post-image\" alt=\"\" data-id=\"11609\" \/><\/a><\/div>\t\t<div class=\"creativesplanet-box-content\">\r\n\t\t\t<div class=\"creativesplanet-box-content-inner\">\r\n\t\t\t\t<div class=\"cspt-service-icon\">\r\n\t\t\t\t\t<div class=\"cspt-service-icon-wrapper\">\r\n\t\t\t\t\t\t<i class=\"cspt-enginir-icon cspt-enginir-icon-architecture-and-city\"><\/i>\t\t\t\t\t<\/div>\r\n\t\t\t\t<\/div>\r\n\t\t\t\t<h3 class=\"cspt-service-title\"><a href=\"https:\/\/akweno.ao\/electronet\/service\/electricidade\/\">Electricidade<\/a><\/h3> \r\n\r\n\t\t\t<\/div>\r\n\t\t<\/div>\r\n\t<\/div>\r\n<\/article><\/div><div class=\"cspt-ele cspt-service-ele col-md-4 geral cspt-term-29\"><article class=\"creativesplanet-ele creativesplanet-ele-service cspt-service-style-4\">\r\n\t<div class=\"creativesplanet-post-item\">\r\n\t\t<div class=\"cspt-featured-wrapper\"><a href=\"https:\/\/akweno.ao\/electronet\/service\/frio-e-climatizacao\/\"><img decoding=\"async\" width=\"770\" height=\"500\" src=\"https:\/\/akweno.ao\/electronet\/wp-content\/uploads\/2018\/10\/Frio-e-Climatizacao-770x500.png\" class=\"attachment-cspt-img-770x500 size-cspt-img-770x500 wp-post-image\" alt=\"\" data-id=\"11612\" \/><\/a><\/div>\t\t<div class=\"creativesplanet-box-content\">\r\n\t\t\t<div class=\"creativesplanet-box-content-inner\">\r\n\t\t\t\t<div class=\"cspt-service-icon\">\r\n\t\t\t\t\t<div class=\"cspt-service-icon-wrapper\">\r\n\t\t\t\t\t\t<i class=\"cspt-enginir-icon cspt-enginir-icon-blueprint\"><\/i>\t\t\t\t\t<\/div>\r\n\t\t\t\t<\/div>\r\n\t\t\t\t<h3 class=\"cspt-service-title\"><a href=\"https:\/\/akweno.ao\/electronet\/service\/frio-e-climatizacao\/\">Frio e Climatiza\u00e7\u00e3o<\/a><\/h3> \r\n\r\n\t\t\t<\/div>\r\n\t\t<\/div>\r\n\t<\/div>\r\n<\/article><\/div><div class=\"cspt-ele cspt-service-ele col-md-4 industria cspt-term-19\"><article class=\"creativesplanet-ele creativesplanet-ele-service cspt-service-style-4\">\r\n\t<div class=\"creativesplanet-post-item\">\r\n\t\t<div class=\"cspt-featured-wrapper\"><a href=\"https:\/\/akweno.ao\/electronet\/service\/canalizacao\/\"><img decoding=\"async\" width=\"770\" height=\"500\" src=\"https:\/\/akweno.ao\/electronet\/wp-content\/uploads\/2018\/10\/Canalizac\u0327a\u0303o--770x500.png\" class=\"attachment-cspt-img-770x500 size-cspt-img-770x500 wp-post-image\" alt=\"\" data-id=\"11615\" \/><\/a><\/div>\t\t<div class=\"creativesplanet-box-content\">\r\n\t\t\t<div class=\"creativesplanet-box-content-inner\">\r\n\t\t\t\t<div class=\"cspt-service-icon\">\r\n\t\t\t\t\t<div class=\"cspt-service-icon-wrapper\">\r\n\t\t\t\t\t\t<i class=\"cspt-enginir-icon cspt-enginir-icon-helmet\"><\/i>\t\t\t\t\t<\/div>\r\n\t\t\t\t<\/div>\r\n\t\t\t\t<h3 class=\"cspt-service-title\"><a href=\"https:\/\/akweno.ao\/electronet\/service\/canalizacao\/\">Canaliza\u00e7\u00e3o<\/a><\/h3> \r\n\r\n\t\t\t<\/div>\r\n\t\t<\/div>\r\n\t<\/div>\r\n<\/article><\/div><div class=\"cspt-ele cspt-service-ele col-md-4 industria cspt-term-19\"><article class=\"creativesplanet-ele creativesplanet-ele-service cspt-service-style-4\">\r\n\t<div class=\"creativesplanet-post-item\">\r\n\t\t<div class=\"cspt-featured-wrapper\"><a href=\"https:\/\/akweno.ao\/electronet\/service\/instalacao-de-filtros\/\"><img decoding=\"async\" width=\"770\" height=\"500\" src=\"https:\/\/akweno.ao\/electronet\/wp-content\/uploads\/2018\/10\/Instalac\u0327a\u0303o-de-filtros-770x500.png\" class=\"attachment-cspt-img-770x500 size-cspt-img-770x500 wp-post-image\" alt=\"\" data-id=\"11618\" \/><\/a><\/div>\t\t<div class=\"creativesplanet-box-content\">\r\n\t\t\t<div class=\"creativesplanet-box-content-inner\">\r\n\t\t\t\t<div class=\"cspt-service-icon\">\r\n\t\t\t\t\t<div class=\"cspt-service-icon-wrapper\">\r\n\t\t\t\t\t\t<i class=\"cspt-enginir-icon cspt-enginir-icon-hook\"><\/i>\t\t\t\t\t<\/div>\r\n\t\t\t\t<\/div>\r\n\t\t\t\t<h3 class=\"cspt-service-title\"><a href=\"https:\/\/akweno.ao\/electronet\/service\/instalacao-de-filtros\/\">Instala\u00e7\u00e3o de filtros<\/a><\/h3> \r\n\r\n\t\t\t<\/div>\r\n\t\t<\/div>\r\n\t<\/div>\r\n<\/article><\/div><div class=\"cspt-ele cspt-service-ele col-md-4 fabricacao cspt-term-16\"><article class=\"creativesplanet-ele creativesplanet-ele-service cspt-service-style-4\">\r\n\t<div class=\"creativesplanet-post-item\">\r\n\t\t<div class=\"cspt-featured-wrapper\"><a href=\"https:\/\/akweno.ao\/electronet\/service\/caixilharia\/\"><img decoding=\"async\" width=\"770\" height=\"500\" src=\"https:\/\/akweno.ao\/electronet\/wp-content\/uploads\/2024\/09\/Caixilharia-770x500.png\" class=\"attachment-cspt-img-770x500 size-cspt-img-770x500 wp-post-image\" alt=\"\" data-id=\"11622\" \/><\/a><\/div>\t\t<div class=\"creativesplanet-box-content\">\r\n\t\t\t<div class=\"creativesplanet-box-content-inner\">\r\n\t\t\t\t<div class=\"cspt-service-icon\">\r\n\t\t\t\t\t<div class=\"cspt-service-icon-wrapper\">\r\n\t\t\t\t\t\t<i class=\"cspt-enginir-icon cspt-enginir-icon-industry\"><\/i>\t\t\t\t\t<\/div>\r\n\t\t\t\t<\/div>\r\n\t\t\t\t<h3 class=\"cspt-service-title\"><a href=\"https:\/\/akweno.ao\/electronet\/service\/caixilharia\/\">Caixilharia<\/a><\/h3> \r\n\r\n\t\t\t<\/div>\r\n\t\t<\/div>\r\n\t<\/div>\r\n<\/article><\/div><div class=\"cspt-ele cspt-service-ele col-md-4 industria cspt-term-19\"><article class=\"creativesplanet-ele creativesplanet-ele-service cspt-service-style-4\">\r\n\t<div class=\"creativesplanet-post-item\">\r\n\t\t<div class=\"cspt-featured-wrapper\"><a href=\"https:\/\/akweno.ao\/electronet\/service\/carpintaria\/\"><img decoding=\"async\" width=\"770\" height=\"500\" src=\"https:\/\/akweno.ao\/electronet\/wp-content\/uploads\/2024\/09\/Carpintaria-770x500.png\" class=\"attachment-cspt-img-770x500 size-cspt-img-770x500 wp-post-image\" alt=\"\" data-id=\"11626\" \/><\/a><\/div>\t\t<div class=\"creativesplanet-box-content\">\r\n\t\t\t<div class=\"creativesplanet-box-content-inner\">\r\n\t\t\t\t<div class=\"cspt-service-icon\">\r\n\t\t\t\t\t<div class=\"cspt-service-icon-wrapper\">\r\n\t\t\t\t\t\t\t\t\t\t\t<\/div>\r\n\t\t\t\t<\/div>\r\n\t\t\t\t<h3 class=\"cspt-service-title\"><a href=\"https:\/\/akweno.ao\/electronet\/service\/carpintaria\/\">Carpintaria<\/a><\/h3> \r\n\r\n\t\t\t<\/div>\r\n\t\t<\/div>\r\n\t<\/div>\r\n<\/article><\/div><div class=\"cspt-ele cspt-service-ele col-md-4 geral cspt-term-29\"><article class=\"creativesplanet-ele creativesplanet-ele-service cspt-service-style-4\">\r\n\t<div class=\"creativesplanet-post-item\">\r\n\t\t<div class=\"cspt-featured-wrapper\"><a href=\"https:\/\/akweno.ao\/electronet\/service\/ladrilho\/\"><img decoding=\"async\" width=\"770\" height=\"500\" src=\"https:\/\/akweno.ao\/electronet\/wp-content\/uploads\/2024\/09\/Ladrilho-770x500.png\" class=\"attachment-cspt-img-770x500 size-cspt-img-770x500 wp-post-image\" alt=\"\" data-id=\"11630\" \/><\/a><\/div>\t\t<div class=\"creativesplanet-box-content\">\r\n\t\t\t<div class=\"creativesplanet-box-content-inner\">\r\n\t\t\t\t<div class=\"cspt-service-icon\">\r\n\t\t\t\t\t<div class=\"cspt-service-icon-wrapper\">\r\n\t\t\t\t\t\t<i class=\"cspt-enginir-icon cspt-enginir-icon-drill\"><\/i>\t\t\t\t\t<\/div>\r\n\t\t\t\t<\/div>\r\n\t\t\t\t<h3 class=\"cspt-service-title\"><a href=\"https:\/\/akweno.ao\/electronet\/service\/ladrilho\/\">Ladrilho<\/a><\/h3> \r\n\r\n\t\t\t<\/div>\r\n\t\t<\/div>\r\n\t<\/div>\r\n<\/article><\/div><div class=\"cspt-ele cspt-service-ele col-md-4 geral cspt-term-29\"><article class=\"creativesplanet-ele creativesplanet-ele-service cspt-service-style-4\">\r\n\t<div class=\"creativesplanet-post-item\">\r\n\t\t<div class=\"cspt-featured-wrapper\"><a href=\"https:\/\/akweno.ao\/electronet\/service\/pintura-e-estuque\/\"><img decoding=\"async\" width=\"770\" height=\"500\" src=\"https:\/\/akweno.ao\/electronet\/wp-content\/uploads\/2024\/09\/Pintura-e-Estuque3-770x500.png\" class=\"attachment-cspt-img-770x500 size-cspt-img-770x500 wp-post-image\" alt=\"\" data-id=\"11586\" \/><\/a><\/div>\t\t<div class=\"creativesplanet-box-content\">\r\n\t\t\t<div class=\"creativesplanet-box-content-inner\">\r\n\t\t\t\t<div class=\"cspt-service-icon\">\r\n\t\t\t\t\t<div class=\"cspt-service-icon-wrapper\">\r\n\t\t\t\t\t\t<i class=\"cspt-enginir-icon cspt-enginir-icon-roller\"><\/i>\t\t\t\t\t<\/div>\r\n\t\t\t\t<\/div>\r\n\t\t\t\t<h3 class=\"cspt-service-title\"><a href=\"https:\/\/akweno.ao\/electronet\/service\/pintura-e-estuque\/\">Pintura e Estuque<\/a><\/h3> \r\n\r\n\t\t\t<\/div>\r\n\t\t<\/div>\r\n\t<\/div>\r\n<\/article><\/div><div class=\"cspt-ele cspt-service-ele col-md-4 industria cspt-term-19\"><article class=\"creativesplanet-ele creativesplanet-ele-service cspt-service-style-4\">\r\n\t<div class=\"creativesplanet-post-item\">\r\n\t\t<div class=\"cspt-featured-wrapper\"><a href=\"https:\/\/akweno.ao\/electronet\/service\/serralharia\/\"><img decoding=\"async\" width=\"770\" height=\"500\" src=\"https:\/\/akweno.ao\/electronet\/wp-content\/uploads\/2024\/09\/Serralharia-770x500.png\" class=\"attachment-cspt-img-770x500 size-cspt-img-770x500 wp-post-image\" alt=\"\" data-id=\"11634\" \/><\/a><\/div>\t\t<div class=\"creativesplanet-box-content\">\r\n\t\t\t<div class=\"creativesplanet-box-content-inner\">\r\n\t\t\t\t<div class=\"cspt-service-icon\">\r\n\t\t\t\t\t<div class=\"cspt-service-icon-wrapper\">\r\n\t\t\t\t\t\t<i class=\"cspt-enginir-icon cspt-enginir-icon-helmet\"><\/i>\t\t\t\t\t<\/div>\r\n\t\t\t\t<\/div>\r\n\t\t\t\t<h3 class=\"cspt-service-title\"><a href=\"https:\/\/akweno.ao\/electronet\/service\/serralharia\/\">Serralharia<\/a><\/h3> \r\n\r\n\t\t\t<\/div>\r\n\t\t<\/div>\r\n\t<\/div>\r\n<\/article><\/div><div class=\"cspt-ele cspt-service-ele col-md-4 geral cspt-term-29\"><article class=\"creativesplanet-ele creativesplanet-ele-service cspt-service-style-4\">\r\n\t<div class=\"creativesplanet-post-item\">\r\n\t\t<div class=\"cspt-featured-wrapper\"><a href=\"https:\/\/akweno.ao\/electronet\/service\/limpeza-e-higienizacao\/\"><img decoding=\"async\" width=\"770\" height=\"500\" src=\"https:\/\/akweno.ao\/electronet\/wp-content\/uploads\/2024\/09\/Limpeza-e-Higienizacao-770x500.png\" class=\"attachment-cspt-img-770x500 size-cspt-img-770x500 wp-post-image\" alt=\"\" data-id=\"11638\" \/><\/a><\/div>\t\t<div class=\"creativesplanet-box-content\">\r\n\t\t\t<div class=\"creativesplanet-box-content-inner\">\r\n\t\t\t\t<div class=\"cspt-service-icon\">\r\n\t\t\t\t\t<div class=\"cspt-service-icon-wrapper\">\r\n\t\t\t\t\t\t<i class=\"cspt-enginir-icon cspt-enginir-icon-nuclear\"><\/i>\t\t\t\t\t<\/div>\r\n\t\t\t\t<\/div>\r\n\t\t\t\t<h3 class=\"cspt-service-title\"><a href=\"https:\/\/akweno.ao\/electronet\/service\/limpeza-e-higienizacao\/\">Limpeza e Higieniza\u00e7\u00e3o<\/a><\/h3> \r\n\r\n\t\t\t<\/div>\r\n\t\t<\/div>\r\n\t<\/div>\r\n<\/article><\/div><div class=\"cspt-ele cspt-service-ele col-md-4 geral cspt-term-29\"><article class=\"creativesplanet-ele creativesplanet-ele-service cspt-service-style-4\">\r\n\t<div class=\"creativesplanet-post-item\">\r\n\t\t<div class=\"cspt-featured-wrapper\"><a href=\"https:\/\/akweno.ao\/electronet\/service\/construcao-civil\/\"><img decoding=\"async\" width=\"770\" height=\"500\" src=\"https:\/\/akweno.ao\/electronet\/wp-content\/uploads\/2024\/10\/constru-civil1-770x500.png\" class=\"attachment-cspt-img-770x500 size-cspt-img-770x500 wp-post-image\" alt=\"\" data-id=\"11860\" \/><\/a><\/div>\t\t<div class=\"creativesplanet-box-content\">\r\n\t\t\t<div class=\"creativesplanet-box-content-inner\">\r\n\t\t\t\t<div class=\"cspt-service-icon\">\r\n\t\t\t\t\t<div class=\"cspt-service-icon-wrapper\">\r\n\t\t\t\t\t\t\t\t\t\t\t<\/div>\r\n\t\t\t\t<\/div>\r\n\t\t\t\t<h3 class=\"cspt-service-title\"><a href=\"https:\/\/akweno.ao\/electronet\/service\/construcao-civil\/\">Constru\u00e7\u00e3o C\u00edvil<\/a><\/h3> \r\n\r\n\t\t\t<\/div>\r\n\t\t<\/div>\r\n\t<\/div>\r\n<\/article><\/div><\/div><\/div><!-- .creativesplanet-element-inner -->   <\/div><!-- .creativesplanet-element -->  [\/vc_column][\/vc_row]<\/p>\n<\/div>","protected":false},"excerpt":{"rendered":"<p>[vc_row cspt-bg-color=&#8221;light&#8221; full_width=&#8221;stretch_row&#8221;][vc_column][\/vc_column][\/vc_row]<\/p>\n","protected":false},"author":1,"featured_media":0,"parent":0,"menu_order":12,"comment_status":"closed","ping_status":"closed","template":"","meta":{"_acf_changed":false,"footnotes":""},"class_list":["post-8560","page","type-page","status-publish","hentry"],"acf":[],"_links":{"self":[{"href":"https:\/\/akweno.ao\/electronet\/wp-json\/wp\/v2\/pages\/8560","targetHints":{"allow":["GET"]}}],"collection":[{"href":"https:\/\/akweno.ao\/electronet\/wp-json\/wp\/v2\/pages"}],"about":[{"href":"https:\/\/akweno.ao\/electronet\/wp-json\/wp\/v2\/types\/page"}],"author":[{"embeddable":true,"href":"https:\/\/akweno.ao\/electronet\/wp-json\/wp\/v2\/users\/1"}],"replies":[{"embeddable":true,"href":"https:\/\/akweno.ao\/electronet\/wp-json\/wp\/v2\/comments?post=8560"}],"version-history":[{"count":5,"href":"https:\/\/akweno.ao\/electronet\/wp-json\/wp\/v2\/pages\/8560\/revisions"}],"predecessor-version":[{"id":11644,"href":"https:\/\/akweno.ao\/electronet\/wp-json\/wp\/v2\/pages\/8560\/revisions\/11644"}],"wp:attachment":[{"href":"https:\/\/akweno.ao\/electronet\/wp-json\/wp\/v2\/media?parent=8560"}],"curies":[{"name":"wp","href":"https:\/\/api.w.org\/{rel}","templated":true}]}}