{"id":11382,"date":"2024-09-02T06:21:23","date_gmt":"2024-09-02T06:21:23","guid":{"rendered":"https:\/\/enginir-demo.pbminfotech.com\/datasite\/?page_id=11382"},"modified":"2024-09-09T19:54:02","modified_gmt":"2024-09-09T19:54:02","slug":"peca-uma-cotacao","status":"publish","type":"page","link":"https:\/\/akweno.ao\/electronet\/peca-uma-cotacao\/","title":{"rendered":"Pe\u00e7a uma cota\u00e7\u00e3o"},"content":{"rendered":"<div class=\"wpb-content-wrapper\"><p>[vc_row cspt-bg-color=&#8221;white&#8221; cspt-zindex=&#8221;2&#8243; full_width=&#8221;stretch_row&#8221; el_class=&#8221;cspt-overflow-visible&#8221;][vc_column cspt-zindex=&#8221;2&#8243;][vc_column_text css=&#8221;&#8221;]<\/p>\n<p style=\"text-align: justify;\">A Electronet ter\u00e1 todo o gosto de esclarecer as suas d\u00favidas e fornecer toda a informa\u00e7\u00e3o pr\u00e9-venda de que necessitar. Atrav\u00e9s do formul\u00e1rio abaixo \u00e9 poss\u00edvel remeter os detalhes do projecto ou servi\u00e7o desejado, listar os requisitos e condi\u00e7\u00f5es&#8230;etc, para receber uma pr\u00e9-cota\u00e7\u00e3o sem compromisso, antes da contrata\u00e7\u00e3o efectiva.<\/p>\n<p>[\/vc_column_text]\n<div class=\"wpcf7 no-js\" id=\"wpcf7-f11385-o1\" lang=\"en-US\" dir=\"ltr\" data-wpcf7-id=\"11385\">\n<div class=\"screen-reader-response\"><p role=\"status\" aria-live=\"polite\" aria-atomic=\"true\"><\/p> <ul><\/ul><\/div>\n<form action=\"\/electronet\/wp-json\/wp\/v2\/pages\/11382#wpcf7-f11385-o1\" method=\"post\" class=\"wpcf7-form init\" aria-label=\"Contact form\" novalidate=\"novalidate\" data-status=\"init\">\n<fieldset class=\"hidden-fields-container\"><input type=\"hidden\" name=\"_wpcf7\" value=\"11385\" \/><input type=\"hidden\" name=\"_wpcf7_version\" value=\"6.1.3\" \/><input type=\"hidden\" name=\"_wpcf7_locale\" value=\"en_US\" \/><input type=\"hidden\" name=\"_wpcf7_unit_tag\" value=\"wpcf7-f11385-o1\" \/><input type=\"hidden\" name=\"_wpcf7_container_post\" value=\"0\" \/><input type=\"hidden\" name=\"_wpcf7_posted_data_hash\" value=\"\" \/>\n<\/fieldset>\n<div class=\"cspt-main-form cspt-style-4\">\n\t<div class=\"row\">\n\t\t<div class=\"col-md-4\">\n\t\t\t<div class=\"input-group\">\n\t\t\t\t<p><span class=\"wpcf7-form-control-wrap\" data-name=\"your-name\"><input size=\"40\" maxlength=\"400\" class=\"wpcf7-form-control wpcf7-text wpcf7-validates-as-required\" aria-required=\"true\" aria-invalid=\"false\" placeholder=\"Seu Nome *\" value=\"\" type=\"text\" name=\"your-name\" \/><\/span>\n\t\t\t\t<\/p>\n\t\t\t<\/div>\n\t\t<\/div>\n\t\t<div class=\"col-md-4\">\n\t\t\t<div class=\"input-group\">\n\t\t\t\t<p><span class=\"wpcf7-form-control-wrap\" data-name=\"your-phone\"><input size=\"40\" maxlength=\"400\" class=\"wpcf7-form-control wpcf7-text wpcf7-validates-as-required\" aria-required=\"true\" aria-invalid=\"false\" placeholder=\"N\u00ba Telefone *\" value=\"\" type=\"text\" name=\"your-phone\" \/><\/span>\n\t\t\t\t<\/p>\n\t\t\t<\/div>\n\t\t<\/div>\n\t\t<div class=\"col-md-4\">\n\t\t\t<div class=\"input-group\">\n\t\t\t\t<p><span class=\"wpcf7-form-control-wrap\" data-name=\"your-email\"><input size=\"40\" maxlength=\"400\" class=\"wpcf7-form-control wpcf7-email wpcf7-text wpcf7-validates-as-email\" aria-invalid=\"false\" placeholder=\"Seu Email\" value=\"\" type=\"email\" name=\"your-email\" \/><\/span>\n\t\t\t\t<\/p>\n\t\t\t<\/div>\n\t\t<\/div>\n\t\t<div class=\"col-sm-12\">\n\t\t\t<div class=\"input-group input-button\">\n\t\t\t\t<p><span class=\"wpcf7-form-control-wrap\" data-name=\"message\"><textarea cols=\"40\" rows=\"5\" maxlength=\"2000\" class=\"wpcf7-form-control wpcf7-textarea\" aria-invalid=\"false\" placeholder=\"Mensagem\" name=\"message\"><\/textarea><\/span>\n\t\t\t\t<\/p>\n\t\t\t<\/div>\n\t\t<\/div>\n\t\t<div class=\"col-sm-6\">\n\t\t\t<div class=\"input-group input-button\">\n\t\t\t\t<p><input class=\"wpcf7-form-control wpcf7-submit has-spinner\" type=\"submit\" value=\"Enviar Pedido\" \/>\n\t\t\t\t<\/p>\n\t\t\t<\/div>\n\t\t<\/div>\n\t<\/div>\n<\/div><div class=\"wpcf7-response-output\" aria-hidden=\"true\"><\/div>\n<\/form>\n<\/div>\n[\/vc_column][\/vc_row][vc_row cspt-responsive-css=&#8221;65756885|colbreak_no|||||0||||colbreak_no|||||||||colbreak_no||||||||||colbreak_no|||||||||&#8221;][vc_column]<div  class=\"creativesplanet-element creativesplanet-element-cspt-client cspt-element-cspt-client-style-1 creativesplanet-element-viewtype-row-column cspt-sortable-no\" data-show=\"5\" data-columns=\"5\" data-loop=\"false\" data-autoplay=\"false\" data-center=\"false\" data-nav=\"false\" data-dots=\"false\" data-autoplayspeed=\"1000\" data-margin=\"\"><div class=\"creativesplanet-element-inner\"><div class=\"cspt-ele-header-area\"><\/div><div class=\"cspt-element-posts-wrapper row multi-columns-row\"><div class=\"cspt-ele cspt-client-ele col-md-20percent \"><article class=\"creativesplanet-ele creativesplanet-ele-client cspt-client-style-1\"><div class=\"cspt-client-wrapper\">\r\n\t<h4 class=\"cspt-hide\">Client 6<\/h4>\r\n\t\t<div class=\"cspt-featured-wrapper\"><a href=\"https:\/\/akweno.ao\/electronet\/client\/client-6\/\"><img decoding=\"async\" width=\"200\" height=\"80\" src=\"https:\/\/akweno.ao\/electronet\/wp-content\/uploads\/2018\/11\/client-2.png\" class=\"attachment-cspt-img-770x9999 size-cspt-img-770x9999 wp-post-image\" alt=\"\" data-id=\"10262\" \/><\/a><\/div>\t\t<\/div><\/article><\/div><div class=\"cspt-ele cspt-client-ele col-md-20percent \"><article class=\"creativesplanet-ele creativesplanet-ele-client cspt-client-style-1\"><div class=\"cspt-client-wrapper\">\r\n\t<h4 class=\"cspt-hide\">Client 1<\/h4>\r\n\t\t<div class=\"cspt-featured-wrapper\"><a href=\"https:\/\/akweno.ao\/electronet\/client\/client-1\/\"><img decoding=\"async\" width=\"200\" height=\"80\" src=\"https:\/\/akweno.ao\/electronet\/wp-content\/uploads\/2018\/11\/client-2.png\" class=\"attachment-cspt-img-770x9999 size-cspt-img-770x9999 wp-post-image\" alt=\"\" data-id=\"10262\" \/><\/a><\/div>\t\t<\/div><\/article><\/div><div class=\"cspt-ele cspt-client-ele col-md-20percent \"><article class=\"creativesplanet-ele creativesplanet-ele-client cspt-client-style-1\"><div class=\"cspt-client-wrapper\">\r\n\t<h4 class=\"cspt-hide\">Client 2<\/h4>\r\n\t\t<div class=\"cspt-featured-wrapper\"><a href=\"https:\/\/akweno.ao\/electronet\/client\/client-2\/\"><img decoding=\"async\" width=\"200\" height=\"80\" src=\"https:\/\/akweno.ao\/electronet\/wp-content\/uploads\/2018\/11\/client-2.png\" class=\"attachment-cspt-img-770x9999 size-cspt-img-770x9999 wp-post-image\" alt=\"\" data-id=\"10262\" \/><\/a><\/div>\t\t<\/div><\/article><\/div><div class=\"cspt-ele cspt-client-ele col-md-20percent \"><article class=\"creativesplanet-ele creativesplanet-ele-client cspt-client-style-1\"><div class=\"cspt-client-wrapper\">\r\n\t<h4 class=\"cspt-hide\">Client 3<\/h4>\r\n\t\t<div class=\"cspt-featured-wrapper\"><a href=\"https:\/\/akweno.ao\/electronet\/client\/client-3\/\"><img decoding=\"async\" width=\"200\" height=\"80\" src=\"https:\/\/akweno.ao\/electronet\/wp-content\/uploads\/2018\/11\/client-2.png\" class=\"attachment-cspt-img-770x9999 size-cspt-img-770x9999 wp-post-image\" alt=\"\" data-id=\"10262\" \/><\/a><\/div>\t\t<\/div><\/article><\/div><div class=\"cspt-ele cspt-client-ele col-md-20percent \"><article class=\"creativesplanet-ele creativesplanet-ele-client cspt-client-style-1\"><div class=\"cspt-client-wrapper\">\r\n\t<h4 class=\"cspt-hide\">Client 4<\/h4>\r\n\t\t<div class=\"cspt-featured-wrapper\"><a href=\"https:\/\/akweno.ao\/electronet\/client\/client-4\/\"><img decoding=\"async\" width=\"200\" height=\"80\" src=\"https:\/\/akweno.ao\/electronet\/wp-content\/uploads\/2018\/11\/client-2.png\" class=\"attachment-cspt-img-770x9999 size-cspt-img-770x9999 wp-post-image\" alt=\"\" data-id=\"10262\" \/><\/a><\/div>\t\t<\/div><\/article><\/div><\/div><\/div><!-- .creativesplanet-element-inner -->   <\/div><!-- .creativesplanet-element -->  [\/vc_column][\/vc_row]<\/p>\n<\/div>","protected":false},"excerpt":{"rendered":"<p>[vc_row cspt-bg-color=&#8221;white&#8221; cspt-zindex=&#8221;2&#8243; full_width=&#8221;stretch_row&#8221; el_class=&#8221;cspt-overflow-visible&#8221;][vc_column cspt-zindex=&#8221;2&#8243;][vc_column_text css=&#8221;&#8221;] A Electronet ter\u00e1 todo o gosto de esclarecer as suas d\u00favidas e fornecer toda a informa\u00e7\u00e3o pr\u00e9-venda de que necessitar. Atrav\u00e9s do formul\u00e1rio abaixo \u00e9 poss\u00edvel remeter os detalhes do projecto ou servi\u00e7o desejado, listar os requisitos e condi\u00e7\u00f5es&#8230;etc, para receber uma pr\u00e9-cota\u00e7\u00e3o sem compromisso, antes da contrata\u00e7\u00e3o [&hellip;]<\/p>\n","protected":false},"author":1,"featured_media":0,"parent":0,"menu_order":0,"comment_status":"closed","ping_status":"closed","template":"","meta":{"_acf_changed":false,"footnotes":""},"class_list":["post-11382","page","type-page","status-publish","hentry"],"acf":[],"_links":{"self":[{"href":"https:\/\/akweno.ao\/electronet\/wp-json\/wp\/v2\/pages\/11382","targetHints":{"allow":["GET"]}}],"collection":[{"href":"https:\/\/akweno.ao\/electronet\/wp-json\/wp\/v2\/pages"}],"about":[{"href":"https:\/\/akweno.ao\/electronet\/wp-json\/wp\/v2\/types\/page"}],"author":[{"embeddable":true,"href":"https:\/\/akweno.ao\/electronet\/wp-json\/wp\/v2\/users\/1"}],"replies":[{"embeddable":true,"href":"https:\/\/akweno.ao\/electronet\/wp-json\/wp\/v2\/comments?post=11382"}],"version-history":[{"count":4,"href":"https:\/\/akweno.ao\/electronet\/wp-json\/wp\/v2\/pages\/11382\/revisions"}],"predecessor-version":[{"id":11536,"href":"https:\/\/akweno.ao\/electronet\/wp-json\/wp\/v2\/pages\/11382\/revisions\/11536"}],"wp:attachment":[{"href":"https:\/\/akweno.ao\/electronet\/wp-json\/wp\/v2\/media?parent=11382"}],"curies":[{"name":"wp","href":"https:\/\/api.w.org\/{rel}","templated":true}]}}