{"id":9207,"date":"2024-10-08T05:36:43","date_gmt":"2024-10-08T05:36:43","guid":{"rendered":"http:\/\/enginir-demo.pbminfotech.com\/datasite-site1\/?page_id=9207"},"modified":"2024-10-22T21:29:43","modified_gmt":"2024-10-22T21:29:43","slug":"historial","status":"publish","type":"page","link":"https:\/\/akweno.ao\/bz\/historial\/","title":{"rendered":"Historial"},"content":{"rendered":"<div class=\"wpb-content-wrapper\"><p>[vc_row cspt-extended-column=&#8221;first&#8221; cspt-extended-bg-image-position=&#8221;right-top&#8221; cspt-extended-bg-image-repeat=&#8221;y&#8221; full_width=&#8221;stretch_row&#8221; content_placement=&#8221;middle&#8221; css=&#8221;.vc_custom_1729632579403{padding-top: 80px !important;padding-bottom: 65px !important;}&#8221; cspt-first-col-bg-image=&#8221;9037&#8243; cspt-responsive-css=&#8221;61836986|colbreak_no|||||||||colbreak_yes|||||||||colbreak_no||||||||||colbreak_no|||||||||&#8221;][vc_column css=&#8221;.vc_custom_1544518202855{margin-right: -50px !important;}&#8221; cspt-responsive-css=&#8221;83513971|colbreak_no|||||||||colbreak_no||0|||||||colbreak_no||||||||||colbreak_no|||||||||&#8221;][vc_column_text css=&#8221;&#8221; el_class=&#8221;text-center&#8221;]<\/p>\n<p style=\"text-align: justify;\">A Baduka &amp; Zinga Solu\u00e7\u00f5es, Lda. teve uma jornada de crescimento not\u00e1vel desde a sua funda\u00e7\u00e3o em 2020 at\u00e9 a sua completa legaliza\u00e7\u00e3o em 2024, destacando-se nas \u00e1reas de design de tubagem e topografia.<\/p>\n<p style=\"text-align: justify;\">Com quatro anos de experi\u00eancia, a Baduka &amp; Zinga tornou-se refer\u00eancia nas \u00e1reas de topografia e design de tubagem, trabalhando em projetos de grande porte e oferecendo solu\u00e7\u00f5es t\u00e9cnicas avan\u00e7adas para seus clientes. A trajet\u00f3ria da empresa \u00e9 marcada por inova\u00e7\u00e3o, crescimento cont\u00ednuo e a busca constante por excel\u00eancia nas \u00e1reas de engenharia e geotecnologia.<\/p>\n<p>[\/vc_column_text][\/vc_column][\/vc_row][vc_row cspt-bg-color=&#8221;light&#8221; full_width=&#8221;stretch_row&#8221;][vc_column]<div  class=\"cspt-timeline\"><div class=\"cspt-timeline-inner\">\r\n\t\t\t\t\t\t<div class=\" col-sm-12 cspt-ourhistory cspt-ourhistory-type2 \">\r\n\t\t\t\t\t\t\t<div class=\"row cspt-ourhistory-row\">\r\n\t\t\t\t\t\t\t\t<div class=\"col-md-3  col-sm-3 col-xs-3\">\r\n\t\t\t\t\t\t\t\t\t<img loading=\"lazy\" decoding=\"async\" width=\"370\" height=\"223\" src=\"https:\/\/akweno.ao\/bz\/wp-content\/uploads\/2024\/10\/hist1.png\" class=\"attachment-full size-full\" alt=\"\" srcset=\"https:\/\/akweno.ao\/bz\/wp-content\/uploads\/2024\/10\/hist1.png 370w, https:\/\/akweno.ao\/bz\/wp-content\/uploads\/2024\/10\/hist1-300x181.png 300w\" sizes=\"auto, (max-width: 370px) 100vw, 370px\" data-id=\"11524\" \/>\r\n\t\t\t\t\t\t\t\t<\/div>\r\n\t\t\t\t\t\t\t\t<div class=\"col-md-1 cspt-ourhistory-left\">\r\n\t\t\t\t\t\t\t\t\t<span class=\"label\">2020<\/span>\r\n\t\t\t\t\t\t\t\t<\/div>\r\n\t\t\t\t\t\t\t\t<div class=\"col-md-8 col-sm-8 col-xs-8 cspt-ourhistory-right\">\r\n\t\t\t\t\t\t\t\t\t<span class=\"cspt-timeline-image\"><img loading=\"lazy\" decoding=\"async\" width=\"370\" height=\"223\" src=\"https:\/\/akweno.ao\/bz\/wp-content\/uploads\/2024\/10\/hist1.png\" class=\"attachment-full size-full\" alt=\"\" srcset=\"https:\/\/akweno.ao\/bz\/wp-content\/uploads\/2024\/10\/hist1.png 370w, https:\/\/akweno.ao\/bz\/wp-content\/uploads\/2024\/10\/hist1-300x181.png 300w\" sizes=\"auto, (max-width: 370px) 100vw, 370px\" data-id=\"11524\" \/><\/span>\r\n\t\t\t\t\t\t\t\t\t<span class=\"label\">2020<\/span>\r\n\t\t\t\t\t\t\t\t\t<div class=\"content\">\r\n\t\t\t\t\t\t\t\t\t\t<h4>Funda\u00e7\u00e3o e In\u00edcio das Atividades <\/h4>\r\n\t\t\t\t\t\t\t\t\t\t<div class=\"simple-text\">\r\n\t\t\t\t\t\t\t\t\t\t\t<p>A empresa foi criada com a vis\u00e3o de oferecer solu\u00e7\u00f5es inovadoras para o setor de com\u00e9rcio e presta\u00e7\u00e3o de servi\u00e7os, com um foco inicial voltado para a engenharia e projetos de infraestrutura. Desde o in\u00edcio, a Baduka & Zinga se comprometeu a fornecer servi\u00e7os de alta qualidade, voltados tanto para o desenvolvimento de sistemas de tubula\u00e7\u00e3o quanto para projetos topogr\u00e1ficos.<\/p>\r\n\t\t\t\t\t\t\t\t\t\t<\/div>\r\n\t\t\t\t\t\t\t\t\t<\/div>\r\n\t\t\t\t\t\t\t\t<\/div>\r\n\t\t\t\t\t\t\t<\/div> \r\n\t\t\t\t\t\t<\/div>\r\n\t\t\t\t\t\r\n\t\t\t\t\t\t<div class=\" col-sm-12 cspt-ourhistory cspt-ourhistory-type2 \">\r\n\t\t\t\t\t\t\t<div class=\"row cspt-ourhistory-row\">\r\n\t\t\t\t\t\t\t\t<div class=\"col-md-3  col-sm-3 col-xs-3\">\r\n\t\t\t\t\t\t\t\t\t<img loading=\"lazy\" decoding=\"async\" width=\"370\" height=\"223\" src=\"https:\/\/akweno.ao\/bz\/wp-content\/uploads\/2024\/10\/hist2.png\" class=\"attachment-full size-full\" alt=\"\" srcset=\"https:\/\/akweno.ao\/bz\/wp-content\/uploads\/2024\/10\/hist2.png 370w, https:\/\/akweno.ao\/bz\/wp-content\/uploads\/2024\/10\/hist2-300x181.png 300w\" sizes=\"auto, (max-width: 370px) 100vw, 370px\" data-id=\"11525\" \/>\r\n\t\t\t\t\t\t\t\t<\/div>\r\n\t\t\t\t\t\t\t\t<div class=\"col-md-1 cspt-ourhistory-left\">\r\n\t\t\t\t\t\t\t\t\t<span class=\"label\">2021-2022<\/span>\r\n\t\t\t\t\t\t\t\t<\/div>\r\n\t\t\t\t\t\t\t\t<div class=\"col-md-8 col-sm-8 col-xs-8 cspt-ourhistory-right\">\r\n\t\t\t\t\t\t\t\t\t<span class=\"cspt-timeline-image\"><img loading=\"lazy\" decoding=\"async\" width=\"370\" height=\"223\" src=\"https:\/\/akweno.ao\/bz\/wp-content\/uploads\/2024\/10\/hist2.png\" class=\"attachment-full size-full\" alt=\"\" srcset=\"https:\/\/akweno.ao\/bz\/wp-content\/uploads\/2024\/10\/hist2.png 370w, https:\/\/akweno.ao\/bz\/wp-content\/uploads\/2024\/10\/hist2-300x181.png 300w\" sizes=\"auto, (max-width: 370px) 100vw, 370px\" data-id=\"11525\" \/><\/span>\r\n\t\t\t\t\t\t\t\t\t<span class=\"label\">2021-2022<\/span>\r\n\t\t\t\t\t\t\t\t\t<div class=\"content\">\r\n\t\t\t\t\t\t\t\t\t\t<h4>Expans\u00e3o das Compet\u00eancias T\u00e9cnicas <\/h4>\r\n\t\t\t\t\t\t\t\t\t\t<div class=\"simple-text\">\r\n\t\t\t\t\t\t\t\t\t\t\t<p>Nos dois primeiros anos, a empresa investiu em capacita\u00e7\u00e3o t\u00e9cnica, adquirindo ferramentas modernas para modelagem 3D de tubagens e tecnologias de levantamento topogr\u00e1fico, como drones e softwares especializados. Nesse per\u00edodo, estabeleceu parcerias com profissionais da \u00e1rea, permitindo que expandisse seu portf\u00f3lio de servi\u00e7os em ambos os setores.<br><br>\n\nNa \u00e1rea de design de tubagem, a Baduka & Zinga come\u00e7ou a desenvolver projetos mais complexos, como sistemas industriais e redes de saneamento.\nNa topografia, a empresa passou a oferecer servi\u00e7os de levantamento georreferenciado, essencial para regulariza\u00e7\u00f5es fundi\u00e1rias e projetos de constru\u00e7\u00e3o civil.<\/p>\r\n\t\t\t\t\t\t\t\t\t\t<\/div>\r\n\t\t\t\t\t\t\t\t\t<\/div>\r\n\t\t\t\t\t\t\t\t<\/div>\r\n\t\t\t\t\t\t\t<\/div> \r\n\t\t\t\t\t\t<\/div>\r\n\t\t\t\t\t\r\n\t\t\t\t\t\t<div class=\" col-sm-12 cspt-ourhistory cspt-ourhistory-type2 \">\r\n\t\t\t\t\t\t\t<div class=\"row cspt-ourhistory-row\">\r\n\t\t\t\t\t\t\t\t<div class=\"col-md-3  col-sm-3 col-xs-3\">\r\n\t\t\t\t\t\t\t\t\t<img loading=\"lazy\" decoding=\"async\" width=\"370\" height=\"223\" src=\"https:\/\/akweno.ao\/bz\/wp-content\/uploads\/2024\/10\/hist3.png\" class=\"attachment-full size-full\" alt=\"\" srcset=\"https:\/\/akweno.ao\/bz\/wp-content\/uploads\/2024\/10\/hist3.png 370w, https:\/\/akweno.ao\/bz\/wp-content\/uploads\/2024\/10\/hist3-300x181.png 300w\" sizes=\"auto, (max-width: 370px) 100vw, 370px\" data-id=\"11526\" \/>\r\n\t\t\t\t\t\t\t\t<\/div>\r\n\t\t\t\t\t\t\t\t<div class=\"col-md-1 cspt-ourhistory-left\">\r\n\t\t\t\t\t\t\t\t\t<span class=\"label\">2023<\/span>\r\n\t\t\t\t\t\t\t\t<\/div>\r\n\t\t\t\t\t\t\t\t<div class=\"col-md-8 col-sm-8 col-xs-8 cspt-ourhistory-right\">\r\n\t\t\t\t\t\t\t\t\t<span class=\"cspt-timeline-image\"><img loading=\"lazy\" decoding=\"async\" width=\"370\" height=\"223\" src=\"https:\/\/akweno.ao\/bz\/wp-content\/uploads\/2024\/10\/hist3.png\" class=\"attachment-full size-full\" alt=\"\" srcset=\"https:\/\/akweno.ao\/bz\/wp-content\/uploads\/2024\/10\/hist3.png 370w, https:\/\/akweno.ao\/bz\/wp-content\/uploads\/2024\/10\/hist3-300x181.png 300w\" sizes=\"auto, (max-width: 370px) 100vw, 370px\" data-id=\"11526\" \/><\/span>\r\n\t\t\t\t\t\t\t\t\t<span class=\"label\">2023<\/span>\r\n\t\t\t\t\t\t\t\t\t<div class=\"content\">\r\n\t\t\t\t\t\t\t\t\t\t<h4>Projetos de Relev\u00e2ncia e Consolida\u00e7\u00e3o no Mercado <\/h4>\r\n\t\t\t\t\t\t\t\t\t\t<div class=\"simple-text\">\r\n\t\t\t\t\t\t\t\t\t\t\t<p> Projetos de Relev\u00e2ncia e Consolida\u00e7\u00e3o no Mercado (2023):\nEm 2023, a Baduka & Zinga conquistou contratos importantes com empresas de engenharia e construtoras, o que solidificou sua reputa\u00e7\u00e3o no mercado. Nesse ano, a empresa executou v\u00e1rios projetos de tubula\u00e7\u00e3o industrial e levantamentos topogr\u00e1ficos para grandes obras de infraestrutura.\n\nA expertise da equipe em an\u00e1lise de flexibilidade e modelagem de sistemas de tubula\u00e7\u00e3o trouxe reconhecimento em projetos industriais, enquanto os servi\u00e7os de loca\u00e7\u00e3o de obras e mapeamento detalhado de terrenos se tornaram essenciais para o sucesso de diversas constru\u00e7\u00f5es.<br><br>\n<\/p>\r\n\t\t\t\t\t\t\t\t\t\t<\/div>\r\n\t\t\t\t\t\t\t\t\t<\/div>\r\n\t\t\t\t\t\t\t\t<\/div>\r\n\t\t\t\t\t\t\t<\/div> \r\n\t\t\t\t\t\t<\/div>\r\n\t\t\t\t\t\r\n\t\t\t\t\t\t<div class=\" col-sm-12 cspt-ourhistory cspt-ourhistory-type2 \">\r\n\t\t\t\t\t\t\t<div class=\"row cspt-ourhistory-row\">\r\n\t\t\t\t\t\t\t\t<div class=\"col-md-3  col-sm-3 col-xs-3\">\r\n\t\t\t\t\t\t\t\t\t<img loading=\"lazy\" decoding=\"async\" width=\"370\" height=\"223\" src=\"https:\/\/akweno.ao\/bz\/wp-content\/uploads\/2024\/10\/hist4.png\" class=\"attachment-full size-full\" alt=\"\" srcset=\"https:\/\/akweno.ao\/bz\/wp-content\/uploads\/2024\/10\/hist4.png 370w, https:\/\/akweno.ao\/bz\/wp-content\/uploads\/2024\/10\/hist4-300x181.png 300w\" sizes=\"auto, (max-width: 370px) 100vw, 370px\" data-id=\"11527\" \/>\r\n\t\t\t\t\t\t\t\t<\/div>\r\n\t\t\t\t\t\t\t\t<div class=\"col-md-1 cspt-ourhistory-left\">\r\n\t\t\t\t\t\t\t\t\t<span class=\"label\">2024<\/span>\r\n\t\t\t\t\t\t\t\t<\/div>\r\n\t\t\t\t\t\t\t\t<div class=\"col-md-8 col-sm-8 col-xs-8 cspt-ourhistory-right\">\r\n\t\t\t\t\t\t\t\t\t<span class=\"cspt-timeline-image\"><img loading=\"lazy\" decoding=\"async\" width=\"370\" height=\"223\" src=\"https:\/\/akweno.ao\/bz\/wp-content\/uploads\/2024\/10\/hist4.png\" class=\"attachment-full size-full\" alt=\"\" srcset=\"https:\/\/akweno.ao\/bz\/wp-content\/uploads\/2024\/10\/hist4.png 370w, https:\/\/akweno.ao\/bz\/wp-content\/uploads\/2024\/10\/hist4-300x181.png 300w\" sizes=\"auto, (max-width: 370px) 100vw, 370px\" data-id=\"11527\" \/><\/span>\r\n\t\t\t\t\t\t\t\t\t<span class=\"label\">2024<\/span>\r\n\t\t\t\t\t\t\t\t\t<div class=\"content\">\r\n\t\t\t\t\t\t\t\t\t\t<h4>Legaliza\u00e7\u00e3o e Expans\u00e3o <\/h4>\r\n\t\t\t\t\t\t\t\t\t\t<div class=\"simple-text\">\r\n\t\t\t\t\t\t\t\t\t\t\t<p>Em 2024, a empresa atingiu um marco significativo com a legaliza\u00e7\u00e3o completa de suas atividades. Este processo permitiu \u00e0 Baduka & Zinga formalizar suas opera\u00e7\u00f5es, aumentando sua presen\u00e7a no mercado e conquistando novos clientes em Angola e na regi\u00e3o. A legaliza\u00e7\u00e3o marcou o in\u00edcio de uma fase mais madura, com a amplia\u00e7\u00e3o dos servi\u00e7os em design de tubagem e topografia, incluindo consultoria t\u00e9cnica especializada e inspe\u00e7\u00f5es avan\u00e7adas de tubula\u00e7\u00f5es.<\/p>\r\n\t\t\t\t\t\t\t\t\t\t<\/div>\r\n\t\t\t\t\t\t\t\t\t<\/div>\r\n\t\t\t\t\t\t\t\t<\/div>\r\n\t\t\t\t\t\t\t<\/div> \r\n\t\t\t\t\t\t<\/div>\r\n\t\t\t\t\t<\/div><\/div>[\/vc_column][\/vc_row]<\/p>\n<\/div>","protected":false},"excerpt":{"rendered":"<p>[vc_row cspt-extended-column=&#8221;first&#8221; cspt-extended-bg-image-position=&#8221;right-top&#8221; cspt-extended-bg-image-repeat=&#8221;y&#8221; full_width=&#8221;stretch_row&#8221; content_placement=&#8221;middle&#8221; css=&#8221;.vc_custom_1729632579403{padding-top: 80px !important;padding-bottom: 65px !important;}&#8221; cspt-first-col-bg-image=&#8221;9037&#8243; cspt-responsive-css=&#8221;61836986|colbreak_no|||||||||colbreak_yes|||||||||colbreak_no||||||||||colbreak_no|||||||||&#8221;][vc_column css=&#8221;.vc_custom_1544518202855{margin-right: -50px !important;}&#8221; cspt-responsive-css=&#8221;83513971|colbreak_no|||||||||colbreak_no||0|||||||colbreak_no||||||||||colbreak_no|||||||||&#8221;][vc_column_text css=&#8221;&#8221; el_class=&#8221;text-center&#8221;] A Baduka &amp; Zinga Solu\u00e7\u00f5es, Lda. teve uma jornada de crescimento not\u00e1vel desde a sua funda\u00e7\u00e3o em 2020 at\u00e9 a sua completa legaliza\u00e7\u00e3o em 2024, destacando-se nas \u00e1reas de design de tubagem e topografia. Com quatro [&hellip;]<\/p>\n","protected":false},"author":1,"featured_media":0,"parent":0,"menu_order":9,"comment_status":"closed","ping_status":"closed","template":"","meta":{"_acf_changed":false,"footnotes":""},"class_list":["post-9207","page","type-page","status-publish","hentry"],"acf":[],"_links":{"self":[{"href":"https:\/\/akweno.ao\/bz\/wp-json\/wp\/v2\/pages\/9207","targetHints":{"allow":["GET"]}}],"collection":[{"href":"https:\/\/akweno.ao\/bz\/wp-json\/wp\/v2\/pages"}],"about":[{"href":"https:\/\/akweno.ao\/bz\/wp-json\/wp\/v2\/types\/page"}],"author":[{"embeddable":true,"href":"https:\/\/akweno.ao\/bz\/wp-json\/wp\/v2\/users\/1"}],"replies":[{"embeddable":true,"href":"https:\/\/akweno.ao\/bz\/wp-json\/wp\/v2\/comments?post=9207"}],"version-history":[{"count":11,"href":"https:\/\/akweno.ao\/bz\/wp-json\/wp\/v2\/pages\/9207\/revisions"}],"predecessor-version":[{"id":11535,"href":"https:\/\/akweno.ao\/bz\/wp-json\/wp\/v2\/pages\/9207\/revisions\/11535"}],"wp:attachment":[{"href":"https:\/\/akweno.ao\/bz\/wp-json\/wp\/v2\/media?parent=9207"}],"curies":[{"name":"wp","href":"https:\/\/api.w.org\/{rel}","templated":true}]}}