{"id":8516,"date":"2024-09-30T06:49:24","date_gmt":"2024-09-30T06:49:24","guid":{"rendered":"https:\/\/enginir-demo.pbminfotech.com\/datasite\/?page_id=8516"},"modified":"2024-10-22T22:03:17","modified_gmt":"2024-10-22T22:03:17","slug":"sobre-nos","status":"publish","type":"page","link":"https:\/\/akweno.ao\/bz\/sobre-nos\/","title":{"rendered":"Sobre N\u00f3s"},"content":{"rendered":"<div class=\"wpb-content-wrapper\"><p>[vc_row cspt-bg-color=&#8221;white&#8221; full_width=&#8221;stretch_row&#8221; content_placement=&#8221;top&#8221; cspt-responsive-css=&#8221;23213412|colbreak_yes|||||||||colbreak_no|||||||||colbreak_no||||||||||colbreak_no|||||||||&#8221;][vc_column width=&#8221;1\/2&#8243;][vc_single_image image=&#8221;11536&#8243; img_size=&#8221;500&#215;570&#8243; css=&#8221;.vc_custom_1729634593266{margin-bottom: 0px !important;padding-top: 40px !important;padding-left: 40px !important;}&#8221; el_class=&#8221;cspt-effect-square cspt-effect-dot&#8221;][\/vc_column][vc_column width=&#8221;1\/2&#8243; css=&#8221;.vc_custom_1556859676745{margin-top: 10px !important;}&#8221; cspt-responsive-css=&#8221;71728225|colbreak_no|50||||||||colbreak_no|||||||||colbreak_no||||||||||colbreak_no|||||||||&#8221;][vc_column_text css=&#8221;.vc_custom_1729430668401{margin-bottom: 25px !important;}&#8221;]<\/p>\n<p style=\"text-align: justify;\">Fundada em 10 de Julho de 2024, a <strong>Baduka &amp; Zinga Solu\u00e7\u00f5es, Lda<\/strong> surgiu com a vis\u00e3o de oferecer solu\u00e7\u00f5es inovadoras e de alta qualidade no setor da engenharia e comercio.\u00a0 Desde o in\u00edcio, a empresa focou-se em atender \u00e0s demandas do mercado com um portf\u00f3lio diversificado de produtos e servi\u00e7os, sempre com um compromisso inabal\u00e1vel com a excel\u00eancia.<\/p>\n<p style=\"text-align: justify;\">Ao longo dos anos, a Baduka &amp; Zinga Solu\u00e7\u00f5es consolidou-se como uma refer\u00eancia no mercado, expandindo suas opera\u00e7\u00f5es e conquistando a confian\u00e7a de parceiros e clientes em diversas \u00e1reas. Nossa empresa \u00e9 movida pela inova\u00e7\u00e3o e pela busca cont\u00ednua de melhorias em nossos processos, oferecendo sempre solu\u00e7\u00f5es personalizadas para cada projeto.<\/p>\n<p style=\"text-align: justify;\">Com uma equipe de profissionais altamente qualificados e uma abordagem centrada no cliente, a Baduka &amp; Zinga Solu\u00e7\u00f5es, Lda desenvolveu parcerias de longo prazo com empresas l\u00edderes nos setores de engenharia e comercio. Acreditamos na import\u00e2ncia da tecnologia, da sustentabilidade e da efici\u00eancia como pilares do nosso crescimento e sucesso.<\/p>\n<p style=\"text-align: justify;\">Hoje, a empresa orgulha-se de contribuir para o desenvolvimento do mercado, com um compromisso cont\u00ednuo em adaptar-se \u00e0s novas exig\u00eancias e desafios da ind\u00fastria. Estamos preparados para enfrentar o futuro com a mesma paix\u00e3o e dedica\u00e7\u00e3o que nos guiaram desde o in\u00edcio.<\/p>\n<p>[\/vc_column_text][\/vc_column][\/vc_row][vc_row cspt-bg-color=&#8221;white&#8221; full_width=&#8221;stretch_row&#8221; content_placement=&#8221;bottom&#8221;][vc_column width=&#8221;1\/2&#8243;][vc_column_text css=&#8221;.vc_custom_1729430885332{margin-top: -10px !important;}&#8221;]<\/p>\n<p style=\"text-align: justify;\">A Baduka &amp; Zinga Solu\u00e7\u00f5es, Lda \u00e9 uma empresa dedicada ao com\u00e9rcio e \u00e0 presta\u00e7\u00e3o de servi\u00e7os, oferecendo solu\u00e7\u00f5es de alta qualidade para nossos clientes. Com uma equipe de profissionais experientes e comprometidos, buscamos atender \u00e0s necessidades espec\u00edficas de cada cliente, garantindo efici\u00eancia e excel\u00eancia em todos os projetos.<\/p>\n<p style=\"text-align: justify;\">Nossa atua\u00e7\u00e3o abrange uma ampla gama de servi\u00e7os e produtos, sempre com foco na inova\u00e7\u00e3o e na melhoria cont\u00ednua, proporcionando resultados que superam expectativas. A Baduka &amp; Zinga Solu\u00e7\u00f5es, Lda, o compromisso com a satisfa\u00e7\u00e3o do cliente \u00e9 a nossa prioridade, e estamos prontos para construir parcerias de sucesso.<\/p>\n<p>[\/vc_column_text][\/vc_column][vc_column width=&#8221;1\/2&#8243; cspt-responsive-css=&#8221;77906114|colbreak_no|||||||||colbreak_no|||||||||colbreak_no|25|||||||||colbreak_no|||||||||&#8221;][vc_progress_bar values=&#8221;%5B%7B%22label%22%3A%22Produ%C3%A7%C3%A3o%22%2C%22value%22%3A%2290%22%7D%2C%7B%22label%22%3A%22Utiliza%C3%A7%C3%A3o%20dos%20servi%C3%A7os%22%2C%22value%22%3A%2280%22%7D%2C%7B%22label%22%3A%22Projectos%20e%20productos%22%2C%22value%22%3A%2270%22%7D%2C%7B%22label%22%3A%22Satisfa%C3%A7%C3%A3o%20do%20cliente%22%2C%22value%22%3A%2280%22%7D%5D&#8221; css=&#8221;&#8221; units=&#8221;%&#8221;][vc_empty_space][\/vc_column][\/vc_row]<\/p>\n<\/div>","protected":false},"excerpt":{"rendered":"<p>[vc_row cspt-bg-color=&#8221;white&#8221; full_width=&#8221;stretch_row&#8221; content_placement=&#8221;top&#8221; cspt-responsive-css=&#8221;23213412|colbreak_yes|||||||||colbreak_no|||||||||colbreak_no||||||||||colbreak_no|||||||||&#8221;][vc_column width=&#8221;1\/2&#8243;][vc_single_image image=&#8221;11536&#8243; img_size=&#8221;500&#215;570&#8243; css=&#8221;.vc_custom_1729634593266{margin-bottom: 0px !important;padding-top: 40px !important;padding-left: 40px !important;}&#8221; el_class=&#8221;cspt-effect-square cspt-effect-dot&#8221;][\/vc_column][vc_column width=&#8221;1\/2&#8243; css=&#8221;.vc_custom_1556859676745{margin-top: 10px !important;}&#8221; cspt-responsive-css=&#8221;71728225|colbreak_no|50||||||||colbreak_no|||||||||colbreak_no||||||||||colbreak_no|||||||||&#8221;][vc_column_text css=&#8221;.vc_custom_1729430668401{margin-bottom: 25px !important;}&#8221;] Fundada em 10 de Julho de 2024, a Baduka &amp; Zinga Solu\u00e7\u00f5es, Lda surgiu com a vis\u00e3o de oferecer solu\u00e7\u00f5es inovadoras e de alta qualidade no setor da engenharia e [&hellip;]<\/p>\n","protected":false},"author":1,"featured_media":0,"parent":0,"menu_order":7,"comment_status":"closed","ping_status":"closed","template":"","meta":{"_acf_changed":false,"footnotes":""},"class_list":["post-8516","page","type-page","status-publish","hentry"],"acf":[],"_links":{"self":[{"href":"https:\/\/akweno.ao\/bz\/wp-json\/wp\/v2\/pages\/8516","targetHints":{"allow":["GET"]}}],"collection":[{"href":"https:\/\/akweno.ao\/bz\/wp-json\/wp\/v2\/pages"}],"about":[{"href":"https:\/\/akweno.ao\/bz\/wp-json\/wp\/v2\/types\/page"}],"author":[{"embeddable":true,"href":"https:\/\/akweno.ao\/bz\/wp-json\/wp\/v2\/users\/1"}],"replies":[{"embeddable":true,"href":"https:\/\/akweno.ao\/bz\/wp-json\/wp\/v2\/comments?post=8516"}],"version-history":[{"count":13,"href":"https:\/\/akweno.ao\/bz\/wp-json\/wp\/v2\/pages\/8516\/revisions"}],"predecessor-version":[{"id":11537,"href":"https:\/\/akweno.ao\/bz\/wp-json\/wp\/v2\/pages\/8516\/revisions\/11537"}],"wp:attachment":[{"href":"https:\/\/akweno.ao\/bz\/wp-json\/wp\/v2\/media?parent=8516"}],"curies":[{"name":"wp","href":"https:\/\/api.w.org\/{rel}","templated":true}]}}