{"id":11613,"date":"2024-10-25T23:01:44","date_gmt":"2024-10-25T23:01:44","guid":{"rendered":"https:\/\/akweno.ao\/bz\/?page_id=11613"},"modified":"2024-10-25T23:16:58","modified_gmt":"2024-10-25T23:16:58","slug":"termos-condicoes","status":"publish","type":"page","link":"https:\/\/akweno.ao\/bz\/termos-condicoes\/","title":{"rendered":"Termos &#038; Condi\u00e7\u00f5es"},"content":{"rendered":"<div class=\"wpb-content-wrapper\"><p>[vc_row][vc_column][vc_empty_space height=&#8221;100px&#8221;][\/vc_column][\/vc_row][vc_row][vc_column][vc_column_text css=&#8221;&#8221;]<\/p>\n<h5>1. Introdu\u00e7\u00e3o<\/h5>\n<p style=\"text-align: justify;\">Bem-vindo ao site da Baduka &amp; Zinga Solu\u00e7\u00f5es, Lda. Ao acessar ou utilizar os nossos servi\u00e7os, voc\u00ea concorda em cumprir e estar vinculado aos seguintes termos e condi\u00e7\u00f5es. Estes termos aplicam-se a todos os visitantes, usu\u00e1rios e clientes da nossa empresa.<\/p>\n<p>[\/vc_column_text][vc_column_text css=&#8221;&#8221;]<\/p>\n<h5>2. Servi\u00e7os Oferecidos<\/h5>\n<p style=\"text-align: justify;\">A Baduka &amp; Zinga Solu\u00e7\u00f5es, Lda oferece uma gama de produtos e servi\u00e7os na \u00e1rea de com\u00e9rcio e presta\u00e7\u00e3o de servi\u00e7os. Detalhes espec\u00edficos de cada servi\u00e7o ser\u00e3o fornecidos durante a contrata\u00e7\u00e3o ou no nosso site.<\/p>\n<p>[\/vc_column_text][vc_column_text css=&#8221;&#8221;]<\/p>\n<h5>3. Uso do Site e dos Servi\u00e7os<\/h5>\n<ul>\n<li>O uso do site e dos servi\u00e7os da Baduka &amp; Zinga Solu\u00e7\u00f5es deve ser feito de acordo com todas as leis e regulamentos aplic\u00e1veis.<\/li>\n<li>\u00c9 proibido o uso de qualquer conte\u00fado ou servi\u00e7o para fins ilegais ou n\u00e3o autori-zados.<\/li>\n<li>Reservamo-nos o direito de suspender ou encerrar o acesso a nossos servi\u00e7os se houver viola\u00e7\u00e3o dos presentes termos.<\/li>\n<\/ul>\n<p>[\/vc_column_text][vc_column_text css=&#8221;&#8221;]<\/p>\n<h5>4. Propriedade Intelectual<\/h5>\n<p style=\"text-align: justify;\">Todo o conte\u00fado presente no nosso site, incluindo textos, imagens, logos e outros materiais, \u00e9 de propriedade da Baduka &amp; Zinga Solu\u00e7\u00f5es, Lda e protegido por leis de direitos autorais. O uso indevido de qualquer conte\u00fado sem autoriza\u00e7\u00e3o pr\u00e9via \u00e9 proibido.<\/p>\n<p>[\/vc_column_text][vc_column_text css=&#8221;&#8221;]<\/p>\n<h5>5. Altera\u00e7\u00f5es aos Termos<\/h5>\n<p style=\"text-align: justify;\">A Baduka &amp; Zinga Solu\u00e7\u00f5es reserva-se o direito de alterar ou atualizar estes Termos e Condi\u00e7\u00f5es a qualquer momento, sem aviso pr\u00e9vio. \u00c9 responsabilidade do usu\u00e1rio rever estes termos regularmente.<\/p>\n<p>[\/vc_column_text][vc_column_text css=&#8221;&#8221;]<\/p>\n<h5>6. Limita\u00e7\u00e3o de Responsabilidade<\/h5>\n<p style=\"text-align: justify;\">A Baduka &amp; Zinga Solu\u00e7\u00f5es n\u00e3o se responsabiliza por quaisquer danos diretos, indiretos ou conse-quentes decorrentes do uso ou da incapacidade de usar os nossos servi\u00e7os, incluindo perdas financeiras, de dados ou danos reputacionais.<\/p>\n<p>[\/vc_column_text][vc_column_text css=&#8221;&#8221;]<\/p>\n<h5>7. Pol\u00edtica de Reembolso<\/h5>\n<p style=\"text-align: justify;\">Em caso de cancelamento de servi\u00e7os, a Baduka &amp; Zinga Solu\u00e7\u00f5es analisar\u00e1 cada caso individualmen-te. As pol\u00edticas de reembolso variam de acordo com o tipo de servi\u00e7o prestado e estar\u00e3o claramente des-critas em cada contrato.<\/p>\n<p>[\/vc_column_text][vc_column_text css=&#8221;&#8221;]<\/p>\n<h5>8. Jurisdi\u00e7\u00e3o<\/h5>\n<p style=\"text-align: justify;\">Estes Termos e Condi\u00e7\u00f5es s\u00e3o regidos pelas leis de Angola. Qualquer lit\u00edgio ou reclama\u00e7\u00e3o relacionado ao uso dos nossos servi\u00e7os ser\u00e1 resolvido nos tribunais competentes desse territ\u00f3rio.<\/p>\n<p>[\/vc_column_text][vc_empty_space][\/vc_column][\/vc_row]<\/p>\n<\/div>","protected":false},"excerpt":{"rendered":"<p>[vc_row][vc_column][vc_empty_space height=&#8221;100px&#8221;][\/vc_column][\/vc_row][vc_row][vc_column][vc_column_text css=&#8221;&#8221;] 1. Introdu\u00e7\u00e3o Bem-vindo ao site da Baduka &amp; Zinga Solu\u00e7\u00f5es, Lda. Ao acessar ou utilizar os nossos servi\u00e7os, voc\u00ea concorda em cumprir e estar vinculado aos seguintes termos e condi\u00e7\u00f5es. Estes termos aplicam-se a todos os visitantes, usu\u00e1rios e clientes da nossa empresa. [\/vc_column_text][vc_column_text css=&#8221;&#8221;] 2. Servi\u00e7os Oferecidos A Baduka &amp; Zinga [&hellip;]<\/p>\n","protected":false},"author":1,"featured_media":0,"parent":0,"menu_order":0,"comment_status":"closed","ping_status":"closed","template":"","meta":{"_acf_changed":false,"footnotes":""},"class_list":["post-11613","page","type-page","status-publish","hentry"],"acf":[],"_links":{"self":[{"href":"https:\/\/akweno.ao\/bz\/wp-json\/wp\/v2\/pages\/11613","targetHints":{"allow":["GET"]}}],"collection":[{"href":"https:\/\/akweno.ao\/bz\/wp-json\/wp\/v2\/pages"}],"about":[{"href":"https:\/\/akweno.ao\/bz\/wp-json\/wp\/v2\/types\/page"}],"author":[{"embeddable":true,"href":"https:\/\/akweno.ao\/bz\/wp-json\/wp\/v2\/users\/1"}],"replies":[{"embeddable":true,"href":"https:\/\/akweno.ao\/bz\/wp-json\/wp\/v2\/comments?post=11613"}],"version-history":[{"count":14,"href":"https:\/\/akweno.ao\/bz\/wp-json\/wp\/v2\/pages\/11613\/revisions"}],"predecessor-version":[{"id":11622,"href":"https:\/\/akweno.ao\/bz\/wp-json\/wp\/v2\/pages\/11613\/revisions\/11622"}],"wp:attachment":[{"href":"https:\/\/akweno.ao\/bz\/wp-json\/wp\/v2\/media?parent=11613"}],"curies":[{"name":"wp","href":"https:\/\/api.w.org\/{rel}","templated":true}]}}