{"id":890,"date":"2024-03-11T20:31:13","date_gmt":"2024-03-11T20:31:13","guid":{"rendered":"https:\/\/fluentthemes.com\/wp\/maxhost\/?page_id=890"},"modified":"2024-05-18T21:56:33","modified_gmt":"2024-05-18T21:56:33","slug":"pacote-integral-de-servicos","status":"publish","type":"page","link":"https:\/\/akweno.ao\/aks\/pacote-integral-de-servicos\/","title":{"rendered":"Pacote Integral de Servi\u00e7os"},"content":{"rendered":"<div class=\"wpb-content-wrapper\"><p>[vc_row full_width=&#8221;stretch_row_content_no_spaces&#8221; css=&#8221;.vc_custom_1714833943568{margin-bottom: 80px !important;}&#8221;][vc_column]<div style=\"background: rgba(0, 0, 0, 0) url(https:\/\/akweno.ao\/aks\/wp-content\/uploads\/2024\/05\/slide-pac-bg.jpeg) no-repeat fixed center top \/ cover ;\" class=\"section-lg bg-parallax-13 m-top0 p-top7 p-bottom7\">\n    \n    <div class=\"container\">\n\t<div class=\"row\">\n      \n      <h2 class=\"font-white font-thin-xs font40 text-center m-bottom4 uppercase\" style=\"color:#333333 !important;\">Pacotes Integrais de Servi\u00e7os<\/h2>\n\t  <div id=\"carousel-example-generic5\" class=\"carousel slide\" data-ride=\"carousel\">\n\t  <ol class=\"carousel-indicators\"><li data-target=\"#carousel-example-generic5\" class=\"active\" data-slide-to=\"0\"><\/li><li data-target=\"#carousel-example-generic5\"  data-slide-to=\"1\"><\/li>\t<\/ol>\n\t  <div class=\"carousel-inner\" role=\"listbox\">\t <div class=\"item active\">\n\t  \n\t  <div class=\"col-md-6 col-sm-12 m-bottom4\">\n\t\t<div class=\"price-info-circle\">A partir de<br>\n                  <span class=\"blue font-bold\">kz 7000<\/span><\/div>\n        <figure class=\"nomargin\"><img decoding=\"async\" src=\"https:\/\/akweno.ao\/aks\/wp-content\/uploads\/2024\/05\/site-img82.png\" alt=\"\" class=\"img-responsive\"><\/figure>\n      <\/div>\n\t  \n      \n          <div class=\"col-md-6 col-sm-12 m-bottom4\">\n\t\t  \n\t\t  <h2 class=\"font25 font-color m-bottom2\"> <span class=\"font-thin-xs font-white\" style=\"color:#333333 !important;\">Para a sua comodidade.<\/span><\/h2>\n                <p class=\"m-bottom3 font-white\" style=\"color:#333333 !important;\">Escolha o melhor pacote para o seu neg\u00f3cio, confirme o pagamento e tenha os servi\u00e7os. Nunca foi t\u00e3o f\u00e1cil obter servi\u00e7os corporativos.<\/p>\n                <ul class=\"listitems half font-white\" style=\"color:#333333 !important;\"><li><i class=\"fa fa-check\"><\/i> Websites Responsivos<br \/><\/li><li><i class=\"fa fa-check\"><\/i> Gest\u00e3o Completa (site)<br \/><\/li><li><i class=\"fa fa-check\"><\/i> Hospedagem 100Gb +<br \/><\/li><li><i class=\"fa fa-check\"><\/i> Servidores CLOUD (Linux)<br \/><\/li><li><i class=\"fa fa-check\"><\/i> Painel de Controlo cPanel<br \/><\/li><li><i class=\"fa fa-check\"><\/i> O Dom\u00ednio Nacional n\u00ba1<br \/><\/li><li><i class=\"fa fa-check\"><\/i> E-mails Ilimitados<br \/><\/li><li><i class=\"fa fa-check\"><\/i> Suporte T\u00e9cnico Remoto<\/li><\/ul>\n      \n    <\/div>\n\t<\/div>\t <div class=\"item \">\n\t  \n\t  <div class=\"col-md-6 col-sm-12 m-bottom4\">\n\t\t<div class=\"price-info-circle\">Descontos<br>\n                  <span class=\"blue font-bold\">especiais<\/span><\/div>\n        <figure class=\"nomargin\"><img decoding=\"async\" src=\"https:\/\/akweno.ao\/aks\/wp-content\/uploads\/2024\/05\/pacote-sld2.png\" alt=\"\" class=\"img-responsive\"><\/figure>\n      <\/div>\n\t  \n      \n          <div class=\"col-md-6 col-sm-12 m-bottom4\">\n\t\t  \n\t\t  <h2 class=\"font25 font-color m-bottom2\">Comece Hoje! <span class=\"font-thin-xs font-white\" style=\"color:#333333 !important;\">Confira as ofertas<\/span><\/h2>\n                <p class=\"m-bottom3 font-white\" style=\"color:#333333 !important;\">Escolha o melhor pacote para o seu neg\u00f3cio, confirme o pagamento e tenha os servi\u00e7os. Nunca foi t\u00e3o f\u00e1cil obter servi\u00e7os corporativos.<\/p>\n                <ul class=\"listitems half font-white\" style=\"color:#333333 !important;\"><li><i class=\"fa fa-check\"><\/i> 30 Dias de garantia de Devolu\u00e7\u00e3o<br \/><\/li><li><i class=\"fa fa-check\"><\/i> Sua Empresa no Google<br \/><\/li><li><i class=\"fa fa-check\"><\/i> Presen\u00e7a nas Redes Socias<br \/><\/li><li><i class=\"fa fa-check\"><\/i> Entrega r\u00e1pida dos servi\u00e7os<br \/><\/li><li><i class=\"fa fa-check\"><\/i> SEO b\u00e1sico e avan\u00e7ado<br \/><\/li><li><i class=\"fa fa-check\"><\/i> Layout do site em 7 dias \u00fateis<br \/><\/li><li><i class=\"fa fa-check\"><\/i> Modelos de Loja \u00e0 Escolha<br \/><\/li><li><i class=\"fa fa-check\"><\/i> Facilidade nos Pagamentos<\/li><\/ul>\n      \n    <\/div>\n\t<\/div>\n  <\/div>\n  <\/div>\n  <\/div>\n  <\/div>\n  <\/div>[\/vc_column][\/vc_row][vc_row][vc_column]<div class=\"container filterable-pricing\"><div class=\"cbp-l-filters-alignCenter cat_pricing\"><div cbp-attr=\"mensal\" class=\"cbp-filter-item p_cat_item cbp-filter-item-active\"> MENSAL\n\t\t\t\t\t<\/div><div cbp-attr=\"anual\" class=\"cbp-filter-item p_cat_item \"> ANUAL\n\t\t\t\t\t<\/div><div cbp-attr=\"bienal\" class=\"cbp-filter-item p_cat_item \"> BIENAL\n\t\t\t\t\t<\/div><\/div><\/div><style>#anual{\n\t\t\t\tdisplay:none;\n\t\t\t}#bienal{\n\t\t\t\tdisplay:none;\n\t\t\t}<\/style><style>.cbp-l-filters-alignCenter.cat_pricing{\n\t\t\t\tmargin-bottom: 55px;\n\t\t\t\tmargin-top: 20px;\n\t\t\t}\n\t\t\t.cbp-l-filters-alignCenter.cat_pricing .cbp-filter-item.p_cat_item{\n\t\t\t\tbox-shadow: 0 2px 0 0px rgba(0,0,0,0.016);\n\t\t\t\tmargin-top: -1px;\n\t\t\t\tmargin-left: -1px;\n\t\t\t\tmargin-bottom: -1px;\n\t\t\t\tline-height: 23px;\n\t\t\t\tletter-spacing: 0.4px;\n\t\t\t\tfont-size: 14px;\n\t\t\t\tfont-weight: 600;\n\t\t\t\tcolor: #777;\n\t\t\t\tborder: solid 1px #ececec;\n\t\t\t\tborder-radius: 5px;\n\t\t\t\tpadding: 10px;\n\t\t\t}\n\t\t\t.cbp-l-filters-alignCenter.cat_pricing .cbp-filter-item.p_cat_item.cbp-filter-item-active{\n\t\t\t\tborder-right-width: 15px;\n\t\t\t}\n\t\t\t.cbp-l-filters-alignCenter.cat_pricing .cbp-filter-item.p_cat_item:not(:first-child):not(:last-child) {\n\t\t\t\tborder-radius: 0;\n\t\t\t}\n\t\t\t.cbp-l-filters-alignCenter.cat_pricing .cbp-filter-item.p_cat_item:last-child:not(:first-child) {\n\t\t\t\tborder-top-left-radius: 0;\n\t\t\t\tborder-bottom-left-radius: 0;\n\t\t\t}\n\t\t\t.cbp-l-filters-alignCenter.cat_pricing .cbp-filter-item.p_cat_item:first-child:not(:last-child) {\n\t\t\t\tborder-top-right-radius: 0;\n\t\t\t\tborder-bottom-right-radius: 0;\n\t\t\t}<\/style><script>\n\t\t\tjQuery(function($) {\t\t\t\n\t\t\t\tjQuery(\".p_cat_item\").on(\"click\", function(){\n\t\t\t\t\tvar price_plan = jQuery(this).attr(\"cbp-attr\");\n\t\t\t\t\tjQuery(\".cbp-filter-item\").each(function(){\n\t\t\t\t\t\tif( jQuery(this).attr(\"cbp-attr\") == price_plan ){\n\t\t\t\t\t\t\tjQuery(\"#\"+price_plan+\"\").show(\"slow\");\n\t\t\t\t\t\t\tjQuery(this).addClass(\"cbp-filter-item-active\");\n\t\t\t\t\t\t} else {\n\t\t\t\t\t\t\tvar temp_value = jQuery(this).attr(\"cbp-attr\");\n\t\t\t\t\t\t\tjQuery(\"#\"+temp_value+\"\").hide(\"medium\");\n\t\t\t\t\t\t\tjQuery(this).removeClass(\"cbp-filter-item-active\");\n\t\t\t\t\t\t}\n\t\t\t\t\t});\t\n\t\t\t\t});\n\t\t\t});\n\n\t<\/script>[\/vc_column][\/vc_row][vc_row bottom_padding=&#8221;50px&#8221; el_id=&#8221;mensal&#8221;][vc_column width=&#8221;1\/3&#8243;]<div class=\"m-bottom4\">\n\t\t  <div class=\"pricing-box style-1 text-center \">\n            <div class=\"font-thin font20 font-black uppercase\">Iniciante<\/div>\n            <div class=\"price font-thin-xs font45 font-white\">7000kz<span class=\"font18\"> \/ m\u00eas<\/span><\/div>\n            <ul class=\"fea-lists\"><li>Cria\u00e7\u00e3o De 1 Website<br \/><\/li><li>Hospedagem e E-mails<br \/><\/li><li>Manuten\u00e7\u00e3o T\u00e9cnica do site<br \/><\/li><li>Configura\u00e7\u00e3o B\u00e1sica De SEO<br \/><\/li><li>1 Dom\u00ednio nacional (.AO)<br \/><\/li><li>-<br \/><\/li><li>-<br \/><\/li><li>-<\/li><\/ul>\n            <div class=\"button m-top2\"><a href=\"https:\/\/www.akweno.co.ao\/area-cliente\/index.php?rp=\/store\/pacote-iniciante%20\" class=\"btn samll-grey-button uppercase\">Contratar <i class=\"fa fa-arrow-circle-right\"><\/i><\/a><\/div>\n          <\/div>\n\t\t  <\/div>[\/vc_column][vc_column width=&#8221;1\/3&#8243;]<div class=\"m-bottom4\">\n\t\t  <div class=\"pricing-box style-1 text-center active\">\n            <div class=\"font-thin font20 font-black uppercase\">Avan\u00e7ado<\/div>\n            <div class=\"price font-thin-xs font45 font-white\">12.300kz<span class=\"font18\"> \/ m\u00eas<\/span><\/div>\n            <ul class=\"fea-lists\"><li>Cria\u00e7\u00e3o De 1 Website<br \/><\/li><li>Hospedagem e E-mails<br \/><\/li><li>Manuten\u00e7\u00e3o T\u00e9cnica do site<br \/><\/li><li>Configura\u00e7\u00e3o B\u00e1sica De SEO<br \/><\/li><li>1 Dom\u00ednio nacional (.AO)<br \/><\/li><li>Cria\u00e7\u00e3o De Redes Sociais (At\u00e9 3)<br \/><\/li><li>Perfil Da Empresa Na Google<br \/><\/li><li>-<\/li><\/ul>\n            <div class=\"button m-top2\"><a href=\"https:\/\/www.akweno.co.ao\/area-cliente\/index.php?rp=\/store\/pacote-avancado\" class=\"btn samll-grey-button uppercase\">Contratar <i class=\"fa fa-arrow-circle-right\"><\/i><\/a><\/div>\n          <\/div>\n\t\t  <\/div>[\/vc_column][vc_column width=&#8221;1\/3&#8243;]<div class=\"m-bottom4\">\n\t\t  <div class=\"pricing-box style-1 text-center \">\n            <div class=\"font-thin font20 font-black uppercase\">Neg\u00f3cios<\/div>\n            <div class=\"price font-thin-xs font45 font-white\">30.000kz<span class=\"font18\"> \/ m\u00eas<\/span><\/div>\n            <ul class=\"fea-lists\"><li>Cria\u00e7\u00e3o De 3 Websites<br \/><\/li><li>Hospedagem e E-mails<br \/><\/li><li>Manuten\u00e7\u00e3o T\u00e9cnica do site<br \/><\/li><li>Configura\u00e7\u00e3o Avan\u00e7ada De SEO<br \/><\/li><li>3 Dom\u00ednios nacionais (.AO)<br \/><\/li><li>Cria\u00e7\u00e3o De Redes Sociais (3 \/cada)<br \/><\/li><li>Perfil Da Empresa Na Google (3)<br \/><\/li><li>Suporte E-mails (Outlook)<\/li><\/ul>\n            <div class=\"button m-top2\"><a href=\"https:\/\/www.akweno.co.ao\/area-cliente\/index.php?rp=\/store\/pacote-negocios%20\" class=\"btn samll-grey-button uppercase\">Contratar <i class=\"fa fa-arrow-circle-right\"><\/i><\/a><\/div>\n          <\/div>\n\t\t  <\/div>[\/vc_column][\/vc_row][vc_row bottom_padding=&#8221;50px&#8221; el_id=&#8221;anual&#8221;][vc_column width=&#8221;1\/3&#8243;]<div class=\"m-bottom4\">\n\t\t  <div class=\"pricing-box style-1 text-center \">\n            <div class=\"font-thin font20 font-black uppercase\">Iniciante<\/div>\n            <div class=\"price font-thin-xs font45 font-white\">80.000kz<span class=\"font18\"> \/ ano<\/span><\/div>\n            <ul class=\"fea-lists\"><li>Cria\u00e7\u00e3o De 1 Website<br \/><\/li><li>Hospedagem e E-mails<br \/><\/li><li>Manuten\u00e7\u00e3o T\u00e9cnica do site<br \/><\/li><li>Configura\u00e7\u00e3o B\u00e1sica De SEO<br \/><\/li><li>1 Dom\u00ednio nacional (.AO)<br \/><\/li><li>-<br \/><\/li><li>-<br \/><\/li><li>-<\/li><\/ul>\n            <div class=\"button m-top2\"><a href=\"https:\/\/www.akweno.co.ao\/area-cliente\/index.php?rp=\/store\/pacote-iniciante%20\" class=\"btn samll-grey-button uppercase\">Contratar <i class=\"fa fa-arrow-circle-right\"><\/i><\/a><\/div>\n          <\/div>\n\t\t  <\/div>[\/vc_column][vc_column width=&#8221;1\/3&#8243;]<div class=\"m-bottom4\">\n\t\t  <div class=\"pricing-box style-1 text-center active\">\n            <div class=\"font-thin font20 font-black uppercase\">Avan\u00e7ado<\/div>\n            <div class=\"price font-thin-xs font45 font-white\">125.460kz<span class=\"font18\"> \/ ano<\/span><\/div>\n            <ul class=\"fea-lists\"><li>Cria\u00e7\u00e3o De 1 Website<br \/><\/li><li>Hospedagem e E-mails<br \/><\/li><li>Manuten\u00e7\u00e3o T\u00e9cnica do site<br \/><\/li><li>Configura\u00e7\u00e3o B\u00e1sica De SEO<br \/><\/li><li>1 Dom\u00ednio nacional (.AO)<br \/><\/li><li>Cria\u00e7\u00e3o De Redes Sociais (At\u00e9 3)<br \/><\/li><li>Perfil Da Empresa Na Google<br \/><\/li><li>-<\/li><\/ul>\n            <div class=\"button m-top2\"><a href=\"https:\/\/www.akweno.co.ao\/area-cliente\/index.php?rp=\/store\/pacote-avancado\" class=\"btn samll-grey-button uppercase\">Contratar <i class=\"fa fa-arrow-circle-right\"><\/i><\/a><\/div>\n          <\/div>\n\t\t  <\/div>[\/vc_column][vc_column width=&#8221;1\/3&#8243;]<div class=\"m-bottom4\">\n\t\t  <div class=\"pricing-box style-1 text-center \">\n            <div class=\"font-thin font20 font-black uppercase\">Neg\u00f3cios<\/div>\n            <div class=\"price font-thin-xs font45 font-white\">300.000kz<span class=\"font18\"> \/ ano<\/span><\/div>\n            <ul class=\"fea-lists\"><li>Cria\u00e7\u00e3o De 3 Websites<br \/><\/li><li>Hospedagem e E-mails<br \/><\/li><li>Manuten\u00e7\u00e3o T\u00e9cnica do site<br \/><\/li><li>Configura\u00e7\u00e3o Avan\u00e7ada De SEO<br \/><\/li><li>3 Dom\u00ednios nacionais (.AO)<br \/><\/li><li>Cria\u00e7\u00e3o De Redes Sociais (3 \/cada)<br \/><\/li><li>Perfil Da Empresa Na Google (3)<br \/><\/li><li>Suporte E-mails (Outlook)<\/li><\/ul>\n            <div class=\"button m-top2\"><a href=\"https:\/\/www.akweno.co.ao\/area-cliente\/index.php?rp=\/store\/pacote-negocios%20\" class=\"btn samll-grey-button uppercase\">Contratar <i class=\"fa fa-arrow-circle-right\"><\/i><\/a><\/div>\n          <\/div>\n\t\t  <\/div>[\/vc_column][\/vc_row][vc_row bottom_padding=&#8221;50px&#8221; el_id=&#8221;bienal&#8221;][vc_column width=&#8221;1\/3&#8243;]<div class=\"m-bottom4\">\n\t\t  <div class=\"pricing-box style-1 text-center \">\n            <div class=\"font-thin font20 font-black uppercase\">Iniciante<\/div>\n            <div class=\"price font-thin-xs font45 font-white\">144.000kz<span class=\"font18\"> \/ bienal<\/span><\/div>\n            <ul class=\"fea-lists\"><li>Cria\u00e7\u00e3o De 1 Website<br \/><\/li><li>Hospedagem e E-mails<br \/><\/li><li>Manuten\u00e7\u00e3o T\u00e9cnica do site<br \/><\/li><li>Configura\u00e7\u00e3o B\u00e1sica De SEO<br \/><\/li><li>1 Dom\u00ednio nacional (.AO)<br \/><\/li><li>-<br \/><\/li><li>-<br \/><\/li><li>-<\/li><\/ul>\n            <div class=\"button m-top2\"><a href=\"https:\/\/www.akweno.co.ao\/area-cliente\/index.php?rp=\/store\/pacote-iniciante%20\" class=\"btn samll-grey-button uppercase\">Contratar <i class=\"fa fa-arrow-circle-right\"><\/i><\/a><\/div>\n          <\/div>\n\t\t  <\/div>[\/vc_column][vc_column width=&#8221;1\/3&#8243;]<div class=\"m-bottom4\">\n\t\t  <div class=\"pricing-box style-1 text-center active\">\n            <div class=\"font-thin font20 font-black uppercase\">Avan\u00e7ado<\/div>\n            <div class=\"price font-thin-xs font45 font-white\">210.920kz<span class=\"font18\"> \/ bienal<\/span><\/div>\n            <ul class=\"fea-lists\"><li>Cria\u00e7\u00e3o De 1 Website<br \/><\/li><li>Hospedagem e E-mails<br \/><\/li><li>Manuten\u00e7\u00e3o T\u00e9cnica do site<br \/><\/li><li>Configura\u00e7\u00e3o B\u00e1sica De SEO<br \/><\/li><li>1 Dom\u00ednio nacional (.AO)<br \/><\/li><li>Cria\u00e7\u00e3o De Redes Sociais (At\u00e9 3)<br \/><\/li><li>Perfil Da Empresa Na Google<br \/><\/li><li>-<\/li><\/ul>\n            <div class=\"button m-top2\"><a href=\"https:\/\/www.akweno.co.ao\/area-cliente\/index.php?rp=\/store\/pacote-avancado\" class=\"btn samll-grey-button uppercase\">Contratar <i class=\"fa fa-arrow-circle-right\"><\/i><\/a><\/div>\n          <\/div>\n\t\t  <\/div>[\/vc_column][vc_column width=&#8221;1\/3&#8243;]<div class=\"m-bottom4\">\n\t\t  <div class=\"pricing-box style-1 text-center \">\n            <div class=\"font-thin font20 font-black uppercase\">Neg\u00f3cios<\/div>\n            <div class=\"price font-thin-xs font45 font-white\">480.000kz<span class=\"font18\"> \/ bienal<\/span><\/div>\n            <ul class=\"fea-lists\"><li>Cria\u00e7\u00e3o De 3 Websites<br \/><\/li><li>Hospedagem e E-mails<br \/><\/li><li>Manuten\u00e7\u00e3o T\u00e9cnica do site<br \/><\/li><li>Configura\u00e7\u00e3o Avan\u00e7ada De SEO<br \/><\/li><li>3 Dom\u00ednios nacionais (.AO)<br \/><\/li><li>Cria\u00e7\u00e3o De Redes Sociais (3 \/cada)<br \/><\/li><li>Perfil Da Empresa Na Google (3)<br \/><\/li><li>Suporte E-mails (Outlook)<\/li><\/ul>\n            <div class=\"button m-top2\"><a href=\"https:\/\/www.akweno.co.ao\/area-cliente\/index.php?rp=\/store\/pacote-negocios%20\" class=\"btn samll-grey-button uppercase\">Contratar <i class=\"fa fa-arrow-circle-right\"><\/i><\/a><\/div>\n          <\/div>\n\t\t  <\/div>[\/vc_column][\/vc_row][vc_row top_padding=&#8221;47px&#8221;][vc_column]<div class=\"sec-title m-top4\">\n          <div class=\"col-lg-4 col-md-4 col-xs-12 text-right\">\n            <h2 class=\"font-bold font30 font-black text-uppercase\">Compre<br \/>\nCom Garantia<\/h2>\n          <\/div>\n          <div class=\"col-lg-8 col-md-8 col-xs-12 m-bottom4\">\n            <p class=\"left-padd3\">Estes pacotes servem para tornar o seu trabalho mais f\u00e1cil. Quer seja um empres\u00e1rio freelancer ou uma empresa de grande porte, \u00e9 importante possuir alguns servi\u00e7os essenciais (ex: e-mails corporativos e uma p\u00e1gina na internet) para deixar o seu neg\u00f3cio vis\u00edvel ao seu p\u00fablico e passar confian\u00e7a aos seus clientes.<\/p>\n          <\/div>\n        <\/div>[\/vc_column][\/vc_row][vc_row][vc_column width=&#8221;1\/3&#8243;]<div class=\"m-bottom4 fea-col-box \">\n                <div class=\"icon-boxed wide80 box-round\"><span class=\"icon-user font30\"><\/span><\/div>\n                <div class=\"left-padd10\">\n                  <h2 class=\"font-thin m-bottom1\">30 Dias de Garantia<\/h2>\n                  <p>Tenha o seu dinheiro de volta, caso n\u00e3o se sinta satisfeito.<\/p>\n                <\/div>\n              <\/div><div class=\"m-bottom4 fea-col-box \">\n                <div class=\"icon-boxed wide80 box-round\"><span class=\"icon-layers font30\"><\/span><\/div>\n                <div class=\"left-padd10\">\n                  <h2 class=\"font-thin m-bottom1\">Todos os servi\u00e7os em 1<\/h2>\n                  <p>Contrate com facilidade todos os servi\u00e7os em um \u00fanico provedor.<\/p>\n                <\/div>\n              <\/div>[\/vc_column][vc_column width=&#8221;1\/3&#8243;]<div class=\"m-bottom4 fea-col-box \">\n                <div class=\"icon-boxed wide80 box-round\"><span class=\"icon-credit-card font30\"><\/span><\/div>\n                <div class=\"left-padd10\">\n                  <h2 class=\"font-thin m-bottom1\">Facilidade no pagamento<\/h2>\n                  <p>Pode pagar tudo em mensalidades, inclusive Dom\u00ednio!<\/p>\n                <\/div>\n              <\/div><div class=\"m-bottom4 fea-col-box \">\n                <div class=\"icon-boxed wide80 box-round\"><span class=\"icon-call-out font30\"><\/span><\/div>\n                <div class=\"left-padd10\">\n                  <h2 class=\"font-thin m-bottom1\">Suporte T\u00e9cnico<\/h2>\n                  <p>Oferecemos suporte dedicado para qualquer dos pacotes.<\/p>\n                <\/div>\n              <\/div>[\/vc_column][vc_column width=&#8221;1\/3&#8243;][vc_single_image image=&#8221;2128&#8243; img_size=&#8221;full&#8221; onclick=&#8221;custom_link&#8221; link=&#8221;https:\/\/akweno.ao\/aks\/wp-content\/uploads\/2024\/05\/Proposta-Pacotes.pdf&#8221;][\/vc_column][\/vc_row][vc_row top_padding=&#8221;60px&#8221;][vc_column]<h2 class=\"font-color font30 font-bold uppercase m-bottom1\">SAIBA MAIS<\/h2><div class=\"m-top4\">\n          <div aria-multiselectable=\"true\" role=\"tablist\" id=\"accordion30\" class=\"panel-group collaps\"><div class=\"panel panel-default\">\n              <div id=\"heading301\" role=\"tab\" class=\"panel-heading\">\n                <h4 class=\"panel-title uppercase\"> <a aria-expanded=\"true\" aria-controls=\"collapse301\" href=\"#collapse301\" data-parent=\"#accordion30\" data-toggle=\"collapse\" role=\"button\" >O QUE \u00c9 O PACOTE INTEGRAL ?<\/a> <\/h4>\n              <\/div>\n              <div style=\"\" aria-expanded=\"true\" aria-labelledby=\"heading301\" role=\"tabpanel\" class=\"panel-collapse collapse in\" id=\"collapse301\">\n                <div class=\"panel-body\">\n                  <p>Pacote integral \u00e9 o conjunto de m\u00faltiplas solu\u00e7\u00f5es web em 1, ou seja, \u00e9 o meio de conseguir todos estes servi\u00e7os de uma vez de forma simples.<\/p>\n<p>Este pacote possibilitar\u00e1 inclusive obter a sua p\u00e1gina web profissional, em pouco tempo e sem stress, pagando por etapas (suaves subscri\u00e7\u00f5es). Tudo o que precisa de fazer \u00e9 selecionar os servi\u00e7os para obter o total e subscrever ao pacote que criar.<\/p>\n                <\/div>\n              <\/div>\n            <\/div><div class=\"panel panel-default\">\n              <div id=\"heading302\" role=\"tab\" class=\"panel-heading\">\n                <h4 class=\"panel-title uppercase\"> <a aria-expanded=\"false\" aria-controls=\"collapse302\" href=\"#collapse302\" data-parent=\"#accordion30\" data-toggle=\"collapse\" role=\"button\" class=\"collapsed\">COMO FUNCIONA?<\/a> <\/h4>\n              <\/div>\n              <div style=\"height: 0px;\" aria-expanded=\"false\" aria-labelledby=\"heading302\" role=\"tabpanel\" class=\"panel-collapse collapse \" id=\"collapse302\">\n                <div class=\"panel-body\">\n                  <p>Ap\u00f4s contratar o pacote com os itens escolhidos, tudo o que precisa de fazer \u00e9:<\/p>\n<p>Fornecer-nos o material para a cria\u00e7\u00e3o do seu website;<br \/>\nIndicar o Dom\u00ednio completo a se registar: ex: www.empresa.ao;<br \/>\nEscolher as redes sociais desejadas (se aplic\u00e1vel).<br \/>\n*Se aplic\u00e1vel = se tiver adicionado ao seu pacote ou se precisar de tal item.<\/p>\n                <\/div>\n              <\/div>\n            <\/div><div class=\"panel panel-default\">\n              <div id=\"heading303\" role=\"tab\" class=\"panel-heading\">\n                <h4 class=\"panel-title uppercase\"> <a aria-expanded=\"false\" aria-controls=\"collapse303\" href=\"#collapse303\" data-parent=\"#accordion30\" data-toggle=\"collapse\" role=\"button\" class=\"collapsed\">SOBRE OS PAGAMENTOS<\/a> <\/h4>\n              <\/div>\n              <div style=\"height: 0px;\" aria-expanded=\"false\" aria-labelledby=\"heading303\" role=\"tabpanel\" class=\"panel-collapse collapse \" id=\"collapse303\">\n                <div class=\"panel-body\">\n                  <p>A ades\u00e3o deste servi\u00e7o \u00e9 por subscri\u00e7\u00e3o renov\u00e1vel, os pagamentos poder\u00e3o ser por transferencia banc\u00e1ria, deposito ou Paypal.<\/p>\n<p>S\u00e3o aceites pagamentos nos ciclos mensal, semestral, anual e bienal do pacote.<\/p>\n<p>* S\u00e3o aceites renova\u00e7\u00f5es antecipadas para prorrogar datas de validade do servi\u00e7o.<br \/>\n* Dispomos de recibos certificados pela Agt.<\/p>\n                <\/div>\n              <\/div>\n            <\/div><div class=\"panel panel-default\">\n              <div id=\"heading304\" role=\"tab\" class=\"panel-heading\">\n                <h4 class=\"panel-title uppercase\"> <a aria-expanded=\"false\" aria-controls=\"collapse304\" href=\"#collapse304\" data-parent=\"#accordion30\" data-toggle=\"collapse\" role=\"button\" class=\"collapsed\">PRAZOS E LIMITES<\/a> <\/h4>\n              <\/div>\n              <div style=\"height: 0px;\" aria-expanded=\"false\" aria-labelledby=\"heading304\" role=\"tabpanel\" class=\"panel-collapse collapse \" id=\"collapse304\">\n                <div class=\"panel-body\">\n                  <p>A cria\u00e7\u00e3o do seu Website tem in\u00edcio imediato logo a seguir a confirma\u00e7\u00e3o de pagamento e a recep\u00e7\u00e3o do material. O esbo\u00e7o inicial fica pronto no 7\u00ba dia \u00fatil.<br \/>\nDesde o in\u00edcio do esbo\u00e7o at\u00e9 a publica\u00e7\u00e3o final do website, a execu\u00e7\u00e3o do projecto demora 3 semanas (salvo se o cliente precisar de mais tempo para avaliar ou fornecer novos dados).<\/p>\n                <\/div>\n              <\/div>\n            <\/div><div class=\"panel panel-default\">\n              <div id=\"heading305\" role=\"tab\" class=\"panel-heading\">\n                <h4 class=\"panel-title uppercase\"> <a aria-expanded=\"false\" aria-controls=\"collapse305\" href=\"#collapse305\" data-parent=\"#accordion30\" data-toggle=\"collapse\" role=\"button\" class=\"collapsed\">QUEM DEVE USAR ?<\/a> <\/h4>\n              <\/div>\n              <div style=\"height: 0px;\" aria-expanded=\"false\" aria-labelledby=\"heading305\" role=\"tabpanel\" class=\"panel-collapse collapse \" id=\"collapse305\">\n                <div class=\"panel-body\">\n                  <p>Todos. Empresas, institui\u00e7\u00f5es e individuais que buscam por qualidade com facilidade e comodidade ao contratar servi\u00e7os web.<\/p>\n<p>A ideia \u00e9 centralizar a contrata\u00e7\u00e3o, usufruir dos diversos benef\u00edcios no mesmo provedor, diminuir a quantidade de fornecedores e a necessidade de m\u00faltiplas contrata\u00e7\u00f5es para o mesmo tipo de servi\u00e7o, facilitando assim a gest\u00e3o.<\/p>\n                <\/div>\n              <\/div>\n            <\/div>\t<\/div>\n\t\t   <\/div>[\/vc_column][\/vc_row]<\/p>\n<\/div>","protected":false},"excerpt":{"rendered":"<p>[vc_row full_width=&#8221;stretch_row_content_no_spaces&#8221; css=&#8221;.vc_custom_1714833943568{margin-bottom: 80px !important;}&#8221;][vc_column][\/vc_column][\/vc_row][vc_row][vc_column][\/vc_column][\/vc_row][vc_row bottom_padding=&#8221;50px&#8221; el_id=&#8221;mensal&#8221;][vc_column width=&#8221;1\/3&#8243;][\/vc_column][vc_column width=&#8221;1\/3&#8243;][\/vc_column][vc_column width=&#8221;1\/3&#8243;][\/vc_column][\/vc_row][vc_row bottom_padding=&#8221;50px&#8221; el_id=&#8221;anual&#8221;][vc_column width=&#8221;1\/3&#8243;][\/vc_column][vc_column width=&#8221;1\/3&#8243;][\/vc_column][vc_column width=&#8221;1\/3&#8243;][\/vc_column][\/vc_row][vc_row bottom_padding=&#8221;50px&#8221; el_id=&#8221;bienal&#8221;][vc_column width=&#8221;1\/3&#8243;][\/vc_column][vc_column width=&#8221;1\/3&#8243;][\/vc_column][vc_column width=&#8221;1\/3&#8243;][\/vc_column][\/vc_row][vc_row top_padding=&#8221;47px&#8221;][vc_column][\/vc_column][\/vc_row][vc_row][vc_column width=&#8221;1\/3&#8243;][\/vc_column][vc_column width=&#8221;1\/3&#8243;][\/vc_column][vc_column width=&#8221;1\/3&#8243;][vc_single_image image=&#8221;2128&#8243; img_size=&#8221;full&#8221; onclick=&#8221;custom_link&#8221; link=&#8221;https:\/\/akweno.ao\/aks\/wp-content\/uploads\/2024\/05\/Proposta-Pacotes.pdf&#8221;][\/vc_column][\/vc_row][vc_row top_padding=&#8221;60px&#8221;][vc_column][\/vc_column][\/vc_row]<\/p>\n","protected":false},"author":1,"featured_media":0,"parent":0,"menu_order":0,"comment_status":"closed","ping_status":"closed","template":"page-vc.php","meta":{"footnotes":""},"class_list":["post-890","page","type-page","status-publish","hentry"],"_links":{"self":[{"href":"https:\/\/akweno.ao\/aks\/wp-json\/wp\/v2\/pages\/890","targetHints":{"allow":["GET"]}}],"collection":[{"href":"https:\/\/akweno.ao\/aks\/wp-json\/wp\/v2\/pages"}],"about":[{"href":"https:\/\/akweno.ao\/aks\/wp-json\/wp\/v2\/types\/page"}],"author":[{"embeddable":true,"href":"https:\/\/akweno.ao\/aks\/wp-json\/wp\/v2\/users\/1"}],"replies":[{"embeddable":true,"href":"https:\/\/akweno.ao\/aks\/wp-json\/wp\/v2\/comments?post=890"}],"version-history":[{"count":94,"href":"https:\/\/akweno.ao\/aks\/wp-json\/wp\/v2\/pages\/890\/revisions"}],"predecessor-version":[{"id":2319,"href":"https:\/\/akweno.ao\/aks\/wp-json\/wp\/v2\/pages\/890\/revisions\/2319"}],"wp:attachment":[{"href":"https:\/\/akweno.ao\/aks\/wp-json\/wp\/v2\/media?parent=890"}],"curies":[{"name":"wp","href":"https:\/\/api.w.org\/{rel}","templated":true}]}}