{"id":874,"date":"2024-04-11T19:07:59","date_gmt":"2024-04-11T19:07:59","guid":{"rendered":"https:\/\/fluentthemes.com\/wp\/maxhost\/?page_id=874"},"modified":"2024-05-18T22:22:18","modified_gmt":"2024-05-18T22:22:18","slug":"websites","status":"publish","type":"page","link":"https:\/\/akweno.ao\/aks\/websites\/","title":{"rendered":"Websites"},"content":{"rendered":"<div class=\"wpb-content-wrapper\"><p>[vc_row][vc_column][\/vc_column][\/vc_row][vc_row full_width=&#8221;stretch_row&#8221; top_padding=&#8221;60px&#8221; bottom_padding=&#8221;48px&#8221; css=&#8221;.vc_custom_1715341609234{background-color: #f7f7f7 !important;}&#8221;][vc_column width=&#8221;1\/2&#8243;][vc_empty_space height=&#8221;50px&#8221;][vc_single_image image=&#8221;2178&#8243; img_size=&#8221;full&#8221; add_caption=&#8221;yes&#8221; alignment=&#8221;center&#8221; style=&#8221;vc_box_border&#8221; border_color=&#8221;white&#8221;][\/vc_column][vc_column width=&#8221;1\/2&#8243;]<h2 class=\"font-color font30 font-bold uppercase m-bottom1\">Websites Personalizados<\/h2>[vc_empty_space height=&#8221;10px&#8221;][vc_column_text]<\/p>\n<p style=\"text-align: justify;\">Website, tamb\u00e9m conhecido como\u00a0<a href=\"https:\/\/www.akweno.co.ao\/modelos-prontos\">P\u00e1gina Web<\/a>, Site ou ainda S\u00edtio na Internet, \u00e9 um espa\u00e7o virtual dispon\u00edvel na internet que normalmente cont\u00e9m informa\u00e7\u00f5es diversas pessoais ou corporativas. \u00c9 similar a um estabelecimento comercial ou moradia, s\u00f3 que dispon\u00edvel na internet.<\/p>\n<p style=\"text-align: justify;\">Somos especialistas na constru\u00e7\u00e3o de sites para empresas e individuais, aplicamos todo o nosso conhecimento e experi\u00eancia profissional, personalizando as suas ideias para obter o projecto ideal para o seu neg\u00f3cio.<\/p>\n<p>[\/vc_column_text][vc_empty_space height=&#8221;25px&#8221;]<ul class=\"list-group\"><li class=\"list-group\"><i class=\"fa fa-check\"><\/i> Sites de alta tecnologia<br \/><\/li><li class=\"list-group\"><i class=\"fa fa-check\"><\/i> Layouts Personalizados<br \/><\/li><li class=\"list-group\"><i class=\"fa fa-check\"><\/i> Acesso completo \u00e0 admin<\/li><\/ul>[\/vc_column][\/vc_row][vc_row top_padding=&#8221;90px&#8221; bottom_padding=&#8221;15px&#8221;][vc_column]\n\t\t\t\t<h3 class=\"text-center font-bold font-black font15 uppercase\">Procedimentos<\/h3>\n\t\t\t\t\n\t\t\t\t<h2 class=\"text-center font-bold font-black font30 uppercase\">Para contratar um website.<\/h2>\n\t\t\t\t<div class=\"title-line-shape m-bottom3\"><\/div>[\/vc_column][\/vc_row][vc_row bottom_padding=&#8221;35px&#8221;][vc_column width=&#8221;1\/3&#8243;]<div class=\"m-bottom5 fea-sce-col \">\n\t\t\t\t<div class=\"iconbox-left\"><span class=\"icon-basket-loaded font60 font-color\"><\/span><\/div>\n\t\t\t\t<div class=\"left-padd8 \">\n\t\t\t\t  <h2 class=\"font-thin m-bottom1 \">Passo 1<\/h2>\n\t\t\t\t  <p>Encomende, selecione um dos pacotes de acordo com o site pretendido e efetue o pagamento de acordo com a cota\u00e7\u00e3o recebida.<\/p>\n\t\t\t\t<\/div>\n\t\t\t  <\/div>[\/vc_column][vc_column width=&#8221;1\/3&#8243;]<div class=\"m-bottom5 fea-sce-col \">\n\t\t\t\t<div class=\"iconbox-left\"><span class=\"icon-docs font60 font-color\"><\/span><\/div>\n\t\t\t\t<div class=\"left-padd8 \">\n\t\t\t\t  <h2 class=\"font-thin m-bottom1 \">Passo 2<\/h2>\n\t\t\t\t  <p>Entrega do material para o site (textos, imagens e outros arquivos) sobre e empresa, instituto ou neg\u00f3cio individual.<\/p>\n\t\t\t\t<\/div>\n\t\t\t  <\/div>[\/vc_column][vc_column width=&#8221;1\/3&#8243;]<div class=\"m-bottom5 fea-sce-col \">\n\t\t\t\t<div class=\"iconbox-left\"><span class=\"icon-note font60 font-color\"><\/span><\/div>\n\t\t\t\t<div class=\"left-padd8 \">\n\t\t\t\t  <h2 class=\"font-thin m-bottom1 \">Passo 3<\/h2>\n\t\t\t\t  <p>An\u00e1lise e aprova\u00e7\u00e3o a medida que o projecto for evoluindo at\u00e9 concluir. E para terminar, a publica\u00e7\u00e3o no dom\u00ednio final do cliente.<\/p>\n\t\t\t\t<\/div>\n\t\t\t  <\/div>[\/vc_column][\/vc_row][vc_row full_width=&#8221;stretch_row_content_no_spaces&#8221;][vc_column][vc_empty_space height=&#8221;30px&#8221;][\/vc_column][\/vc_row][vc_row full_width=&#8221;stretch_row_content_no_spaces&#8221;][vc_column]\n\t\t\t\t<h2 class=\"text-center font-bold font-black font30 uppercase\">CONFIRA OS PLANOS<\/h2>\n\t\t\t\t<div class=\"title-line-shape m-bottom3\"><\/div>[\/vc_column][\/vc_row][vc_row bottom_padding=&#8221;60px&#8221;][vc_column width=&#8221;1\/4&#8243;]<div class=\"m-bottom3\">\n          <div class=\"pricing-box-home2 text-center\">\n            <h2 class=\"font-bold font15 font-white uppercase\">Pequeno Porte<\/h2>\n            <div class=\"price font60 font-black-dark\"><small class=\"font25\">kz<\/small>120.000<br>\n               <\/div>\n            <ul class=\"fea-lists\"><li>P\u00e1gina Inicial<br \/><\/li><li>Descri\u00e7\u00e3o de Servi\u00e7os<br \/><\/li><li>Sobre a empresa<br \/><\/li><li>Formul\u00e1rio de contactos<br \/><\/li><li>Links Redes Sociais<br \/><\/li><li>Galeria de fotos<br \/><\/li><li>1 Ano de Hospedagem<br \/><\/li><li>-<br \/><\/li><li>-<br \/><\/li><li>-<\/li><\/ul>\n            <div class=\"order m-top1\"><a class=\"font16\" href=\"https:\/\/www.akweno.co.ao\/area-cliente\/index.php?rp=\/store\/websites-personalizados\/site-de-pequeno-porte\">Contratar <i class=\"fa fa-arrow-circle-right\"><\/i><\/a><\/div>\n          <\/div>\n        <\/div>[\/vc_column][vc_column width=&#8221;1\/4&#8243;]<div class=\"m-bottom3\">\n          <div class=\"pricing-box-home2 text-center\">\n            <h2 class=\"font-bold font15 font-white uppercase\">M\u00e9dio Porte<\/h2>\n            <div class=\"price font60 font-black-dark\"><small class=\"font25\">kz<\/small>199.000<br>\n               <\/div>\n            <ul class=\"fea-lists\"><li>P\u00e1gina Inicial<br \/><\/li><li>Servi\u00e7os OU Productos<br \/><\/li><li>Sobre a empresa<br \/><\/li><li>Formul\u00e1rio de contactos<br \/><\/li><li>Links Redes Sociais<br \/><\/li><li>Galeria de fotos<br \/><\/li><li>1 Ano de Hospedagem<br \/><\/li><li>1 Dom\u00ednio (.AO)<br \/><\/li><li>+ 2 P\u00e1ginas personalizadas<br \/><\/li><li>-<\/li><\/ul>\n            <div class=\"order m-top1\"><a class=\"font16\" href=\"https:\/\/www.akweno.co.ao\/area-cliente\/index.php?rp=\/store\/websites-personalizados\/medio-porte\">Contratar <i class=\"fa fa-arrow-circle-right\"><\/i><\/a><\/div>\n          <\/div>\n        <\/div>[\/vc_column][vc_column width=&#8221;1\/4&#8243;]<div class=\"m-bottom3\">\n          <div class=\"pricing-box-home2 text-center\">\n            <h2 class=\"font-bold font15 font-white uppercase\">Grande Porte<\/h2>\n            <div class=\"price font60 font-black-dark\"><small class=\"font25\">kz<\/small>300.000<br>\n               <\/div>\n            <ul class=\"fea-lists\"><li>P\u00e1gina Inicial<br \/><\/li><li>Servi\u00e7os E Productos<br \/><\/li><li>Sobre a empresa<br \/><\/li><li>Formul\u00e1rio de contactos<br \/><\/li><li>Links Redes Sociais<br \/><\/li><li>Galeria de fotos<br \/><\/li><li>1 Ano de Hospedagem<br \/><\/li><li>1 Dom\u00ednio (.AO, .COM, .NET)<br \/><\/li><li>+ 5 P\u00e1ginas Personalizadas<br \/><\/li><li>1 M\u00eas Gr\u00e1tis de Assist\u00eancia<\/li><\/ul>\n            <div class=\"order m-top1\"><a class=\"font16\" href=\"https:\/\/www.akweno.co.ao\/area-cliente\/index.php?rp=\/store\/websites-personalizados\/grande-porte\">Contratar <i class=\"fa fa-arrow-circle-right\"><\/i><\/a><\/div>\n          <\/div>\n        <\/div>[\/vc_column][vc_column width=&#8221;1\/4&#8243;][vc_raw_html]JTNDc2NyaXB0JTIwYXN5bmMlMjBzcmMlM0QlMjJodHRwcyUzQSUyRiUyRnBhZ2VhZDIuZ29vZ2xlc3luZGljYXRpb24uY29tJTJGcGFnZWFkJTJGanMlMkZhZHNieWdvb2dsZS5qcyUyMiUzRSUzQyUyRnNjcmlwdCUzRSUwQSUzQyUyMS0tJTIwbGF0ZXJhbF9hZGFwdGF2ZWwlMjAtLSUzRSUwQSUzQ2lucyUyMGNsYXNzJTNEJTIyYWRzYnlnb29nbGUlMjIlMEElMjAlMjAlMjAlMjAlMjBzdHlsZSUzRCUyMmRpc3BsYXklM0FibG9jayUzQmJhY2tncm91bmQlM0F0cmFuc3BhcmVudCUyMiUwQSUyMCUyMCUyMCUyMCUyMGRhdGEtYWQtY2xpZW50JTNEJTIyY2EtcHViLTk0NDE4OTI4Mzk3ODcxMjUlMjIlMEElMjAlMjAlMjAlMjAlMjBkYXRhLWFkLXNsb3QlM0QlMjI1MTE5MDAxNDQxJTIyJTBBJTIwJTIwJTIwJTIwJTIwZGF0YS1hZC1mb3JtYXQlM0QlMjJhdXRvJTIyJTBBJTIwJTIwJTIwJTIwJTIwZGF0YS1mdWxsLXdpZHRoLXJlc3BvbnNpdmUlM0QlMjJ0cnVlJTIyJTNFJTNDJTJGaW5zJTNFJTBBJTNDc2NyaXB0JTNFJTBBJTIwJTIwJTIwJTIwJTIwJTI4YWRzYnlnb29nbGUlMjAlM0QlMjB3aW5kb3cuYWRzYnlnb29nbGUlMjAlN0MlN0MlMjAlNUIlNUQlMjkucHVzaCUyOCU3QiU3RCUyOSUzQiUwQSUzQyUyRnNjcmlwdCUzRQ==[\/vc_raw_html][\/vc_column][\/vc_row][vc_row full_width=&#8221;stretch_row_content_no_spaces&#8221;][vc_column]<div class=\"section-lg bg-parallax-4 m-top5 \">\n    \n\t<div class=\"container \">\n      <div class=\"row\">\n        \n\t\t<div class=\"col-md-6 m-bottom3\"> <img fetchpriority=\"high\" decoding=\"async\" width=\"500\" height=\"331\" src=\"https:\/\/akweno.ao\/aks\/wp-content\/uploads\/2016\/04\/site-img25.png\" class=\"img-responsive attachment-full\" alt=\"\" title=\"site-img25\" srcset=\"https:\/\/akweno.ao\/aks\/wp-content\/uploads\/2016\/04\/site-img25.png 500w, https:\/\/akweno.ao\/aks\/wp-content\/uploads\/2016\/04\/site-img25-300x199.png 300w\" sizes=\"(max-width: 500px) 100vw, 500px\" \/> <\/div>\n\t\t\n\t\t\n        <div class=\"col-md-6 m-bottom3\">\n\t\t\n          <h2 class=\"font-bold font18 font-white m-bottom1\">N\u00c3O ENCONTROU O QUE BUSCAVA?<\/h2>\n          <h2 class=\"font-thin font15 font-white m-bottom1\"> <span class=\"font-bold font50 font-color\"><\/span> <\/h2>\n          <p class=\"font-color\">CRIE O SEU PR\u00d3PRIO PLANO COM OS RECURSOS DESEJADOS.<\/p>\n          <p class=\"font-white m-top2\">Se nenhum dos planos acima satisfaz os requisitos da sua empresa ou neg\u00f3cios, clique no bot\u00e3o abaixo para criar um plano com os recursos espec\u00edficos de que necessitam.<\/p>\n\t\t  \n          <div class=\"button m-top3\"><a href=\"#\" class=\"btn boxed-color-sm font18 orange\">Criar Plano <i class=\"fa fa-arrow-circle-right\"><\/i><\/a><\/div>\n\t\t  \n\t\t<\/div>\n      <\/div>\n    <\/div>\n\t\n  <\/div>[\/vc_column][\/vc_row][vc_row top_padding=&#8221;90px&#8221; bottom_padding=&#8221;20px&#8221;][vc_column width=&#8221;1\/2&#8243;]\n\t\t\t\t<h3 class=\"font-bold font-black font15 uppercase\">Tem alguma<\/h3>\n\t\t\t\t\n\t\t\t\t<h2 class=\"font-bold font-black font30 uppercase m-bottom3\">D\u00favida?<\/h2><div class=\"m-top3\">\n          <div aria-multiselectable=\"true\" role=\"tablist\" id=\"accordion20\" class=\"panel-group collaps collaps-style-2\"><div class=\"panel panel-default\">\n              <div id=\"heading201\" role=\"tab\" class=\"panel-heading\">\n                <h4 class=\"panel-title uppercase\"> <a aria-expanded=\"true\" aria-controls=\"collapse201\" href=\"#collapse201\" data-parent=\"#accordion20\" data-toggle=\"collapse\" role=\"button\" >QUAIS AS FORMAS DE PAGAMENTO ACEITES?<\/a> <\/h4>\n              <\/div>\n              <div style=\"\" aria-expanded=\"true\" aria-labelledby=\"heading201\" role=\"tabpanel\" class=\"panel-collapse collapse in\" id=\"collapse201\">\n                <div class=\"panel-body\">\n                  <p>No momento aceitamos: Dep\u00f3sito,  transfer\u00eancia banc\u00e1ria (internet banking, Multicaixa, Express, ATM) e Paypal.<\/p>\n                <\/div>\n              <\/div>\n            <\/div><div class=\"panel panel-default\">\n              <div id=\"heading202\" role=\"tab\" class=\"panel-heading\">\n                <h4 class=\"panel-title uppercase\"> <a aria-expanded=\"false\" aria-controls=\"collapse202\" href=\"#collapse202\" data-parent=\"#accordion20\" data-toggle=\"collapse\" role=\"button\" class=\"collapsed\">QUAL A DIFEREN\u00c7A ENTRE MODELOS DE SITE E SITE PERSONALIZADO?<\/a> <\/h4>\n              <\/div>\n              <div style=\"height: 0px;\" aria-expanded=\"false\" aria-labelledby=\"heading202\" role=\"tabpanel\" class=\"panel-collapse collapse \" id=\"collapse202\">\n                <div class=\"panel-body\">\n                  <p>Site Personalizado \u2013 \u00e9 o servi\u00e7o em que a Akweno cria um website desde a raiz, sob as condi\u00e7\u00f5es que o cliente quiser, de acordo com a sua prefer\u00eancia.<\/p>\n<p>Modelos de site \u2013 s\u00e3o sites com a estrutura ja criada, prontos a usar. Necessitando apenas de se substituir as mat\u00e9rias ilustrativas pelas mat\u00e9rias do cliente.<\/p>\n                <\/div>\n              <\/div>\n            <\/div><div class=\"panel panel-default\">\n              <div id=\"heading203\" role=\"tab\" class=\"panel-heading\">\n                <h4 class=\"panel-title uppercase\"> <a aria-expanded=\"false\" aria-controls=\"collapse203\" href=\"#collapse203\" data-parent=\"#accordion20\" data-toggle=\"collapse\" role=\"button\" class=\"collapsed\">AP\u00d4S A CRIA\u00c7\u00c3O DO SITE, QUEM FAZ A GEST\u00c3O?<\/a> <\/h4>\n              <\/div>\n              <div style=\"height: 0px;\" aria-expanded=\"false\" aria-labelledby=\"heading203\" role=\"tabpanel\" class=\"panel-collapse collapse \" id=\"collapse203\">\n                <div class=\"panel-body\">\n                  <p>O Site ter\u00e1 uma \u00e1rea administrativa \u00e1 qual poder\u00e3o ter acesso depois de finalizado o projecto. \u00c9 uma op\u00e7\u00e3o do cliente efetuar a manuten\u00e7\u00e3o por conta pr\u00f3pria ou contratar.<br \/>\nSe precisarem que sejamos n\u00f3s a gerir, temos o servi\u00e7o de Manuten\u00e7\u00e3o\/Gest\u00e3o de Sites ou os Pacotes, que ja incluem tudo.<\/p>\n                <\/div>\n              <\/div>\n            <\/div><div class=\"panel panel-default\">\n              <div id=\"heading204\" role=\"tab\" class=\"panel-heading\">\n                <h4 class=\"panel-title uppercase\"> <a aria-expanded=\"false\" aria-controls=\"collapse204\" href=\"#collapse204\" data-parent=\"#accordion20\" data-toggle=\"collapse\" role=\"button\" class=\"collapsed\">O QUE PRECISO DE FORNECER AO CONTRATAR UM SITE?<\/a> <\/h4>\n              <\/div>\n              <div style=\"height: 0px;\" aria-expanded=\"false\" aria-labelledby=\"heading204\" role=\"tabpanel\" class=\"panel-collapse collapse \" id=\"collapse204\">\n                <div class=\"panel-body\">\n                  <p>Mat\u00e9rias relacionadas com a sua empresa ou neg\u00f3cio. Informa\u00e7\u00f5es como:<br \/>\n- Logotipo da empresa ou pessoal.<br \/>\n- Textos de apresenta\u00e7\u00e3o.<br \/>\n- Descri\u00e7\u00e3o detalhada dos servi\u00e7os prestados.<br \/>\n- Imagens gerais.<br \/>\n- Dados completos de contacto e localiza\u00e7\u00e3o da empresa.<br \/>\n- Links de redes sociais (facebook, instagram, linkedin, twitter\u2026) se possuem<br \/>\n- Outra informa\u00e7\u00e3o sobre a empresa, servi\u00e7os ou produtos que acharem importante ter no site.<\/p>\n<p>No caso de comprar uma Loja Online, precisar\u00e1 de fornecer dados como:<br \/>\n- Lista dos produtos da Loja, categorias, nomes, pre\u00e7os e especifica\u00e7\u00f5es.<br \/>\n- Fotos de cada produto.<br \/>\n- Formas de pagamento aceites, dados banc\u00e1rios da empresa.<br \/>\n- Regras e custos de entregas ao domic\u00edlio (se aplic\u00e1vel*).<br \/>\n-Textos de termos e condi\u00e7\u00f5es e Pol\u00edticas de privacidade.<br \/>\n- Dados banc\u00e1rios para associar as encomendas.<\/p>\n                <\/div>\n              <\/div>\n            <\/div>\t<\/div>\n\t\t   <\/div>[\/vc_column][vc_column width=&#8221;1\/2&#8243;]<div class=\"m-bottom4\">\n\t\t\t\t\t<h4 class=\"font-color font-bold font15 uppercase\">O QUE AS PESSOAS DIZEM<\/h4>\n\t\t\t\t\t<h2 class=\"font-black font-thin-xs font40 m-bottom2 uppercase\">Testemunhos<\/h2>\n\t\t\t\t\t<div class=\"col-md-12 nopadding\">\n            <div  class=\"col-fea-box-image\">\n              <div id=\"carousel-example-generic2\" class=\"carousel slide text-center\" data-ride=\"carousel\"> \n          <ol class=\"carousel-indicators white-color\"><li data-target=\"#carousel-example-generic2\" class=\"active\" data-slide-to=\"0\"><\/li><li data-target=\"#carousel-example-generic2\"  data-slide-to=\"1\"><\/li><li data-target=\"#carousel-example-generic2\"  data-slide-to=\"2\"><\/li>\t<\/ol><div class=\"carousel-inner\" role=\"listbox\"><div class=\"item active\">\n                    <div class=\"col-md-12 sec-auto-margin\">\n                      <p class=\"font-white\"><span class=\"font18\">John Doe<\/span> <span class=\"italic\">\/ from examedia<\/span><\/p>\n                      <p class=\"m-top2 font15 font-white\">Lorem ipsum dolor sit amet consectetur adipisicing eil sed deiusmod hsa no tempor incididunt labore dolore magna aliqua. Sed ipsum consectetur its adipisicing elit sed do eiusmod tempor incididunt labo dolore. amet consectetur adipisicing eil sed adipisicing elitadipisicing elit adipisicing elit incididun adipisicing eiusmod elit.<\/p>\n                    <\/div>\n                  <\/div><div class=\"item \">\n                    <div class=\"col-md-12 sec-auto-margin\">\n                      <p class=\"font-white\"><span class=\"font18\">Michel<\/span> <span class=\"italic\">\/ from examedia<\/span><\/p>\n                      <p class=\"m-top2 font15 font-white\">Lorem ipsum dolor sit amet consectetur adipisicing eil sed deiusmod hsa no tempor incididunt labore dolore magna aliqua. Sed ipsum consectetur its adipisicing elit sed do eiusmod tempor incididunt labo dolore. amet consectetur adipisicing eil sed adipisicing elitadipisicing elit adipisicing elit incididun adipisicing eiusmod elit.<\/p>\n                    <\/div>\n                  <\/div><div class=\"item \">\n                    <div class=\"col-md-12 sec-auto-margin\">\n                      <p class=\"font-white\"><span class=\"font18\">Jane Doe<\/span> <span class=\"italic\">\/ from examedia<\/span><\/p>\n                      <p class=\"m-top2 font15 font-white\">Lorem ipsum dolor sit amet consectetur adipisicing eil sed deiusmod hsa no tempor incididunt labore dolore magna aliqua. Sed ipsum consectetur its adipisicing elit sed do eiusmod tempor incididunt labo dolore. amet consectetur adipisicing eil sed adipisicing elitadipisicing elit adipisicing elit incididun adipisicing eiusmod elit.<\/p>\n                    <\/div>\n                  <\/div>\n    <\/div><\/div><\/div><\/div><\/div>[\/vc_column][\/vc_row][vc_row][vc_column][vc_empty_space][\/vc_column][\/vc_row]<\/p>\n<\/div>","protected":false},"excerpt":{"rendered":"<p>[vc_row][vc_column][\/vc_column][\/vc_row][vc_row full_width=&#8221;stretch_row&#8221; top_padding=&#8221;60px&#8221; bottom_padding=&#8221;48px&#8221; css=&#8221;.vc_custom_1715341609234{background-color: #f7f7f7 !important;}&#8221;][vc_column width=&#8221;1\/2&#8243;][vc_empty_space height=&#8221;50px&#8221;][vc_single_image image=&#8221;2178&#8243; img_size=&#8221;full&#8221; add_caption=&#8221;yes&#8221; alignment=&#8221;center&#8221; style=&#8221;vc_box_border&#8221; border_color=&#8221;white&#8221;][\/vc_column][vc_column width=&#8221;1\/2&#8243;][vc_empty_space height=&#8221;10px&#8221;][vc_column_text] Website, tamb\u00e9m conhecido como\u00a0P\u00e1gina Web, Site ou ainda S\u00edtio na Internet, \u00e9 um espa\u00e7o virtual dispon\u00edvel na internet que normalmente cont\u00e9m informa\u00e7\u00f5es diversas pessoais ou corporativas. \u00c9 similar a um estabelecimento comercial ou moradia, s\u00f3 que dispon\u00edvel na internet. Somos especialistas na constru\u00e7\u00e3o de sites para empresas e [&hellip;]<\/p>\n","protected":false},"author":1,"featured_media":0,"parent":0,"menu_order":0,"comment_status":"closed","ping_status":"closed","template":"page-vc.php","meta":{"footnotes":""},"class_list":["post-874","page","type-page","status-publish","hentry"],"_links":{"self":[{"href":"https:\/\/akweno.ao\/aks\/wp-json\/wp\/v2\/pages\/874","targetHints":{"allow":["GET"]}}],"collection":[{"href":"https:\/\/akweno.ao\/aks\/wp-json\/wp\/v2\/pages"}],"about":[{"href":"https:\/\/akweno.ao\/aks\/wp-json\/wp\/v2\/types\/page"}],"author":[{"embeddable":true,"href":"https:\/\/akweno.ao\/aks\/wp-json\/wp\/v2\/users\/1"}],"replies":[{"embeddable":true,"href":"https:\/\/akweno.ao\/aks\/wp-json\/wp\/v2\/comments?post=874"}],"version-history":[{"count":70,"href":"https:\/\/akweno.ao\/aks\/wp-json\/wp\/v2\/pages\/874\/revisions"}],"predecessor-version":[{"id":2320,"href":"https:\/\/akweno.ao\/aks\/wp-json\/wp\/v2\/pages\/874\/revisions\/2320"}],"wp:attachment":[{"href":"https:\/\/akweno.ao\/aks\/wp-json\/wp\/v2\/media?parent=874"}],"curies":[{"name":"wp","href":"https:\/\/api.w.org\/{rel}","templated":true}]}}