{"id":825,"date":"2024-03-02T17:55:17","date_gmt":"2024-03-02T17:55:17","guid":{"rendered":"https:\/\/fluentthemes.com\/wp\/maxhost\/?page_id=825"},"modified":"2024-05-04T12:31:53","modified_gmt":"2024-05-04T12:31:53","slug":"revendedores","status":"publish","type":"page","link":"https:\/\/akweno.ao\/aks\/revendedores\/","title":{"rendered":"Revendedores"},"content":{"rendered":"<div class=\"wpb-content-wrapper\"><p>[vc_row full_width=&#8221;stretch_row_content&#8221; top_padding=&#8221;84px&#8221; bottom_padding=&#8221;70px&#8221; css=&#8221;.vc_custom_1714819386024{padding-top: 90px !important;padding-bottom: 90px !important;background-image: url(https:\/\/akweno.ao\/aks\/wp-content\/uploads\/2024\/05\/about-Simple-image03.jpg?id=1703) !important;background-position: center !important;background-repeat: no-repeat !important;background-size: cover !important;}&#8221;][vc_column width=&#8221;1\/2&#8243;][vc_empty_space height=&#8221;50px&#8221;][\/vc_column][vc_column width=&#8221;1\/2&#8243;][vc_custom_heading text=&#8221;SEJA UM REVENDEDOR&#8221; font_container=&#8221;tag:h2|font_size:40px|text_align:left|color:%23ffffff&#8221; use_theme_fonts=&#8221;yes&#8221;][vc_custom_heading text=&#8221;Obtenha um desconto de 20% na compra de servi\u00e7os na AKWENO como revendedor(a) oficial. Sendo este desconto aplic\u00e1vel a todos os servi\u00e7os, dispon\u00edveis neste site.&#8221; font_container=&#8221;tag:h2|font_size:15px|text_align:left|color:%23ffffff&#8221; use_theme_fonts=&#8221;yes&#8221; css=&#8221;.vc_custom_1714825911520{margin-top: 30px !important;}&#8221;][vc_empty_space height=&#8221;30px&#8221;][vc_custom_heading text=&#8221;QUAIS AS VANTAGENS DE REVENDER?&#8221; font_container=&#8221;tag:h2|font_size:20px|text_align:left|color:%23ffffff&#8221; use_theme_fonts=&#8221;yes&#8221;]<div class=\"m-top4\">\n          <div aria-multiselectable=\"true\" role=\"tablist\" id=\"accordion10\" class=\"panel-group collaps collaps-style-1\"><div class=\"panel panel-default\">\n              <div id=\"heading101\" role=\"tab\" class=\"panel-heading\">\n                <h4 class=\"panel-title uppercase\"> <a aria-expanded=\"true\" aria-controls=\"collapse101\" href=\"#collapse101\" data-parent=\"#accordion10\" data-toggle=\"collapse\" role=\"button\" >1. Baixos custos iniciais<\/a> <\/h4>\n              <\/div>\n              <div style=\"\" aria-expanded=\"true\" aria-labelledby=\"heading101\" role=\"tabpanel\" class=\"panel-collapse collapse in\" id=\"collapse101\">\n                <div class=\"panel-body\">\n                  <p>Quando voc\u00ea inicia um neg\u00f3cio de revenda, tudo o que voc\u00ea precisa investir \u00e9 nas condi\u00e7\u00f5es m\u00ednimas para os seus primeiros clientes e um site pr\u00f3prio. N\u00e3o h\u00e1 custos de infraestrutura e voc\u00ea pode manter os custos t\u00e3o baixos quanto poss\u00edvel at\u00e9 atingir o ponto de equil\u00edbrio.<\/p>\n                <\/div>\n              <\/div>\n            <\/div><div class=\"panel panel-default\">\n              <div id=\"heading102\" role=\"tab\" class=\"panel-heading\">\n                <h4 class=\"panel-title uppercase\"> <a aria-expanded=\"false\" aria-controls=\"collapse102\" href=\"#collapse102\" data-parent=\"#accordion10\" data-toggle=\"collapse\" role=\"button\" class=\"collapsed\">2. Crie um neg\u00f3cio escal\u00e1vel<\/a> <\/h4>\n              <\/div>\n              <div style=\"height: 0px;\" aria-expanded=\"false\" aria-labelledby=\"heading102\" role=\"tabpanel\" class=\"panel-collapse collapse \" id=\"collapse102\">\n                <div class=\"panel-body\">\n                  <p>Com um neg\u00f3cio de revenda, voc\u00ea pode expandir seus neg\u00f3cios infinitamente. Neste exemplo de websites, voc\u00ea pode simplesmente adquirir mais e maiores conforme suas necessidades aumentam. Voc\u00ea s\u00f3 precisa se concentrar em conseguir mais clientes.<\/p>\n                <\/div>\n              <\/div>\n            <\/div><div class=\"panel panel-default\">\n              <div id=\"heading103\" role=\"tab\" class=\"panel-heading\">\n                <h4 class=\"panel-title uppercase\"> <a aria-expanded=\"false\" aria-controls=\"collapse103\" href=\"#collapse103\" data-parent=\"#accordion10\" data-toggle=\"collapse\" role=\"button\" class=\"collapsed\">3. Servi\u00e7o de alta qualidade com menos trabalho<\/a> <\/h4>\n              <\/div>\n              <div style=\"height: 0px;\" aria-expanded=\"false\" aria-labelledby=\"heading103\" role=\"tabpanel\" class=\"panel-collapse collapse \" id=\"collapse103\">\n                <div class=\"panel-body\">\n                  <p>Ao fazer parceria com uma empresa de qualidade, voc\u00ea est\u00e1 a vender os servi\u00e7os desta em seu nome. Se voc\u00ea fizer parceria com uma empresa cujo servi\u00e7o voc\u00ea aprecia, poder\u00e1 transmitir essa mesma qualidade de servi\u00e7o.<\/p>\n                <\/div>\n              <\/div>\n            <\/div>\t<\/div>\n\t\t   <\/div>[vc_empty_space height=&#8221;25px&#8221;][\/vc_column][\/vc_row][vc_row top_padding=&#8221;90px&#8221; bottom_padding=&#8221;36px&#8221;][vc_column width=&#8221;1\/2&#8243;][vc_single_image image=&#8221;1740&#8243; img_size=&#8221;full&#8221;][\/vc_column][vc_column width=&#8221;1\/2&#8243;]<h2 class=\"font-bold font-black-dark uppercase m-bottom3\">QUAL \u00c9 O PROCEDIMENTO PARA A ADES\u00c3O?<\/h2>[vc_column_text css=&#8221;.vc_custom_1714821999348{margin-top: 30px !important;margin-bottom: 20px !important;}&#8221;]Se considera que re\u00fane os requisitos necess\u00e1rios, solicitamos a elabora\u00e7\u00e3o de um plano de neg\u00f3cios contendo o seguinte:[\/vc_column_text]<ul class=\"list-group\"><li class=\"list-group\"><i class=\"fa fa-check\"><\/i> Identifica\u00e7\u00e3o completa da sua empresa ou pessoa (incluir NIF).<br \/><\/li><li class=\"list-group\"><i class=\"fa fa-check\"><\/i> Destaque das vantagens e inova\u00e7\u00e3o que pretende trazer.<br \/><\/li><li class=\"list-group\"><i class=\"fa fa-check\"><\/i> Uma estimativa das vendas que considera conseguir atingir num prazo m\u00ednimo de 1 ano.<\/li><\/ul>[\/vc_column][\/vc_row]<\/p>\n<\/div>","protected":false},"excerpt":{"rendered":"<p>[vc_row full_width=&#8221;stretch_row_content&#8221; top_padding=&#8221;84px&#8221; bottom_padding=&#8221;70px&#8221; css=&#8221;.vc_custom_1714819386024{padding-top: 90px !important;padding-bottom: 90px !important;background-image: url(https:\/\/akweno.ao\/aks\/wp-content\/uploads\/2024\/05\/about-Simple-image03.jpg?id=1703) !important;background-position: center !important;background-repeat: no-repeat !important;background-size: cover !important;}&#8221;][vc_column width=&#8221;1\/2&#8243;][vc_empty_space height=&#8221;50px&#8221;][\/vc_column][vc_column width=&#8221;1\/2&#8243;][vc_custom_heading text=&#8221;SEJA UM REVENDEDOR&#8221; font_container=&#8221;tag:h2|font_size:40px|text_align:left|color:%23ffffff&#8221; use_theme_fonts=&#8221;yes&#8221;][vc_custom_heading text=&#8221;Obtenha um desconto de 20% na compra de servi\u00e7os na AKWENO como revendedor(a) oficial. Sendo este desconto aplic\u00e1vel a todos os servi\u00e7os, dispon\u00edveis neste site.&#8221; font_container=&#8221;tag:h2|font_size:15px|text_align:left|color:%23ffffff&#8221; use_theme_fonts=&#8221;yes&#8221; css=&#8221;.vc_custom_1714825911520{margin-top: 30px !important;}&#8221;][vc_empty_space height=&#8221;30px&#8221;][vc_custom_heading text=&#8221;QUAIS AS VANTAGENS DE REVENDER?&#8221; font_container=&#8221;tag:h2|font_size:20px|text_align:left|color:%23ffffff&#8221; use_theme_fonts=&#8221;yes&#8221;][vc_empty_space height=&#8221;25px&#8221;][\/vc_column][\/vc_row][vc_row top_padding=&#8221;90px&#8221; [&hellip;]<\/p>\n","protected":false},"author":1,"featured_media":0,"parent":0,"menu_order":0,"comment_status":"closed","ping_status":"closed","template":"page-vc.php","meta":{"footnotes":""},"class_list":["post-825","page","type-page","status-publish","hentry"],"_links":{"self":[{"href":"https:\/\/akweno.ao\/aks\/wp-json\/wp\/v2\/pages\/825","targetHints":{"allow":["GET"]}}],"collection":[{"href":"https:\/\/akweno.ao\/aks\/wp-json\/wp\/v2\/pages"}],"about":[{"href":"https:\/\/akweno.ao\/aks\/wp-json\/wp\/v2\/types\/page"}],"author":[{"embeddable":true,"href":"https:\/\/akweno.ao\/aks\/wp-json\/wp\/v2\/users\/1"}],"replies":[{"embeddable":true,"href":"https:\/\/akweno.ao\/aks\/wp-json\/wp\/v2\/comments?post=825"}],"version-history":[{"count":43,"href":"https:\/\/akweno.ao\/aks\/wp-json\/wp\/v2\/pages\/825\/revisions"}],"predecessor-version":[{"id":1772,"href":"https:\/\/akweno.ao\/aks\/wp-json\/wp\/v2\/pages\/825\/revisions\/1772"}],"wp:attachment":[{"href":"https:\/\/akweno.ao\/aks\/wp-json\/wp\/v2\/media?parent=825"}],"curies":[{"name":"wp","href":"https:\/\/api.w.org\/{rel}","templated":true}]}}