{"id":592,"date":"2024-04-17T17:19:50","date_gmt":"2024-04-17T17:19:50","guid":{"rendered":"https:\/\/fluentthemes.com\/wp\/maxhost\/?page_id=592"},"modified":"2024-05-19T10:51:47","modified_gmt":"2024-05-19T10:51:47","slug":"afiliados","status":"publish","type":"page","link":"https:\/\/akweno.ao\/aks\/afiliados\/","title":{"rendered":"Programa de Afiliados"},"content":{"rendered":"<div class=\"wpb-content-wrapper\"><p>[vc_row full_width=&#8221;stretch_row_content&#8221; css=&#8221;.vc_custom_1714635900807{background-position: center !important;background-repeat: no-repeat !important;background-size: cover !important;}&#8221;][vc_column]<div class=\"page-header three\">\n    <div class=\"container\">\n      <div class=\"col-md-6 left-padd0 m-bottom2\">\n        <h2 class=\"uppercase font-thin font-white font30 m-bottom1\">Programa de Afiliados<\/h2>\n        <h4 class=\"font-grey-light font18 \">Ganhe comiss\u00f5es por trazer-nos novos clientes.<\/h4>\n      <\/div>\n\t  \n      <div class=\"col-md-6 left-padd0 pull-left\"><div class=\"breadcrumbs view-links\"><a href=\"https:\/\/akweno.ao\/aks\">Home<\/a> <i>\/<\/i> <\/div>\n\t\t<\/div>\n\t\t\n    <\/div>\n  <\/div>[\/vc_column][\/vc_row][vc_row][vc_column width=&#8221;1\/3&#8243;]<div class=\"m-bottom4\">\n          <h2 class=\"font-black m-bottom2\">Fa\u00e7a o seu cadastro<\/h2>\n          <p class=\"m-bottom2\">Comece por preencher o formul\u00e1rio de registo de afiliados para ter acesso ao seu link exclusivo de afiliado.<\/p><div class=\"button m-top3\"><a href=\"\" class=\"btn grey-border uppercase font13\">Passo 1<\/a><\/div>\n        <\/div>[\/vc_column][vc_column width=&#8221;1\/3&#8243;]<div class=\"m-bottom4\">\n          <h2 class=\"font-black m-bottom2\">Divulgue o seu link<\/h2>\n          <p class=\"m-bottom2\">Aplique o seu link de afiliado no seu site, blog ou redes sociais. As pessoas devem clicar neste link que os vai trazer para c\u00e1<\/p><div class=\"button m-top3\"><a href=\"\" class=\"btn grey-border uppercase font13\">Passo 2<\/a><\/div>\n        <\/div>[\/vc_column][vc_column width=&#8221;1\/3&#8243;]<div class=\"m-bottom4\">\n          <h2 class=\"font-black m-bottom2\">Ganhe Comiss\u00f5es<\/h2>\n          <p class=\"m-bottom2\">Ganhe sempre que algu\u00e9m chegar ao site da Akweno usando o seu link de afiliado e fizer a compra de qualquer servi\u00e7o.<\/p><div class=\"button m-top3\"><a href=\"\" class=\"btn grey-border uppercase font13\">Passo 3<\/a><\/div>\n        <\/div>[\/vc_column][\/vc_row][vc_row top_padding=&#8221;86px&#8221; bottom_padding=&#8221;60px&#8221;][vc_column width=&#8221;2\/3&#8243;]<h2 class=\"font-grey font-thin-xs font35 m-bottom2\"><span class=\"font-bold font-color\">Comece Ja!<\/span> Saiba mais<\/h2>\n\t\t\t\t<p class=\"m-bottom2\">O processo \u00e9 simples, cada visita, encomenda feita, venda conclu\u00edda e comiss\u00f5es a receber s\u00e3o registados automaticamente na sua conta de afiliado. Pode divulgar usando sites, blogs e redes sociais a que tenha acesso.<\/p>[vc_empty_space height=&#8221;25px&#8221;][vc_row_inner][vc_column_inner width=&#8221;1\/2&#8243;]<div class=\"col-md-12 text-left m-bottom5\">\n            <div class=\"fea-sce-col active\">\n              <div class=\"icon-boxed wide90 box-round\"><span class=\"icon-link font30\"><\/span>\n\t\t\t  <\/div>\n              <div class=\"left-padd11\">\n                <h2 class=\"font-thin m-bottom1\">Banners e Links<\/h2>\n                <p>Na sua conta de afiliado, a zona ``menu`` e ``Banners`` cont\u00e9m an\u00fancios em forma de imagens e links.<\/p>\n              <\/div>\n            <\/div>\n          <\/div><div class=\"col-md-12 text-left m-bottom5\">\n            <div class=\"fea-sce-col \">\n              <div class=\"icon-boxed wide90 box-round\"><span class=\"icon-basket font30\"><\/span>\n\t\t\t  <\/div>\n              <div class=\"left-padd11\">\n                <h2 class=\"font-thin m-bottom1\">Associar compras<\/h2>\n                <p>Use o seu link de afiliado para fazer as encomendas para que fiquem registadas na sua conta de afiliado.<\/p>\n              <\/div>\n            <\/div>\n          <\/div>[\/vc_column_inner][vc_column_inner width=&#8221;1\/2&#8243;]<div class=\"col-md-12 text-left m-bottom5\">\n            <div class=\"fea-sce-col \">\n              <div class=\"icon-boxed wide90 box-round\"><span class=\"icon-share font30\"><\/span>\n\t\t\t  <\/div>\n              <div class=\"left-padd11\">\n                <h2 class=\"font-thin m-bottom1\">Divulgar Servi\u00e7os<\/h2>\n                <p>Escolha 1 ou 2 an\u00fancios e compartilhe no seu site, blog ou rede social, use o link completo.<\/p>\n              <\/div>\n            <\/div>\n          <\/div><div class=\"col-md-12 text-left m-bottom5\">\n            <div class=\"fea-sce-col \">\n              <div class=\"icon-boxed wide90 box-round\"><span class=\"icon-key font30\"><\/span>\n\t\t\t  <\/div>\n              <div class=\"left-padd11\">\n                <h2 class=\"font-thin m-bottom1\">Controlo de dados<\/h2>\n                <p>Conseguir\u00e1 ver na sua conta, quantos visitaram o seu link, valores a receber, valores ja pagos...etc<\/p>\n              <\/div>\n            <\/div>\n          <\/div>[\/vc_column_inner][\/vc_row_inner][\/vc_column][vc_column width=&#8221;1\/3&#8243;][vc_single_image image=&#8221;595&#8243; img_size=&#8221;full&#8221;][\/vc_column][\/vc_row][vc_row full_width=&#8221;stretch_row_content_no_spaces&#8221;][vc_column]<div class=\"section-lg\">\n    <div class=\"two-color-boxes-multi\">\n      <div class=\"container\">\n        <div class=\"col-md-6 no-left-padd right-padd4\">\n          <div class=\"sea text-center\"><span class=\"icon-bargraph font100 font-white m-bottom3\"><\/span>\n            <h2 class=\"font-thin-xs font-white font35 m-bottom3\">Registe-se como afiliado<\/h2>\n            <p class=\"m-bottom3 font-white\">Se ainda n\u00e3o se afiliou e deseja fazer, por favor, consultar o bot\u00e3o abaixo para fazer o cadastro, fornecendo alguns dados iniciais.<\/p>\n            <div class=\"button m-top4 m-bottom3\"><a href=\"https:\/\/akweno.co.ao\/affiliate-signup\/\" class=\"btn whte-box-border uppercase\">Registar <i class=\"fa fa-arrow-circle-right\"><\/i><\/a><\/div>\n          <\/div>\n        <\/div>\n        <div class=\"col-md-6 no-right-padd left-padd4\">\n          <div class=\"orange text-center\"><span class=\"icon-layers font100 font-white m-bottom3\"><\/span>\n            <h2 class=\"font-thin-xs font-white font35 m-bottom3\">Acessar a sua conta<\/h2>\n            <p class=\"m-bottom3 font-white\">Se ja faz parte do programa de afiliados, consulte o bot\u00e3o abaixo para acessar a sua conta e conferir o estado actual e seus ganhos deste m\u00eas.<\/p>\n            <div class=\"button m-top4 m-bottom3\"><a href=\"https:\/\/akweno.co.ao\/affiliate-dashboard\/\" class=\"btn whte-box-border uppercase\">Entrar <i class=\"fa fa-arrow-circle-right\"><\/i><\/a><\/div>\n          <\/div>\n        <\/div>\n      <\/div>\n    <\/div>\n  <\/div>[\/vc_column][\/vc_row][vc_row top_padding=&#8221;60px&#8221;][vc_column width=&#8221;1\/2&#8243;][vc_single_image image=&#8221;1681&#8243; img_size=&#8221;500&#215;406&#8243;][\/vc_column][vc_column width=&#8221;1\/2&#8243;][vc_empty_space height=&#8221;25px&#8221;]<div class=\"col-md-12 m-bottom3\">\n          <h4 class=\"font15 font-color uppercase\">Traga novos clientes<\/h4>\n          <h2 class=\"font-black font-thin-xs font40 m-bottom2 uppercase\">Ganhe renda extra<\/h2>\n          <p class=\"m-bottom2\">Ganhe 15% em qualquer compra que o seu indicado fizer.<br \/>\nAumente a sua taxa de comiss\u00e3o at\u00e9 30%, fazendo vendas mensais regulares. E ganhe b\u00f3nus extras especiais por estar no top 10 dos melhores vendedores.<br \/>\nAp\u00f4s indicar algu\u00e9m, ganha assim que este indicado comprar.<\/p>\n        <ul class=\"listitems half\"><li><i class=\"fa fa-check\"><\/i> Comiss\u00f5es em qualquer servi\u00e7o<br \/><\/li><li><i class=\"fa fa-check\"><\/i> Link de afiliado personaliz\u00e1vel<br \/><\/li><li><i class=\"fa fa-check\"><\/i> Dados autom\u00e1ticos na conta<br \/><\/li><li><i class=\"fa fa-check\"><\/i> Aumento da % a cada 5 vendas<br \/><\/li><li><i class=\"fa fa-check\"><\/i> Afilia\u00e7\u00e3o sem nenhum custo<br \/><\/li><li><i class=\"fa fa-check\"><\/i> Material pronto para uso<\/li><\/ul>\n          <h3 class=\"font25 font-thin m-top2\">A partir de <span class=\"font-bold font-color\">15%<\/span>\/de comiss\u00e3o.<\/h3> \n        <\/div>[\/vc_column][\/vc_row][vc_row top_padding=&#8221;90px&#8221; bottom_padding=&#8221;20px&#8221;][vc_column]\n\t\t\t\t<h3 class=\"font-bold font-black font15 uppercase\">Tem alguma<\/h3>\n\t\t\t\t\n\t\t\t\t<h2 class=\"font-bold font-black font30 uppercase m-bottom3\">Quest\u00e3o?<\/h2><div class=\"m-top4\">\n          <div aria-multiselectable=\"true\" role=\"tablist\" id=\"accordion30\" class=\"panel-group collaps\"><div class=\"panel panel-default\">\n              <div id=\"heading301\" role=\"tab\" class=\"panel-heading\">\n                <h4 class=\"panel-title uppercase\"> <a aria-expanded=\"true\" aria-controls=\"collapse301\" href=\"#collapse301\" data-parent=\"#accordion30\" data-toggle=\"collapse\" role=\"button\" >O QUE \u00c9 UM AFILIADO?<\/a> <\/h4>\n              <\/div>\n              <div style=\"\" aria-expanded=\"true\" aria-labelledby=\"heading301\" role=\"tabpanel\" class=\"panel-collapse collapse in\" id=\"collapse301\">\n                <div class=\"panel-body\">\n                  <p>Afiliado \u00e9 o usu\u00e1rio que vende productos f\u00edsicos ou digitais de outrem. Obtendo uma recompensa por este feito.<\/p>\n                <\/div>\n              <\/div>\n            <\/div><div class=\"panel panel-default\">\n              <div id=\"heading302\" role=\"tab\" class=\"panel-heading\">\n                <h4 class=\"panel-title uppercase\"> <a aria-expanded=\"false\" aria-controls=\"collapse302\" href=\"#collapse302\" data-parent=\"#accordion30\" data-toggle=\"collapse\" role=\"button\" class=\"collapsed\">QUAIS OS REQUISITOS PARA SER AFILIADO?<\/a> <\/h4>\n              <\/div>\n              <div style=\"height: 0px;\" aria-expanded=\"false\" aria-labelledby=\"heading302\" role=\"tabpanel\" class=\"panel-collapse collapse \" id=\"collapse302\">\n                <div class=\"panel-body\">\n                  <p>\u00c9 necess\u00e1rio que tenha:<br \/>\n1 \u2013 Acesso a um site, blog ou rede social, onde poder\u00e1 aplicar o seu link de afiliado.<br \/>\n2 \u2013 Uma conta banc\u00e1ria em Angola para receber as comiss\u00f5es.<br \/>\nMas, vendas fora da internet tamb\u00e9m s\u00e3o aceites. Apenas certifique-se de fazer o pedido pelo cliente usando o seu link.<\/p>\n                <\/div>\n              <\/div>\n            <\/div><div class=\"panel panel-default\">\n              <div id=\"heading303\" role=\"tab\" class=\"panel-heading\">\n                <h4 class=\"panel-title uppercase\"> <a aria-expanded=\"false\" aria-controls=\"collapse303\" href=\"#collapse303\" data-parent=\"#accordion30\" data-toggle=\"collapse\" role=\"button\" class=\"collapsed\">CONSIGO SABER O QUE JA GANHEI?<\/a> <\/h4>\n              <\/div>\n              <div style=\"height: 0px;\" aria-expanded=\"false\" aria-labelledby=\"heading303\" role=\"tabpanel\" class=\"panel-collapse collapse \" id=\"collapse303\">\n                <div class=\"panel-body\">\n                  <p>Sim. O afiliado consegue ver tudo na sua conta (visitas, comiss\u00f5es pagas, comiss\u00f5es por pagar\u2026etc). Os valores a receber s\u00e3o automaticamente registados assim que o seu indicado faz o pagamento do servi\u00e7o que aderiu.<\/p>\n                <\/div>\n              <\/div>\n            <\/div><div class=\"panel panel-default\">\n              <div id=\"heading304\" role=\"tab\" class=\"panel-heading\">\n                <h4 class=\"panel-title uppercase\"> <a aria-expanded=\"false\" aria-controls=\"collapse304\" href=\"#collapse304\" data-parent=\"#accordion30\" data-toggle=\"collapse\" role=\"button\" class=\"collapsed\">QUEM PODE FAZER PARTE DESTE PROGRAMA?<\/a> <\/h4>\n              <\/div>\n              <div style=\"height: 0px;\" aria-expanded=\"false\" aria-labelledby=\"heading304\" role=\"tabpanel\" class=\"panel-collapse collapse \" id=\"collapse304\">\n                <div class=\"panel-body\">\n                  <p>Qualquer pessoa que saiba vender e que possa receber pagamentos em Kwanzas.<\/p>\n                <\/div>\n              <\/div>\n            <\/div><div class=\"panel panel-default\">\n              <div id=\"heading305\" role=\"tab\" class=\"panel-heading\">\n                <h4 class=\"panel-title uppercase\"> <a aria-expanded=\"false\" aria-controls=\"collapse305\" href=\"#collapse305\" data-parent=\"#accordion30\" data-toggle=\"collapse\" role=\"button\" class=\"collapsed\">QUE DADOS FORNECER PARA RECEBER PAGAMENTOS?<\/a> <\/h4>\n              <\/div>\n              <div style=\"height: 0px;\" aria-expanded=\"false\" aria-labelledby=\"heading305\" role=\"tabpanel\" class=\"panel-collapse collapse \" id=\"collapse305\">\n                <div class=\"panel-body\">\n                  <p>\u00c9 novo afiliado? Quando chegar a altura de receber a sua primeira comiss\u00e3o, deve fornecer os seguintes dados: Banco, Titular, N\u00ba de Conta e Iban. A conta banc\u00e1ria deve aceitar kwanzas.<\/p>\n                <\/div>\n              <\/div>\n            <\/div><div class=\"panel panel-default\">\n              <div id=\"heading306\" role=\"tab\" class=\"panel-heading\">\n                <h4 class=\"panel-title uppercase\"> <a aria-expanded=\"false\" aria-controls=\"collapse306\" href=\"#collapse306\" data-parent=\"#accordion30\" data-toggle=\"collapse\" role=\"button\" class=\"collapsed\">JA ASSOCIEI O MEU LINK A UM SITE, E AGORA?<\/a> <\/h4>\n              <\/div>\n              <div style=\"height: 0px;\" aria-expanded=\"false\" aria-labelledby=\"heading306\" role=\"tabpanel\" class=\"panel-collapse collapse \" id=\"collapse306\">\n                <div class=\"panel-body\">\n                  <p>Depois de criar a sua conta de afiliado e associar o link ao site, blog ou rede social, comece a divulgar o seu link, fa\u00e7a com que as pessoas cliquem no seu link.<\/p>\n                <\/div>\n              <\/div>\n            <\/div><div class=\"panel panel-default\">\n              <div id=\"heading307\" role=\"tab\" class=\"panel-heading\">\n                <h4 class=\"panel-title uppercase\"> <a aria-expanded=\"false\" aria-controls=\"collapse307\" href=\"#collapse307\" data-parent=\"#accordion30\" data-toggle=\"collapse\" role=\"button\" class=\"collapsed\">QUAL A MINHA MISS\u00c3O COMO AFILIADO?<\/a> <\/h4>\n              <\/div>\n              <div style=\"height: 0px;\" aria-expanded=\"false\" aria-labelledby=\"heading307\" role=\"tabpanel\" class=\"panel-collapse collapse \" id=\"collapse307\">\n                <div class=\"panel-body\">\n                  <p>Fazer com que mais pessoas comprem servi\u00e7os na AKWENO SOLU\u00c7\u00d5ES, sobretudo promovendo an\u00fancios no seu site ou blog ou redes sociais.<\/p>\n                <\/div>\n              <\/div>\n            <\/div><div class=\"panel panel-default\">\n              <div id=\"heading308\" role=\"tab\" class=\"panel-heading\">\n                <h4 class=\"panel-title uppercase\"> <a aria-expanded=\"false\" aria-controls=\"collapse308\" href=\"#collapse308\" data-parent=\"#accordion30\" data-toggle=\"collapse\" role=\"button\" class=\"collapsed\">QUAIS SERVI\u00c7OS EST\u00c3O SUJEITOS A AFILIA\u00c7\u00c3O?<\/a> <\/h4>\n              <\/div>\n              <div style=\"height: 0px;\" aria-expanded=\"false\" aria-labelledby=\"heading308\" role=\"tabpanel\" class=\"panel-collapse collapse \" id=\"collapse308\">\n                <div class=\"panel-body\">\n                  <p>Todos os servi\u00e7os dispon\u00edveis neste site podem ser vendidos pelo afiliado. Websites prontos ou personaliz\u00e1veis, Manuten\u00e7\u00e3o, Hospedagem, Emails, SEO, Assinaturas de email\u2026<\/p>\n                <\/div>\n              <\/div>\n            <\/div><div class=\"panel panel-default\">\n              <div id=\"heading309\" role=\"tab\" class=\"panel-heading\">\n                <h4 class=\"panel-title uppercase\"> <a aria-expanded=\"false\" aria-controls=\"collapse309\" href=\"#collapse309\" data-parent=\"#accordion30\" data-toggle=\"collapse\" role=\"button\" class=\"collapsed\">QUE DADOS FORNECER PARA RECEBER PAGAMENTOS?<\/a> <\/h4>\n              <\/div>\n              <div style=\"height: 0px;\" aria-expanded=\"false\" aria-labelledby=\"heading309\" role=\"tabpanel\" class=\"panel-collapse collapse \" id=\"collapse309\">\n                <div class=\"panel-body\">\n                  <p>\u00c9 novo afiliado? Quando chegar a altura de receber a sua primeira comiss\u00e3o, deve fornecer os seguintes dados: Banco, Titular, N\u00ba de Conta e Iban. A conta banc\u00e1ria deve aceitar kwanzas.<\/p>\n                <\/div>\n              <\/div>\n            <\/div><div class=\"panel panel-default\">\n              <div id=\"heading3010\" role=\"tab\" class=\"panel-heading\">\n                <h4 class=\"panel-title uppercase\"> <a aria-expanded=\"false\" aria-controls=\"collapse3010\" href=\"#collapse3010\" data-parent=\"#accordion30\" data-toggle=\"collapse\" role=\"button\" class=\"collapsed\">QUANDO COME\u00c7O A RECEBER O PAGAMENTO?<\/a> <\/h4>\n              <\/div>\n              <div style=\"height: 0px;\" aria-expanded=\"false\" aria-labelledby=\"heading3010\" role=\"tabpanel\" class=\"panel-collapse collapse \" id=\"collapse3010\">\n                <div class=\"panel-body\">\n                  <p>Quando a sua conta atingir 10 mil kz ou no dia 20 de cada m\u00eas.<\/p>\n                <\/div>\n              <\/div>\n            <\/div>\t<\/div>\n\t\t   <\/div>[\/vc_column][\/vc_row][vc_row][vc_column][vc_empty_space height=&#8221;6px&#8221;][\/vc_column][\/vc_row]<\/p>\n<\/div>","protected":false},"excerpt":{"rendered":"<p>[vc_row full_width=&#8221;stretch_row_content&#8221; css=&#8221;.vc_custom_1714635900807{background-position: center !important;background-repeat: no-repeat !important;background-size: cover !important;}&#8221;][vc_column][\/vc_column][\/vc_row][vc_row][vc_column width=&#8221;1\/3&#8243;][\/vc_column][vc_column width=&#8221;1\/3&#8243;][\/vc_column][vc_column width=&#8221;1\/3&#8243;][\/vc_column][\/vc_row][vc_row top_padding=&#8221;86px&#8221; bottom_padding=&#8221;60px&#8221;][vc_column width=&#8221;2\/3&#8243;][vc_empty_space height=&#8221;25px&#8221;][vc_row_inner][vc_column_inner width=&#8221;1\/2&#8243;][\/vc_column_inner][vc_column_inner width=&#8221;1\/2&#8243;][\/vc_column_inner][\/vc_row_inner][\/vc_column][vc_column width=&#8221;1\/3&#8243;][vc_single_image image=&#8221;595&#8243; img_size=&#8221;full&#8221;][\/vc_column][\/vc_row][vc_row full_width=&#8221;stretch_row_content_no_spaces&#8221;][vc_column][\/vc_column][\/vc_row][vc_row top_padding=&#8221;60px&#8221;][vc_column width=&#8221;1\/2&#8243;][vc_single_image image=&#8221;1681&#8243; img_size=&#8221;500&#215;406&#8243;][\/vc_column][vc_column width=&#8221;1\/2&#8243;][vc_empty_space height=&#8221;25px&#8221;][\/vc_column][\/vc_row][vc_row top_padding=&#8221;90px&#8221; bottom_padding=&#8221;20px&#8221;][vc_column][\/vc_column][\/vc_row][vc_row][vc_column][vc_empty_space height=&#8221;6px&#8221;][\/vc_column][\/vc_row]<\/p>\n","protected":false},"author":1,"featured_media":0,"parent":0,"menu_order":0,"comment_status":"closed","ping_status":"closed","template":"page-vc.php","meta":{"footnotes":""},"class_list":["post-592","page","type-page","status-publish","hentry"],"_links":{"self":[{"href":"https:\/\/akweno.ao\/aks\/wp-json\/wp\/v2\/pages\/592","targetHints":{"allow":["GET"]}}],"collection":[{"href":"https:\/\/akweno.ao\/aks\/wp-json\/wp\/v2\/pages"}],"about":[{"href":"https:\/\/akweno.ao\/aks\/wp-json\/wp\/v2\/types\/page"}],"author":[{"embeddable":true,"href":"https:\/\/akweno.ao\/aks\/wp-json\/wp\/v2\/users\/1"}],"replies":[{"embeddable":true,"href":"https:\/\/akweno.ao\/aks\/wp-json\/wp\/v2\/comments?post=592"}],"version-history":[{"count":79,"href":"https:\/\/akweno.ao\/aks\/wp-json\/wp\/v2\/pages\/592\/revisions"}],"predecessor-version":[{"id":9711,"href":"https:\/\/akweno.ao\/aks\/wp-json\/wp\/v2\/pages\/592\/revisions\/9711"}],"wp:attachment":[{"href":"https:\/\/akweno.ao\/aks\/wp-json\/wp\/v2\/media?parent=592"}],"curies":[{"name":"wp","href":"https:\/\/api.w.org\/{rel}","templated":true}]}}