{"id":440,"date":"2024-04-26T15:11:59","date_gmt":"2024-04-26T15:11:59","guid":{"rendered":"https:\/\/fluentthemes.com\/wp\/maxhost\/?page_id=440"},"modified":"2024-04-27T20:48:07","modified_gmt":"2024-04-27T20:48:07","slug":"quem-somos","status":"publish","type":"page","link":"https:\/\/akweno.ao\/aks\/quem-somos\/","title":{"rendered":"Quem Somos"},"content":{"rendered":"<div class=\"wpb-content-wrapper\"><p>[vc_row full_width=&#8221;stretch_row_content_no_spaces&#8221;][vc_column]<div style=\"background: rgba(0, 0, 0, 0) url(https:\/\/akweno.ao\/aks\/wp-content\/uploads\/2016\/04\/site-img41.jpg) no-repeat scroll center top;\" class=\"page-header three\">\n    <div class=\"container\">\n      <div class=\"col-md-6 left-padd0 m-bottom2\">\n        <h2 class=\"uppercase font-thin font-white font30 m-bottom1\">Sobre N\u00f3s<\/h2>\n        <h4 class=\"font-grey-light font18 \">Um breve resumo sobre a nossa empresa<\/h4>\n      <\/div>\n\t  \n      <div class=\"col-md-6 left-padd0 pull-left\"><div class=\"breadcrumbs view-links\"><a href=\"https:\/\/akweno.ao\/aks\">Home<\/a> <i>\/<\/i> <\/div>\n\t\t<\/div>\n\t\t\n    <\/div>\n  <\/div>[\/vc_column][\/vc_row][vc_row top_padding=&#8221;80px&#8221; bottom_padding=&#8221;70px&#8221;][vc_column width=&#8221;1\/2&#8243;][vc_single_image image=&#8221;366&#8243; img_size=&#8221;full&#8221; alignment=&#8221;right&#8221;][vc_empty_space height=&#8221;25px&#8221;][\/vc_column][vc_column width=&#8221;1\/2&#8243;]<h2 class=\"font-color font30 font-bold uppercase m-bottom1\">QUEM \u00c9 A AKWENO SOLU\u00c7\u00d5ES.<\/h2>[vc_empty_space height=&#8221;10px&#8221;][vc_column_text]<\/p>\n<p class=\"vc_custom_heading vc_custom_1683977485521\" style=\"text-align: justify;\">Somos uma empresa especializada em Websites e Marketing Digital. Criada em Angola com o prop\u00f3sito de atender as necessidades das empresas angolanas sobretudo, de ter uma presen\u00e7a profissional na internet.<\/p>\n<p class=\"vc_custom_heading vc_custom_1683977514960\" style=\"text-align: justify;\">Somos experientes designers de sites e especialistas em Search Engine Optimization, utilizamos as mais recentes tecnologias e t\u00e9cnicas de marketing online. Usamos os padr\u00f5es da web mais recentes para atender \u00e0s suas metas e exceder suas expectativas.<\/p>\n<p class=\"vc_custom_heading vc_custom_1683977631449\" style=\"text-align: justify;\">A simplicidade \u00e9 uma das nossas maiores armas, nunca descurando dos nossos objetivos e metas a ultrapassar, tudo para obter um resultado final mais s\u00f3lido e as melhores solu\u00e7\u00f5es adequadas a cada caso, fazemos com que os nossos clientes se fa\u00e7am notar no mundo digital.<\/p>\n<p class=\"vc_custom_heading vc_custom_1683977663018\" style=\"text-align: justify;\">O nosso objetivo principal \u00e9 aproximar os consumidores das marcas, criando uma rela\u00e7\u00e3o de m\u00fatua troca de benef\u00edcios, potencializando o nosso crescimento e o dos nossos clientes.<\/p>\n<p>[\/vc_column_text][\/vc_column][\/vc_row][vc_row bottom_padding=&#8221;40px&#8221;][vc_column width=&#8221;1\/2&#8243;]<h2 class=\"font-color font30 font-bold uppercase m-bottom1\">PORQU\u00ca ESCOLHER-NOS.<\/h2>[vc_empty_space height=&#8221;10px&#8221;][vc_column_text]<\/p>\n<p class=\"vc_custom_heading vc_custom_1683977824064\" style=\"text-align: justify;\">Empresas modernas de diversas \u00e1reas e tamanhos est\u00e3o a expandir o seu neg\u00f3cio para o mundo digital, onde podem possuir um site institucional, empresarial, cat\u00e1logo ou loja virtual (e-commerce). Passam a ter mais uma porta de entrada para os seus potenciais clientes e, consequentemente, haver\u00e1 mais vendas de produtos ou servi\u00e7os.<\/p>\n<p class=\"vc_custom_heading vc_custom_1683977900625\" style=\"text-align: justify;\">Como especialistas na \u00e1rea, sabemos a import\u00e2ncia desta exposi\u00e7\u00e3o e temos solu\u00e7\u00f5es eficazes para quem busca fazer parte. N\u00e3o necessita de ter conhecimentos t\u00e9cnicos, providenciamos tudo o que necessitar.<\/p>\n<p>[\/vc_column_text][vc_empty_space height=&#8221;25px&#8221;][vc_btn title=&#8221;Baixar Apresenta\u00e7\u00e3o&#8221; style=&#8221;outline&#8221; color=&#8221;sky&#8221;][\/vc_column][vc_column width=&#8221;1\/2&#8243;][vc_single_image image=&#8221;435&#8243; img_size=&#8221;full&#8221; alignment=&#8221;right&#8221;][\/vc_column][\/vc_row][vc_row full_width=&#8221;stretch_row_content_no_spaces&#8221;][vc_column]<div style=\"background: rgba(0, 0, 0, 0) url(https:\/\/akweno.ao\/aks\/wp-content\/uploads\/2016\/04\/parallax-bg5.jpg) no-repeat fixed center top \/ cover ;\"  class=\"section-lg bg-parallax-12 text-center m-top5\">\n    <div class=\"container\">\n      <div class=\"row\">\n\t  \n\t\t<h3 class=\"text-center font-bold font-white font15 uppercase\">Testimonials<\/h3>\n\t\t<h2 class=\"text-center font-bold font-white font30 uppercase\">What People Says<\/h2>\n\t\t<div class=\"title-line-shape m-bottom3\"><\/div>\n\t\t\n        <div id=\"carousel-example-generic1\" class=\"carousel slide\" data-ride=\"carousel\">\n          <ol class=\"carousel-indicators white-color\"><li data-target=\"#carousel-example-generic1\" class=\"active\" data-slide-to=\"0\"><\/li><li data-target=\"#carousel-example-generic1\"  data-slide-to=\"1\"><\/li><li data-target=\"#carousel-example-generic1\"  data-slide-to=\"2\"><\/li>\t<\/ol><div class=\"carousel-inner\" role=\"listbox\"><div class=\"item active\">\n              <div class=\"col-md-9 sec-auto-margin\">\n                <p class=\"font-thin font20 font-white line-height\">Nulla imperdiet sit amet magna. Vesti bulum elt dapibus, mauris nec malesuada fames ac turpis velit, nhoncus eu, luctus et interdum adipiscing wisi bulum elt dapibus, mauris malesuada fames Aliquam erat ac ipsum dipiscing Nulla amet elt wisi bulum Integer luctus et.<\/p>\n                <p class=\"m-top3 font-white\"><span class=\"font18\">John Deo<\/span> <span class=\"italic\">\/ from examedia<\/span><\/p>\n              <\/div>\n            <\/div><div class=\"item \">\n              <div class=\"col-md-9 sec-auto-margin\">\n                <p class=\"font-thin font20 font-white line-height\">Nulla imperdiet sit amet magna. Vesti bulum elt dapibus, mauris nec malesuada fames ac turpis velit, nhoncus eu, luctus et interdum adipiscing wisi bulum elt dapibus, mauris malesuada fames Aliquam erat ac ipsum dipiscing Nulla amet elt wisi bulum Integer luctus et.<\/p>\n                <p class=\"m-top3 font-white\"><span class=\"font18\">John Doe<\/span> <span class=\"italic\">\/ from examedia<\/span><\/p>\n              <\/div>\n            <\/div><div class=\"item \">\n              <div class=\"col-md-9 sec-auto-margin\">\n                <p class=\"font-thin font20 font-white line-height\">Nulla imperdiet sit amet magna. Vesti bulum elt dapibus, mauris nec malesuada fames ac turpis velit, nhoncus eu, luctus et interdum adipiscing wisi bulum elt dapibus, mauris malesuada fames Aliquam erat ac ipsum dipiscing Nulla amet elt wisi bulum Integer luctus et.<\/p>\n                <p class=\"m-top3 font-white\"><span class=\"font18\">Jane Doe<\/span> <span class=\"italic\">\/ from examedia<\/span><\/p>\n              <\/div>\n            <\/div>\n    <\/div>\n  <\/div><\/div><\/div><\/div>[\/vc_column][\/vc_row][vc_row top_padding=&#8221;60px&#8221;][vc_column]\n\t\t\t\t<h3 class=\"text-center font-bold font-black font15 uppercase\">conhe\u00e7a os nossos<\/h3>\n\t\t\t\t\n\t\t\t\t<h2 class=\"text-center font-bold font-black font30 uppercase\">preciosos clientes<\/h2>\n\t\t\t\t<div class=\"title-line-shape m-bottom3\"><\/div><div class=\"section-lg \">\n    <div class=\"container\">\n\t\n\t<div class=\"col-md-12 col-sm-12\">\n        \n        \n\t\t\n\t\t<div class=\"col-md-2 col-sm-3 col-xs-3 text-center m-bottom2 left-padd0\"> <img decoding=\"async\" width=\"169\" height=\"56\" src=\"https:\/\/akweno.ao\/aks\/wp-content\/uploads\/2016\/04\/client1.png\" class=\"img-responsive attachment-full\" alt=\"\" title=\"client1\" \/> <\/div>\n\t\t\n        <div class=\"col-md-2 col-sm-3 col-xs-3 text-center m-bottom2 left-padd0\"> <img decoding=\"async\" width=\"130\" height=\"56\" src=\"https:\/\/akweno.ao\/aks\/wp-content\/uploads\/2016\/04\/client2.png\" class=\"img-responsive attachment-full\" alt=\"\" title=\"client2\" \/> <\/div>\n\t\t\n        <div class=\"col-md-2 col-sm-3 col-xs-3 text-center m-bottom2 left-padd0\"> <img decoding=\"async\" width=\"143\" height=\"56\" src=\"https:\/\/akweno.ao\/aks\/wp-content\/uploads\/2016\/04\/client3.png\" class=\"img-responsive attachment-full\" alt=\"\" title=\"client3\" \/> <\/div>\n\t\t\n        <div class=\"col-md-2 col-sm-3 col-xs-3 text-center m-bottom2 left-padd0\"> <img loading=\"lazy\" decoding=\"async\" width=\"173\" height=\"56\" src=\"https:\/\/akweno.ao\/aks\/wp-content\/uploads\/2016\/04\/client4.png\" class=\"img-responsive attachment-full\" alt=\"\" title=\"client4\" \/> <\/div>\n\t\t\n        <div class=\"col-md-2 col-sm-3 col-xs-3 text-center m-bottom2 left-padd0\"> <img decoding=\"async\" width=\"143\" height=\"56\" src=\"https:\/\/akweno.ao\/aks\/wp-content\/uploads\/2016\/04\/client3.png\" class=\"img-responsive attachment-full\" alt=\"\" title=\"client3\" \/> <\/div>\n\t\t\n        <div class=\"col-md-2 col-sm-3 col-xs-3 text-center m-bottom2 left-padd0\"> <img loading=\"lazy\" decoding=\"async\" width=\"171\" height=\"56\" src=\"https:\/\/akweno.ao\/aks\/wp-content\/uploads\/2016\/04\/client5.png\" class=\"img-responsive attachment-full\" alt=\"\" title=\"client5\" \/> <\/div>\n\t\t\n       <\/div>\n    <\/div>\n  <\/div>[\/vc_column][\/vc_row]<\/p>\n<\/div>","protected":false},"excerpt":{"rendered":"<p>[vc_row full_width=&#8221;stretch_row_content_no_spaces&#8221;][vc_column][\/vc_column][\/vc_row][vc_row top_padding=&#8221;80px&#8221; bottom_padding=&#8221;70px&#8221;][vc_column width=&#8221;1\/2&#8243;][vc_single_image image=&#8221;366&#8243; img_size=&#8221;full&#8221; alignment=&#8221;right&#8221;][vc_empty_space height=&#8221;25px&#8221;][\/vc_column][vc_column width=&#8221;1\/2&#8243;][vc_empty_space height=&#8221;10px&#8221;][vc_column_text] Somos uma empresa especializada em Websites e Marketing Digital. Criada em Angola com o prop\u00f3sito de atender as necessidades das empresas angolanas sobretudo, de ter uma presen\u00e7a profissional na internet. Somos experientes designers de sites e especialistas em Search Engine Optimization, utilizamos as mais recentes tecnologias e t\u00e9cnicas de marketing online. Usamos os padr\u00f5es [&hellip;]<\/p>\n","protected":false},"author":1,"featured_media":0,"parent":0,"menu_order":0,"comment_status":"closed","ping_status":"closed","template":"page-vc.php","meta":{"footnotes":""},"class_list":["post-440","page","type-page","status-publish","hentry"],"_links":{"self":[{"href":"https:\/\/akweno.ao\/aks\/wp-json\/wp\/v2\/pages\/440","targetHints":{"allow":["GET"]}}],"collection":[{"href":"https:\/\/akweno.ao\/aks\/wp-json\/wp\/v2\/pages"}],"about":[{"href":"https:\/\/akweno.ao\/aks\/wp-json\/wp\/v2\/types\/page"}],"author":[{"embeddable":true,"href":"https:\/\/akweno.ao\/aks\/wp-json\/wp\/v2\/users\/1"}],"replies":[{"embeddable":true,"href":"https:\/\/akweno.ao\/aks\/wp-json\/wp\/v2\/comments?post=440"}],"version-history":[{"count":4,"href":"https:\/\/akweno.ao\/aks\/wp-json\/wp\/v2\/pages\/440\/revisions"}],"predecessor-version":[{"id":1268,"href":"https:\/\/akweno.ao\/aks\/wp-json\/wp\/v2\/pages\/440\/revisions\/1268"}],"wp:attachment":[{"href":"https:\/\/akweno.ao\/aks\/wp-json\/wp\/v2\/media?parent=440"}],"curies":[{"name":"wp","href":"https:\/\/api.w.org\/{rel}","templated":true}]}}