{"id":3,"date":"2024-04-23T11:10:22","date_gmt":"2024-04-23T11:10:22","guid":{"rendered":"https:\/\/akweno.ao\/aks\/?page_id=3"},"modified":"2024-04-27T20:55:55","modified_gmt":"2024-04-27T20:55:55","slug":"politica-privacidade","status":"publish","type":"page","link":"https:\/\/akweno.ao\/aks\/politica-privacidade\/","title":{"rendered":"Pol\u00edtica de privacidade"},"content":{"rendered":"<div class=\"wpb-content-wrapper\"><p>[vc_row][vc_column][vc_column_text]<\/p>\n<div id=\"page\" class=\"site\">\n<div id=\"content\" class=\"site-content\">\n<div id=\"primary\" class=\"content-area\">\n<p><main id=\"main\" class=\"site-main\"><\/p>\n<div class=\"container page-container\">\n<article id=\"post-3\" class=\"post-3 page type-page status-publish hentry\">\n<div class=\"entry-content\">\n<div class=\"vc_row wpb_row vc_row-fluid\">\n<div class=\"wpb_column vc_column_container vc_col-sm-12\">\n<div class=\"vc_column-inner \">\n<div class=\"wpb_wrapper\">\n<div class=\"radiantthemes-list rt1250002407 element-one vc_custom_1684097585656 \">\n<h4 class=\"wp-block-heading\"><strong>Endere\u00e7o online<\/strong><\/h4>\n<p>O endere\u00e7o do nosso site \u00e9: https:\/\/www.akweno.co.ao \u00a0<\/p><\/div>\n<div class=\"radiantthemes-list rt172782490 element-one vc_custom_1684097603161 \">\n<h4>\u00a0<\/h4>\n<h4 class=\"wp-block-heading\"><strong>Coment\u00e1rios<\/strong><\/h4>\n<p>Quando os visitantes deixam coment\u00e1rios no site, s\u00e3o guardados os dados presentes no formul\u00e1rio dos coment\u00e1rios, bem como o endere\u00e7o de IP e o agente do utilizador do navegador, para ajudar com a dete\u00e7\u00e3o de spam.<\/p><\/div>\n<div class=\"radiantthemes-list rt1881072072 element-one vc_custom_1684097618237 \">\n<h4>\u00a0<\/h4>\n<h4 class=\"wp-block-heading\"><strong>Multim\u00e9dia<\/strong><\/h4>\n<p>Ao carregar imagens para o site, deve evitar carregar imagens com dados incorporados de geolocaliza\u00e7\u00e3o (EXIF GPS). Os visitantes podem descarregar e extrair os dados de geolocaliza\u00e7\u00e3o das imagens do site. \u00a0<\/p><\/div>\n<div class=\"radiantthemes-list rt9131968 element-one vc_custom_1684097636388 \">\n<h4>\u00a0<\/h4>\n<h4 class=\"wp-block-heading\"><strong>Cookies<\/strong><\/h4>\n<p>Se deixar um coment\u00e1rio no nosso site pode optar por guardar o seu nome, endere\u00e7o de email e site nos cookies. Isto \u00e9 para sua conveni\u00eancia para n\u00e3o ter de preencher novamente os seus dados quando deixar outro coment\u00e1rio. Estes cookies durar\u00e3o um ano. Se tem uma conta e iniciar sess\u00e3o neste site, ser\u00e1 configurado um cookie tempor\u00e1rio para determinar se o seu navegador aceita cookies. Este cookie n\u00e3o cont\u00e9m dados pessoais e ser\u00e1 eliminado ao fechar o seu navegador. \u00a0 Ao iniciar a sess\u00e3o, ser\u00e3o configurados alguns cookies para guardar a sua informa\u00e7\u00e3o de sess\u00e3o e as suas escolhas de visualiza\u00e7\u00e3o de ecr\u00e3. Os cookies de in\u00edcio de sess\u00e3o duram um ano. Se selecionar \u201cLembrar-me\u201d, a sua sess\u00e3o ir\u00e1 persistir durante duas semanas. Ao terminar a sess\u00e3o, os cookies de inicio de sess\u00e3o ser\u00e3o removidos. \u00a0 \u00a0 Se editar ou publicar um artigo, ser\u00e1 guardado no seu navegador um cookie adicional. Este cookie n\u00e3o inclui dados pessoais apenas indica o ID de conte\u00fado do artigo que acabou de editar. Expira ao fim de 1 dia.<\/p><\/div>\n<div class=\"radiantthemes-list rt391384285 element-one vc_custom_1684097657011 \">\n<h4>\u00a0<\/h4>\n<h4 class=\"wp-block-heading\"><strong>Conte\u00fado incorporado de outros sites<\/strong><\/h4>\n<p>Os artigos neste site podem incluir conte\u00fado incorporado (por exemplo: v\u00eddeos, imagens, artigos, etc.). O conte\u00fado incorporado de outros sites comporta-se tal como se o utilizador visitasse esses sites. Este site pode recolher dados sobre si, usar cookies, incorporar rastreio feito por terceiros, monitorizar as suas intera\u00e7\u00f5es com o mesmo, incluindo registar as intera\u00e7\u00f5es com conte\u00fado incorporado se tiver uma conta e estiver com sess\u00e3o iniciada nesse site. \u00a0<\/p><\/div>\n<div class=\"radiantthemes-list rt1752251577 element-one vc_custom_1684097673546 \">\n<h4>\u00a0<\/h4>\n<h4 class=\"wp-block-heading\"><strong>Com quem s\u00e3o partilhados os seus dados<\/strong><\/h4>\n<p>Se solicitar uma redefini\u00e7\u00e3o de senha, o seu endere\u00e7o de IP ser\u00e1 inclu\u00eddo no email de redefini\u00e7\u00e3o. \u00a0<\/p><\/div>\n<div class=\"radiantthemes-list rt1780275090 element-one vc_custom_1684097691307 \">\n<h4>\u00a0<\/h4>\n<h4 class=\"wp-block-heading\"><strong>Por quanto tempo s\u00e3o retidos os seus dados<\/strong><\/h4>\n<p>Se deixar um coment\u00e1rio, o coment\u00e1rio e os seus metadados s\u00e3o guardados indefinidamente. Isto acontece de modo a ser poss\u00edvel reconhecer e aprovar automaticamente quaisquer coment\u00e1rios seguintes, em vez de os colocar numa fila de modera\u00e7\u00e3o. Para utilizadores que se registem no nosso site (se algum), guardamos a informa\u00e7\u00e3o pessoal fornecida no seu perfil de utilizador. Todos os utilizadores podem ver, editar, ou eliminar a sua informa\u00e7\u00e3o pessoal a qualquer momento (com a exce\u00e7\u00e3o de n\u00e3o poderem alterar o nome de utilizador). Os administradores do site podem tamb\u00e9m ver e editar essa informa\u00e7\u00e3o. \u00a0<\/p><\/div>\n<div class=\"radiantthemes-list rt510396502 element-one vc_custom_1684097711302 \">\n<h4>\u00a0<\/h4>\n<h4 class=\"wp-block-heading\"><strong>Que direitos tem sobre os seus dados<\/strong><\/h4>\n<p>Se tiver uma conta neste site, ou deixou coment\u00e1rios, pode pedir para receber um ficheiro de exporta\u00e7\u00e3o com os dados pessoais guardados sobre si, incluindo qualquer dado pessoal que indicou. Tamb\u00e9m pode solicitar que os dados guardados sejam eliminados. Isto n\u00e3o inclui qualquer dado pessoal que seja obrigat\u00f3rio manter para fins administrativos, legais ou de seguran\u00e7a. \u00a0<\/p><\/div>\n<div class=\"radiantthemes-list rt1672260860 element-one vc_custom_1684097731275 \">\n<h4>\u00a0<\/h4>\n<h4 class=\"wp-block-heading\"><strong>Para onde s\u00e3o enviados os seus dados<\/strong><\/h4>\n<p>Os coment\u00e1rios dos visitantes podem ser verificados atrav\u00e9s de um servi\u00e7o autom\u00e1tico de dete\u00e7\u00e3o de spam. \u00a0<\/p><\/div>\n<\/div>\n<\/div>\n<\/div>\n<\/div>\n<\/div>\n<\/article>\n<\/div>\n<p><\/main><\/div>\n<\/div>\n<\/div>\n<footer class=\"wraper_footer style-three\">\n<div class=\"wraper_footer_main\">\n<div class=\"container\">\n<div class=\"row footer_main\">\n<div class=\"col-lg-3 col-md-3 col-sm-6 col-xs-12\">\n<div class=\"footer_main_item matchHeight\">\u00a0<\/div>\n<\/div>\n<\/div>\n<\/div>\n<\/div>\n<\/footer>\n<p>[\/vc_column_text][\/vc_column][\/vc_row][vc_row][vc_column][vc_empty_space][\/vc_column][\/vc_row]<\/p>\n<\/div>","protected":false},"excerpt":{"rendered":"<p>[vc_row][vc_column][vc_column_text] Endere\u00e7o online O endere\u00e7o do nosso site \u00e9: https:\/\/www.akweno.co.ao \u00a0 \u00a0 Coment\u00e1rios Quando os visitantes deixam coment\u00e1rios no site, s\u00e3o guardados os dados presentes no formul\u00e1rio dos coment\u00e1rios, bem como o endere\u00e7o de IP e o agente do utilizador do navegador, para ajudar com a dete\u00e7\u00e3o de spam. \u00a0 Multim\u00e9dia Ao carregar imagens para o site, deve evitar carregar imagens com dados incorporados de [&hellip;]<\/p>\n","protected":false},"author":1,"featured_media":0,"parent":0,"menu_order":0,"comment_status":"closed","ping_status":"open","template":"","meta":{"footnotes":""},"class_list":["post-3","page","type-page","status-publish","hentry"],"_links":{"self":[{"href":"https:\/\/akweno.ao\/aks\/wp-json\/wp\/v2\/pages\/3","targetHints":{"allow":["GET"]}}],"collection":[{"href":"https:\/\/akweno.ao\/aks\/wp-json\/wp\/v2\/pages"}],"about":[{"href":"https:\/\/akweno.ao\/aks\/wp-json\/wp\/v2\/types\/page"}],"author":[{"embeddable":true,"href":"https:\/\/akweno.ao\/aks\/wp-json\/wp\/v2\/users\/1"}],"replies":[{"embeddable":true,"href":"https:\/\/akweno.ao\/aks\/wp-json\/wp\/v2\/comments?post=3"}],"version-history":[{"count":1,"href":"https:\/\/akweno.ao\/aks\/wp-json\/wp\/v2\/pages\/3\/revisions"}],"predecessor-version":[{"id":1270,"href":"https:\/\/akweno.ao\/aks\/wp-json\/wp\/v2\/pages\/3\/revisions\/1270"}],"wp:attachment":[{"href":"https:\/\/akweno.ao\/aks\/wp-json\/wp\/v2\/media?parent=3"}],"curies":[{"name":"wp","href":"https:\/\/api.w.org\/{rel}","templated":true}]}}