{"id":1143,"date":"2024-04-17T15:25:45","date_gmt":"2024-04-17T15:25:45","guid":{"rendered":"https:\/\/fluentthemes.com\/wp\/maxhost\/?page_id=15"},"modified":"2024-05-22T12:35:38","modified_gmt":"2024-05-22T12:35:38","slug":"inicio","status":"publish","type":"page","link":"https:\/\/akweno.ao\/aks\/","title":{"rendered":"In\u00edcio"},"content":{"rendered":"<div class=\"wpb-content-wrapper\"><p>[vc_row][vc_column][rev_slider_vc alias=&#8221;home_style_3&#8243;][\/vc_column][\/vc_row][vc_row top_padding=&#8221;80px&#8221;][vc_column]\n\t\t\t\t<h3 class=\"text-center font-bold font-black font15 uppercase\">Processo de ades\u00e3o<\/h3>\n\t\t\t\t\n\t\t\t\t<h2 class=\"text-center font-bold font-black font30 uppercase\">Como Funciona<\/h2>\n\t\t\t\t<div class=\"title-line-shape m-bottom3\"><\/div>[\/vc_column][\/vc_row][vc_row bottom_padding=&#8221;44px&#8221;][vc_column width=&#8221;1\/3&#8243;]\t<div class=\"fea-col text-center m-bottom4\">\n\t\t\t\t  <div class=\"iconbox active\"><span class=\"icon-basket-loaded font30\"><\/span><\/div>\n\t\t\t\t  <h2 class=\"font-thin font20 m-top2 \">Escolha o servi\u00e7o<\/h2>\n\t\t\t\t  <p class=\"m-top1 \">Entre os v\u00e1rios servi\u00e7os dispon\u00edveis, identifique o que procura. Efetue a encomenda, receber\u00e1 uma factura.<\/p>\n\t\t\t\t<\/div>[\/vc_column][vc_column width=&#8221;1\/3&#8243;]\t<div class=\"fea-col text-center m-bottom4\">\n\t\t\t\t  <div class=\"iconbox active\"><span class=\"icon-credit-card font30\"><\/span><\/div>\n\t\t\t\t  <h2 class=\"font-thin font20 m-top2 \">Efetue o Pagamento<\/h2>\n\t\t\t\t  <p class=\"m-top1 \">Uma vez aprovada a cota\u00e7\u00e3o, efetue o pagamento e confirme o mesmo, submetendo o comprovante.<\/p>\n\t\t\t\t<\/div>[\/vc_column][vc_column width=&#8221;1\/3&#8243;]\t<div class=\"fea-col text-center m-bottom4\">\n\t\t\t\t  <div class=\"iconbox active\"><span class=\"icon-note font30\"><\/span><\/div>\n\t\t\t\t  <h2 class=\"font-thin font20 m-top2 \">Entrega do Material<\/h2>\n\t\t\t\t  <p class=\"m-top1 \">Forne\u00e7a a informa\u00e7\u00e3o relacionada a sua empresa ou neg\u00f3cio pessoal (aplic\u00e1vel \u00e0 compra de sites).<\/p>\n\t\t\t\t<\/div>[\/vc_column][\/vc_row][vc_row top_padding=&#8221;90px&#8221;][vc_column]\n\t\t\t\t<h3 class=\"font-bold font-black font15 uppercase\">CONECTE COM O SEU P\u00daBLICO ALVO<\/h3>\n\t\t\t\t\n\t\t\t\t<h2 class=\"font-bold font-black font30 uppercase m-bottom3\">MODERNIZE O SEU NEG\u00d3CIO<\/h2>[\/vc_column][\/vc_row][vc_row bottom_padding=&#8221;34px&#8221;][vc_column width=&#8221;1\/2&#8243;]\t<div class=\"fea-sce-col m-bottom3 \">\n\t\t\t\t\t<div class=\"icon-boxed\"><span class=\"icon-screen-desktop font30\"><\/span><\/div>\n\t\t\t\t\t<div class=\"left-padd8 \">\n\t\t\t\t\t  <h2 class=\"font-thin m-bottom1 \">Cria\u00e7\u00e3o de Websites<\/h2>\n\t\t\t\t\t  Criamos o seu website baseados na sua ideia ou sugest\u00e3o nossa, personalizando de acordo com as necessidades do seu neg\u00f3cio.<\/div>\n\t\t\t\t  <\/div>\t<div class=\"fea-sce-col m-bottom3 \">\n\t\t\t\t\t<div class=\"icon-boxed\"><span class=\"icon-wrench font30\"><\/span><\/div>\n\t\t\t\t\t<div class=\"left-padd8 \">\n\t\t\t\t\t  <h2 class=\"font-thin m-bottom1 \">Manuten\u00e7\u00e3o T\u00e9cnica<\/h2>\n\t\t\t\t\t  Obtenha desde a inser\u00e7\u00e3o de novos conte\u00fados, at\u00e9 a corre\u00e7\u00e3o de erros e prote\u00e7\u00e3o total do seu website. E eventual melhoria do site.<\/div>\n\t\t\t\t  <\/div>\t<div class=\"fea-sce-col m-bottom3 \">\n\t\t\t\t\t<div class=\"icon-boxed\"><span class=\"icon-support font30\"><\/span><\/div>\n\t\t\t\t\t<div class=\"left-padd8 \">\n\t\t\t\t\t  <h2 class=\"font-thin m-bottom1 \">Modelos Prontos<\/h2>\n\t\t\t\t\t  Dispomos de temas ou templates de site prontos para uso, para uma escolha mais visual e uma entrega mais urgente.<\/div>\n\t\t\t\t  <\/div>\t<div class=\"fea-sce-col m-bottom3 \">\n\t\t\t\t\t<div class=\"icon-boxed\"><span class=\"icon-present font30\"><\/span><\/div>\n\t\t\t\t\t<div class=\"left-padd8 \">\n\t\t\t\t\t  <h2 class=\"font-thin m-bottom1 \">Pacote Integral<\/h2>\n\t\t\t\t\t  Pacote dispon\u00edvel para os que preferem practicidade ao contratar servi\u00e7os. Recebe tudo em um \u00fanico pacote pagando uma mensalidade acess\u00edvel.<\/div>\n\t\t\t\t  <\/div>[\/vc_column][vc_column width=&#8221;1\/2&#8243;][vc_single_image image=&#8221;1258&#8243; img_size=&#8221;full&#8221;][\/vc_column][\/vc_row][vc_row full_width=&#8221;stretch_row_content_no_spaces&#8221;][vc_column]<div class=\"section-lg bg-parallax-16 m-top2 \">\n    \n\t<div class=\"container \">\n      <div class=\"row\">\n\t\t<div class=\"col-md-6 m-bottom4\">\n        <h3 class=\"font-bold font-white font15 uppercase\">busca por practicidade ?<\/h3>\n        <h2 class=\"font-bold font-white font30 uppercase m-bottom3\">pacote integral de servi\u00e7os<\/h2> \n        \n        <h3 class=\"font-thin font-white font25 m-bottom2\">A partir de <span class=\"font40\">kz 7000<\/span>\/m\u00eas<\/h3>\n        <img decoding=\"async\" width=\"253\" height=\"173\" src=\"https:\/\/akweno.ao\/aks\/wp-content\/uploads\/2016\/04\/site-img94.png\" class=\"img-responsive pull-left m-top2 right-padd4 attachment-full\" alt=\"\" title=\"site-img94\" \/>\n        <ul class=\"listitems font-white\"><li><i class=\"icon-check\"><\/i> Cria\u00e7\u00e3o De Website (1)<br \/><\/li><li><i class=\"icon-check\"><\/i> Hospedagem Profissional<br \/><\/li><li><i class=\"icon-check\"><\/i> E-mails Corporativos<br \/><\/li><li><i class=\"icon-check\"><\/i> Manuten\u00e7\u00e3o T\u00e9cnica<br \/><\/li><li><i class=\"icon-check\"><\/i> Perfil Da Empresa Na Google<br \/><\/li><li><i class=\"icon-check\"><\/i> Registo de Dom\u00ednio .Ao<\/li><\/ul>\n        <\/div>\n        <div class=\"col-md-6 m-bottom4\">\n        <h3 class=\"font-bold font-white font15 uppercase\">Somos uma empresa confi\u00e1vel<\/h3>\n        <h2 class=\"font-bold font-white font30 uppercase m-bottom3\">Alguns dos nossos clientes<\/h2>\n\t\t\n        <div class=\"col-md-4 col-sm-4 col-xs-6 text-center m-bottom2 left-padd0\"> <img decoding=\"async\" width=\"175\" height=\"80\" src=\"https:\/\/akweno.ao\/aks\/wp-content\/uploads\/2024\/04\/cliente2.jpeg\" class=\"img-responsive attachment-full\" alt=\"\" title=\"cliente2\" \/> <\/div>\n\t\t\n        <div class=\"col-md-4 col-sm-4 col-xs-6 text-center m-bottom2 left-padd0\"> <img decoding=\"async\" width=\"175\" height=\"80\" src=\"https:\/\/akweno.ao\/aks\/wp-content\/uploads\/2024\/04\/cliente1.jpeg\" class=\"img-responsive attachment-full\" alt=\"\" title=\"cliente1\" \/> <\/div>\n\t\t\n        <div class=\"col-md-4 col-sm-4 col-xs-6 text-center m-bottom2 left-padd0\"> <img loading=\"lazy\" decoding=\"async\" width=\"175\" height=\"80\" src=\"https:\/\/akweno.ao\/aks\/wp-content\/uploads\/2024\/04\/cliente5.jpeg\" class=\"img-responsive attachment-full\" alt=\"\" title=\"cliente5\" \/> <\/div>\n\t\t\n        <div class=\"col-md-4 col-sm-4 col-xs-6 text-center m-bottom2 left-padd0\"> <img loading=\"lazy\" decoding=\"async\" width=\"175\" height=\"80\" src=\"https:\/\/akweno.ao\/aks\/wp-content\/uploads\/2024\/04\/cliente3.jpeg\" class=\"img-responsive attachment-full\" alt=\"\" title=\"cliente3\" \/> <\/div>\n\t\t\n        <div class=\"col-md-4 col-sm-4 col-xs-6 text-center m-bottom2 left-padd0\"> <img loading=\"lazy\" decoding=\"async\" width=\"175\" height=\"80\" src=\"https:\/\/akweno.ao\/aks\/wp-content\/uploads\/2024\/04\/cliente4.jpeg\" class=\"img-responsive attachment-full\" alt=\"\" title=\"cliente4\" \/> <\/div>\n\t\t\n        <div class=\"col-md-4 col-sm-4 col-xs-6 text-center m-bottom2 left-padd0\"> <img loading=\"lazy\" decoding=\"async\" width=\"175\" height=\"80\" src=\"https:\/\/akweno.ao\/aks\/wp-content\/uploads\/2024\/04\/cliente7.jpeg\" class=\"img-responsive attachment-full\" alt=\"\" title=\"cliente7\" \/> <\/div>\n\t\t\n        <div class=\"col-md-4 col-sm-4 col-xs-6 text-center m-bottom2 left-padd0\"> <img loading=\"lazy\" decoding=\"async\" width=\"175\" height=\"80\" src=\"https:\/\/akweno.ao\/aks\/wp-content\/uploads\/2024\/04\/cliente8.jpeg\" class=\"img-responsive attachment-full\" alt=\"\" title=\"cliente8\" \/> <\/div>\n\t\t\n        <div class=\"col-md-4 col-sm-4 col-xs-6 text-center m-bottom2 left-padd0\"> <img loading=\"lazy\" decoding=\"async\" width=\"175\" height=\"80\" src=\"https:\/\/akweno.ao\/aks\/wp-content\/uploads\/2024\/04\/client9.jpeg\" class=\"img-responsive attachment-full\" alt=\"\" title=\"client9\" \/> <\/div>\n\t\t\n        <div class=\"col-md-4 col-sm-4 col-xs-6 text-center m-bottom2 left-padd0\"> <img loading=\"lazy\" decoding=\"async\" width=\"175\" height=\"80\" src=\"https:\/\/akweno.ao\/aks\/wp-content\/uploads\/2024\/04\/cliente6.jpeg\" class=\"img-responsive attachment-full\" alt=\"\" title=\"cliente6\" \/> <\/div>\n\t\t\n        <\/div>\t\n      <\/div>\n    <\/div>\n\t\n  <\/div>[\/vc_column][\/vc_row][vc_row top_padding=&#8221;90px&#8221; bottom_padding=&#8221;20px&#8221;][vc_column width=&#8221;1\/3&#8243;]\t<div class=\"fea-sce-col m-bottom3 \">\n\t\t\t\t\t<div class=\"icon-boxed\"><span class=\"icon-cloud-upload font30\"><\/span><\/div>\n\t\t\t\t\t<div class=\"left-padd8 \">\n\t\t\t\t\t  <h2 class=\"font-thin m-bottom1 \">Processo Simples<\/h2>\n\t\t\t\t\t  Tenha o seu primeiro website sem burocracias e em menos tempo.<\/div>\n\t\t\t\t  <\/div>\t<div class=\"fea-sce-col m-bottom3 active\">\n\t\t\t\t\t<div class=\"icon-boxed\"><span class=\"icon-paper-plane font30\"><\/span><\/div>\n\t\t\t\t\t<div class=\"left-padd8 \">\n\t\t\t\t\t  <h2 class=\"font-thin m-bottom1 \">Suporte T\u00e9cnico<\/h2>\n\t\t\t\t\t  Oferecemos assist\u00eancia t\u00e9cnica para todos os sites criados.<\/div>\n\t\t\t\t  <\/div>\t<div class=\"fea-sce-col m-bottom3 \">\n\t\t\t\t\t<div class=\"icon-boxed\"><span class=\"icon-settings font30\"><\/span><\/div>\n\t\t\t\t\t<div class=\"left-padd8 \">\n\t\t\t\t\t  <h2 class=\"font-thin m-bottom1 \">Websites Optimizados<\/h2>\n\t\t\t\t\t  O seu site ter\u00e1 a optimiza\u00e7\u00e3o necess\u00e1ria para estar entre os melhores do mercado.<\/div>\n\t\t\t\t  <\/div>[\/vc_column][vc_column width=&#8221;1\/3&#8243;]<div class=\"tab-style-1\">\n          <ul class=\"nav nav-tabs\" role=\"tablist\"><li role=\"presentation\" class=\"active\"><a href=\"#tab_two1\" aria-controls=\"tab_two1\" role=\"tab\" data-toggle=\"tab\">Nuvem<\/a><\/li><li role=\"presentation\" ><a href=\"#tab_two2\" aria-controls=\"tab_two2\" role=\"tab\" data-toggle=\"tab\">Dom\u00ednio<\/a><\/li><li role=\"presentation\" ><a href=\"#tab_two3\" aria-controls=\"tab_two3\" role=\"tab\" data-toggle=\"tab\">Google<\/a><\/li>\t<\/ul><div class=\"tab-content\"><div role=\"tabpanel\" class=\"tab-pane active\" id=\"tab_two1\">\n                <p>Alojamos o seu website nos melhores servidores da actualidade (Cloud). Com planos que incluem com o painel de gest\u00e3o cPanel.<\/p>\n\t\t\t\t<img loading=\"lazy\" decoding=\"async\" width=\"288\" height=\"179\" src=\"https:\/\/akweno.ao\/aks\/wp-content\/uploads\/2016\/04\/site-img1.jpg\" class=\"img-responsive display-inline attachment-full\" alt=\"\" title=\"site-img1\" \/>\n            <\/div><div role=\"tabpanel\" class=\"tab-pane \" id=\"tab_two2\">\n                <p>A compra de qualquer tipo de website inclui a oferta de 1 Dom\u00ednio nacional (.AO), bem como 1 ano de Hospedagem.<\/p>\n\t\t\t\t<img loading=\"lazy\" decoding=\"async\" width=\"320\" height=\"199\" src=\"https:\/\/akweno.ao\/aks\/wp-content\/uploads\/2024\/04\/dominio-ban.png\" class=\"img-responsive display-inline attachment-full\" alt=\"\" title=\"dominio-ban\" srcset=\"https:\/\/akweno.ao\/aks\/wp-content\/uploads\/2024\/04\/dominio-ban.png 320w, https:\/\/akweno.ao\/aks\/wp-content\/uploads\/2024\/04\/dominio-ban-300x187.png 300w\" sizes=\"(max-width: 320px) 100vw, 320px\" \/>\n            <\/div><div role=\"tabpanel\" class=\"tab-pane \" id=\"tab_two3\">\n                <p>O servi\u00e7o Perfil Da Empresa Na Google, oferece ao seu site mais vis\u00edvel nas pesquisas google, garantindo que seja localizado por seus clientes.<\/p>\n\t\t\t\t<img loading=\"lazy\" decoding=\"async\" width=\"320\" height=\"190\" src=\"https:\/\/akweno.ao\/aks\/wp-content\/uploads\/2024\/04\/perfil_no_google.png\" class=\"img-responsive display-inline attachment-full\" alt=\"\" title=\"perfil_no_google\" srcset=\"https:\/\/akweno.ao\/aks\/wp-content\/uploads\/2024\/04\/perfil_no_google.png 320w, https:\/\/akweno.ao\/aks\/wp-content\/uploads\/2024\/04\/perfil_no_google-300x178.png 300w\" sizes=\"(max-width: 320px) 100vw, 320px\" \/>\n            <\/div>\n    <\/div>\n  <\/div>[\/vc_column][vc_column width=&#8221;1\/3&#8243;]<div class=\"maxad-col m-bottom4\" >\n            <div class=\"best-price font-black-dark\"> <span class=\"offer-best uppercase\">Site B\u00e1sico<\/span><br> <span class=\"font-bold\">120000 kz<\/span><br> <span>\/Uma vez<\/span> <\/div>\n            <h2 class=\"font-white font25 m-top5\">Precisa de<br>\n              um Website?<\/h2>\n            <ul class=\"listitems m-top2\"><li class=\"font-white\"><i class=\"fa font-color fa-check-square\"><\/i> P\u00e1gina Inicial<br \/><\/li><li class=\"font-white\"><i class=\"fa font-color fa-check-square\"><\/i> P\u00e1gina de Servi\u00e7os<br \/><\/li><li class=\"font-white\"><i class=\"fa font-color fa-check-square\"><\/i> Sobre N\u00f3s & Contactos<br \/><\/li><li class=\"font-white\"><i class=\"fa font-color fa-check-square\"><\/i> Galeria e Blog<br \/><\/li><li class=\"font-white\"><i class=\"fa font-color fa-check-square\"><\/i> Clientes\/Parceiros<\/li><\/ul>\n            <div class=\"button m-top2\"><a href=\"https:\/\/akweno.ao\/aks\/websites\/\" class=\"btn boxed-color-xs orange uppercase\">Contratar agora <i class=\"fa fa-arrow-circle-right\"><\/i><\/a><\/div>\n          <\/div>[\/vc_column][\/vc_row][vc_row top_padding=&#8221;90px&#8221; bottom_padding=&#8221;10px&#8221;][vc_column]\n\t\t\t\t<h3 class=\"text-center font-bold font-black font15 uppercase\">Para Entrega R\u00e1pida<\/h3>\n\t\t\t\t\n\t\t\t\t<h2 class=\"text-center font-bold font-black font30 uppercase\">Modelos Prontos de Site<\/h2>\n\t\t\t\t<div class=\"title-line-shape m-bottom3\"><\/div>[\/vc_column][\/vc_row][vc_row][vc_column width=&#8221;1\/4&#8243;][vc_single_image image=&#8221;1191&#8243; img_size=&#8221;full&#8221; alignment=&#8221;center&#8221; onclick=&#8221;custom_link&#8221; link=&#8221;https:\/\/akweno.ao\/m121&#8243;][vc_custom_heading text=&#8221;MODELO PARA RESTAURANTES, LANCHOTES, CANTINAS&#8221; font_container=&#8221;tag:h5|font_size:13|text_align:center|color:%23000000&#8243; use_theme_fonts=&#8221;yes&#8221; css=&#8221;.vc_custom_1715263236230{margin-top: 5px !important;border-top-width: 1px !important;border-right-width: 1px !important;border-bottom-width: 1px !important;border-left-width: 1px !important;padding-top: 5px !important;padding-bottom: 5px !important;border-left-color: #d6cc1d !important;border-left-style: solid !important;border-right-color: #d6cc1d !important;border-right-style: solid !important;border-top-color: #d6cc1d !important;border-top-style: solid !important;border-bottom-color: #d6cc1d !important;border-bottom-style: solid !important;}&#8221;]<p class=\"product woocommerce add_to_cart_inline \" style=\"border:4px solid #ccc; padding: 12px;\"><span class=\"woocommerce-Price-amount amount\"><bdi>120.000&nbsp;<span class=\"woocommerce-Price-currencySymbol\">Kz<\/span><\/bdi><\/span><a rel=\"nofollow\" href=\"https:\/\/www.akweno.co.ao\/area-cliente\/index.php?rp=\/store\/modelos-prontos\/modelo-m121\" data-quantity=\"1\" class=\"button product_type_external\" data-product_id=\"1402\" data-product_sku=\"\" aria-label=\"Contratar\" rel=\"nofollow\">Contratar<\/a><\/p>[\/vc_column][vc_column width=&#8221;1\/4&#8243;][vc_single_image image=&#8221;2185&#8243; img_size=&#8221;full&#8221; alignment=&#8221;center&#8221; onclick=&#8221;custom_link&#8221; link=&#8221;https:\/\/akweno.ao\/m125&#8243;][vc_custom_heading text=&#8221;MODELO PARA INSTITUI\u00c7\u00d5ES DE CARIDADE OU SEM FINS LUCRATIVOS&#8221; font_container=&#8221;tag:h5|font_size:13|text_align:center|color:%23000000&#8243; use_theme_fonts=&#8221;yes&#8221; css=&#8221;.vc_custom_1715263247543{margin-top: 5px !important;border-top-width: 1px !important;border-right-width: 1px !important;border-bottom-width: 1px !important;border-left-width: 1px !important;padding-top: 5px !important;padding-bottom: 5px !important;border-left-color: #d6cc1d !important;border-left-style: solid !important;border-right-color: #d6cc1d !important;border-right-style: solid !important;border-top-color: #d6cc1d !important;border-top-style: solid !important;border-bottom-color: #d6cc1d !important;border-bottom-style: solid !important;}&#8221;]<p class=\"product woocommerce add_to_cart_inline \" style=\"border:4px solid #ccc; padding: 12px;\"><span class=\"woocommerce-Price-amount amount\"><bdi>120.000&nbsp;<span class=\"woocommerce-Price-currencySymbol\">Kz<\/span><\/bdi><\/span><a rel=\"nofollow\" href=\"https:\/\/www.akweno.co.ao\/area-cliente\/index.php?rp=\/store\/modelos-prontos\/modelo-m125\" data-quantity=\"1\" class=\"button product_type_external\" data-product_id=\"1406\" data-product_sku=\"\" aria-label=\"Contratar\" rel=\"nofollow\">Contratar<\/a><\/p>[\/vc_column][vc_column width=&#8221;1\/4&#8243;][vc_single_image image=&#8221;1189&#8243; img_size=&#8221;full&#8221; alignment=&#8221;center&#8221; onclick=&#8221;custom_link&#8221; link=&#8221;https:\/\/akweno.ao\/m142&#8243;][vc_custom_heading text=&#8221;MODELO PARA CL\u00cdNICAS DENT\u00c1RIAS OU CENTROS M\u00c9DICOS EM GERAL&#8221; font_container=&#8221;tag:h5|font_size:13|text_align:center|color:%23000000&#8243; use_theme_fonts=&#8221;yes&#8221; css=&#8221;.vc_custom_1715263258620{margin-top: 5px !important;border-top-width: 1px !important;border-right-width: 1px !important;border-bottom-width: 1px !important;border-left-width: 1px !important;padding-top: 5px !important;padding-bottom: 5px !important;border-left-color: #d6cc1d !important;border-left-style: solid !important;border-right-color: #d6cc1d !important;border-right-style: solid !important;border-top-color: #d6cc1d !important;border-top-style: solid !important;border-bottom-color: #d6cc1d !important;border-bottom-style: solid !important;}&#8221;]<p class=\"product woocommerce add_to_cart_inline \" style=\"border:4px solid #ccc; padding: 12px;\"><span class=\"woocommerce-Price-amount amount\"><bdi>120.000&nbsp;<span class=\"woocommerce-Price-currencySymbol\">Kz<\/span><\/bdi><\/span><a rel=\"nofollow\" href=\"https:\/\/www.akweno.co.ao\/area-cliente\/index.php?rp=\/store\/modelos-prontos\/modelo-m142\" data-quantity=\"1\" class=\"button product_type_external\" data-product_id=\"1446\" data-product_sku=\"\" aria-label=\"Contratar\" rel=\"nofollow\">Contratar<\/a><\/p>[\/vc_column][vc_column width=&#8221;1\/4&#8243;][vc_single_image image=&#8221;1188&#8243; img_size=&#8221;full&#8221; alignment=&#8221;center&#8221; onclick=&#8221;custom_link&#8221; link=&#8221;http:\/\/akweno.ao\/m114&#8243;][vc_custom_heading text=&#8221;MODELO PARA CANIL E OUTROS TIPOS DE COM\u00c9RCIO PARA ANIMAIS&#8221; font_container=&#8221;tag:h5|font_size:13|text_align:center|color:%23000000&#8243; use_theme_fonts=&#8221;yes&#8221; css=&#8221;.vc_custom_1715263271342{margin-top: 5px !important;border-top-width: 1px !important;border-right-width: 1px !important;border-bottom-width: 1px !important;border-left-width: 1px !important;padding-top: 5px !important;padding-bottom: 5px !important;border-left-color: #d6cc1d !important;border-left-style: solid !important;border-right-color: #d6cc1d !important;border-right-style: solid !important;border-top-color: #d6cc1d !important;border-top-style: solid !important;border-bottom-color: #d6cc1d !important;border-bottom-style: solid !important;}&#8221;]<p class=\"product woocommerce add_to_cart_inline \" style=\"border:4px solid #ccc; padding: 12px;\"><span class=\"woocommerce-Price-amount amount\"><bdi>120.000&nbsp;<span class=\"woocommerce-Price-currencySymbol\">Kz<\/span><\/bdi><\/span><a rel=\"nofollow\" href=\"https:\/\/www.akweno.co.ao\/area-cliente\/index.php?rp=\/store\/modelos-prontos\/modelo-m114\" data-quantity=\"1\" class=\"button product_type_external\" data-product_id=\"1435\" data-product_sku=\"\" aria-label=\"Contratar\" rel=\"nofollow\">Contratar<\/a><\/p>[\/vc_column][\/vc_row]<\/p>\n<\/div>","protected":false},"excerpt":{"rendered":"<p>[vc_row][vc_column][rev_slider_vc alias=&#8221;home_style_3&#8243;][\/vc_column][\/vc_row][vc_row top_padding=&#8221;80px&#8221;][vc_column][\/vc_column][\/vc_row][vc_row bottom_padding=&#8221;44px&#8221;][vc_column width=&#8221;1\/3&#8243;][\/vc_column][vc_column width=&#8221;1\/3&#8243;][\/vc_column][vc_column width=&#8221;1\/3&#8243;][\/vc_column][\/vc_row][vc_row top_padding=&#8221;90px&#8221;][vc_column][\/vc_column][\/vc_row][vc_row bottom_padding=&#8221;34px&#8221;][vc_column width=&#8221;1\/2&#8243;][\/vc_column][vc_column width=&#8221;1\/2&#8243;][vc_single_image image=&#8221;1258&#8243; img_size=&#8221;full&#8221;][\/vc_column][\/vc_row][vc_row full_width=&#8221;stretch_row_content_no_spaces&#8221;][vc_column][\/vc_column][\/vc_row][vc_row top_padding=&#8221;90px&#8221; bottom_padding=&#8221;20px&#8221;][vc_column width=&#8221;1\/3&#8243;][\/vc_column][vc_column width=&#8221;1\/3&#8243;][\/vc_column][vc_column width=&#8221;1\/3&#8243;][\/vc_column][\/vc_row][vc_row top_padding=&#8221;90px&#8221; bottom_padding=&#8221;10px&#8221;][vc_column][\/vc_column][\/vc_row][vc_row][vc_column width=&#8221;1\/4&#8243;][vc_single_image image=&#8221;1191&#8243; img_size=&#8221;full&#8221; alignment=&#8221;center&#8221; onclick=&#8221;custom_link&#8221; link=&#8221;https:\/\/akweno.ao\/m121&#8243;][vc_custom_heading text=&#8221;MODELO PARA RESTAURANTES, LANCHOTES, CANTINAS&#8221; font_container=&#8221;tag:h5|font_size:13|text_align:center|color:%23000000&#8243; use_theme_fonts=&#8221;yes&#8221; css=&#8221;.vc_custom_1715263236230{margin-top: 5px !important;border-top-width: 1px !important;border-right-width: 1px !important;border-bottom-width: 1px !important;border-left-width: 1px !important;padding-top: 5px !important;padding-bottom: 5px !important;border-left-color: #d6cc1d !important;border-left-style: solid !important;border-right-color: #d6cc1d !important;border-right-style: solid !important;border-top-color: #d6cc1d !important;border-top-style: solid !important;border-bottom-color: #d6cc1d !important;border-bottom-style: solid !important;}&#8221;][\/vc_column][vc_column [&hellip;]<\/p>\n","protected":false},"author":1,"featured_media":0,"parent":0,"menu_order":0,"comment_status":"closed","ping_status":"closed","template":"page-vc.php","meta":{"footnotes":""},"class_list":["post-1143","page","type-page","status-publish","hentry"],"_links":{"self":[{"href":"https:\/\/akweno.ao\/aks\/wp-json\/wp\/v2\/pages\/1143","targetHints":{"allow":["GET"]}}],"collection":[{"href":"https:\/\/akweno.ao\/aks\/wp-json\/wp\/v2\/pages"}],"about":[{"href":"https:\/\/akweno.ao\/aks\/wp-json\/wp\/v2\/types\/page"}],"author":[{"embeddable":true,"href":"https:\/\/akweno.ao\/aks\/wp-json\/wp\/v2\/users\/1"}],"replies":[{"embeddable":true,"href":"https:\/\/akweno.ao\/aks\/wp-json\/wp\/v2\/comments?post=1143"}],"version-history":[{"count":71,"href":"https:\/\/akweno.ao\/aks\/wp-json\/wp\/v2\/pages\/1143\/revisions"}],"predecessor-version":[{"id":9787,"href":"https:\/\/akweno.ao\/aks\/wp-json\/wp\/v2\/pages\/1143\/revisions\/9787"}],"wp:attachment":[{"href":"https:\/\/akweno.ao\/aks\/wp-json\/wp\/v2\/media?parent=1143"}],"curies":[{"name":"wp","href":"https:\/\/api.w.org\/{rel}","templated":true}]}}